{"id":944,"date":"2023-11-07T00:28:09","date_gmt":"2023-11-07T04:28:09","guid":{"rendered":"https:\/\/editora.uea.edu.br\/?post_type=product&#038;p=944"},"modified":"2025-07-23T16:12:37","modified_gmt":"2025-07-23T20:12:37","slug":"formacao-de-professores-e-professoras-lugares-saberes-e-subjetividades","status":"publish","type":"product","link":"https:\/\/editora.uea.edu.br\/?product=formacao-de-professores-e-professoras-lugares-saberes-e-subjetividades","title":{"rendered":"Forma\u00e7\u00e3o de professores e professoras: lugares, saberes e subjetividades"},"content":{"rendered":"<p>A obra re\u00fane textos que abordam as experi\u00eancias da forma\u00e7\u00e3o continuada nas escolas de Manaus. Al\u00e9m disso, o livro tamb\u00e9m debate a quest\u00e3o da import\u00e2ncia de pol\u00edticas p\u00fablicas educacionais e a import\u00e2ncia do processo de ensino-aprendizagem do professor, tendo em vista os desafios vivenciados atualmente.<\/p>\n<p>&nbsp;<\/p>\n<p><strong>Como citar<\/strong>:<\/p>\n<p>WANZELER, E. B. P.; MENEZES, M. Q. A. (orgs.). <em>Forma\u00e7\u00e3o de professores e professoras<\/em>: lugares, saberes e subjetividades. Manaus: Editora UEA, 2020. (E-book)<\/p>\n<p>WANZELER, E. B. P.; MENEZES, M. Q. A. (orgs.). <em>Forma\u00e7\u00e3o de professores e professoras<\/em>: lugares, saberes e subjetividades. Manaus: Editora UEA, 2023.<\/p>\n<p>&nbsp;<\/p>\n<p><strong>Dispon\u00edvel em<\/strong>:<\/p>\n<p><a href=\"https:\/\/ri.uea.edu.br\/handle\/riuea\/2537\">https:\/\/ri.uea.edu.br\/handle\/riuea\/2537<\/a><\/p>\n","protected":false},"excerpt":{"rendered":"<p>A obra re\u00fane textos que abordam as experi\u00eancias da forma\u00e7\u00e3o continuada nas escolas de Manaus. Al\u00e9m disso, o livro tamb\u00e9m debate a quest\u00e3o da import\u00e2ncia de pol\u00edticas p\u00fablicas educacionais e a import\u00e2ncia do processo de ensino-aprendizagem do professor, tendo em vista os desafios vivenciados atualmente. &nbsp; Como citar: WANZELER, E. B. P.; MENEZES, M. Q. [&hellip;]<\/p>\n","protected":false},"featured_media":945,"comment_status":"open","ping_status":"closed","template":"","meta":{"om_disable_all_campaigns":false,"_uag_custom_page_level_css":"","_monsterinsights_skip_tracking":false,"_monsterinsights_sitenote_active":false,"_monsterinsights_sitenote_note":"","_monsterinsights_sitenote_category":0,"site-sidebar-layout":"default","site-content-layout":"","ast-site-content-layout":"default","site-content-style":"default","site-sidebar-style":"default","ast-global-header-display":"","ast-banner-title-visibility":"","ast-main-header-display":"","ast-hfb-above-header-display":"","ast-hfb-below-header-display":"","ast-hfb-mobile-header-display":"","site-post-title":"","ast-breadcrumbs-content":"","ast-featured-img":"","footer-sml-layout":"","theme-transparent-header-meta":"default","adv-header-id-meta":"","stick-header-meta":"","header-above-stick-meta":"","header-main-stick-meta":"","header-below-stick-meta":"","astra-migrate-meta-layouts":"set","ast-page-background-enabled":"default","ast-page-background-meta":{"desktop":{"background-color":"var(--ast-global-color-4)","background-image":"","background-repeat":"repeat","background-position":"center center","background-size":"auto","background-attachment":"scroll","background-type":"","background-media":"","overlay-type":"","overlay-color":"","overlay-gradient":""},"tablet":{"background-color":"","background-image":"","background-repeat":"repeat","background-position":"center center","background-size":"auto","background-attachment":"scroll","background-type":"","background-media":"","overlay-type":"","overlay-color":"","overlay-gradient":""},"mobile":{"background-color":"","background-image":"","background-repeat":"repeat","background-position":"center center","background-size":"auto","background-attachment":"scroll","background-type":"","background-media":"","overlay-type":"","overlay-color":"","overlay-gradient":""}},"ast-content-background-meta":{"desktop":{"background-color":"var(--ast-global-color-5)","background-image":"","background-repeat":"repeat","background-position":"center center","background-size":"auto","background-attachment":"scroll","background-type":"","background-media":"","overlay-type":"","overlay-color":"","overlay-gradient":""},"tablet":{"background-color":"var(--ast-global-color-5)","background-image":"","background-repeat":"repeat","background-position":"center center","background-size":"auto","background-attachment":"scroll","background-type":"","background-media":"","overlay-type":"","overlay-color":"","overlay-gradient":""},"mobile":{"background-color":"var(--ast-global-color-5)","background-image":"","background-repeat":"repeat","background-position":"center center","background-size":"auto","background-attachment":"scroll","background-type":"","background-media":"","overlay-type":"","overlay-color":"","overlay-gradient":""}},"_themeisle_gutenberg_block_has_review":false},"product_cat":[73],"product_tag":[344,345],"aioseo_notices":[],"uagb_featured_image_src":{"full":["https:\/\/editora.uea.edu.br\/wp-content\/uploads\/2024\/01\/photo1705416102.jpeg",650,919,false],"thumbnail":["https:\/\/editora.uea.edu.br\/wp-content\/uploads\/2024\/01\/photo1705416102-150x150.jpeg",150,150,true],"medium":["https:\/\/editora.uea.edu.br\/wp-content\/uploads\/2024\/01\/photo1705416102-212x300.jpeg",212,300,true],"medium_large":["https:\/\/editora.uea.edu.br\/wp-content\/uploads\/2024\/01\/photo1705416102.jpeg",650,919,false],"large":["https:\/\/editora.uea.edu.br\/wp-content\/uploads\/2024\/01\/photo1705416102.jpeg",566,800,false],"1536x1536":["https:\/\/editora.uea.edu.br\/wp-content\/uploads\/2024\/01\/photo1705416102.jpeg",650,919,false],"2048x2048":["https:\/\/editora.uea.edu.br\/wp-content\/uploads\/2024\/01\/photo1705416102.jpeg",650,919,false],"codesigner-thumb":["https:\/\/editora.uea.edu.br\/wp-content\/uploads\/2024\/01\/photo1705416102-400x400.jpeg",400,400,true],"woocommerce_thumbnail":["https:\/\/editora.uea.edu.br\/wp-content\/uploads\/2024\/01\/photo1705416102-200x296.jpeg",200,296,true],"woocommerce_single":["https:\/\/editora.uea.edu.br\/wp-content\/uploads\/2024\/01\/photo1705416102-200x283.jpeg",200,283,true],"woocommerce_gallery_thumbnail":["https:\/\/editora.uea.edu.br\/wp-content\/uploads\/2024\/01\/photo1705416102-100x100.jpeg",100,100,true]},"uagb_author_info":{"display_name":"editora","author_link":"https:\/\/editora.uea.edu.br\/?author=0"},"uagb_comment_info":0,"uagb_excerpt":"A obra re\u00fane textos que abordam as experi\u00eancias da forma\u00e7\u00e3o continuada nas escolas de Manaus. Al\u00e9m disso, o livro tamb\u00e9m debate a quest\u00e3o da import\u00e2ncia de pol\u00edticas p\u00fablicas educacionais e a import\u00e2ncia do processo de ensino-aprendizagem do professor, tendo em vista os desafios vivenciados atualmente. &nbsp; Como citar: WANZELER, E. B. P.; MENEZES, M. Q.&hellip;","_links":{"self":[{"href":"https:\/\/editora.uea.edu.br\/index.php?rest_route=\/wp\/v2\/product\/944"}],"collection":[{"href":"https:\/\/editora.uea.edu.br\/index.php?rest_route=\/wp\/v2\/product"}],"about":[{"href":"https:\/\/editora.uea.edu.br\/index.php?rest_route=\/wp\/v2\/types\/product"}],"replies":[{"embeddable":true,"href":"https:\/\/editora.uea.edu.br\/index.php?rest_route=%2Fwp%2Fv2%2Fcomments&post=944"}],"wp:featuredmedia":[{"embeddable":true,"href":"https:\/\/editora.uea.edu.br\/index.php?rest_route=\/wp\/v2\/media\/945"}],"wp:attachment":[{"href":"https:\/\/editora.uea.edu.br\/index.php?rest_route=%2Fwp%2Fv2%2Fmedia&parent=944"}],"wp:term":[{"taxonomy":"product_cat","embeddable":true,"href":"https:\/\/editora.uea.edu.br\/index.php?rest_route=%2Fwp%2Fv2%2Fproduct_cat&post=944"},{"taxonomy":"product_tag","embeddable":true,"href":"https:\/\/editora.uea.edu.br\/index.php?rest_route=%2Fwp%2Fv2%2Fproduct_tag&post=944"}],"curies":[{"name":"wp","href":"https:\/\/api.w.org\/{rel}","templated":true}]}}