{"id":940,"date":"2023-11-07T00:31:10","date_gmt":"2023-11-07T04:31:10","guid":{"rendered":"https:\/\/editora.uea.edu.br\/?post_type=product&#038;p=940"},"modified":"2025-07-23T16:03:20","modified_gmt":"2025-07-23T20:03:20","slug":"letramento-e-fracasso-escolar-o-ensino-da-lingua-materna-2","status":"publish","type":"product","link":"https:\/\/editora.uea.edu.br\/?product=letramento-e-fracasso-escolar-o-ensino-da-lingua-materna-2","title":{"rendered":"Letramento e fracasso escolar: o ensino da l\u00edngua materna (Edi\u00e7\u00e3o atualizada)"},"content":{"rendered":"<p>Em sua 2\u00aa edi\u00e7\u00e3o revisada, a obra trata do ensino e aprendizagem da l\u00edngua portuguesa, expondo as dificuldades, anseios e expectativas dos professores acerca do ensino da l\u00edngua materna, al\u00e9m de trazer novas reflex\u00f5es e estrat\u00e9gias metodol\u00f3gicas que contribuam para as pr\u00e1ticas pedag\u00f3gicas do letramento.<\/p>\n<p>&nbsp;<\/p>\n<p><strong>Como citar<\/strong>:<br \/>\nSILVA, W. R. <em>Letramento e fracasso escolar<\/em>: o ensino da l\u00edngua materna. 2. ed. Manaus: Editora UEA, 2020.<\/p>\n<p>&nbsp;<\/p>\n<p><strong>Dispon\u00edvel em<\/strong>:<\/p>\n<p><a href=\"https:\/\/ri.uea.edu.br\/handle\/riuea\/2541\">https:\/\/ri.uea.edu.br\/handle\/riuea\/2541<\/a><\/p>\n","protected":false},"excerpt":{"rendered":"<p>Em sua 2\u00aa edi\u00e7\u00e3o revisada, a obra trata do ensino e aprendizagem da l\u00edngua portuguesa, expondo as dificuldades, anseios e expectativas dos professores acerca do ensino da l\u00edngua materna, al\u00e9m de trazer novas reflex\u00f5es e estrat\u00e9gias metodol\u00f3gicas que contribuam para as pr\u00e1ticas pedag\u00f3gicas do letramento. &nbsp; Como citar: SILVA, W. R. Letramento e fracasso escolar: [&hellip;]<\/p>\n","protected":false},"featured_media":941,"comment_status":"open","ping_status":"closed","template":"","meta":{"om_disable_all_campaigns":false,"_uag_custom_page_level_css":"","_monsterinsights_skip_tracking":false,"_monsterinsights_sitenote_active":false,"_monsterinsights_sitenote_note":"","_monsterinsights_sitenote_category":0,"site-sidebar-layout":"default","site-content-layout":"","ast-site-content-layout":"default","site-content-style":"default","site-sidebar-style":"default","ast-global-header-display":"","ast-banner-title-visibility":"","ast-main-header-display":"","ast-hfb-above-header-display":"","ast-hfb-below-header-display":"","ast-hfb-mobile-header-display":"","site-post-title":"","ast-breadcrumbs-content":"","ast-featured-img":"","footer-sml-layout":"","theme-transparent-header-meta":"default","adv-header-id-meta":"","stick-header-meta":"","header-above-stick-meta":"","header-main-stick-meta":"","header-below-stick-meta":"","astra-migrate-meta-layouts":"set","ast-page-background-enabled":"default","ast-page-background-meta":{"desktop":{"background-color":"var(--ast-global-color-4)","background-image":"","background-repeat":"repeat","background-position":"center center","background-size":"auto","background-attachment":"scroll","background-type":"","background-media":"","overlay-type":"","overlay-color":"","overlay-gradient":""},"tablet":{"background-color":"","background-image":"","background-repeat":"repeat","background-position":"center center","background-size":"auto","background-attachment":"scroll","background-type":"","background-media":"","overlay-type":"","overlay-color":"","overlay-gradient":""},"mobile":{"background-color":"","background-image":"","background-repeat":"repeat","background-position":"center center","background-size":"auto","background-attachment":"scroll","background-type":"","background-media":"","overlay-type":"","overlay-color":"","overlay-gradient":""}},"ast-content-background-meta":{"desktop":{"background-color":"var(--ast-global-color-5)","background-image":"","background-repeat":"repeat","background-position":"center center","background-size":"auto","background-attachment":"scroll","background-type":"","background-media":"","overlay-type":"","overlay-color":"","overlay-gradient":""},"tablet":{"background-color":"var(--ast-global-color-5)","background-image":"","background-repeat":"repeat","background-position":"center center","background-size":"auto","background-attachment":"scroll","background-type":"","background-media":"","overlay-type":"","overlay-color":"","overlay-gradient":""},"mobile":{"background-color":"var(--ast-global-color-5)","background-image":"","background-repeat":"repeat","background-position":"center center","background-size":"auto","background-attachment":"scroll","background-type":"","background-media":"","overlay-type":"","overlay-color":"","overlay-gradient":""}},"_themeisle_gutenberg_block_has_review":false},"product_cat":[40,73],"product_tag":[240],"aioseo_notices":[],"uagb_featured_image_src":{"full":["https:\/\/editora.uea.edu.br\/wp-content\/uploads\/2024\/01\/photo1705415092.jpeg",595,842,false],"thumbnail":["https:\/\/editora.uea.edu.br\/wp-content\/uploads\/2024\/01\/photo1705415092-150x150.jpeg",150,150,true],"medium":["https:\/\/editora.uea.edu.br\/wp-content\/uploads\/2024\/01\/photo1705415092-212x300.jpeg",212,300,true],"medium_large":["https:\/\/editora.uea.edu.br\/wp-content\/uploads\/2024\/01\/photo1705415092.jpeg",595,842,false],"large":["https:\/\/editora.uea.edu.br\/wp-content\/uploads\/2024\/01\/photo1705415092.jpeg",565,800,false],"1536x1536":["https:\/\/editora.uea.edu.br\/wp-content\/uploads\/2024\/01\/photo1705415092.jpeg",595,842,false],"2048x2048":["https:\/\/editora.uea.edu.br\/wp-content\/uploads\/2024\/01\/photo1705415092.jpeg",595,842,false],"codesigner-thumb":["https:\/\/editora.uea.edu.br\/wp-content\/uploads\/2024\/01\/photo1705415092-400x400.jpeg",400,400,true],"woocommerce_thumbnail":["https:\/\/editora.uea.edu.br\/wp-content\/uploads\/2024\/01\/photo1705415092-200x296.jpeg",200,296,true],"woocommerce_single":["https:\/\/editora.uea.edu.br\/wp-content\/uploads\/2024\/01\/photo1705415092-200x283.jpeg",200,283,true],"woocommerce_gallery_thumbnail":["https:\/\/editora.uea.edu.br\/wp-content\/uploads\/2024\/01\/photo1705415092-100x100.jpeg",100,100,true]},"uagb_author_info":{"display_name":"editora","author_link":"https:\/\/editora.uea.edu.br\/?author=0"},"uagb_comment_info":0,"uagb_excerpt":"Em sua 2\u00aa edi\u00e7\u00e3o revisada, a obra trata do ensino e aprendizagem da l\u00edngua portuguesa, expondo as dificuldades, anseios e expectativas dos professores acerca do ensino da l\u00edngua materna, al\u00e9m de trazer novas reflex\u00f5es e estrat\u00e9gias metodol\u00f3gicas que contribuam para as pr\u00e1ticas pedag\u00f3gicas do letramento. &nbsp; Como citar: SILVA, W. R. Letramento e fracasso escolar:&hellip;","_links":{"self":[{"href":"https:\/\/editora.uea.edu.br\/index.php?rest_route=\/wp\/v2\/product\/940"}],"collection":[{"href":"https:\/\/editora.uea.edu.br\/index.php?rest_route=\/wp\/v2\/product"}],"about":[{"href":"https:\/\/editora.uea.edu.br\/index.php?rest_route=\/wp\/v2\/types\/product"}],"replies":[{"embeddable":true,"href":"https:\/\/editora.uea.edu.br\/index.php?rest_route=%2Fwp%2Fv2%2Fcomments&post=940"}],"wp:featuredmedia":[{"embeddable":true,"href":"https:\/\/editora.uea.edu.br\/index.php?rest_route=\/wp\/v2\/media\/941"}],"wp:attachment":[{"href":"https:\/\/editora.uea.edu.br\/index.php?rest_route=%2Fwp%2Fv2%2Fmedia&parent=940"}],"wp:term":[{"taxonomy":"product_cat","embeddable":true,"href":"https:\/\/editora.uea.edu.br\/index.php?rest_route=%2Fwp%2Fv2%2Fproduct_cat&post=940"},{"taxonomy":"product_tag","embeddable":true,"href":"https:\/\/editora.uea.edu.br\/index.php?rest_route=%2Fwp%2Fv2%2Fproduct_tag&post=940"}],"curies":[{"name":"wp","href":"https:\/\/api.w.org\/{rel}","templated":true}]}}