{"id":934,"date":"2023-11-07T00:35:19","date_gmt":"2023-11-07T04:35:19","guid":{"rendered":"https:\/\/editora.uea.edu.br\/?post_type=product&#038;p=934"},"modified":"2025-07-23T15:41:54","modified_gmt":"2025-07-23T19:41:54","slug":"musica-e-interfaces","status":"publish","type":"product","link":"https:\/\/editora.uea.edu.br\/?product=musica-e-interfaces","title":{"rendered":"M\u00fasica e Interfaces"},"content":{"rendered":"<p>A obra \u00e9 uma colet\u00e2nea de trabalhos selecionados da quinta edi\u00e7\u00e3o do Simp\u00f3sio Internacional de M\u00fasica Ibero-americana (V SIMIBA). Relacionados \u00e0 tem\u00e1tica de espa\u00e7o ibero-americano, os textos refletem sobre a Arte na atualidade, an\u00e1lise musical e tradicional e, tamb\u00e9m, processos cognitivos e educativos na m\u00fasica.<\/p>\n<p>&nbsp;<\/p>\n<p><strong>Como citar<\/strong>:<br \/>\nCAREGNATO, C.; P\u00c1SCOA, M. (orgs.). <em>M\u00fasica e Inferfaces<\/em>. Manaus: Editora UEA, 2020.<\/p>\n<p>&nbsp;<\/p>\n<p><strong>Dispon\u00edvel em<\/strong>:<\/p>\n<p><a href=\"https:\/\/ri.uea.edu.br\/handle\/riuea\/5690\">https:\/\/ri.uea.edu.br\/handle\/riuea\/5690<\/a><\/p>\n<p>&nbsp;<\/p>\n","protected":false},"excerpt":{"rendered":"<p>A obra \u00e9 uma colet\u00e2nea de trabalhos selecionados da quinta edi\u00e7\u00e3o do Simp\u00f3sio Internacional de M\u00fasica Ibero-americana (V SIMIBA). Relacionados \u00e0 tem\u00e1tica de espa\u00e7o ibero-americano, os textos refletem sobre a Arte na atualidade, an\u00e1lise musical e tradicional e, tamb\u00e9m, processos cognitivos e educativos na m\u00fasica. &nbsp; Como citar: CAREGNATO, C.; P\u00c1SCOA, M. (orgs.). M\u00fasica e [&hellip;]<\/p>\n","protected":false},"featured_media":938,"comment_status":"open","ping_status":"closed","template":"","meta":{"om_disable_all_campaigns":false,"_uag_custom_page_level_css":"","_monsterinsights_skip_tracking":false,"_monsterinsights_sitenote_active":false,"_monsterinsights_sitenote_note":"","_monsterinsights_sitenote_category":0,"site-sidebar-layout":"default","site-content-layout":"","ast-site-content-layout":"default","site-content-style":"default","site-sidebar-style":"default","ast-global-header-display":"","ast-banner-title-visibility":"","ast-main-header-display":"","ast-hfb-above-header-display":"","ast-hfb-below-header-display":"","ast-hfb-mobile-header-display":"","site-post-title":"","ast-breadcrumbs-content":"","ast-featured-img":"","footer-sml-layout":"","theme-transparent-header-meta":"default","adv-header-id-meta":"","stick-header-meta":"","header-above-stick-meta":"","header-main-stick-meta":"","header-below-stick-meta":"","astra-migrate-meta-layouts":"set","ast-page-background-enabled":"default","ast-page-background-meta":{"desktop":{"background-color":"var(--ast-global-color-4)","background-image":"","background-repeat":"repeat","background-position":"center center","background-size":"auto","background-attachment":"scroll","background-type":"","background-media":"","overlay-type":"","overlay-color":"","overlay-gradient":""},"tablet":{"background-color":"","background-image":"","background-repeat":"repeat","background-position":"center center","background-size":"auto","background-attachment":"scroll","background-type":"","background-media":"","overlay-type":"","overlay-color":"","overlay-gradient":""},"mobile":{"background-color":"","background-image":"","background-repeat":"repeat","background-position":"center center","background-size":"auto","background-attachment":"scroll","background-type":"","background-media":"","overlay-type":"","overlay-color":"","overlay-gradient":""}},"ast-content-background-meta":{"desktop":{"background-color":"var(--ast-global-color-5)","background-image":"","background-repeat":"repeat","background-position":"center center","background-size":"auto","background-attachment":"scroll","background-type":"","background-media":"","overlay-type":"","overlay-color":"","overlay-gradient":""},"tablet":{"background-color":"var(--ast-global-color-5)","background-image":"","background-repeat":"repeat","background-position":"center center","background-size":"auto","background-attachment":"scroll","background-type":"","background-media":"","overlay-type":"","overlay-color":"","overlay-gradient":""},"mobile":{"background-color":"var(--ast-global-color-5)","background-image":"","background-repeat":"repeat","background-position":"center center","background-size":"auto","background-attachment":"scroll","background-type":"","background-media":"","overlay-type":"","overlay-color":"","overlay-gradient":""}},"_themeisle_gutenberg_block_has_review":false},"product_cat":[105],"product_tag":[279,328],"aioseo_notices":[],"uagb_featured_image_src":{"full":["https:\/\/editora.uea.edu.br\/wp-content\/uploads\/2024\/01\/photo1705414632.jpeg",659,955,false],"thumbnail":["https:\/\/editora.uea.edu.br\/wp-content\/uploads\/2024\/01\/photo1705414632-150x150.jpeg",150,150,true],"medium":["https:\/\/editora.uea.edu.br\/wp-content\/uploads\/2024\/01\/photo1705414632-207x300.jpeg",207,300,true],"medium_large":["https:\/\/editora.uea.edu.br\/wp-content\/uploads\/2024\/01\/photo1705414632.jpeg",659,955,false],"large":["https:\/\/editora.uea.edu.br\/wp-content\/uploads\/2024\/01\/photo1705414632.jpeg",552,800,false],"1536x1536":["https:\/\/editora.uea.edu.br\/wp-content\/uploads\/2024\/01\/photo1705414632.jpeg",659,955,false],"2048x2048":["https:\/\/editora.uea.edu.br\/wp-content\/uploads\/2024\/01\/photo1705414632.jpeg",659,955,false],"codesigner-thumb":["https:\/\/editora.uea.edu.br\/wp-content\/uploads\/2024\/01\/photo1705414632-400x400.jpeg",400,400,true],"woocommerce_thumbnail":["https:\/\/editora.uea.edu.br\/wp-content\/uploads\/2024\/01\/photo1705414632-200x296.jpeg",200,296,true],"woocommerce_single":["https:\/\/editora.uea.edu.br\/wp-content\/uploads\/2024\/01\/photo1705414632-200x290.jpeg",200,290,true],"woocommerce_gallery_thumbnail":["https:\/\/editora.uea.edu.br\/wp-content\/uploads\/2024\/01\/photo1705414632-100x100.jpeg",100,100,true]},"uagb_author_info":{"display_name":"editora","author_link":"https:\/\/editora.uea.edu.br\/?author=0"},"uagb_comment_info":0,"uagb_excerpt":"A obra \u00e9 uma colet\u00e2nea de trabalhos selecionados da quinta edi\u00e7\u00e3o do Simp\u00f3sio Internacional de M\u00fasica Ibero-americana (V SIMIBA). Relacionados \u00e0 tem\u00e1tica de espa\u00e7o ibero-americano, os textos refletem sobre a Arte na atualidade, an\u00e1lise musical e tradicional e, tamb\u00e9m, processos cognitivos e educativos na m\u00fasica. &nbsp; Como citar: CAREGNATO, C.; P\u00c1SCOA, M. (orgs.). M\u00fasica e&hellip;","_links":{"self":[{"href":"https:\/\/editora.uea.edu.br\/index.php?rest_route=\/wp\/v2\/product\/934"}],"collection":[{"href":"https:\/\/editora.uea.edu.br\/index.php?rest_route=\/wp\/v2\/product"}],"about":[{"href":"https:\/\/editora.uea.edu.br\/index.php?rest_route=\/wp\/v2\/types\/product"}],"replies":[{"embeddable":true,"href":"https:\/\/editora.uea.edu.br\/index.php?rest_route=%2Fwp%2Fv2%2Fcomments&post=934"}],"wp:featuredmedia":[{"embeddable":true,"href":"https:\/\/editora.uea.edu.br\/index.php?rest_route=\/wp\/v2\/media\/938"}],"wp:attachment":[{"href":"https:\/\/editora.uea.edu.br\/index.php?rest_route=%2Fwp%2Fv2%2Fmedia&parent=934"}],"wp:term":[{"taxonomy":"product_cat","embeddable":true,"href":"https:\/\/editora.uea.edu.br\/index.php?rest_route=%2Fwp%2Fv2%2Fproduct_cat&post=934"},{"taxonomy":"product_tag","embeddable":true,"href":"https:\/\/editora.uea.edu.br\/index.php?rest_route=%2Fwp%2Fv2%2Fproduct_tag&post=934"}],"curies":[{"name":"wp","href":"https:\/\/api.w.org\/{rel}","templated":true}]}}