{"id":927,"date":"2023-11-07T00:30:04","date_gmt":"2023-11-07T04:30:04","guid":{"rendered":"https:\/\/editora.uea.edu.br\/?post_type=product&#038;p=927"},"modified":"2025-07-23T15:21:47","modified_gmt":"2025-07-23T19:21:47","slug":"paradigmas-educacionais-a-antiguidade-greco-romana-em-dialogo","status":"publish","type":"product","link":"https:\/\/editora.uea.edu.br\/?product=paradigmas-educacionais-a-antiguidade-greco-romana-em-dialogo","title":{"rendered":"Paradigmas Educacionais: a Antiguidade greco-romana em di\u00e1logo"},"content":{"rendered":"<p>A obra, que, em sua maior parte, \u00e9 resultante das comunica\u00e7\u00f5es orais presentes na II Semana Internacional de Estudos Cl\u00e1ssicos do Amazonas (SECLAM), inicia-se com um texto de Evanildo Bechara e, ap\u00f3s isso, divide-se em quatro partes. A primeira aborda a quest\u00e3o da educa\u00e7\u00e3o na Antiguidade cl\u00e1ssica, a segunda, o seu alcance no pensamento contempor\u00e2neo, j\u00e1 a terceira apresenta trabalhos que relatam a literatura antiga em suas origens e em di\u00e1logos com a modernidade, e a \u00faltima exp\u00f5e textos sobre a l\u00edngua e a poesia no Amazonas. A partir dessa organiza\u00e7\u00e3o, a publica\u00e7\u00e3o traz pertinentes pensamentos para a comunidade acad\u00eamica e demais interessados.<\/p>\n<p>&nbsp;<\/p>\n<p><strong>Como citar<\/strong>:<br \/>\nJESUS, C. R. R.; JESUS, A. M. S. (orgs.). <em>Paradigmas educacionais<\/em>: a Antiguidade greco-romana em di\u00e1logo. Manaus: Editora UEA, 2020.<\/p>\n<p>&nbsp;<\/p>\n<p><strong>Dispon\u00edvel em<\/strong>:<\/p>\n<p><a href=\"https:\/\/ri.uea.edu.br\/handle\/riuea\/5701\">https:\/\/ri.uea.edu.br\/handle\/riuea\/5701<\/a><\/p>\n<p>&nbsp;<\/p>\n","protected":false},"excerpt":{"rendered":"<p>A obra, que, em sua maior parte, \u00e9 resultante das comunica\u00e7\u00f5es orais presentes na II Semana Internacional de Estudos Cl\u00e1ssicos do Amazonas (SECLAM), inicia-se com um texto de Evanildo Bechara e, ap\u00f3s isso, divide-se em quatro partes. A primeira aborda a quest\u00e3o da educa\u00e7\u00e3o na Antiguidade cl\u00e1ssica, a segunda, o seu alcance no pensamento contempor\u00e2neo, [&hellip;]<\/p>\n","protected":false},"featured_media":928,"comment_status":"open","ping_status":"closed","template":"","meta":{"om_disable_all_campaigns":false,"_uag_custom_page_level_css":"","_monsterinsights_skip_tracking":false,"_monsterinsights_sitenote_active":false,"_monsterinsights_sitenote_note":"","_monsterinsights_sitenote_category":0,"site-sidebar-layout":"default","site-content-layout":"","ast-site-content-layout":"default","site-content-style":"default","site-sidebar-style":"default","ast-global-header-display":"","ast-banner-title-visibility":"","ast-main-header-display":"","ast-hfb-above-header-display":"","ast-hfb-below-header-display":"","ast-hfb-mobile-header-display":"","site-post-title":"","ast-breadcrumbs-content":"","ast-featured-img":"","footer-sml-layout":"","theme-transparent-header-meta":"default","adv-header-id-meta":"","stick-header-meta":"","header-above-stick-meta":"","header-main-stick-meta":"","header-below-stick-meta":"","astra-migrate-meta-layouts":"set","ast-page-background-enabled":"default","ast-page-background-meta":{"desktop":{"background-color":"var(--ast-global-color-4)","background-image":"","background-repeat":"repeat","background-position":"center center","background-size":"auto","background-attachment":"scroll","background-type":"","background-media":"","overlay-type":"","overlay-color":"","overlay-gradient":""},"tablet":{"background-color":"","background-image":"","background-repeat":"repeat","background-position":"center center","background-size":"auto","background-attachment":"scroll","background-type":"","background-media":"","overlay-type":"","overlay-color":"","overlay-gradient":""},"mobile":{"background-color":"","background-image":"","background-repeat":"repeat","background-position":"center center","background-size":"auto","background-attachment":"scroll","background-type":"","background-media":"","overlay-type":"","overlay-color":"","overlay-gradient":""}},"ast-content-background-meta":{"desktop":{"background-color":"var(--ast-global-color-5)","background-image":"","background-repeat":"repeat","background-position":"center center","background-size":"auto","background-attachment":"scroll","background-type":"","background-media":"","overlay-type":"","overlay-color":"","overlay-gradient":""},"tablet":{"background-color":"var(--ast-global-color-5)","background-image":"","background-repeat":"repeat","background-position":"center center","background-size":"auto","background-attachment":"scroll","background-type":"","background-media":"","overlay-type":"","overlay-color":"","overlay-gradient":""},"mobile":{"background-color":"var(--ast-global-color-5)","background-image":"","background-repeat":"repeat","background-position":"center center","background-size":"auto","background-attachment":"scroll","background-type":"","background-media":"","overlay-type":"","overlay-color":"","overlay-gradient":""}},"_themeisle_gutenberg_block_has_review":false},"product_cat":[73,20,334],"product_tag":[336,335],"aioseo_notices":[],"uagb_featured_image_src":{"full":["https:\/\/editora.uea.edu.br\/wp-content\/uploads\/2024\/01\/WhatsApp-Image-2024-01-16-at-9.05.59-AM.jpeg",659,955,false],"thumbnail":["https:\/\/editora.uea.edu.br\/wp-content\/uploads\/2024\/01\/WhatsApp-Image-2024-01-16-at-9.05.59-AM-150x150.jpeg",150,150,true],"medium":["https:\/\/editora.uea.edu.br\/wp-content\/uploads\/2024\/01\/WhatsApp-Image-2024-01-16-at-9.05.59-AM-207x300.jpeg",207,300,true],"medium_large":["https:\/\/editora.uea.edu.br\/wp-content\/uploads\/2024\/01\/WhatsApp-Image-2024-01-16-at-9.05.59-AM.jpeg",659,955,false],"large":["https:\/\/editora.uea.edu.br\/wp-content\/uploads\/2024\/01\/WhatsApp-Image-2024-01-16-at-9.05.59-AM.jpeg",552,800,false],"1536x1536":["https:\/\/editora.uea.edu.br\/wp-content\/uploads\/2024\/01\/WhatsApp-Image-2024-01-16-at-9.05.59-AM.jpeg",659,955,false],"2048x2048":["https:\/\/editora.uea.edu.br\/wp-content\/uploads\/2024\/01\/WhatsApp-Image-2024-01-16-at-9.05.59-AM.jpeg",659,955,false],"codesigner-thumb":["https:\/\/editora.uea.edu.br\/wp-content\/uploads\/2024\/01\/WhatsApp-Image-2024-01-16-at-9.05.59-AM-400x400.jpeg",400,400,true],"woocommerce_thumbnail":["https:\/\/editora.uea.edu.br\/wp-content\/uploads\/2024\/01\/WhatsApp-Image-2024-01-16-at-9.05.59-AM-200x296.jpeg",200,296,true],"woocommerce_single":["https:\/\/editora.uea.edu.br\/wp-content\/uploads\/2024\/01\/WhatsApp-Image-2024-01-16-at-9.05.59-AM-200x290.jpeg",200,290,true],"woocommerce_gallery_thumbnail":["https:\/\/editora.uea.edu.br\/wp-content\/uploads\/2024\/01\/WhatsApp-Image-2024-01-16-at-9.05.59-AM-100x100.jpeg",100,100,true]},"uagb_author_info":{"display_name":"editora","author_link":"https:\/\/editora.uea.edu.br\/?author=0"},"uagb_comment_info":0,"uagb_excerpt":"A obra, que, em sua maior parte, \u00e9 resultante das comunica\u00e7\u00f5es orais presentes na II Semana Internacional de Estudos Cl\u00e1ssicos do Amazonas (SECLAM), inicia-se com um texto de Evanildo Bechara e, ap\u00f3s isso, divide-se em quatro partes. A primeira aborda a quest\u00e3o da educa\u00e7\u00e3o na Antiguidade cl\u00e1ssica, a segunda, o seu alcance no pensamento contempor\u00e2neo,&hellip;","_links":{"self":[{"href":"https:\/\/editora.uea.edu.br\/index.php?rest_route=\/wp\/v2\/product\/927"}],"collection":[{"href":"https:\/\/editora.uea.edu.br\/index.php?rest_route=\/wp\/v2\/product"}],"about":[{"href":"https:\/\/editora.uea.edu.br\/index.php?rest_route=\/wp\/v2\/types\/product"}],"replies":[{"embeddable":true,"href":"https:\/\/editora.uea.edu.br\/index.php?rest_route=%2Fwp%2Fv2%2Fcomments&post=927"}],"wp:featuredmedia":[{"embeddable":true,"href":"https:\/\/editora.uea.edu.br\/index.php?rest_route=\/wp\/v2\/media\/928"}],"wp:attachment":[{"href":"https:\/\/editora.uea.edu.br\/index.php?rest_route=%2Fwp%2Fv2%2Fmedia&parent=927"}],"wp:term":[{"taxonomy":"product_cat","embeddable":true,"href":"https:\/\/editora.uea.edu.br\/index.php?rest_route=%2Fwp%2Fv2%2Fproduct_cat&post=927"},{"taxonomy":"product_tag","embeddable":true,"href":"https:\/\/editora.uea.edu.br\/index.php?rest_route=%2Fwp%2Fv2%2Fproduct_tag&post=927"}],"curies":[{"name":"wp","href":"https:\/\/api.w.org\/{rel}","templated":true}]}}