{"id":925,"date":"2023-11-07T00:26:34","date_gmt":"2023-11-07T04:26:34","guid":{"rendered":"https:\/\/editora.uea.edu.br\/?post_type=product&#038;p=925"},"modified":"2025-07-23T15:19:54","modified_gmt":"2025-07-23T19:19:54","slug":"religioes-fronteiras-e-identidades-na-amazonia","status":"publish","type":"product","link":"https:\/\/editora.uea.edu.br\/?product=religioes-fronteiras-e-identidades-na-amazonia","title":{"rendered":"Religi\u00f5es, fronteiras e identidades na Amaz\u00f4nia"},"content":{"rendered":"<p>Esta obra re\u00fane trabalhos apresentados no I Simp\u00f3sio Norte da Associa\u00e7\u00e3o de Hist\u00f3ria das Religi\u00f5es (2017) e tem como prop\u00f3sito compor um invent\u00e1rio da produ\u00e7\u00e3o acad\u00eamica e da situa\u00e7\u00e3o religiosa da regi\u00e3o Norte, focando nos tr\u00eas eixos do t\u00edtulo: religi\u00e3o, fronteiras e identidades. As discuss\u00f5es v\u00e3o al\u00e9m da abordagem de uma sociologia\/antropologia cristoc\u00eantrica, e abordam tamb\u00e9m as rea\u00e7\u00f5es entre as velhas e as novas identidades religiosas e como se organizam, n\u00e3o apenas nas capitais, mas tamb\u00e9m nas diversas esferas sociais do interior da Amaz\u00f4nia.<\/p>\n<p>&nbsp;<\/p>\n<p><strong>Como citar<\/strong>:<br \/>\nSILVEIRA, D. O. <em>et al<\/em>. (orgs.). <em>Religi\u00f5es, fronteiras e identidades na Amaz\u00f4nia<\/em>. Manaus: Editora UEA, 2020.<\/p>\n<p>&nbsp;<\/p>\n<p><strong>Dispon\u00edvel em<\/strong>:<\/p>\n<p><a href=\"https:\/\/ri.uea.edu.br\/handle\/riuea\/2522\">https:\/\/ri.uea.edu.br\/handle\/riuea\/2522<\/a><\/p>\n<p>&nbsp;<\/p>\n","protected":false},"excerpt":{"rendered":"<p>Esta obra re\u00fane trabalhos apresentados no I Simp\u00f3sio Norte da Associa\u00e7\u00e3o de Hist\u00f3ria das Religi\u00f5es (2017) e tem como prop\u00f3sito compor um invent\u00e1rio da produ\u00e7\u00e3o acad\u00eamica e da situa\u00e7\u00e3o religiosa da regi\u00e3o Norte, focando nos tr\u00eas eixos do t\u00edtulo: religi\u00e3o, fronteiras e identidades. As discuss\u00f5es v\u00e3o al\u00e9m da abordagem de uma sociologia\/antropologia cristoc\u00eantrica, e abordam [&hellip;]<\/p>\n","protected":false},"featured_media":926,"comment_status":"open","ping_status":"closed","template":"","meta":{"om_disable_all_campaigns":false,"_uag_custom_page_level_css":"","_monsterinsights_skip_tracking":false,"_monsterinsights_sitenote_active":false,"_monsterinsights_sitenote_note":"","_monsterinsights_sitenote_category":0,"site-sidebar-layout":"default","site-content-layout":"","ast-site-content-layout":"default","site-content-style":"default","site-sidebar-style":"default","ast-global-header-display":"","ast-banner-title-visibility":"","ast-main-header-display":"","ast-hfb-above-header-display":"","ast-hfb-below-header-display":"","ast-hfb-mobile-header-display":"","site-post-title":"","ast-breadcrumbs-content":"","ast-featured-img":"","footer-sml-layout":"","theme-transparent-header-meta":"default","adv-header-id-meta":"","stick-header-meta":"","header-above-stick-meta":"","header-main-stick-meta":"","header-below-stick-meta":"","astra-migrate-meta-layouts":"set","ast-page-background-enabled":"default","ast-page-background-meta":{"desktop":{"background-color":"var(--ast-global-color-4)","background-image":"","background-repeat":"repeat","background-position":"center center","background-size":"auto","background-attachment":"scroll","background-type":"","background-media":"","overlay-type":"","overlay-color":"","overlay-gradient":""},"tablet":{"background-color":"","background-image":"","background-repeat":"repeat","background-position":"center center","background-size":"auto","background-attachment":"scroll","background-type":"","background-media":"","overlay-type":"","overlay-color":"","overlay-gradient":""},"mobile":{"background-color":"","background-image":"","background-repeat":"repeat","background-position":"center center","background-size":"auto","background-attachment":"scroll","background-type":"","background-media":"","overlay-type":"","overlay-color":"","overlay-gradient":""}},"ast-content-background-meta":{"desktop":{"background-color":"var(--ast-global-color-5)","background-image":"","background-repeat":"repeat","background-position":"center center","background-size":"auto","background-attachment":"scroll","background-type":"","background-media":"","overlay-type":"","overlay-color":"","overlay-gradient":""},"tablet":{"background-color":"var(--ast-global-color-5)","background-image":"","background-repeat":"repeat","background-position":"center center","background-size":"auto","background-attachment":"scroll","background-type":"","background-media":"","overlay-type":"","overlay-color":"","overlay-gradient":""},"mobile":{"background-color":"var(--ast-global-color-5)","background-image":"","background-repeat":"repeat","background-position":"center center","background-size":"auto","background-attachment":"scroll","background-type":"","background-media":"","overlay-type":"","overlay-color":"","overlay-gradient":""}},"_themeisle_gutenberg_block_has_review":false},"product_cat":[352,230,40,231],"product_tag":[333,331,269,332],"aioseo_notices":[],"uagb_featured_image_src":{"full":["https:\/\/editora.uea.edu.br\/wp-content\/uploads\/2024\/01\/WhatsApp-Image-2024-01-16-at-9.02.16-AM.jpeg",654,963,false],"thumbnail":["https:\/\/editora.uea.edu.br\/wp-content\/uploads\/2024\/01\/WhatsApp-Image-2024-01-16-at-9.02.16-AM-150x150.jpeg",150,150,true],"medium":["https:\/\/editora.uea.edu.br\/wp-content\/uploads\/2024\/01\/WhatsApp-Image-2024-01-16-at-9.02.16-AM-204x300.jpeg",204,300,true],"medium_large":["https:\/\/editora.uea.edu.br\/wp-content\/uploads\/2024\/01\/WhatsApp-Image-2024-01-16-at-9.02.16-AM.jpeg",654,963,false],"large":["https:\/\/editora.uea.edu.br\/wp-content\/uploads\/2024\/01\/WhatsApp-Image-2024-01-16-at-9.02.16-AM.jpeg",543,800,false],"1536x1536":["https:\/\/editora.uea.edu.br\/wp-content\/uploads\/2024\/01\/WhatsApp-Image-2024-01-16-at-9.02.16-AM.jpeg",654,963,false],"2048x2048":["https:\/\/editora.uea.edu.br\/wp-content\/uploads\/2024\/01\/WhatsApp-Image-2024-01-16-at-9.02.16-AM.jpeg",654,963,false],"codesigner-thumb":["https:\/\/editora.uea.edu.br\/wp-content\/uploads\/2024\/01\/WhatsApp-Image-2024-01-16-at-9.02.16-AM-400x400.jpeg",400,400,true],"woocommerce_thumbnail":["https:\/\/editora.uea.edu.br\/wp-content\/uploads\/2024\/01\/WhatsApp-Image-2024-01-16-at-9.02.16-AM-200x296.jpeg",200,296,true],"woocommerce_single":["https:\/\/editora.uea.edu.br\/wp-content\/uploads\/2024\/01\/WhatsApp-Image-2024-01-16-at-9.02.16-AM-200x294.jpeg",200,294,true],"woocommerce_gallery_thumbnail":["https:\/\/editora.uea.edu.br\/wp-content\/uploads\/2024\/01\/WhatsApp-Image-2024-01-16-at-9.02.16-AM-100x100.jpeg",100,100,true]},"uagb_author_info":{"display_name":"editora","author_link":"https:\/\/editora.uea.edu.br\/?author=0"},"uagb_comment_info":0,"uagb_excerpt":"Esta obra re\u00fane trabalhos apresentados no I Simp\u00f3sio Norte da Associa\u00e7\u00e3o de Hist\u00f3ria das Religi\u00f5es (2017) e tem como prop\u00f3sito compor um invent\u00e1rio da produ\u00e7\u00e3o acad\u00eamica e da situa\u00e7\u00e3o religiosa da regi\u00e3o Norte, focando nos tr\u00eas eixos do t\u00edtulo: religi\u00e3o, fronteiras e identidades. As discuss\u00f5es v\u00e3o al\u00e9m da abordagem de uma sociologia\/antropologia cristoc\u00eantrica, e abordam&hellip;","_links":{"self":[{"href":"https:\/\/editora.uea.edu.br\/index.php?rest_route=\/wp\/v2\/product\/925"}],"collection":[{"href":"https:\/\/editora.uea.edu.br\/index.php?rest_route=\/wp\/v2\/product"}],"about":[{"href":"https:\/\/editora.uea.edu.br\/index.php?rest_route=\/wp\/v2\/types\/product"}],"replies":[{"embeddable":true,"href":"https:\/\/editora.uea.edu.br\/index.php?rest_route=%2Fwp%2Fv2%2Fcomments&post=925"}],"wp:featuredmedia":[{"embeddable":true,"href":"https:\/\/editora.uea.edu.br\/index.php?rest_route=\/wp\/v2\/media\/926"}],"wp:attachment":[{"href":"https:\/\/editora.uea.edu.br\/index.php?rest_route=%2Fwp%2Fv2%2Fmedia&parent=925"}],"wp:term":[{"taxonomy":"product_cat","embeddable":true,"href":"https:\/\/editora.uea.edu.br\/index.php?rest_route=%2Fwp%2Fv2%2Fproduct_cat&post=925"},{"taxonomy":"product_tag","embeddable":true,"href":"https:\/\/editora.uea.edu.br\/index.php?rest_route=%2Fwp%2Fv2%2Fproduct_tag&post=925"}],"curies":[{"name":"wp","href":"https:\/\/api.w.org\/{rel}","templated":true}]}}