{"id":892,"date":"2023-11-07T00:12:34","date_gmt":"2023-11-07T04:12:34","guid":{"rendered":"https:\/\/editora.uea.edu.br\/?post_type=product&#038;p=892"},"modified":"2025-07-23T13:25:45","modified_gmt":"2025-07-23T17:25:45","slug":"dialeticas-amazonicas-da-literatura","status":"publish","type":"product","link":"https:\/\/editora.uea.edu.br\/?product=dialeticas-amazonicas-da-literatura","title":{"rendered":"Dial\u00e9ticas amaz\u00f4nicas da literatura"},"content":{"rendered":"<p>Oriundo da reuni\u00e3o de simp\u00f3sios, cursos e palestras realizados durante o II GELLNORTE, o livro, que possui dezoito cap\u00edtulos, traz um conjunto de pesquisas que mapeiam a \u00e1rea da literatura da regi\u00e3o norte, al\u00e9m de abrir o olhar para quest\u00f5es nacionais, n\u00e3o s\u00f3 pela participa\u00e7\u00e3o de pesquisadores de outras regi\u00f5es (Centro-Oeste (UnB e UNEMAT) e Sudeste (USP e UNICAMP), mas tamb\u00e9m pela diversidade de temas.<\/p>\n<p>&nbsp;<\/p>\n<p><strong>Como citar<\/strong>:<br \/>\nCAVALHEIRO, J.; ALBUQUERQUE, G. (orgs.). <em>Dial\u00e9ticas amaz\u00f4nicas da literatura<\/em>. Manaus: Editora UEA, 2019.<\/p>\n<p>&nbsp;<\/p>\n<p><strong>Dispon\u00edvel em<\/strong>:<\/p>\n<p><a href=\"https:\/\/ri.uea.edu.br\/handle\/riuea\/2508\">https:\/\/ri.uea.edu.br\/handle\/riuea\/2508<\/a><\/p>\n<p>&nbsp;<\/p>\n","protected":false},"excerpt":{"rendered":"<p>Oriundo da reuni\u00e3o de simp\u00f3sios, cursos e palestras realizados durante o II GELLNORTE, o livro, que possui dezoito cap\u00edtulos, traz um conjunto de pesquisas que mapeiam a \u00e1rea da literatura da regi\u00e3o norte, al\u00e9m de abrir o olhar para quest\u00f5es nacionais, n\u00e3o s\u00f3 pela participa\u00e7\u00e3o de pesquisadores de outras regi\u00f5es (Centro-Oeste (UnB e UNEMAT) e [&hellip;]<\/p>\n","protected":false},"featured_media":893,"comment_status":"open","ping_status":"closed","template":"","meta":{"om_disable_all_campaigns":false,"_uag_custom_page_level_css":"","_monsterinsights_skip_tracking":false,"_monsterinsights_sitenote_active":false,"_monsterinsights_sitenote_note":"","_monsterinsights_sitenote_category":0,"site-sidebar-layout":"default","site-content-layout":"","ast-site-content-layout":"default","site-content-style":"default","site-sidebar-style":"default","ast-global-header-display":"","ast-banner-title-visibility":"","ast-main-header-display":"","ast-hfb-above-header-display":"","ast-hfb-below-header-display":"","ast-hfb-mobile-header-display":"","site-post-title":"","ast-breadcrumbs-content":"","ast-featured-img":"","footer-sml-layout":"","theme-transparent-header-meta":"default","adv-header-id-meta":"","stick-header-meta":"","header-above-stick-meta":"","header-main-stick-meta":"","header-below-stick-meta":"","astra-migrate-meta-layouts":"set","ast-page-background-enabled":"default","ast-page-background-meta":{"desktop":{"background-color":"var(--ast-global-color-4)","background-image":"","background-repeat":"repeat","background-position":"center center","background-size":"auto","background-attachment":"scroll","background-type":"","background-media":"","overlay-type":"","overlay-color":"","overlay-gradient":""},"tablet":{"background-color":"","background-image":"","background-repeat":"repeat","background-position":"center center","background-size":"auto","background-attachment":"scroll","background-type":"","background-media":"","overlay-type":"","overlay-color":"","overlay-gradient":""},"mobile":{"background-color":"","background-image":"","background-repeat":"repeat","background-position":"center center","background-size":"auto","background-attachment":"scroll","background-type":"","background-media":"","overlay-type":"","overlay-color":"","overlay-gradient":""}},"ast-content-background-meta":{"desktop":{"background-color":"var(--ast-global-color-5)","background-image":"","background-repeat":"repeat","background-position":"center center","background-size":"auto","background-attachment":"scroll","background-type":"","background-media":"","overlay-type":"","overlay-color":"","overlay-gradient":""},"tablet":{"background-color":"var(--ast-global-color-5)","background-image":"","background-repeat":"repeat","background-position":"center center","background-size":"auto","background-attachment":"scroll","background-type":"","background-media":"","overlay-type":"","overlay-color":"","overlay-gradient":""},"mobile":{"background-color":"var(--ast-global-color-5)","background-image":"","background-repeat":"repeat","background-position":"center center","background-size":"auto","background-attachment":"scroll","background-type":"","background-media":"","overlay-type":"","overlay-color":"","overlay-gradient":""}},"_themeisle_gutenberg_block_has_review":false},"product_cat":[311,231,20,232,49,235],"product_tag":[318,315],"aioseo_notices":[],"uagb_featured_image_src":{"full":["https:\/\/editora.uea.edu.br\/wp-content\/uploads\/2024\/01\/WhatsApp-Image-2024-01-15-at-10.19.12-AM.jpeg",659,959,false],"thumbnail":["https:\/\/editora.uea.edu.br\/wp-content\/uploads\/2024\/01\/WhatsApp-Image-2024-01-15-at-10.19.12-AM-150x150.jpeg",150,150,true],"medium":["https:\/\/editora.uea.edu.br\/wp-content\/uploads\/2024\/01\/WhatsApp-Image-2024-01-15-at-10.19.12-AM-206x300.jpeg",206,300,true],"medium_large":["https:\/\/editora.uea.edu.br\/wp-content\/uploads\/2024\/01\/WhatsApp-Image-2024-01-15-at-10.19.12-AM.jpeg",659,959,false],"large":["https:\/\/editora.uea.edu.br\/wp-content\/uploads\/2024\/01\/WhatsApp-Image-2024-01-15-at-10.19.12-AM.jpeg",550,800,false],"1536x1536":["https:\/\/editora.uea.edu.br\/wp-content\/uploads\/2024\/01\/WhatsApp-Image-2024-01-15-at-10.19.12-AM.jpeg",659,959,false],"2048x2048":["https:\/\/editora.uea.edu.br\/wp-content\/uploads\/2024\/01\/WhatsApp-Image-2024-01-15-at-10.19.12-AM.jpeg",659,959,false],"codesigner-thumb":["https:\/\/editora.uea.edu.br\/wp-content\/uploads\/2024\/01\/WhatsApp-Image-2024-01-15-at-10.19.12-AM-400x400.jpeg",400,400,true],"woocommerce_thumbnail":["https:\/\/editora.uea.edu.br\/wp-content\/uploads\/2024\/01\/WhatsApp-Image-2024-01-15-at-10.19.12-AM-200x296.jpeg",200,296,true],"woocommerce_single":["https:\/\/editora.uea.edu.br\/wp-content\/uploads\/2024\/01\/WhatsApp-Image-2024-01-15-at-10.19.12-AM-200x291.jpeg",200,291,true],"woocommerce_gallery_thumbnail":["https:\/\/editora.uea.edu.br\/wp-content\/uploads\/2024\/01\/WhatsApp-Image-2024-01-15-at-10.19.12-AM-100x100.jpeg",100,100,true]},"uagb_author_info":{"display_name":"editora","author_link":"https:\/\/editora.uea.edu.br\/?author=0"},"uagb_comment_info":0,"uagb_excerpt":"Oriundo da reuni\u00e3o de simp\u00f3sios, cursos e palestras realizados durante o II GELLNORTE, o livro, que possui dezoito cap\u00edtulos, traz um conjunto de pesquisas que mapeiam a \u00e1rea da literatura da regi\u00e3o norte, al\u00e9m de abrir o olhar para quest\u00f5es nacionais, n\u00e3o s\u00f3 pela participa\u00e7\u00e3o de pesquisadores de outras regi\u00f5es (Centro-Oeste (UnB e UNEMAT) e&hellip;","_links":{"self":[{"href":"https:\/\/editora.uea.edu.br\/index.php?rest_route=\/wp\/v2\/product\/892"}],"collection":[{"href":"https:\/\/editora.uea.edu.br\/index.php?rest_route=\/wp\/v2\/product"}],"about":[{"href":"https:\/\/editora.uea.edu.br\/index.php?rest_route=\/wp\/v2\/types\/product"}],"replies":[{"embeddable":true,"href":"https:\/\/editora.uea.edu.br\/index.php?rest_route=%2Fwp%2Fv2%2Fcomments&post=892"}],"wp:featuredmedia":[{"embeddable":true,"href":"https:\/\/editora.uea.edu.br\/index.php?rest_route=\/wp\/v2\/media\/893"}],"wp:attachment":[{"href":"https:\/\/editora.uea.edu.br\/index.php?rest_route=%2Fwp%2Fv2%2Fmedia&parent=892"}],"wp:term":[{"taxonomy":"product_cat","embeddable":true,"href":"https:\/\/editora.uea.edu.br\/index.php?rest_route=%2Fwp%2Fv2%2Fproduct_cat&post=892"},{"taxonomy":"product_tag","embeddable":true,"href":"https:\/\/editora.uea.edu.br\/index.php?rest_route=%2Fwp%2Fv2%2Fproduct_tag&post=892"}],"curies":[{"name":"wp","href":"https:\/\/api.w.org\/{rel}","templated":true}]}}