{"id":890,"date":"2023-11-07T00:16:25","date_gmt":"2023-11-07T04:16:25","guid":{"rendered":"https:\/\/editora.uea.edu.br\/?post_type=product&#038;p=890"},"modified":"2026-01-20T08:14:20","modified_gmt":"2026-01-20T12:14:20","slug":"linguagem-ensino-e-formacao-docente","status":"publish","type":"product","link":"https:\/\/editora.uea.edu.br\/?product=linguagem-ensino-e-formacao-docente","title":{"rendered":"L\u00edngua(gem), ensino e forma\u00e7\u00e3o docente"},"content":{"rendered":"<p>A obra re\u00fane dezenove textos surgidos a partir do II encontro do Grupo de Estudos Lingu\u00edsticos e Liter\u00e1rios da Regi\u00e3o Norte (GELLNORTE). O leitor ir\u00e1 se deparar com tr\u00eas eixos tem\u00e1ticos: o primeiro diz respeito ao estudo de l\u00ednguas, o segundo apresenta trabalhos sobre ensino e forma\u00e7\u00e3o de professores, e o \u00faltimo traz artigos sobre diversidade lingu\u00edstica.<\/p>\n<p>&nbsp;<\/p>\n<p><strong>Como citar<\/strong>:<br \/>\nCAVALHEIRO, J.; LUDWIG, C. R.; LANES, E. J. (orgs.). <em>Lingua(gem), ensino e forma\u00e7\u00e3o docente<\/em>. Manaus: Editora UEA, 2019.<\/p>\n<p>&nbsp;<\/p>\n<p><strong>Dispon\u00edvel em<\/strong>:<\/p>\n<p><a href=\"https:\/\/ri.uea.edu.br\/handle\/riuea\/2506\">https:\/\/ri.uea.edu.br\/handle\/riuea\/2506<\/a><\/p>\n<p>&nbsp;<\/p>\n","protected":false},"excerpt":{"rendered":"<p>A obra re\u00fane dezenove textos surgidos a partir do II encontro do Grupo de Estudos Lingu\u00edsticos e Liter\u00e1rios da Regi\u00e3o Norte (GELLNORTE). O leitor ir\u00e1 se deparar com tr\u00eas eixos tem\u00e1ticos: o primeiro diz respeito ao estudo de l\u00ednguas, o segundo apresenta trabalhos sobre ensino e forma\u00e7\u00e3o de professores, e o \u00faltimo traz artigos sobre [&hellip;]<\/p>\n","protected":false},"featured_media":891,"comment_status":"open","ping_status":"closed","template":"","meta":{"om_disable_all_campaigns":false,"_uag_custom_page_level_css":"","_monsterinsights_skip_tracking":false,"_monsterinsights_sitenote_active":false,"_monsterinsights_sitenote_note":"","_monsterinsights_sitenote_category":0,"site-sidebar-layout":"default","site-content-layout":"","ast-site-content-layout":"default","site-content-style":"default","site-sidebar-style":"default","ast-global-header-display":"","ast-banner-title-visibility":"","ast-main-header-display":"","ast-hfb-above-header-display":"","ast-hfb-below-header-display":"","ast-hfb-mobile-header-display":"","site-post-title":"","ast-breadcrumbs-content":"","ast-featured-img":"","footer-sml-layout":"","theme-transparent-header-meta":"default","adv-header-id-meta":"","stick-header-meta":"","header-above-stick-meta":"","header-main-stick-meta":"","header-below-stick-meta":"","astra-migrate-meta-layouts":"set","ast-page-background-enabled":"default","ast-page-background-meta":{"desktop":{"background-color":"var(--ast-global-color-4)","background-image":"","background-repeat":"repeat","background-position":"center center","background-size":"auto","background-attachment":"scroll","background-type":"","background-media":"","overlay-type":"","overlay-color":"","overlay-gradient":""},"tablet":{"background-color":"","background-image":"","background-repeat":"repeat","background-position":"center center","background-size":"auto","background-attachment":"scroll","background-type":"","background-media":"","overlay-type":"","overlay-color":"","overlay-gradient":""},"mobile":{"background-color":"","background-image":"","background-repeat":"repeat","background-position":"center center","background-size":"auto","background-attachment":"scroll","background-type":"","background-media":"","overlay-type":"","overlay-color":"","overlay-gradient":""}},"ast-content-background-meta":{"desktop":{"background-color":"var(--ast-global-color-5)","background-image":"","background-repeat":"repeat","background-position":"center center","background-size":"auto","background-attachment":"scroll","background-type":"","background-media":"","overlay-type":"","overlay-color":"","overlay-gradient":""},"tablet":{"background-color":"var(--ast-global-color-5)","background-image":"","background-repeat":"repeat","background-position":"center center","background-size":"auto","background-attachment":"scroll","background-type":"","background-media":"","overlay-type":"","overlay-color":"","overlay-gradient":""},"mobile":{"background-color":"var(--ast-global-color-5)","background-image":"","background-repeat":"repeat","background-position":"center center","background-size":"auto","background-attachment":"scroll","background-type":"","background-media":"","overlay-type":"","overlay-color":"","overlay-gradient":""}},"_themeisle_gutenberg_block_has_review":false},"product_cat":[73],"product_tag":[316,317,315],"aioseo_notices":[],"uagb_featured_image_src":{"full":["https:\/\/editora.uea.edu.br\/wp-content\/uploads\/2024\/01\/WhatsApp-Image-2024-01-15-at-10.14.38-AM.jpeg",659,955,false],"thumbnail":["https:\/\/editora.uea.edu.br\/wp-content\/uploads\/2024\/01\/WhatsApp-Image-2024-01-15-at-10.14.38-AM-150x150.jpeg",150,150,true],"medium":["https:\/\/editora.uea.edu.br\/wp-content\/uploads\/2024\/01\/WhatsApp-Image-2024-01-15-at-10.14.38-AM-207x300.jpeg",207,300,true],"medium_large":["https:\/\/editora.uea.edu.br\/wp-content\/uploads\/2024\/01\/WhatsApp-Image-2024-01-15-at-10.14.38-AM.jpeg",659,955,false],"large":["https:\/\/editora.uea.edu.br\/wp-content\/uploads\/2024\/01\/WhatsApp-Image-2024-01-15-at-10.14.38-AM.jpeg",552,800,false],"1536x1536":["https:\/\/editora.uea.edu.br\/wp-content\/uploads\/2024\/01\/WhatsApp-Image-2024-01-15-at-10.14.38-AM.jpeg",659,955,false],"2048x2048":["https:\/\/editora.uea.edu.br\/wp-content\/uploads\/2024\/01\/WhatsApp-Image-2024-01-15-at-10.14.38-AM.jpeg",659,955,false],"codesigner-thumb":["https:\/\/editora.uea.edu.br\/wp-content\/uploads\/2024\/01\/WhatsApp-Image-2024-01-15-at-10.14.38-AM-400x400.jpeg",400,400,true],"woocommerce_thumbnail":["https:\/\/editora.uea.edu.br\/wp-content\/uploads\/2024\/01\/WhatsApp-Image-2024-01-15-at-10.14.38-AM-200x296.jpeg",200,296,true],"woocommerce_single":["https:\/\/editora.uea.edu.br\/wp-content\/uploads\/2024\/01\/WhatsApp-Image-2024-01-15-at-10.14.38-AM-200x290.jpeg",200,290,true],"woocommerce_gallery_thumbnail":["https:\/\/editora.uea.edu.br\/wp-content\/uploads\/2024\/01\/WhatsApp-Image-2024-01-15-at-10.14.38-AM-100x100.jpeg",100,100,true]},"uagb_author_info":{"display_name":"editora","author_link":"https:\/\/editora.uea.edu.br\/?author=0"},"uagb_comment_info":0,"uagb_excerpt":"A obra re\u00fane dezenove textos surgidos a partir do II encontro do Grupo de Estudos Lingu\u00edsticos e Liter\u00e1rios da Regi\u00e3o Norte (GELLNORTE). O leitor ir\u00e1 se deparar com tr\u00eas eixos tem\u00e1ticos: o primeiro diz respeito ao estudo de l\u00ednguas, o segundo apresenta trabalhos sobre ensino e forma\u00e7\u00e3o de professores, e o \u00faltimo traz artigos sobre&hellip;","_links":{"self":[{"href":"https:\/\/editora.uea.edu.br\/index.php?rest_route=\/wp\/v2\/product\/890"}],"collection":[{"href":"https:\/\/editora.uea.edu.br\/index.php?rest_route=\/wp\/v2\/product"}],"about":[{"href":"https:\/\/editora.uea.edu.br\/index.php?rest_route=\/wp\/v2\/types\/product"}],"replies":[{"embeddable":true,"href":"https:\/\/editora.uea.edu.br\/index.php?rest_route=%2Fwp%2Fv2%2Fcomments&post=890"}],"wp:featuredmedia":[{"embeddable":true,"href":"https:\/\/editora.uea.edu.br\/index.php?rest_route=\/wp\/v2\/media\/891"}],"wp:attachment":[{"href":"https:\/\/editora.uea.edu.br\/index.php?rest_route=%2Fwp%2Fv2%2Fmedia&parent=890"}],"wp:term":[{"taxonomy":"product_cat","embeddable":true,"href":"https:\/\/editora.uea.edu.br\/index.php?rest_route=%2Fwp%2Fv2%2Fproduct_cat&post=890"},{"taxonomy":"product_tag","embeddable":true,"href":"https:\/\/editora.uea.edu.br\/index.php?rest_route=%2Fwp%2Fv2%2Fproduct_tag&post=890"}],"curies":[{"name":"wp","href":"https:\/\/api.w.org\/{rel}","templated":true}]}}