{"id":879,"date":"2023-11-06T00:00:43","date_gmt":"2023-11-06T04:00:43","guid":{"rendered":"https:\/\/editora.uea.edu.br\/?post_type=product&#038;p=879"},"modified":"2025-07-23T13:03:58","modified_gmt":"2025-07-23T17:03:58","slug":"analise-em-discurso-semiotica-e-multimodalidade","status":"publish","type":"product","link":"https:\/\/editora.uea.edu.br\/?product=analise-em-discurso-semiotica-e-multimodalidade","title":{"rendered":"An\u00e1lise em discurso: semi\u00f3tica e multimodalidade"},"content":{"rendered":"<p><em>An\u00e1lise em discurso<\/em> \u00e9 uma reuni\u00e3o de textos de pesquisadores de \u00e1reas afins que visam oferecer ao leitor uma reflex\u00e3o sobre a paisagem lingu\u00edstica atual a partir da semi\u00f3tica e da multimodalidade.<\/p>\n<p>&nbsp;<\/p>\n<p><strong>Como citar<\/strong>:<br \/>\nSOARES, N. M. M. (org.). <em>An\u00e1lise em discurso<\/em>: semi\u00f3tica e multimodalidade. Manaus: UEA Edi\u00e7\u00f5es, 2017.<\/p>\n","protected":false},"excerpt":{"rendered":"<p>An\u00e1lise em discurso \u00e9 uma reuni\u00e3o de textos de pesquisadores de \u00e1reas afins que visam oferecer ao leitor uma reflex\u00e3o sobre a paisagem lingu\u00edstica atual a partir da semi\u00f3tica e da multimodalidade. &nbsp; Como citar: SOARES, N. M. M. (org.). An\u00e1lise em discurso: semi\u00f3tica e multimodalidade. Manaus: UEA Edi\u00e7\u00f5es, 2017.<\/p>\n","protected":false},"featured_media":880,"comment_status":"open","ping_status":"closed","template":"","meta":{"om_disable_all_campaigns":false,"_uag_custom_page_level_css":"","_monsterinsights_skip_tracking":false,"_monsterinsights_sitenote_active":false,"_monsterinsights_sitenote_note":"","_monsterinsights_sitenote_category":0,"site-sidebar-layout":"default","site-content-layout":"","ast-site-content-layout":"default","site-content-style":"default","site-sidebar-style":"default","ast-global-header-display":"","ast-banner-title-visibility":"","ast-main-header-display":"","ast-hfb-above-header-display":"","ast-hfb-below-header-display":"","ast-hfb-mobile-header-display":"","site-post-title":"","ast-breadcrumbs-content":"","ast-featured-img":"","footer-sml-layout":"","theme-transparent-header-meta":"default","adv-header-id-meta":"","stick-header-meta":"","header-above-stick-meta":"","header-main-stick-meta":"","header-below-stick-meta":"","astra-migrate-meta-layouts":"set","ast-page-background-enabled":"default","ast-page-background-meta":{"desktop":{"background-color":"var(--ast-global-color-4)","background-image":"","background-repeat":"repeat","background-position":"center center","background-size":"auto","background-attachment":"scroll","background-type":"","background-media":"","overlay-type":"","overlay-color":"","overlay-gradient":""},"tablet":{"background-color":"","background-image":"","background-repeat":"repeat","background-position":"center center","background-size":"auto","background-attachment":"scroll","background-type":"","background-media":"","overlay-type":"","overlay-color":"","overlay-gradient":""},"mobile":{"background-color":"","background-image":"","background-repeat":"repeat","background-position":"center center","background-size":"auto","background-attachment":"scroll","background-type":"","background-media":"","overlay-type":"","overlay-color":"","overlay-gradient":""}},"ast-content-background-meta":{"desktop":{"background-color":"var(--ast-global-color-5)","background-image":"","background-repeat":"repeat","background-position":"center center","background-size":"auto","background-attachment":"scroll","background-type":"","background-media":"","overlay-type":"","overlay-color":"","overlay-gradient":""},"tablet":{"background-color":"var(--ast-global-color-5)","background-image":"","background-repeat":"repeat","background-position":"center center","background-size":"auto","background-attachment":"scroll","background-type":"","background-media":"","overlay-type":"","overlay-color":"","overlay-gradient":""},"mobile":{"background-color":"var(--ast-global-color-5)","background-image":"","background-repeat":"repeat","background-position":"center center","background-size":"auto","background-attachment":"scroll","background-type":"","background-media":"","overlay-type":"","overlay-color":"","overlay-gradient":""}},"_themeisle_gutenberg_block_has_review":false},"product_cat":[182,225,32,309],"product_tag":[310],"aioseo_notices":[],"uagb_featured_image_src":{"full":["https:\/\/editora.uea.edu.br\/wp-content\/uploads\/2024\/01\/WhatsApp-Image-2024-01-15-at-9.39.01-AM.jpeg",650,963,false],"thumbnail":["https:\/\/editora.uea.edu.br\/wp-content\/uploads\/2024\/01\/WhatsApp-Image-2024-01-15-at-9.39.01-AM-150x150.jpeg",150,150,true],"medium":["https:\/\/editora.uea.edu.br\/wp-content\/uploads\/2024\/01\/WhatsApp-Image-2024-01-15-at-9.39.01-AM-202x300.jpeg",202,300,true],"medium_large":["https:\/\/editora.uea.edu.br\/wp-content\/uploads\/2024\/01\/WhatsApp-Image-2024-01-15-at-9.39.01-AM.jpeg",650,963,false],"large":["https:\/\/editora.uea.edu.br\/wp-content\/uploads\/2024\/01\/WhatsApp-Image-2024-01-15-at-9.39.01-AM.jpeg",540,800,false],"1536x1536":["https:\/\/editora.uea.edu.br\/wp-content\/uploads\/2024\/01\/WhatsApp-Image-2024-01-15-at-9.39.01-AM.jpeg",650,963,false],"2048x2048":["https:\/\/editora.uea.edu.br\/wp-content\/uploads\/2024\/01\/WhatsApp-Image-2024-01-15-at-9.39.01-AM.jpeg",650,963,false],"codesigner-thumb":["https:\/\/editora.uea.edu.br\/wp-content\/uploads\/2024\/01\/WhatsApp-Image-2024-01-15-at-9.39.01-AM-400x400.jpeg",400,400,true],"woocommerce_thumbnail":["https:\/\/editora.uea.edu.br\/wp-content\/uploads\/2024\/01\/WhatsApp-Image-2024-01-15-at-9.39.01-AM-200x296.jpeg",200,296,true],"woocommerce_single":["https:\/\/editora.uea.edu.br\/wp-content\/uploads\/2024\/01\/WhatsApp-Image-2024-01-15-at-9.39.01-AM-200x296.jpeg",200,296,true],"woocommerce_gallery_thumbnail":["https:\/\/editora.uea.edu.br\/wp-content\/uploads\/2024\/01\/WhatsApp-Image-2024-01-15-at-9.39.01-AM-100x100.jpeg",100,100,true]},"uagb_author_info":{"display_name":"editora","author_link":"https:\/\/editora.uea.edu.br\/?author=0"},"uagb_comment_info":0,"uagb_excerpt":"An\u00e1lise em discurso \u00e9 uma reuni\u00e3o de textos de pesquisadores de \u00e1reas afins que visam oferecer ao leitor uma reflex\u00e3o sobre a paisagem lingu\u00edstica atual a partir da semi\u00f3tica e da multimodalidade. &nbsp; Como citar: SOARES, N. M. M. (org.). An\u00e1lise em discurso: semi\u00f3tica e multimodalidade. Manaus: UEA Edi\u00e7\u00f5es, 2017.","_links":{"self":[{"href":"https:\/\/editora.uea.edu.br\/index.php?rest_route=\/wp\/v2\/product\/879"}],"collection":[{"href":"https:\/\/editora.uea.edu.br\/index.php?rest_route=\/wp\/v2\/product"}],"about":[{"href":"https:\/\/editora.uea.edu.br\/index.php?rest_route=\/wp\/v2\/types\/product"}],"replies":[{"embeddable":true,"href":"https:\/\/editora.uea.edu.br\/index.php?rest_route=%2Fwp%2Fv2%2Fcomments&post=879"}],"wp:featuredmedia":[{"embeddable":true,"href":"https:\/\/editora.uea.edu.br\/index.php?rest_route=\/wp\/v2\/media\/880"}],"wp:attachment":[{"href":"https:\/\/editora.uea.edu.br\/index.php?rest_route=%2Fwp%2Fv2%2Fmedia&parent=879"}],"wp:term":[{"taxonomy":"product_cat","embeddable":true,"href":"https:\/\/editora.uea.edu.br\/index.php?rest_route=%2Fwp%2Fv2%2Fproduct_cat&post=879"},{"taxonomy":"product_tag","embeddable":true,"href":"https:\/\/editora.uea.edu.br\/index.php?rest_route=%2Fwp%2Fv2%2Fproduct_tag&post=879"}],"curies":[{"name":"wp","href":"https:\/\/api.w.org\/{rel}","templated":true}]}}