{"id":847,"date":"2023-11-04T01:09:53","date_gmt":"2023-11-04T05:09:53","guid":{"rendered":"https:\/\/editora.uea.edu.br\/?post_type=product&#038;p=847"},"modified":"2025-07-23T09:11:34","modified_gmt":"2025-07-23T13:11:34","slug":"redes-opticas-estrategias-de-sobrevivencia-a-falhas","status":"publish","type":"product","link":"https:\/\/editora.uea.edu.br\/?product=redes-opticas-estrategias-de-sobrevivencia-a-falhas","title":{"rendered":"Redes \u00f3pticas: estrat\u00e9gias de sobreviv\u00eancia a falhas"},"content":{"rendered":"<p>A obra busca contribuir com a \u00e1rea de sobreviv\u00eancia a falhas em redes \u00f3pticas. Assim, novas estrat\u00e9gias reativas e proativas de reestabelecimento de chamadas s\u00e3o propostas. Al\u00e9m disso, investiga o impacto das novas propostas no desempenho das redes \u00f3pticas, bem como realiza a compara\u00e7\u00e3o com outros algoritmos conhecidos da literatura.<\/p>\n<p>&nbsp;<\/p>\n<p><strong>Como citar<\/strong>:<br \/>\nFREITAS, R. C.; MARTINS FILHO, J. F.; BASTOS FILHO, C. J. A. <em>Redes \u00f3pticas<\/em>: estrat\u00e9gias de sobreviv\u00eancia a falhas. Manaus: UEA Edi\u00e7\u00f5es, 2015.<\/p>\n","protected":false},"excerpt":{"rendered":"<p>A obra busca contribuir com a \u00e1rea de sobreviv\u00eancia a falhas em redes \u00f3pticas. Assim, novas estrat\u00e9gias reativas e proativas de reestabelecimento de chamadas s\u00e3o propostas. Al\u00e9m disso, investiga o impacto das novas propostas no desempenho das redes \u00f3pticas, bem como realiza a compara\u00e7\u00e3o com outros algoritmos conhecidos da literatura. &nbsp; Como citar: FREITAS, R. [&hellip;]<\/p>\n","protected":false},"featured_media":849,"comment_status":"open","ping_status":"closed","template":"","meta":{"om_disable_all_campaigns":false,"_uag_custom_page_level_css":"","_monsterinsights_skip_tracking":false,"_monsterinsights_sitenote_active":false,"_monsterinsights_sitenote_note":"","_monsterinsights_sitenote_category":0,"site-sidebar-layout":"default","site-content-layout":"","ast-site-content-layout":"default","site-content-style":"default","site-sidebar-style":"default","ast-global-header-display":"","ast-banner-title-visibility":"","ast-main-header-display":"","ast-hfb-above-header-display":"","ast-hfb-below-header-display":"","ast-hfb-mobile-header-display":"","site-post-title":"","ast-breadcrumbs-content":"","ast-featured-img":"","footer-sml-layout":"","theme-transparent-header-meta":"default","adv-header-id-meta":"","stick-header-meta":"","header-above-stick-meta":"","header-main-stick-meta":"","header-below-stick-meta":"","astra-migrate-meta-layouts":"set","ast-page-background-enabled":"default","ast-page-background-meta":{"desktop":{"background-color":"var(--ast-global-color-4)","background-image":"","background-repeat":"repeat","background-position":"center center","background-size":"auto","background-attachment":"scroll","background-type":"","background-media":"","overlay-type":"","overlay-color":"","overlay-gradient":""},"tablet":{"background-color":"","background-image":"","background-repeat":"repeat","background-position":"center center","background-size":"auto","background-attachment":"scroll","background-type":"","background-media":"","overlay-type":"","overlay-color":"","overlay-gradient":""},"mobile":{"background-color":"","background-image":"","background-repeat":"repeat","background-position":"center center","background-size":"auto","background-attachment":"scroll","background-type":"","background-media":"","overlay-type":"","overlay-color":"","overlay-gradient":""}},"ast-content-background-meta":{"desktop":{"background-color":"var(--ast-global-color-5)","background-image":"","background-repeat":"repeat","background-position":"center center","background-size":"auto","background-attachment":"scroll","background-type":"","background-media":"","overlay-type":"","overlay-color":"","overlay-gradient":""},"tablet":{"background-color":"var(--ast-global-color-5)","background-image":"","background-repeat":"repeat","background-position":"center center","background-size":"auto","background-attachment":"scroll","background-type":"","background-media":"","overlay-type":"","overlay-color":"","overlay-gradient":""},"mobile":{"background-color":"var(--ast-global-color-5)","background-image":"","background-repeat":"repeat","background-position":"center center","background-size":"auto","background-attachment":"scroll","background-type":"","background-media":"","overlay-type":"","overlay-color":"","overlay-gradient":""}},"_themeisle_gutenberg_block_has_review":false},"product_cat":[229,53],"product_tag":[292,291,290],"aioseo_notices":[],"uagb_featured_image_src":{"full":["https:\/\/editora.uea.edu.br\/wp-content\/uploads\/2024\/01\/WhatsApp-Image-2024-01-12-at-10.53.03.jpeg",650,961,false],"thumbnail":["https:\/\/editora.uea.edu.br\/wp-content\/uploads\/2024\/01\/WhatsApp-Image-2024-01-12-at-10.53.03-150x150.jpeg",150,150,true],"medium":["https:\/\/editora.uea.edu.br\/wp-content\/uploads\/2024\/01\/WhatsApp-Image-2024-01-12-at-10.53.03-203x300.jpeg",203,300,true],"medium_large":["https:\/\/editora.uea.edu.br\/wp-content\/uploads\/2024\/01\/WhatsApp-Image-2024-01-12-at-10.53.03.jpeg",650,961,false],"large":["https:\/\/editora.uea.edu.br\/wp-content\/uploads\/2024\/01\/WhatsApp-Image-2024-01-12-at-10.53.03.jpeg",541,800,false],"1536x1536":["https:\/\/editora.uea.edu.br\/wp-content\/uploads\/2024\/01\/WhatsApp-Image-2024-01-12-at-10.53.03.jpeg",650,961,false],"2048x2048":["https:\/\/editora.uea.edu.br\/wp-content\/uploads\/2024\/01\/WhatsApp-Image-2024-01-12-at-10.53.03.jpeg",650,961,false],"codesigner-thumb":["https:\/\/editora.uea.edu.br\/wp-content\/uploads\/2024\/01\/WhatsApp-Image-2024-01-12-at-10.53.03-400x400.jpeg",400,400,true],"woocommerce_thumbnail":["https:\/\/editora.uea.edu.br\/wp-content\/uploads\/2024\/01\/WhatsApp-Image-2024-01-12-at-10.53.03-200x296.jpeg",200,296,true],"woocommerce_single":["https:\/\/editora.uea.edu.br\/wp-content\/uploads\/2024\/01\/WhatsApp-Image-2024-01-12-at-10.53.03-200x296.jpeg",200,296,true],"woocommerce_gallery_thumbnail":["https:\/\/editora.uea.edu.br\/wp-content\/uploads\/2024\/01\/WhatsApp-Image-2024-01-12-at-10.53.03-100x100.jpeg",100,100,true]},"uagb_author_info":{"display_name":"editora","author_link":"https:\/\/editora.uea.edu.br\/?author=0"},"uagb_comment_info":0,"uagb_excerpt":"A obra busca contribuir com a \u00e1rea de sobreviv\u00eancia a falhas em redes \u00f3pticas. Assim, novas estrat\u00e9gias reativas e proativas de reestabelecimento de chamadas s\u00e3o propostas. Al\u00e9m disso, investiga o impacto das novas propostas no desempenho das redes \u00f3pticas, bem como realiza a compara\u00e7\u00e3o com outros algoritmos conhecidos da literatura. &nbsp; Como citar: FREITAS, R.&hellip;","_links":{"self":[{"href":"https:\/\/editora.uea.edu.br\/index.php?rest_route=\/wp\/v2\/product\/847"}],"collection":[{"href":"https:\/\/editora.uea.edu.br\/index.php?rest_route=\/wp\/v2\/product"}],"about":[{"href":"https:\/\/editora.uea.edu.br\/index.php?rest_route=\/wp\/v2\/types\/product"}],"replies":[{"embeddable":true,"href":"https:\/\/editora.uea.edu.br\/index.php?rest_route=%2Fwp%2Fv2%2Fcomments&post=847"}],"wp:featuredmedia":[{"embeddable":true,"href":"https:\/\/editora.uea.edu.br\/index.php?rest_route=\/wp\/v2\/media\/849"}],"wp:attachment":[{"href":"https:\/\/editora.uea.edu.br\/index.php?rest_route=%2Fwp%2Fv2%2Fmedia&parent=847"}],"wp:term":[{"taxonomy":"product_cat","embeddable":true,"href":"https:\/\/editora.uea.edu.br\/index.php?rest_route=%2Fwp%2Fv2%2Fproduct_cat&post=847"},{"taxonomy":"product_tag","embeddable":true,"href":"https:\/\/editora.uea.edu.br\/index.php?rest_route=%2Fwp%2Fv2%2Fproduct_tag&post=847"}],"curies":[{"name":"wp","href":"https:\/\/api.w.org\/{rel}","templated":true}]}}