{"id":819,"date":"2023-11-04T01:02:01","date_gmt":"2023-11-04T05:02:01","guid":{"rendered":"https:\/\/editora.uea.edu.br\/?post_type=product&#038;p=819"},"modified":"2025-07-24T14:00:31","modified_gmt":"2025-07-24T18:00:31","slug":"ao-longo-da-ribeira-estudos-de-literatura-portuguesa-2000-2010","status":"publish","type":"product","link":"https:\/\/editora.uea.edu.br\/?product=ao-longo-da-ribeira-estudos-de-literatura-portuguesa-2000-2010","title":{"rendered":"Ao longo da ribeira: estudos de literatura portuguesa (2000-2010)"},"content":{"rendered":"<p>A obra, em vers\u00e3o impressa, re\u00fane artigos cient\u00edficos escritos sobre a Literatura Portuguesa dos s\u00e9culos XVI e XX \u2013 in\u00e9ditos em volume, embora escritos e publicados durante cerca de uma d\u00e9cada (2000-2010) \u2013 todos revisados para a presente edi\u00e7\u00e3o. O t\u00edtulo <em>Ao longo da ribeira<\/em> remete diretamente ao incipit do poema de Bernardim Ribeiro, como meton\u00edmia \u00e0 literatura pesquisada.<\/p>\n<p>&nbsp;<\/p>\n<p><strong>Como citar<\/strong>:<br \/>\nMATOS, M. <em>Ao longo da ribeira<\/em>: estudos de literatura portuguesa (2000-2010). Manaus: UEA Edi\u00e7\u00f5es, 2015.<\/p>\n","protected":false},"excerpt":{"rendered":"<p>A obra, em vers\u00e3o impressa, re\u00fane artigos cient\u00edficos escritos sobre a Literatura Portuguesa dos s\u00e9culos XVI e XX \u2013 in\u00e9ditos em volume, embora escritos e publicados durante cerca de uma d\u00e9cada (2000-2010) \u2013 todos revisados para a presente edi\u00e7\u00e3o. O t\u00edtulo Ao longo da ribeira remete diretamente ao incipit do poema de Bernardim Ribeiro, como [&hellip;]<\/p>\n","protected":false},"featured_media":820,"comment_status":"open","ping_status":"closed","template":"","meta":{"om_disable_all_campaigns":false,"_uag_custom_page_level_css":"","_monsterinsights_skip_tracking":false,"_monsterinsights_sitenote_active":false,"_monsterinsights_sitenote_note":"","_monsterinsights_sitenote_category":0,"site-sidebar-layout":"default","site-content-layout":"","ast-site-content-layout":"default","site-content-style":"default","site-sidebar-style":"default","ast-global-header-display":"","ast-banner-title-visibility":"","ast-main-header-display":"","ast-hfb-above-header-display":"","ast-hfb-below-header-display":"","ast-hfb-mobile-header-display":"","site-post-title":"","ast-breadcrumbs-content":"","ast-featured-img":"","footer-sml-layout":"","theme-transparent-header-meta":"default","adv-header-id-meta":"","stick-header-meta":"","header-above-stick-meta":"","header-main-stick-meta":"","header-below-stick-meta":"","astra-migrate-meta-layouts":"set","ast-page-background-enabled":"default","ast-page-background-meta":{"desktop":{"background-color":"var(--ast-global-color-4)","background-image":"","background-repeat":"repeat","background-position":"center center","background-size":"auto","background-attachment":"scroll","background-type":"","background-media":"","overlay-type":"","overlay-color":"","overlay-gradient":""},"tablet":{"background-color":"","background-image":"","background-repeat":"repeat","background-position":"center center","background-size":"auto","background-attachment":"scroll","background-type":"","background-media":"","overlay-type":"","overlay-color":"","overlay-gradient":""},"mobile":{"background-color":"","background-image":"","background-repeat":"repeat","background-position":"center center","background-size":"auto","background-attachment":"scroll","background-type":"","background-media":"","overlay-type":"","overlay-color":"","overlay-gradient":""}},"ast-content-background-meta":{"desktop":{"background-color":"var(--ast-global-color-5)","background-image":"","background-repeat":"repeat","background-position":"center center","background-size":"auto","background-attachment":"scroll","background-type":"","background-media":"","overlay-type":"","overlay-color":"","overlay-gradient":""},"tablet":{"background-color":"var(--ast-global-color-5)","background-image":"","background-repeat":"repeat","background-position":"center center","background-size":"auto","background-attachment":"scroll","background-type":"","background-media":"","overlay-type":"","overlay-color":"","overlay-gradient":""},"mobile":{"background-color":"var(--ast-global-color-5)","background-image":"","background-repeat":"repeat","background-position":"center center","background-size":"auto","background-attachment":"scroll","background-type":"","background-media":"","overlay-type":"","overlay-color":"","overlay-gradient":""}},"_themeisle_gutenberg_block_has_review":false},"product_cat":[20,23],"product_tag":[239],"aioseo_notices":[],"uagb_featured_image_src":{"full":["https:\/\/editora.uea.edu.br\/wp-content\/uploads\/2024\/01\/WhatsApp-Image-2024-01-12-at-09.19.16.jpeg",650,955,false],"thumbnail":["https:\/\/editora.uea.edu.br\/wp-content\/uploads\/2024\/01\/WhatsApp-Image-2024-01-12-at-09.19.16-150x150.jpeg",150,150,true],"medium":["https:\/\/editora.uea.edu.br\/wp-content\/uploads\/2024\/01\/WhatsApp-Image-2024-01-12-at-09.19.16-204x300.jpeg",204,300,true],"medium_large":["https:\/\/editora.uea.edu.br\/wp-content\/uploads\/2024\/01\/WhatsApp-Image-2024-01-12-at-09.19.16.jpeg",650,955,false],"large":["https:\/\/editora.uea.edu.br\/wp-content\/uploads\/2024\/01\/WhatsApp-Image-2024-01-12-at-09.19.16.jpeg",545,800,false],"1536x1536":["https:\/\/editora.uea.edu.br\/wp-content\/uploads\/2024\/01\/WhatsApp-Image-2024-01-12-at-09.19.16.jpeg",650,955,false],"2048x2048":["https:\/\/editora.uea.edu.br\/wp-content\/uploads\/2024\/01\/WhatsApp-Image-2024-01-12-at-09.19.16.jpeg",650,955,false],"codesigner-thumb":["https:\/\/editora.uea.edu.br\/wp-content\/uploads\/2024\/01\/WhatsApp-Image-2024-01-12-at-09.19.16-400x400.jpeg",400,400,true],"woocommerce_thumbnail":["https:\/\/editora.uea.edu.br\/wp-content\/uploads\/2024\/01\/WhatsApp-Image-2024-01-12-at-09.19.16-200x296.jpeg",200,296,true],"woocommerce_single":["https:\/\/editora.uea.edu.br\/wp-content\/uploads\/2024\/01\/WhatsApp-Image-2024-01-12-at-09.19.16-200x294.jpeg",200,294,true],"woocommerce_gallery_thumbnail":["https:\/\/editora.uea.edu.br\/wp-content\/uploads\/2024\/01\/WhatsApp-Image-2024-01-12-at-09.19.16-100x100.jpeg",100,100,true]},"uagb_author_info":{"display_name":"editora","author_link":"https:\/\/editora.uea.edu.br\/?author=0"},"uagb_comment_info":0,"uagb_excerpt":"A obra, em vers\u00e3o impressa, re\u00fane artigos cient\u00edficos escritos sobre a Literatura Portuguesa dos s\u00e9culos XVI e XX \u2013 in\u00e9ditos em volume, embora escritos e publicados durante cerca de uma d\u00e9cada (2000-2010) \u2013 todos revisados para a presente edi\u00e7\u00e3o. O t\u00edtulo Ao longo da ribeira remete diretamente ao incipit do poema de Bernardim Ribeiro, como&hellip;","_links":{"self":[{"href":"https:\/\/editora.uea.edu.br\/index.php?rest_route=\/wp\/v2\/product\/819"}],"collection":[{"href":"https:\/\/editora.uea.edu.br\/index.php?rest_route=\/wp\/v2\/product"}],"about":[{"href":"https:\/\/editora.uea.edu.br\/index.php?rest_route=\/wp\/v2\/types\/product"}],"replies":[{"embeddable":true,"href":"https:\/\/editora.uea.edu.br\/index.php?rest_route=%2Fwp%2Fv2%2Fcomments&post=819"}],"wp:featuredmedia":[{"embeddable":true,"href":"https:\/\/editora.uea.edu.br\/index.php?rest_route=\/wp\/v2\/media\/820"}],"wp:attachment":[{"href":"https:\/\/editora.uea.edu.br\/index.php?rest_route=%2Fwp%2Fv2%2Fmedia&parent=819"}],"wp:term":[{"taxonomy":"product_cat","embeddable":true,"href":"https:\/\/editora.uea.edu.br\/index.php?rest_route=%2Fwp%2Fv2%2Fproduct_cat&post=819"},{"taxonomy":"product_tag","embeddable":true,"href":"https:\/\/editora.uea.edu.br\/index.php?rest_route=%2Fwp%2Fv2%2Fproduct_tag&post=819"}],"curies":[{"name":"wp","href":"https:\/\/api.w.org\/{rel}","templated":true}]}}