{"id":817,"date":"2023-11-04T01:11:55","date_gmt":"2023-11-04T05:11:55","guid":{"rendered":"https:\/\/editora.uea.edu.br\/?post_type=product&#038;p=817"},"modified":"2025-07-23T14:44:42","modified_gmt":"2025-07-23T18:44:42","slug":"alfabetizacao-ecologica-em-espacos-educativos-utilizando-o-tema-da-agua","status":"publish","type":"product","link":"https:\/\/editora.uea.edu.br\/?product=alfabetizacao-ecologica-em-espacos-educativos-utilizando-o-tema-da-agua","title":{"rendered":"Alfabetiza\u00e7\u00e3o ecol\u00f3gica em espa\u00e7os educativos utilizando o tema da \u00e1gua"},"content":{"rendered":"<p>A partir de uma vis\u00e3o educativa e pedag\u00f3gica, a obra aponta lugares fora da sala de aula capazes de despertar interesse dos estudantes pelos recursos h\u00eddricos e contribuir para a sua alfabetiza\u00e7\u00e3o ecol\u00f3gica.<\/p>\n<p>&nbsp;<\/p>\n<p><strong>Como citar<\/strong>:<br \/>\nTER\u00c1N, A. F.; JACA\u00daNA, C. L. F. S. <em>Alfabetiza\u00e7\u00e3o <\/em><em>ecol\u00f3gica em espa\u00e7os educativos utilizando o tema da \u00e1gua<\/em>. Manaus: UEA Edi\u00e7\u00f5es, 2015.<\/p>\n","protected":false},"excerpt":{"rendered":"<p>A partir de uma vis\u00e3o educativa e pedag\u00f3gica, a obra aponta lugares fora da sala de aula capazes de despertar interesse dos estudantes pelos recursos h\u00eddricos e contribuir para a sua alfabetiza\u00e7\u00e3o ecol\u00f3gica. &nbsp; Como citar: TER\u00c1N, A. F.; JACA\u00daNA, C. L. F. S. Alfabetiza\u00e7\u00e3o ecol\u00f3gica em espa\u00e7os educativos utilizando o tema da \u00e1gua. Manaus: [&hellip;]<\/p>\n","protected":false},"featured_media":818,"comment_status":"open","ping_status":"closed","template":"","meta":{"om_disable_all_campaigns":false,"_uag_custom_page_level_css":"","_monsterinsights_skip_tracking":false,"_monsterinsights_sitenote_active":false,"_monsterinsights_sitenote_note":"","_monsterinsights_sitenote_category":0,"site-sidebar-layout":"default","site-content-layout":"","ast-site-content-layout":"default","site-content-style":"default","site-sidebar-style":"default","ast-global-header-display":"","ast-banner-title-visibility":"","ast-main-header-display":"","ast-hfb-above-header-display":"","ast-hfb-below-header-display":"","ast-hfb-mobile-header-display":"","site-post-title":"","ast-breadcrumbs-content":"","ast-featured-img":"","footer-sml-layout":"","theme-transparent-header-meta":"default","adv-header-id-meta":"","stick-header-meta":"","header-above-stick-meta":"","header-main-stick-meta":"","header-below-stick-meta":"","astra-migrate-meta-layouts":"set","ast-page-background-enabled":"default","ast-page-background-meta":{"desktop":{"background-color":"var(--ast-global-color-4)","background-image":"","background-repeat":"repeat","background-position":"center center","background-size":"auto","background-attachment":"scroll","background-type":"","background-media":"","overlay-type":"","overlay-color":"","overlay-gradient":""},"tablet":{"background-color":"","background-image":"","background-repeat":"repeat","background-position":"center center","background-size":"auto","background-attachment":"scroll","background-type":"","background-media":"","overlay-type":"","overlay-color":"","overlay-gradient":""},"mobile":{"background-color":"","background-image":"","background-repeat":"repeat","background-position":"center center","background-size":"auto","background-attachment":"scroll","background-type":"","background-media":"","overlay-type":"","overlay-color":"","overlay-gradient":""}},"ast-content-background-meta":{"desktop":{"background-color":"var(--ast-global-color-5)","background-image":"","background-repeat":"repeat","background-position":"center center","background-size":"auto","background-attachment":"scroll","background-type":"","background-media":"","overlay-type":"","overlay-color":"","overlay-gradient":""},"tablet":{"background-color":"var(--ast-global-color-5)","background-image":"","background-repeat":"repeat","background-position":"center center","background-size":"auto","background-attachment":"scroll","background-type":"","background-media":"","overlay-type":"","overlay-color":"","overlay-gradient":""},"mobile":{"background-color":"var(--ast-global-color-5)","background-image":"","background-repeat":"repeat","background-position":"center center","background-size":"auto","background-attachment":"scroll","background-type":"","background-media":"","overlay-type":"","overlay-color":"","overlay-gradient":""}},"_themeisle_gutenberg_block_has_review":false},"product_cat":[40,73,223,231,119],"product_tag":[262,282],"aioseo_notices":[],"uagb_featured_image_src":{"full":["https:\/\/editora.uea.edu.br\/wp-content\/uploads\/2024\/01\/WhatsApp-Image-2024-01-12-at-09.13.22.jpeg",650,963,false],"thumbnail":["https:\/\/editora.uea.edu.br\/wp-content\/uploads\/2024\/01\/WhatsApp-Image-2024-01-12-at-09.13.22-150x150.jpeg",150,150,true],"medium":["https:\/\/editora.uea.edu.br\/wp-content\/uploads\/2024\/01\/WhatsApp-Image-2024-01-12-at-09.13.22-202x300.jpeg",202,300,true],"medium_large":["https:\/\/editora.uea.edu.br\/wp-content\/uploads\/2024\/01\/WhatsApp-Image-2024-01-12-at-09.13.22.jpeg",650,963,false],"large":["https:\/\/editora.uea.edu.br\/wp-content\/uploads\/2024\/01\/WhatsApp-Image-2024-01-12-at-09.13.22.jpeg",540,800,false],"1536x1536":["https:\/\/editora.uea.edu.br\/wp-content\/uploads\/2024\/01\/WhatsApp-Image-2024-01-12-at-09.13.22.jpeg",650,963,false],"2048x2048":["https:\/\/editora.uea.edu.br\/wp-content\/uploads\/2024\/01\/WhatsApp-Image-2024-01-12-at-09.13.22.jpeg",650,963,false],"codesigner-thumb":["https:\/\/editora.uea.edu.br\/wp-content\/uploads\/2024\/01\/WhatsApp-Image-2024-01-12-at-09.13.22-400x400.jpeg",400,400,true],"woocommerce_thumbnail":["https:\/\/editora.uea.edu.br\/wp-content\/uploads\/2024\/01\/WhatsApp-Image-2024-01-12-at-09.13.22-200x296.jpeg",200,296,true],"woocommerce_single":["https:\/\/editora.uea.edu.br\/wp-content\/uploads\/2024\/01\/WhatsApp-Image-2024-01-12-at-09.13.22-200x296.jpeg",200,296,true],"woocommerce_gallery_thumbnail":["https:\/\/editora.uea.edu.br\/wp-content\/uploads\/2024\/01\/WhatsApp-Image-2024-01-12-at-09.13.22-100x100.jpeg",100,100,true]},"uagb_author_info":{"display_name":"editora","author_link":"https:\/\/editora.uea.edu.br\/?author=0"},"uagb_comment_info":0,"uagb_excerpt":"A partir de uma vis\u00e3o educativa e pedag\u00f3gica, a obra aponta lugares fora da sala de aula capazes de despertar interesse dos estudantes pelos recursos h\u00eddricos e contribuir para a sua alfabetiza\u00e7\u00e3o ecol\u00f3gica. &nbsp; Como citar: TER\u00c1N, A. F.; JACA\u00daNA, C. L. F. S. Alfabetiza\u00e7\u00e3o ecol\u00f3gica em espa\u00e7os educativos utilizando o tema da \u00e1gua. Manaus:&hellip;","_links":{"self":[{"href":"https:\/\/editora.uea.edu.br\/index.php?rest_route=\/wp\/v2\/product\/817"}],"collection":[{"href":"https:\/\/editora.uea.edu.br\/index.php?rest_route=\/wp\/v2\/product"}],"about":[{"href":"https:\/\/editora.uea.edu.br\/index.php?rest_route=\/wp\/v2\/types\/product"}],"replies":[{"embeddable":true,"href":"https:\/\/editora.uea.edu.br\/index.php?rest_route=%2Fwp%2Fv2%2Fcomments&post=817"}],"wp:featuredmedia":[{"embeddable":true,"href":"https:\/\/editora.uea.edu.br\/index.php?rest_route=\/wp\/v2\/media\/818"}],"wp:attachment":[{"href":"https:\/\/editora.uea.edu.br\/index.php?rest_route=%2Fwp%2Fv2%2Fmedia&parent=817"}],"wp:term":[{"taxonomy":"product_cat","embeddable":true,"href":"https:\/\/editora.uea.edu.br\/index.php?rest_route=%2Fwp%2Fv2%2Fproduct_cat&post=817"},{"taxonomy":"product_tag","embeddable":true,"href":"https:\/\/editora.uea.edu.br\/index.php?rest_route=%2Fwp%2Fv2%2Fproduct_tag&post=817"}],"curies":[{"name":"wp","href":"https:\/\/api.w.org\/{rel}","templated":true}]}}