{"id":799,"date":"2023-11-03T23:13:31","date_gmt":"2023-11-04T03:13:31","guid":{"rendered":"https:\/\/editora.uea.edu.br\/?post_type=product&#038;p=799"},"modified":"2025-07-24T13:44:58","modified_gmt":"2025-07-24T17:44:58","slug":"vidas-mutiladas-nos-espacos-da-hanseniase","status":"publish","type":"product","link":"https:\/\/editora.uea.edu.br\/?product=vidas-mutiladas-nos-espacos-da-hanseniase","title":{"rendered":"Vidas mutiladas nos espa\u00e7os da hansen\u00edase"},"content":{"rendered":"<p>O livro, em vers\u00e3o impressa, tenciona oferecer uma nova compreens\u00e3o da segrega\u00e7\u00e3o imposta aos hansenianos no s\u00e9culo XX, em que as separa\u00e7\u00f5es dos seus familiares impuseram o cerceamento social e a necessidade de estabelecimento de novos v\u00ednculos e redes.<\/p>\n<p>&nbsp;<\/p>\n<p><strong>Como citar<\/strong>:<br \/>\nRIBEIRO, M. N. S.; SUZUKI, J. C. <em>Vidas mutiladas nos espa\u00e7os da <\/em><em>hansen\u00edase<\/em>. Manaus: UEA Edi\u00e7\u00f5es, 2013.<\/p>\n","protected":false},"excerpt":{"rendered":"<p>O livro, em vers\u00e3o impressa, tenciona oferecer uma nova compreens\u00e3o da segrega\u00e7\u00e3o imposta aos hansenianos no s\u00e9culo XX, em que as separa\u00e7\u00f5es dos seus familiares impuseram o cerceamento social e a necessidade de estabelecimento de novos v\u00ednculos e redes. &nbsp; Como citar: RIBEIRO, M. N. S.; SUZUKI, J. C. Vidas mutiladas nos espa\u00e7os da hansen\u00edase. [&hellip;]<\/p>\n","protected":false},"featured_media":801,"comment_status":"open","ping_status":"closed","template":"","meta":{"om_disable_all_campaigns":false,"_uag_custom_page_level_css":"","_monsterinsights_skip_tracking":false,"_monsterinsights_sitenote_active":false,"_monsterinsights_sitenote_note":"","_monsterinsights_sitenote_category":0,"site-sidebar-layout":"default","site-content-layout":"","ast-site-content-layout":"default","site-content-style":"default","site-sidebar-style":"default","ast-global-header-display":"","ast-banner-title-visibility":"","ast-main-header-display":"","ast-hfb-above-header-display":"","ast-hfb-below-header-display":"","ast-hfb-mobile-header-display":"","site-post-title":"","ast-breadcrumbs-content":"","ast-featured-img":"","footer-sml-layout":"","theme-transparent-header-meta":"default","adv-header-id-meta":"","stick-header-meta":"","header-above-stick-meta":"","header-main-stick-meta":"","header-below-stick-meta":"","astra-migrate-meta-layouts":"set","ast-page-background-enabled":"default","ast-page-background-meta":{"desktop":{"background-color":"var(--ast-global-color-4)","background-image":"","background-repeat":"repeat","background-position":"center center","background-size":"auto","background-attachment":"scroll","background-type":"","background-media":"","overlay-type":"","overlay-color":"","overlay-gradient":""},"tablet":{"background-color":"","background-image":"","background-repeat":"repeat","background-position":"center center","background-size":"auto","background-attachment":"scroll","background-type":"","background-media":"","overlay-type":"","overlay-color":"","overlay-gradient":""},"mobile":{"background-color":"","background-image":"","background-repeat":"repeat","background-position":"center center","background-size":"auto","background-attachment":"scroll","background-type":"","background-media":"","overlay-type":"","overlay-color":"","overlay-gradient":""}},"ast-content-background-meta":{"desktop":{"background-color":"var(--ast-global-color-5)","background-image":"","background-repeat":"repeat","background-position":"center center","background-size":"auto","background-attachment":"scroll","background-type":"","background-media":"","overlay-type":"","overlay-color":"","overlay-gradient":""},"tablet":{"background-color":"var(--ast-global-color-5)","background-image":"","background-repeat":"repeat","background-position":"center center","background-size":"auto","background-attachment":"scroll","background-type":"","background-media":"","overlay-type":"","overlay-color":"","overlay-gradient":""},"mobile":{"background-color":"var(--ast-global-color-5)","background-image":"","background-repeat":"repeat","background-position":"center center","background-size":"auto","background-attachment":"scroll","background-type":"","background-media":"","overlay-type":"","overlay-color":"","overlay-gradient":""}},"_themeisle_gutenberg_block_has_review":false},"product_cat":[97,40,77,226],"product_tag":[274,273],"aioseo_notices":[],"uagb_featured_image_src":{"full":["https:\/\/editora.uea.edu.br\/wp-content\/uploads\/2024\/01\/WhatsApp-Image-2024-01-11-at-11.16.43-1.jpeg",650,1045,false],"thumbnail":["https:\/\/editora.uea.edu.br\/wp-content\/uploads\/2024\/01\/WhatsApp-Image-2024-01-11-at-11.16.43-1-150x150.jpeg",150,150,true],"medium":["https:\/\/editora.uea.edu.br\/wp-content\/uploads\/2024\/01\/WhatsApp-Image-2024-01-11-at-11.16.43-1-187x300.jpeg",187,300,true],"medium_large":["https:\/\/editora.uea.edu.br\/wp-content\/uploads\/2024\/01\/WhatsApp-Image-2024-01-11-at-11.16.43-1.jpeg",650,1045,false],"large":["https:\/\/editora.uea.edu.br\/wp-content\/uploads\/2024\/01\/WhatsApp-Image-2024-01-11-at-11.16.43-1-637x1024.jpeg",498,800,true],"1536x1536":["https:\/\/editora.uea.edu.br\/wp-content\/uploads\/2024\/01\/WhatsApp-Image-2024-01-11-at-11.16.43-1.jpeg",650,1045,false],"2048x2048":["https:\/\/editora.uea.edu.br\/wp-content\/uploads\/2024\/01\/WhatsApp-Image-2024-01-11-at-11.16.43-1.jpeg",650,1045,false],"codesigner-thumb":["https:\/\/editora.uea.edu.br\/wp-content\/uploads\/2024\/01\/WhatsApp-Image-2024-01-11-at-11.16.43-1-400x400.jpeg",400,400,true],"woocommerce_thumbnail":["https:\/\/editora.uea.edu.br\/wp-content\/uploads\/2024\/01\/WhatsApp-Image-2024-01-11-at-11.16.43-1-200x296.jpeg",200,296,true],"woocommerce_single":["https:\/\/editora.uea.edu.br\/wp-content\/uploads\/2024\/01\/WhatsApp-Image-2024-01-11-at-11.16.43-1-200x322.jpeg",200,322,true],"woocommerce_gallery_thumbnail":["https:\/\/editora.uea.edu.br\/wp-content\/uploads\/2024\/01\/WhatsApp-Image-2024-01-11-at-11.16.43-1-100x100.jpeg",100,100,true]},"uagb_author_info":{"display_name":"editora","author_link":"https:\/\/editora.uea.edu.br\/?author=0"},"uagb_comment_info":0,"uagb_excerpt":"O livro, em vers\u00e3o impressa, tenciona oferecer uma nova compreens\u00e3o da segrega\u00e7\u00e3o imposta aos hansenianos no s\u00e9culo XX, em que as separa\u00e7\u00f5es dos seus familiares impuseram o cerceamento social e a necessidade de estabelecimento de novos v\u00ednculos e redes. &nbsp; Como citar: RIBEIRO, M. N. S.; SUZUKI, J. C. Vidas mutiladas nos espa\u00e7os da hansen\u00edase.&hellip;","_links":{"self":[{"href":"https:\/\/editora.uea.edu.br\/index.php?rest_route=\/wp\/v2\/product\/799"}],"collection":[{"href":"https:\/\/editora.uea.edu.br\/index.php?rest_route=\/wp\/v2\/product"}],"about":[{"href":"https:\/\/editora.uea.edu.br\/index.php?rest_route=\/wp\/v2\/types\/product"}],"replies":[{"embeddable":true,"href":"https:\/\/editora.uea.edu.br\/index.php?rest_route=%2Fwp%2Fv2%2Fcomments&post=799"}],"wp:featuredmedia":[{"embeddable":true,"href":"https:\/\/editora.uea.edu.br\/index.php?rest_route=\/wp\/v2\/media\/801"}],"wp:attachment":[{"href":"https:\/\/editora.uea.edu.br\/index.php?rest_route=%2Fwp%2Fv2%2Fmedia&parent=799"}],"wp:term":[{"taxonomy":"product_cat","embeddable":true,"href":"https:\/\/editora.uea.edu.br\/index.php?rest_route=%2Fwp%2Fv2%2Fproduct_cat&post=799"},{"taxonomy":"product_tag","embeddable":true,"href":"https:\/\/editora.uea.edu.br\/index.php?rest_route=%2Fwp%2Fv2%2Fproduct_tag&post=799"}],"curies":[{"name":"wp","href":"https:\/\/api.w.org\/{rel}","templated":true}]}}