{"id":682,"date":"2023-11-03T23:01:02","date_gmt":"2023-11-04T03:01:02","guid":{"rendered":"https:\/\/editora.uea.edu.br\/?post_type=product&#038;p=682"},"modified":"2026-01-20T08:15:21","modified_gmt":"2026-01-20T12:15:21","slug":"a-didatica-da-fisica-dos-metodos-a-avaliacao-da-aprendizagem","status":"publish","type":"product","link":"https:\/\/editora.uea.edu.br\/?product=a-didatica-da-fisica-dos-metodos-a-avaliacao-da-aprendizagem","title":{"rendered":"A did\u00e1tica da f\u00edsica: dos m\u00e9todos \u00e0 avalia\u00e7\u00e3o da aprendizagem"},"content":{"rendered":"<p>Este livro, em vers\u00e3o impressa, aborda os problemas gerais relacionados ao ensino da F\u00edsica, bem como a otimiza\u00e7\u00e3o do processo de ensino e aprendizagem desse componente curricular.<\/p>\n<p>&nbsp;<\/p>\n<p><strong>Como citar<\/strong>:<br \/>\nKALHIL, J. D. B.; BATISTA, M. G. P.; RAM\u00cdREZ, I. R. <em>A did\u00e1tica da f\u00edsica<\/em>: dos m\u00e9todos \u00e0 avalia\u00e7\u00e3o da aprendizagem. Manaus: UEA Edi\u00e7\u00f5es, 2013.<\/p>\n","protected":false},"excerpt":{"rendered":"<p>Este livro, em vers\u00e3o impressa, aborda os problemas gerais relacionados ao ensino da F\u00edsica, bem como a otimiza\u00e7\u00e3o do processo de ensino e aprendizagem desse componente curricular. &nbsp; Como citar: KALHIL, J. D. B.; BATISTA, M. G. P.; RAM\u00cdREZ, I. R. A did\u00e1tica da f\u00edsica: dos m\u00e9todos \u00e0 avalia\u00e7\u00e3o da aprendizagem. Manaus: UEA Edi\u00e7\u00f5es, 2013.<\/p>\n","protected":false},"featured_media":683,"comment_status":"open","ping_status":"closed","template":"","meta":{"om_disable_all_campaigns":false,"_uag_custom_page_level_css":"","_monsterinsights_skip_tracking":false,"_monsterinsights_sitenote_active":false,"_monsterinsights_sitenote_note":"","_monsterinsights_sitenote_category":0,"site-sidebar-layout":"default","site-content-layout":"","ast-site-content-layout":"default","site-content-style":"default","site-sidebar-style":"default","ast-global-header-display":"","ast-banner-title-visibility":"","ast-main-header-display":"","ast-hfb-above-header-display":"","ast-hfb-below-header-display":"","ast-hfb-mobile-header-display":"","site-post-title":"","ast-breadcrumbs-content":"","ast-featured-img":"","footer-sml-layout":"","theme-transparent-header-meta":"default","adv-header-id-meta":"","stick-header-meta":"","header-above-stick-meta":"","header-main-stick-meta":"","header-below-stick-meta":"","astra-migrate-meta-layouts":"set","ast-page-background-enabled":"default","ast-page-background-meta":{"desktop":{"background-color":"var(--ast-global-color-4)","background-image":"","background-repeat":"repeat","background-position":"center center","background-size":"auto","background-attachment":"scroll","background-type":"","background-media":"","overlay-type":"","overlay-color":"","overlay-gradient":""},"tablet":{"background-color":"","background-image":"","background-repeat":"repeat","background-position":"center center","background-size":"auto","background-attachment":"scroll","background-type":"","background-media":"","overlay-type":"","overlay-color":"","overlay-gradient":""},"mobile":{"background-color":"","background-image":"","background-repeat":"repeat","background-position":"center center","background-size":"auto","background-attachment":"scroll","background-type":"","background-media":"","overlay-type":"","overlay-color":"","overlay-gradient":""}},"ast-content-background-meta":{"desktop":{"background-color":"var(--ast-global-color-5)","background-image":"","background-repeat":"repeat","background-position":"center center","background-size":"auto","background-attachment":"scroll","background-type":"","background-media":"","overlay-type":"","overlay-color":"","overlay-gradient":""},"tablet":{"background-color":"var(--ast-global-color-5)","background-image":"","background-repeat":"repeat","background-position":"center center","background-size":"auto","background-attachment":"scroll","background-type":"","background-media":"","overlay-type":"","overlay-color":"","overlay-gradient":""},"mobile":{"background-color":"var(--ast-global-color-5)","background-image":"","background-repeat":"repeat","background-position":"center center","background-size":"auto","background-attachment":"scroll","background-type":"","background-media":"","overlay-type":"","overlay-color":"","overlay-gradient":""}},"_themeisle_gutenberg_block_has_review":false},"product_cat":[53],"product_tag":[256,254,255],"aioseo_notices":[],"uagb_featured_image_src":{"full":["https:\/\/editora.uea.edu.br\/wp-content\/uploads\/2023\/11\/A-didatica-da-fisica.jpg",276,481,false],"thumbnail":["https:\/\/editora.uea.edu.br\/wp-content\/uploads\/2023\/11\/A-didatica-da-fisica-150x150.jpg",150,150,true],"medium":["https:\/\/editora.uea.edu.br\/wp-content\/uploads\/2023\/11\/A-didatica-da-fisica-172x300.jpg",172,300,true],"medium_large":["https:\/\/editora.uea.edu.br\/wp-content\/uploads\/2023\/11\/A-didatica-da-fisica.jpg",276,481,false],"large":["https:\/\/editora.uea.edu.br\/wp-content\/uploads\/2023\/11\/A-didatica-da-fisica.jpg",276,481,false],"1536x1536":["https:\/\/editora.uea.edu.br\/wp-content\/uploads\/2023\/11\/A-didatica-da-fisica.jpg",276,481,false],"2048x2048":["https:\/\/editora.uea.edu.br\/wp-content\/uploads\/2023\/11\/A-didatica-da-fisica.jpg",276,481,false],"codesigner-thumb":["https:\/\/editora.uea.edu.br\/wp-content\/uploads\/2023\/11\/A-didatica-da-fisica-276x400.jpg",276,400,true],"woocommerce_thumbnail":["https:\/\/editora.uea.edu.br\/wp-content\/uploads\/2023\/11\/A-didatica-da-fisica-200x296.jpg",200,296,true],"woocommerce_single":["https:\/\/editora.uea.edu.br\/wp-content\/uploads\/2023\/11\/A-didatica-da-fisica-200x349.jpg",200,349,true],"woocommerce_gallery_thumbnail":["https:\/\/editora.uea.edu.br\/wp-content\/uploads\/2023\/11\/A-didatica-da-fisica-100x100.jpg",100,100,true]},"uagb_author_info":{"display_name":"editora","author_link":"https:\/\/editora.uea.edu.br\/?author=0"},"uagb_comment_info":0,"uagb_excerpt":"Este livro, em vers\u00e3o impressa, aborda os problemas gerais relacionados ao ensino da F\u00edsica, bem como a otimiza\u00e7\u00e3o do processo de ensino e aprendizagem desse componente curricular. &nbsp; Como citar: KALHIL, J. D. B.; BATISTA, M. G. P.; RAM\u00cdREZ, I. R. A did\u00e1tica da f\u00edsica: dos m\u00e9todos \u00e0 avalia\u00e7\u00e3o da aprendizagem. Manaus: UEA Edi\u00e7\u00f5es, 2013.","_links":{"self":[{"href":"https:\/\/editora.uea.edu.br\/index.php?rest_route=\/wp\/v2\/product\/682"}],"collection":[{"href":"https:\/\/editora.uea.edu.br\/index.php?rest_route=\/wp\/v2\/product"}],"about":[{"href":"https:\/\/editora.uea.edu.br\/index.php?rest_route=\/wp\/v2\/types\/product"}],"replies":[{"embeddable":true,"href":"https:\/\/editora.uea.edu.br\/index.php?rest_route=%2Fwp%2Fv2%2Fcomments&post=682"}],"wp:featuredmedia":[{"embeddable":true,"href":"https:\/\/editora.uea.edu.br\/index.php?rest_route=\/wp\/v2\/media\/683"}],"wp:attachment":[{"href":"https:\/\/editora.uea.edu.br\/index.php?rest_route=%2Fwp%2Fv2%2Fmedia&parent=682"}],"wp:term":[{"taxonomy":"product_cat","embeddable":true,"href":"https:\/\/editora.uea.edu.br\/index.php?rest_route=%2Fwp%2Fv2%2Fproduct_cat&post=682"},{"taxonomy":"product_tag","embeddable":true,"href":"https:\/\/editora.uea.edu.br\/index.php?rest_route=%2Fwp%2Fv2%2Fproduct_tag&post=682"}],"curies":[{"name":"wp","href":"https:\/\/api.w.org\/{rel}","templated":true}]}}