{"id":661,"date":"2023-11-03T23:06:34","date_gmt":"2023-11-04T03:06:34","guid":{"rendered":"https:\/\/editora.uea.edu.br\/?post_type=product&#038;p=661"},"modified":"2025-07-24T13:23:43","modified_gmt":"2025-07-24T17:23:43","slug":"a-antitradicao-literaria-brasileira","status":"publish","type":"product","link":"https:\/\/editora.uea.edu.br\/?product=a-antitradicao-literaria-brasileira","title":{"rendered":"Antitradi\u00e7\u00e3o liter\u00e1ria brasileira"},"content":{"rendered":"<p>O livro, em vers\u00e3o impressa, problematiza a tradi\u00e7\u00e3o do humor e do riso no espa\u00e7o-tempo do agora e sempre na literatura brasileira. A quest\u00e3o implica no questionamento do lugar liter\u00e1rio de onde emana o riso brasileiro; a import\u00e2ncia das obras e autores dentro dessa tradi\u00e7\u00e3o; as cr\u00edticas de tais autores e obras; e, por \u00faltimo, o que constitui esse lugar.<\/p>\n<p>&nbsp;<\/p>\n<p><strong>Como citar<\/strong>:<br \/>\nMAIA, G. <em>Antitradi\u00e7\u00e3o liter\u00e1ria brasileira<\/em>. Manaus: UEA Edi\u00e7\u00f5es, 2013.<\/p>\n","protected":false},"excerpt":{"rendered":"<p>O livro, em vers\u00e3o impressa, problematiza a tradi\u00e7\u00e3o do humor e do riso no espa\u00e7o-tempo do agora e sempre na literatura brasileira. A quest\u00e3o implica no questionamento do lugar liter\u00e1rio de onde emana o riso brasileiro; a import\u00e2ncia das obras e autores dentro dessa tradi\u00e7\u00e3o; as cr\u00edticas de tais autores e obras; e, por \u00faltimo, [&hellip;]<\/p>\n","protected":false},"featured_media":676,"comment_status":"open","ping_status":"closed","template":"","meta":{"om_disable_all_campaigns":false,"_uag_custom_page_level_css":"","_monsterinsights_skip_tracking":false,"_monsterinsights_sitenote_active":false,"_monsterinsights_sitenote_note":"","_monsterinsights_sitenote_category":0,"site-sidebar-layout":"default","site-content-layout":"","ast-site-content-layout":"default","site-content-style":"default","site-sidebar-style":"default","ast-global-header-display":"","ast-banner-title-visibility":"","ast-main-header-display":"","ast-hfb-above-header-display":"","ast-hfb-below-header-display":"","ast-hfb-mobile-header-display":"","site-post-title":"","ast-breadcrumbs-content":"","ast-featured-img":"","footer-sml-layout":"","theme-transparent-header-meta":"default","adv-header-id-meta":"","stick-header-meta":"","header-above-stick-meta":"","header-main-stick-meta":"","header-below-stick-meta":"","astra-migrate-meta-layouts":"set","ast-page-background-enabled":"default","ast-page-background-meta":{"desktop":{"background-color":"var(--ast-global-color-4)","background-image":"","background-repeat":"repeat","background-position":"center center","background-size":"auto","background-attachment":"scroll","background-type":"","background-media":"","overlay-type":"","overlay-color":"","overlay-gradient":""},"tablet":{"background-color":"","background-image":"","background-repeat":"repeat","background-position":"center center","background-size":"auto","background-attachment":"scroll","background-type":"","background-media":"","overlay-type":"","overlay-color":"","overlay-gradient":""},"mobile":{"background-color":"","background-image":"","background-repeat":"repeat","background-position":"center center","background-size":"auto","background-attachment":"scroll","background-type":"","background-media":"","overlay-type":"","overlay-color":"","overlay-gradient":""}},"ast-content-background-meta":{"desktop":{"background-color":"var(--ast-global-color-5)","background-image":"","background-repeat":"repeat","background-position":"center center","background-size":"auto","background-attachment":"scroll","background-type":"","background-media":"","overlay-type":"","overlay-color":"","overlay-gradient":""},"tablet":{"background-color":"var(--ast-global-color-5)","background-image":"","background-repeat":"repeat","background-position":"center center","background-size":"auto","background-attachment":"scroll","background-type":"","background-media":"","overlay-type":"","overlay-color":"","overlay-gradient":""},"mobile":{"background-color":"var(--ast-global-color-5)","background-image":"","background-repeat":"repeat","background-position":"center center","background-size":"auto","background-attachment":"scroll","background-type":"","background-media":"","overlay-type":"","overlay-color":"","overlay-gradient":""}},"_themeisle_gutenberg_block_has_review":false},"product_cat":[230,20,49],"product_tag":[252],"aioseo_notices":[],"uagb_featured_image_src":{"full":["https:\/\/editora.uea.edu.br\/wp-content\/uploads\/2023\/11\/antitradicao-literaria.jpg",325,476,false],"thumbnail":["https:\/\/editora.uea.edu.br\/wp-content\/uploads\/2023\/11\/antitradicao-literaria-150x150.jpg",150,150,true],"medium":["https:\/\/editora.uea.edu.br\/wp-content\/uploads\/2023\/11\/antitradicao-literaria-205x300.jpg",205,300,true],"medium_large":["https:\/\/editora.uea.edu.br\/wp-content\/uploads\/2023\/11\/antitradicao-literaria.jpg",325,476,false],"large":["https:\/\/editora.uea.edu.br\/wp-content\/uploads\/2023\/11\/antitradicao-literaria.jpg",325,476,false],"1536x1536":["https:\/\/editora.uea.edu.br\/wp-content\/uploads\/2023\/11\/antitradicao-literaria.jpg",325,476,false],"2048x2048":["https:\/\/editora.uea.edu.br\/wp-content\/uploads\/2023\/11\/antitradicao-literaria.jpg",325,476,false],"codesigner-thumb":["https:\/\/editora.uea.edu.br\/wp-content\/uploads\/2023\/11\/antitradicao-literaria-325x400.jpg",325,400,true],"woocommerce_thumbnail":["https:\/\/editora.uea.edu.br\/wp-content\/uploads\/2023\/11\/antitradicao-literaria-200x296.jpg",200,296,true],"woocommerce_single":["https:\/\/editora.uea.edu.br\/wp-content\/uploads\/2023\/11\/antitradicao-literaria-200x293.jpg",200,293,true],"woocommerce_gallery_thumbnail":["https:\/\/editora.uea.edu.br\/wp-content\/uploads\/2023\/11\/antitradicao-literaria-100x100.jpg",100,100,true]},"uagb_author_info":{"display_name":"editora","author_link":"https:\/\/editora.uea.edu.br\/?author=0"},"uagb_comment_info":0,"uagb_excerpt":"O livro, em vers\u00e3o impressa, problematiza a tradi\u00e7\u00e3o do humor e do riso no espa\u00e7o-tempo do agora e sempre na literatura brasileira. A quest\u00e3o implica no questionamento do lugar liter\u00e1rio de onde emana o riso brasileiro; a import\u00e2ncia das obras e autores dentro dessa tradi\u00e7\u00e3o; as cr\u00edticas de tais autores e obras; e, por \u00faltimo,&hellip;","_links":{"self":[{"href":"https:\/\/editora.uea.edu.br\/index.php?rest_route=\/wp\/v2\/product\/661"}],"collection":[{"href":"https:\/\/editora.uea.edu.br\/index.php?rest_route=\/wp\/v2\/product"}],"about":[{"href":"https:\/\/editora.uea.edu.br\/index.php?rest_route=\/wp\/v2\/types\/product"}],"replies":[{"embeddable":true,"href":"https:\/\/editora.uea.edu.br\/index.php?rest_route=%2Fwp%2Fv2%2Fcomments&post=661"}],"wp:featuredmedia":[{"embeddable":true,"href":"https:\/\/editora.uea.edu.br\/index.php?rest_route=\/wp\/v2\/media\/676"}],"wp:attachment":[{"href":"https:\/\/editora.uea.edu.br\/index.php?rest_route=%2Fwp%2Fv2%2Fmedia&parent=661"}],"wp:term":[{"taxonomy":"product_cat","embeddable":true,"href":"https:\/\/editora.uea.edu.br\/index.php?rest_route=%2Fwp%2Fv2%2Fproduct_cat&post=661"},{"taxonomy":"product_tag","embeddable":true,"href":"https:\/\/editora.uea.edu.br\/index.php?rest_route=%2Fwp%2Fv2%2Fproduct_tag&post=661"}],"curies":[{"name":"wp","href":"https:\/\/api.w.org\/{rel}","templated":true}]}}