{"id":645,"date":"2023-11-03T23:04:48","date_gmt":"2023-11-04T03:04:48","guid":{"rendered":"https:\/\/editora.uea.edu.br\/?post_type=product&#038;p=645"},"modified":"2026-01-20T08:14:20","modified_gmt":"2026-01-20T12:14:20","slug":"a-literatura-africana-e-a-critica-pos-colonial-reconversoes","status":"publish","type":"product","link":"https:\/\/editora.uea.edu.br\/?product=a-literatura-africana-e-a-critica-pos-colonial-reconversoes","title":{"rendered":"A Literatura Africana e a cr\u00edtica p\u00f3s-colonial: reconvers\u00f5es"},"content":{"rendered":"<p>Esta colet\u00e2nea, em vers\u00e3o impressa, de ensaios \u00e9 o resultado de um processo de pesquisa que lida com o tema do p\u00f3s-colonialismo, a rela\u00e7\u00e3o entre literatura, hist\u00f3ria e sociedade e(m) contextos multiculturais, assim como a pesquisa sobre quest\u00f5es de ordem te\u00f3rica e metodol\u00f3gica no estudo da literatura africana.<\/p>\n<p>&nbsp;<\/p>\n<p><strong>Como citar<\/strong>:<br \/>\nMATA, I. <em>A literatura africana e a cr\u00edtica p\u00f3s-colonial<\/em>: reconvers\u00f5es. Manaus: UEA Edi\u00e7\u00f5es, 2013.<\/p>\n","protected":false},"excerpt":{"rendered":"<p>Esta colet\u00e2nea, em vers\u00e3o impressa, de ensaios \u00e9 o resultado de um processo de pesquisa que lida com o tema do p\u00f3s-colonialismo, a rela\u00e7\u00e3o entre literatura, hist\u00f3ria e sociedade e(m) contextos multiculturais, assim como a pesquisa sobre quest\u00f5es de ordem te\u00f3rica e metodol\u00f3gica no estudo da literatura africana. &nbsp; Como citar: MATA, I. A literatura [&hellip;]<\/p>\n","protected":false},"featured_media":677,"comment_status":"open","ping_status":"closed","template":"","meta":{"om_disable_all_campaigns":false,"_uag_custom_page_level_css":"","_monsterinsights_skip_tracking":false,"_monsterinsights_sitenote_active":false,"_monsterinsights_sitenote_note":"","_monsterinsights_sitenote_category":0,"site-sidebar-layout":"default","site-content-layout":"","ast-site-content-layout":"default","site-content-style":"default","site-sidebar-style":"default","ast-global-header-display":"","ast-banner-title-visibility":"","ast-main-header-display":"","ast-hfb-above-header-display":"","ast-hfb-below-header-display":"","ast-hfb-mobile-header-display":"","site-post-title":"","ast-breadcrumbs-content":"","ast-featured-img":"","footer-sml-layout":"","theme-transparent-header-meta":"default","adv-header-id-meta":"","stick-header-meta":"","header-above-stick-meta":"","header-main-stick-meta":"","header-below-stick-meta":"","astra-migrate-meta-layouts":"set","ast-page-background-enabled":"default","ast-page-background-meta":{"desktop":{"background-color":"var(--ast-global-color-4)","background-image":"","background-repeat":"repeat","background-position":"center center","background-size":"auto","background-attachment":"scroll","background-type":"","background-media":"","overlay-type":"","overlay-color":"","overlay-gradient":""},"tablet":{"background-color":"","background-image":"","background-repeat":"repeat","background-position":"center center","background-size":"auto","background-attachment":"scroll","background-type":"","background-media":"","overlay-type":"","overlay-color":"","overlay-gradient":""},"mobile":{"background-color":"","background-image":"","background-repeat":"repeat","background-position":"center center","background-size":"auto","background-attachment":"scroll","background-type":"","background-media":"","overlay-type":"","overlay-color":"","overlay-gradient":""}},"ast-content-background-meta":{"desktop":{"background-color":"var(--ast-global-color-5)","background-image":"","background-repeat":"repeat","background-position":"center center","background-size":"auto","background-attachment":"scroll","background-type":"","background-media":"","overlay-type":"","overlay-color":"","overlay-gradient":""},"tablet":{"background-color":"var(--ast-global-color-5)","background-image":"","background-repeat":"repeat","background-position":"center center","background-size":"auto","background-attachment":"scroll","background-type":"","background-media":"","overlay-type":"","overlay-color":"","overlay-gradient":""},"mobile":{"background-color":"var(--ast-global-color-5)","background-image":"","background-repeat":"repeat","background-position":"center center","background-size":"auto","background-attachment":"scroll","background-type":"","background-media":"","overlay-type":"","overlay-color":"","overlay-gradient":""}},"_themeisle_gutenberg_block_has_review":false},"product_cat":[230,65,20,46],"product_tag":[251],"aioseo_notices":[],"uagb_featured_image_src":{"full":["https:\/\/editora.uea.edu.br\/wp-content\/uploads\/2023\/11\/capas_Prancheta-1-copia-7.jpg",259,476,false],"thumbnail":["https:\/\/editora.uea.edu.br\/wp-content\/uploads\/2023\/11\/capas_Prancheta-1-copia-7-150x150.jpg",150,150,true],"medium":["https:\/\/editora.uea.edu.br\/wp-content\/uploads\/2023\/11\/capas_Prancheta-1-copia-7-163x300.jpg",163,300,true],"medium_large":["https:\/\/editora.uea.edu.br\/wp-content\/uploads\/2023\/11\/capas_Prancheta-1-copia-7.jpg",259,476,false],"large":["https:\/\/editora.uea.edu.br\/wp-content\/uploads\/2023\/11\/capas_Prancheta-1-copia-7.jpg",259,476,false],"1536x1536":["https:\/\/editora.uea.edu.br\/wp-content\/uploads\/2023\/11\/capas_Prancheta-1-copia-7.jpg",259,476,false],"2048x2048":["https:\/\/editora.uea.edu.br\/wp-content\/uploads\/2023\/11\/capas_Prancheta-1-copia-7.jpg",259,476,false],"codesigner-thumb":["https:\/\/editora.uea.edu.br\/wp-content\/uploads\/2023\/11\/capas_Prancheta-1-copia-7-259x400.jpg",259,400,true],"woocommerce_thumbnail":["https:\/\/editora.uea.edu.br\/wp-content\/uploads\/2023\/11\/capas_Prancheta-1-copia-7-200x296.jpg",200,296,true],"woocommerce_single":["https:\/\/editora.uea.edu.br\/wp-content\/uploads\/2023\/11\/capas_Prancheta-1-copia-7-200x368.jpg",200,368,true],"woocommerce_gallery_thumbnail":["https:\/\/editora.uea.edu.br\/wp-content\/uploads\/2023\/11\/capas_Prancheta-1-copia-7-100x100.jpg",100,100,true]},"uagb_author_info":{"display_name":"editora","author_link":"https:\/\/editora.uea.edu.br\/?author=0"},"uagb_comment_info":0,"uagb_excerpt":"Esta colet\u00e2nea, em vers\u00e3o impressa, de ensaios \u00e9 o resultado de um processo de pesquisa que lida com o tema do p\u00f3s-colonialismo, a rela\u00e7\u00e3o entre literatura, hist\u00f3ria e sociedade e(m) contextos multiculturais, assim como a pesquisa sobre quest\u00f5es de ordem te\u00f3rica e metodol\u00f3gica no estudo da literatura africana. &nbsp; Como citar: MATA, I. A literatura&hellip;","_links":{"self":[{"href":"https:\/\/editora.uea.edu.br\/index.php?rest_route=\/wp\/v2\/product\/645"}],"collection":[{"href":"https:\/\/editora.uea.edu.br\/index.php?rest_route=\/wp\/v2\/product"}],"about":[{"href":"https:\/\/editora.uea.edu.br\/index.php?rest_route=\/wp\/v2\/types\/product"}],"replies":[{"embeddable":true,"href":"https:\/\/editora.uea.edu.br\/index.php?rest_route=%2Fwp%2Fv2%2Fcomments&post=645"}],"wp:featuredmedia":[{"embeddable":true,"href":"https:\/\/editora.uea.edu.br\/index.php?rest_route=\/wp\/v2\/media\/677"}],"wp:attachment":[{"href":"https:\/\/editora.uea.edu.br\/index.php?rest_route=%2Fwp%2Fv2%2Fmedia&parent=645"}],"wp:term":[{"taxonomy":"product_cat","embeddable":true,"href":"https:\/\/editora.uea.edu.br\/index.php?rest_route=%2Fwp%2Fv2%2Fproduct_cat&post=645"},{"taxonomy":"product_tag","embeddable":true,"href":"https:\/\/editora.uea.edu.br\/index.php?rest_route=%2Fwp%2Fv2%2Fproduct_tag&post=645"}],"curies":[{"name":"wp","href":"https:\/\/api.w.org\/{rel}","templated":true}]}}