{"id":601,"date":"2023-11-03T22:54:38","date_gmt":"2023-11-04T02:54:38","guid":{"rendered":"https:\/\/editora.uea.edu.br\/?post_type=product&#038;p=601"},"modified":"2025-07-24T12:01:52","modified_gmt":"2025-07-24T16:01:52","slug":"literatura-e-abjecao-estudo-da-obra-de-rubem-fonseca","status":"publish","type":"product","link":"https:\/\/editora.uea.edu.br\/?product=literatura-e-abjecao-estudo-da-obra-de-rubem-fonseca","title":{"rendered":"Literatura e abje\u00e7\u00e3o: estudo da obra de Rubem Fonseca"},"content":{"rendered":"<p>A obra, em vers\u00e3o impressa, traz ao leitor o instigante universo ficcional de Rubem Fonseca, que se desvela pela profus\u00e3o de imagens violentas. O texto destaca-se pela leveza e acuidade da linguagem, sem deixar de lado a densidade da literatura.<\/p>\n<p>&nbsp;<\/p>\n<p><strong>Como citar<\/strong>:<\/p>\n<p>PEREIRA, V. C. <em>Literatura e Abje\u00e7\u00e3o<\/em>: estudo da obra de Rubem Fonseca. Manaus: UEA Edi\u00e7\u00f5es, 2012.<\/p>\n","protected":false},"excerpt":{"rendered":"<p>A obra, em vers\u00e3o impressa, traz ao leitor o instigante universo ficcional de Rubem Fonseca, que se desvela pela profus\u00e3o de imagens violentas. O texto destaca-se pela leveza e acuidade da linguagem, sem deixar de lado a densidade da literatura. &nbsp; Como citar: PEREIRA, V. C. Literatura e Abje\u00e7\u00e3o: estudo da obra de Rubem Fonseca. [&hellip;]<\/p>\n","protected":false},"featured_media":775,"comment_status":"open","ping_status":"closed","template":"","meta":{"om_disable_all_campaigns":false,"_uag_custom_page_level_css":"","_monsterinsights_skip_tracking":false,"_monsterinsights_sitenote_active":false,"_monsterinsights_sitenote_note":"","_monsterinsights_sitenote_category":0,"site-sidebar-layout":"default","site-content-layout":"","ast-site-content-layout":"default","site-content-style":"default","site-sidebar-style":"default","ast-global-header-display":"","ast-banner-title-visibility":"","ast-main-header-display":"","ast-hfb-above-header-display":"","ast-hfb-below-header-display":"","ast-hfb-mobile-header-display":"","site-post-title":"","ast-breadcrumbs-content":"","ast-featured-img":"","footer-sml-layout":"","theme-transparent-header-meta":"default","adv-header-id-meta":"","stick-header-meta":"","header-above-stick-meta":"","header-main-stick-meta":"","header-below-stick-meta":"","astra-migrate-meta-layouts":"set","ast-page-background-enabled":"default","ast-page-background-meta":{"desktop":{"background-color":"var(--ast-global-color-4)","background-image":"","background-repeat":"repeat","background-position":"center center","background-size":"auto","background-attachment":"scroll","background-type":"","background-media":"","overlay-type":"","overlay-color":"","overlay-gradient":""},"tablet":{"background-color":"","background-image":"","background-repeat":"repeat","background-position":"center center","background-size":"auto","background-attachment":"scroll","background-type":"","background-media":"","overlay-type":"","overlay-color":"","overlay-gradient":""},"mobile":{"background-color":"","background-image":"","background-repeat":"repeat","background-position":"center center","background-size":"auto","background-attachment":"scroll","background-type":"","background-media":"","overlay-type":"","overlay-color":"","overlay-gradient":""}},"ast-content-background-meta":{"desktop":{"background-color":"var(--ast-global-color-5)","background-image":"","background-repeat":"repeat","background-position":"center center","background-size":"auto","background-attachment":"scroll","background-type":"","background-media":"","overlay-type":"","overlay-color":"","overlay-gradient":""},"tablet":{"background-color":"var(--ast-global-color-5)","background-image":"","background-repeat":"repeat","background-position":"center center","background-size":"auto","background-attachment":"scroll","background-type":"","background-media":"","overlay-type":"","overlay-color":"","overlay-gradient":""},"mobile":{"background-color":"var(--ast-global-color-5)","background-image":"","background-repeat":"repeat","background-position":"center center","background-size":"auto","background-attachment":"scroll","background-type":"","background-media":"","overlay-type":"","overlay-color":"","overlay-gradient":""}},"_themeisle_gutenberg_block_has_review":false},"product_cat":[20,49],"product_tag":[241],"aioseo_notices":[],"uagb_featured_image_src":{"full":["https:\/\/editora.uea.edu.br\/wp-content\/uploads\/2023\/11\/literatura-e-abjecao-1.jpg",983,1803,false],"thumbnail":["https:\/\/editora.uea.edu.br\/wp-content\/uploads\/2023\/11\/literatura-e-abjecao-1-150x150.jpg",150,150,true],"medium":["https:\/\/editora.uea.edu.br\/wp-content\/uploads\/2023\/11\/literatura-e-abjecao-1-164x300.jpg",164,300,true],"medium_large":["https:\/\/editora.uea.edu.br\/wp-content\/uploads\/2023\/11\/literatura-e-abjecao-1-768x1409.jpg",768,1409,true],"large":["https:\/\/editora.uea.edu.br\/wp-content\/uploads\/2023\/11\/literatura-e-abjecao-1-558x1024.jpg",436,800,true],"1536x1536":["https:\/\/editora.uea.edu.br\/wp-content\/uploads\/2023\/11\/literatura-e-abjecao-1-837x1536.jpg",837,1536,true],"2048x2048":["https:\/\/editora.uea.edu.br\/wp-content\/uploads\/2023\/11\/literatura-e-abjecao-1.jpg",983,1803,false],"codesigner-thumb":["https:\/\/editora.uea.edu.br\/wp-content\/uploads\/2023\/11\/literatura-e-abjecao-1-400x400.jpg",400,400,true],"woocommerce_thumbnail":["https:\/\/editora.uea.edu.br\/wp-content\/uploads\/2023\/11\/literatura-e-abjecao-1-200x296.jpg",200,296,true],"woocommerce_single":["https:\/\/editora.uea.edu.br\/wp-content\/uploads\/2023\/11\/literatura-e-abjecao-1-200x367.jpg",200,367,true],"woocommerce_gallery_thumbnail":["https:\/\/editora.uea.edu.br\/wp-content\/uploads\/2023\/11\/literatura-e-abjecao-1-100x100.jpg",100,100,true]},"uagb_author_info":{"display_name":"editora","author_link":"https:\/\/editora.uea.edu.br\/?author=0"},"uagb_comment_info":0,"uagb_excerpt":"A obra, em vers\u00e3o impressa, traz ao leitor o instigante universo ficcional de Rubem Fonseca, que se desvela pela profus\u00e3o de imagens violentas. O texto destaca-se pela leveza e acuidade da linguagem, sem deixar de lado a densidade da literatura. &nbsp; Como citar: PEREIRA, V. C. Literatura e Abje\u00e7\u00e3o: estudo da obra de Rubem Fonseca.&hellip;","_links":{"self":[{"href":"https:\/\/editora.uea.edu.br\/index.php?rest_route=\/wp\/v2\/product\/601"}],"collection":[{"href":"https:\/\/editora.uea.edu.br\/index.php?rest_route=\/wp\/v2\/product"}],"about":[{"href":"https:\/\/editora.uea.edu.br\/index.php?rest_route=\/wp\/v2\/types\/product"}],"replies":[{"embeddable":true,"href":"https:\/\/editora.uea.edu.br\/index.php?rest_route=%2Fwp%2Fv2%2Fcomments&post=601"}],"wp:featuredmedia":[{"embeddable":true,"href":"https:\/\/editora.uea.edu.br\/index.php?rest_route=\/wp\/v2\/media\/775"}],"wp:attachment":[{"href":"https:\/\/editora.uea.edu.br\/index.php?rest_route=%2Fwp%2Fv2%2Fmedia&parent=601"}],"wp:term":[{"taxonomy":"product_cat","embeddable":true,"href":"https:\/\/editora.uea.edu.br\/index.php?rest_route=%2Fwp%2Fv2%2Fproduct_cat&post=601"},{"taxonomy":"product_tag","embeddable":true,"href":"https:\/\/editora.uea.edu.br\/index.php?rest_route=%2Fwp%2Fv2%2Fproduct_tag&post=601"}],"curies":[{"name":"wp","href":"https:\/\/api.w.org\/{rel}","templated":true}]}}