{"id":578,"date":"2023-11-03T18:13:43","date_gmt":"2023-11-03T22:13:43","guid":{"rendered":"https:\/\/editora.uea.edu.br\/?post_type=product&#038;p=578"},"modified":"2025-07-24T12:00:25","modified_gmt":"2025-07-24T16:00:25","slug":"investigacoes-camonianas-1998-2008","status":"publish","type":"product","link":"https:\/\/editora.uea.edu.br\/?product=investigacoes-camonianas-1998-2008","title":{"rendered":"Investiga\u00e7\u00f5es camonianas (1998 &#8211; 2008)"},"content":{"rendered":"<p>Fruto de mais de uma d\u00e9cada de pesquisa cuidadosa em fac-s\u00edmiles e variadas edi\u00e7\u00f5es da obra de Lu\u00eds Vaz de Cam\u00f5es, publicadas no Brasil e em Portugal, <em>Investiga\u00e7\u00f5es Camonianas (1998-2008)<\/em>, em vers\u00e3o impressa,\u00a0lan\u00e7a novos olhares sobre a vida e a obra do autor d\u2019<em>Os Lus\u00edadas<\/em>. Nas p\u00e1ginas destas <em>Investiga\u00e7\u00f5es<\/em>, o leitor ser\u00e1 introduzido no universo da cr\u00edtica gen\u00e9tica e textual, em que o autor lan\u00e7a m\u00e3o de erudi\u00e7\u00e3o e clareza para se expressar.<\/p>\n<p>&nbsp;<\/p>\n<p><strong>Como citar<\/strong>:<\/p>\n<p>MATOS, M. <em>Investiga\u00e7\u00f5es Camonianas (1998-2008)<\/em>. Manaus: UEA Edi\u00e7\u00f5es, 2012.<\/p>\n<p>&nbsp;<\/p>\n","protected":false},"excerpt":{"rendered":"<p>Fruto de mais de uma d\u00e9cada de pesquisa cuidadosa em fac-s\u00edmiles e variadas edi\u00e7\u00f5es da obra de Lu\u00eds Vaz de Cam\u00f5es, publicadas no Brasil e em Portugal, Investiga\u00e7\u00f5es Camonianas (1998-2008), em vers\u00e3o impressa,\u00a0lan\u00e7a novos olhares sobre a vida e a obra do autor d\u2019Os Lus\u00edadas. Nas p\u00e1ginas destas Investiga\u00e7\u00f5es, o leitor ser\u00e1 introduzido no universo [&hellip;]<\/p>\n","protected":false},"featured_media":821,"comment_status":"open","ping_status":"closed","template":"","meta":{"om_disable_all_campaigns":false,"_uag_custom_page_level_css":"","_monsterinsights_skip_tracking":false,"_monsterinsights_sitenote_active":false,"_monsterinsights_sitenote_note":"","_monsterinsights_sitenote_category":0,"site-sidebar-layout":"default","site-content-layout":"","ast-site-content-layout":"default","site-content-style":"default","site-sidebar-style":"default","ast-global-header-display":"","ast-banner-title-visibility":"","ast-main-header-display":"","ast-hfb-above-header-display":"","ast-hfb-below-header-display":"","ast-hfb-mobile-header-display":"","site-post-title":"","ast-breadcrumbs-content":"","ast-featured-img":"","footer-sml-layout":"","theme-transparent-header-meta":"default","adv-header-id-meta":"","stick-header-meta":"","header-above-stick-meta":"","header-main-stick-meta":"","header-below-stick-meta":"","astra-migrate-meta-layouts":"set","ast-page-background-enabled":"default","ast-page-background-meta":{"desktop":{"background-color":"var(--ast-global-color-4)","background-image":"","background-repeat":"repeat","background-position":"center center","background-size":"auto","background-attachment":"scroll","background-type":"","background-media":"","overlay-type":"","overlay-color":"","overlay-gradient":""},"tablet":{"background-color":"","background-image":"","background-repeat":"repeat","background-position":"center center","background-size":"auto","background-attachment":"scroll","background-type":"","background-media":"","overlay-type":"","overlay-color":"","overlay-gradient":""},"mobile":{"background-color":"","background-image":"","background-repeat":"repeat","background-position":"center center","background-size":"auto","background-attachment":"scroll","background-type":"","background-media":"","overlay-type":"","overlay-color":"","overlay-gradient":""}},"ast-content-background-meta":{"desktop":{"background-color":"var(--ast-global-color-5)","background-image":"","background-repeat":"repeat","background-position":"center center","background-size":"auto","background-attachment":"scroll","background-type":"","background-media":"","overlay-type":"","overlay-color":"","overlay-gradient":""},"tablet":{"background-color":"var(--ast-global-color-5)","background-image":"","background-repeat":"repeat","background-position":"center center","background-size":"auto","background-attachment":"scroll","background-type":"","background-media":"","overlay-type":"","overlay-color":"","overlay-gradient":""},"mobile":{"background-color":"var(--ast-global-color-5)","background-image":"","background-repeat":"repeat","background-position":"center center","background-size":"auto","background-attachment":"scroll","background-type":"","background-media":"","overlay-type":"","overlay-color":"","overlay-gradient":""}},"_themeisle_gutenberg_block_has_review":false},"product_cat":[65,20,23],"product_tag":[239],"aioseo_notices":[],"uagb_featured_image_src":{"full":["https:\/\/editora.uea.edu.br\/wp-content\/uploads\/2023\/11\/WhatsApp-Image-2024-01-12-at-09.21.39.jpeg",514,955,false],"thumbnail":["https:\/\/editora.uea.edu.br\/wp-content\/uploads\/2023\/11\/WhatsApp-Image-2024-01-12-at-09.21.39-150x150.jpeg",150,150,true],"medium":["https:\/\/editora.uea.edu.br\/wp-content\/uploads\/2023\/11\/WhatsApp-Image-2024-01-12-at-09.21.39-161x300.jpeg",161,300,true],"medium_large":["https:\/\/editora.uea.edu.br\/wp-content\/uploads\/2023\/11\/WhatsApp-Image-2024-01-12-at-09.21.39.jpeg",514,955,false],"large":["https:\/\/editora.uea.edu.br\/wp-content\/uploads\/2023\/11\/WhatsApp-Image-2024-01-12-at-09.21.39.jpeg",431,800,false],"1536x1536":["https:\/\/editora.uea.edu.br\/wp-content\/uploads\/2023\/11\/WhatsApp-Image-2024-01-12-at-09.21.39.jpeg",514,955,false],"2048x2048":["https:\/\/editora.uea.edu.br\/wp-content\/uploads\/2023\/11\/WhatsApp-Image-2024-01-12-at-09.21.39.jpeg",514,955,false],"codesigner-thumb":["https:\/\/editora.uea.edu.br\/wp-content\/uploads\/2023\/11\/WhatsApp-Image-2024-01-12-at-09.21.39-400x400.jpeg",400,400,true],"woocommerce_thumbnail":["https:\/\/editora.uea.edu.br\/wp-content\/uploads\/2023\/11\/WhatsApp-Image-2024-01-12-at-09.21.39-200x296.jpeg",200,296,true],"woocommerce_single":["https:\/\/editora.uea.edu.br\/wp-content\/uploads\/2023\/11\/WhatsApp-Image-2024-01-12-at-09.21.39-200x372.jpeg",200,372,true],"woocommerce_gallery_thumbnail":["https:\/\/editora.uea.edu.br\/wp-content\/uploads\/2023\/11\/WhatsApp-Image-2024-01-12-at-09.21.39-100x100.jpeg",100,100,true]},"uagb_author_info":{"display_name":"editora","author_link":"https:\/\/editora.uea.edu.br\/?author=0"},"uagb_comment_info":0,"uagb_excerpt":"Fruto de mais de uma d\u00e9cada de pesquisa cuidadosa em fac-s\u00edmiles e variadas edi\u00e7\u00f5es da obra de Lu\u00eds Vaz de Cam\u00f5es, publicadas no Brasil e em Portugal, Investiga\u00e7\u00f5es Camonianas (1998-2008), em vers\u00e3o impressa,\u00a0lan\u00e7a novos olhares sobre a vida e a obra do autor d\u2019Os Lus\u00edadas. Nas p\u00e1ginas destas Investiga\u00e7\u00f5es, o leitor ser\u00e1 introduzido no universo&hellip;","_links":{"self":[{"href":"https:\/\/editora.uea.edu.br\/index.php?rest_route=\/wp\/v2\/product\/578"}],"collection":[{"href":"https:\/\/editora.uea.edu.br\/index.php?rest_route=\/wp\/v2\/product"}],"about":[{"href":"https:\/\/editora.uea.edu.br\/index.php?rest_route=\/wp\/v2\/types\/product"}],"replies":[{"embeddable":true,"href":"https:\/\/editora.uea.edu.br\/index.php?rest_route=%2Fwp%2Fv2%2Fcomments&post=578"}],"wp:featuredmedia":[{"embeddable":true,"href":"https:\/\/editora.uea.edu.br\/index.php?rest_route=\/wp\/v2\/media\/821"}],"wp:attachment":[{"href":"https:\/\/editora.uea.edu.br\/index.php?rest_route=%2Fwp%2Fv2%2Fmedia&parent=578"}],"wp:term":[{"taxonomy":"product_cat","embeddable":true,"href":"https:\/\/editora.uea.edu.br\/index.php?rest_route=%2Fwp%2Fv2%2Fproduct_cat&post=578"},{"taxonomy":"product_tag","embeddable":true,"href":"https:\/\/editora.uea.edu.br\/index.php?rest_route=%2Fwp%2Fv2%2Fproduct_tag&post=578"}],"curies":[{"name":"wp","href":"https:\/\/api.w.org\/{rel}","templated":true}]}}