{"id":2411,"date":"2026-05-13T10:00:12","date_gmt":"2026-05-13T14:00:12","guid":{"rendered":"https:\/\/editora.uea.edu.br\/?post_type=product&#038;p=2411"},"modified":"2026-05-13T14:03:37","modified_gmt":"2026-05-13T18:03:37","slug":"amazonia-reflexoes-e-planos-para-o-desenvolvimento-sustentavel","status":"publish","type":"product","link":"https:\/\/editora.uea.edu.br\/?product=amazonia-reflexoes-e-planos-para-o-desenvolvimento-sustentavel","title":{"rendered":"Amaz\u00f4nia: reflex\u00f5es e planos para o desenvolvimento sustent\u00e1vel"},"content":{"rendered":"<p>Estruturada em dez cap\u00edtulos, esta obra \u00e9 a segunda publica\u00e7\u00e3o do F\u00f3rum de Estudos Econ\u00f4micos e Sociais para o Desenvolvimento Sustent\u00e1vel (FOCOS) e tem como objetivo central sensibilizar a sociedade para a urgente quest\u00e3o da sobreviv\u00eancia da Amaz\u00f4nia. Dentre os temas abordados pelos autores, sobressaem-se: os entraves ao desenvolvimento sustent\u00e1vel da regi\u00e3o, uma rigorosa an\u00e1lise hist\u00f3rica do tema, a democratiza\u00e7\u00e3o do conhecimento acerca da sustentabilidade e a necessidade inadi\u00e1vel de se restabelecer o equil\u00edbrio entre a a\u00e7\u00e3o humana e o meio ambiente.<\/p>\n<p>&nbsp;<\/p>\n<p><strong>Como citar:<\/strong><\/p>\n<p>OLIVEIRA, A. L. C. <em>et al <\/em>(orgs.).\u00a0<em>Amaz\u00f4nia<\/em>: reflex\u00f5es e planos para o desenvolvimento sustent\u00e1vel. 2. ed. Manaus: Editora UEA, 2026.<\/p>\n","protected":false},"excerpt":{"rendered":"<p>Estruturada em dez cap\u00edtulos, esta obra \u00e9 a segunda publica\u00e7\u00e3o do F\u00f3rum de Estudos Econ\u00f4micos e Sociais para o Desenvolvimento Sustent\u00e1vel (FOCOS) e tem como objetivo central sensibilizar a sociedade para a urgente quest\u00e3o da sobreviv\u00eancia da Amaz\u00f4nia. Dentre os temas abordados pelos autores, sobressaem-se: os entraves ao desenvolvimento sustent\u00e1vel da regi\u00e3o, uma rigorosa an\u00e1lise [&hellip;]<\/p>\n","protected":false},"featured_media":2413,"comment_status":"open","ping_status":"closed","template":"","meta":{"om_disable_all_campaigns":false,"_uag_custom_page_level_css":"","_monsterinsights_skip_tracking":false,"_monsterinsights_sitenote_active":false,"_monsterinsights_sitenote_note":"","_monsterinsights_sitenote_category":0,"site-sidebar-layout":"default","site-content-layout":"","ast-site-content-layout":"default","site-content-style":"default","site-sidebar-style":"default","ast-global-header-display":"","ast-banner-title-visibility":"","ast-main-header-display":"","ast-hfb-above-header-display":"","ast-hfb-below-header-display":"","ast-hfb-mobile-header-display":"","site-post-title":"","ast-breadcrumbs-content":"","ast-featured-img":"","footer-sml-layout":"","theme-transparent-header-meta":"default","adv-header-id-meta":"","stick-header-meta":"","header-above-stick-meta":"","header-main-stick-meta":"","header-below-stick-meta":"","astra-migrate-meta-layouts":"set","ast-page-background-enabled":"default","ast-page-background-meta":{"desktop":{"background-color":"var(--ast-global-color-4)","background-image":"","background-repeat":"repeat","background-position":"center center","background-size":"auto","background-attachment":"scroll","background-type":"","background-media":"","overlay-type":"","overlay-color":"","overlay-gradient":""},"tablet":{"background-color":"","background-image":"","background-repeat":"repeat","background-position":"center center","background-size":"auto","background-attachment":"scroll","background-type":"","background-media":"","overlay-type":"","overlay-color":"","overlay-gradient":""},"mobile":{"background-color":"","background-image":"","background-repeat":"repeat","background-position":"center center","background-size":"auto","background-attachment":"scroll","background-type":"","background-media":"","overlay-type":"","overlay-color":"","overlay-gradient":""}},"ast-content-background-meta":{"desktop":{"background-color":"var(--ast-global-color-5)","background-image":"","background-repeat":"repeat","background-position":"center center","background-size":"auto","background-attachment":"scroll","background-type":"","background-media":"","overlay-type":"","overlay-color":"","overlay-gradient":""},"tablet":{"background-color":"var(--ast-global-color-5)","background-image":"","background-repeat":"repeat","background-position":"center center","background-size":"auto","background-attachment":"scroll","background-type":"","background-media":"","overlay-type":"","overlay-color":"","overlay-gradient":""},"mobile":{"background-color":"var(--ast-global-color-5)","background-image":"","background-repeat":"repeat","background-position":"center center","background-size":"auto","background-attachment":"scroll","background-type":"","background-media":"","overlay-type":"","overlay-color":"","overlay-gradient":""}},"_themeisle_gutenberg_block_has_review":false},"product_cat":[224,573],"product_tag":[574,575,577,576],"aioseo_notices":[],"uagb_featured_image_src":{"full":["https:\/\/editora.uea.edu.br\/wp-content\/uploads\/2026\/05\/Amazonia-reflexoes-e-planos-CAPA.jpg",1772,2480,false],"thumbnail":["https:\/\/editora.uea.edu.br\/wp-content\/uploads\/2026\/05\/Amazonia-reflexoes-e-planos-CAPA-150x150.jpg",150,150,true],"medium":["https:\/\/editora.uea.edu.br\/wp-content\/uploads\/2026\/05\/Amazonia-reflexoes-e-planos-CAPA-214x300.jpg",214,300,true],"medium_large":["https:\/\/editora.uea.edu.br\/wp-content\/uploads\/2026\/05\/Amazonia-reflexoes-e-planos-CAPA-768x1075.jpg",768,1075,true],"large":["https:\/\/editora.uea.edu.br\/wp-content\/uploads\/2026\/05\/Amazonia-reflexoes-e-planos-CAPA-572x800.jpg",572,800,true],"1536x1536":["https:\/\/editora.uea.edu.br\/wp-content\/uploads\/2026\/05\/Amazonia-reflexoes-e-planos-CAPA-1097x1536.jpg",1097,1536,true],"2048x2048":["https:\/\/editora.uea.edu.br\/wp-content\/uploads\/2026\/05\/Amazonia-reflexoes-e-planos-CAPA-1463x2048.jpg",1463,2048,true],"codesigner-thumb":["https:\/\/editora.uea.edu.br\/wp-content\/uploads\/2026\/05\/Amazonia-reflexoes-e-planos-CAPA-400x400.jpg",400,400,true],"woocommerce_thumbnail":["https:\/\/editora.uea.edu.br\/wp-content\/uploads\/2026\/05\/Amazonia-reflexoes-e-planos-CAPA-200x296.jpg",200,296,true],"woocommerce_single":["https:\/\/editora.uea.edu.br\/wp-content\/uploads\/2026\/05\/Amazonia-reflexoes-e-planos-CAPA-200x280.jpg",200,280,true],"woocommerce_gallery_thumbnail":["https:\/\/editora.uea.edu.br\/wp-content\/uploads\/2026\/05\/Amazonia-reflexoes-e-planos-CAPA-100x100.jpg",100,100,true]},"uagb_author_info":{"display_name":"editora","author_link":"https:\/\/editora.uea.edu.br\/?author=0"},"uagb_comment_info":0,"uagb_excerpt":"Estruturada em dez cap\u00edtulos, esta obra \u00e9 a segunda publica\u00e7\u00e3o do F\u00f3rum de Estudos Econ\u00f4micos e Sociais para o Desenvolvimento Sustent\u00e1vel (FOCOS) e tem como objetivo central sensibilizar a sociedade para a urgente quest\u00e3o da sobreviv\u00eancia da Amaz\u00f4nia. Dentre os temas abordados pelos autores, sobressaem-se: os entraves ao desenvolvimento sustent\u00e1vel da regi\u00e3o, uma rigorosa an\u00e1lise&hellip;","_links":{"self":[{"href":"https:\/\/editora.uea.edu.br\/index.php?rest_route=\/wp\/v2\/product\/2411"}],"collection":[{"href":"https:\/\/editora.uea.edu.br\/index.php?rest_route=\/wp\/v2\/product"}],"about":[{"href":"https:\/\/editora.uea.edu.br\/index.php?rest_route=\/wp\/v2\/types\/product"}],"replies":[{"embeddable":true,"href":"https:\/\/editora.uea.edu.br\/index.php?rest_route=%2Fwp%2Fv2%2Fcomments&post=2411"}],"wp:featuredmedia":[{"embeddable":true,"href":"https:\/\/editora.uea.edu.br\/index.php?rest_route=\/wp\/v2\/media\/2413"}],"wp:attachment":[{"href":"https:\/\/editora.uea.edu.br\/index.php?rest_route=%2Fwp%2Fv2%2Fmedia&parent=2411"}],"wp:term":[{"taxonomy":"product_cat","embeddable":true,"href":"https:\/\/editora.uea.edu.br\/index.php?rest_route=%2Fwp%2Fv2%2Fproduct_cat&post=2411"},{"taxonomy":"product_tag","embeddable":true,"href":"https:\/\/editora.uea.edu.br\/index.php?rest_route=%2Fwp%2Fv2%2Fproduct_tag&post=2411"}],"curies":[{"name":"wp","href":"https:\/\/api.w.org\/{rel}","templated":true}]}}