{"id":2337,"date":"2026-01-20T09:57:36","date_gmt":"2026-01-20T13:57:36","guid":{"rendered":"https:\/\/editora.uea.edu.br\/?post_type=product&#038;p=2337"},"modified":"2026-01-20T10:57:26","modified_gmt":"2026-01-20T14:57:26","slug":"agricultura-familiar-aspectos-sociais-contabeis-economicos-financeiros-e-juridicos","status":"publish","type":"product","link":"https:\/\/editora.uea.edu.br\/?product=agricultura-familiar-aspectos-sociais-contabeis-economicos-financeiros-e-juridicos","title":{"rendered":"Agricultura familiar: aspectos sociais, cont\u00e1beis, econ\u00f4micos, financeiros e jur\u00eddicos"},"content":{"rendered":"<p>A obra destaca a import\u00e2ncia da agricultura familiar no Amazonas como base do desenvolvimento rural, da gera\u00e7\u00e3o de renda e da seguran\u00e7a alimentar. Com foco na realidade dos pequenos produtores, o livro re\u00fane orienta\u00e7\u00f5es pr\u00e1ticas sobre gest\u00e3o, custos de produ\u00e7\u00e3o, contabilidade, indicadores econ\u00f4micos e direitos previdenci\u00e1rios, valorizando os saberes tradicionais e contribuindo para o fortalecimento e a sustentabilidade da agricultura familiar no estado.<\/p>\n<p>&nbsp;<\/p>\n<p><strong>Como citar<\/strong>:<br \/>\nOLIVEIRA, E. L.; DIAS, A. P.; CARNEIRO, L. M.; MATOS, N. B. (orgs.). <em>Agricultura familiar<\/em>: aspectos sociais, cont\u00e1beis, econ\u00f4micos, financeiros e jur\u00eddicos. 1. ed. Manaus: Editora UEA, 2025.<\/p>\n<p>&nbsp;<\/p>\n<p><strong>Dispon\u00edvel em<\/strong>:<br \/>\n<a href=\"https:\/\/ri.uea.edu.br\/handle\/riuea\/8012\">https:\/\/ri.uea.edu.br\/handle\/riuea\/8012<\/a><\/p>\n","protected":false},"excerpt":{"rendered":"<p>A obra destaca a import\u00e2ncia da agricultura familiar no Amazonas como base do desenvolvimento rural, da gera\u00e7\u00e3o de renda e da seguran\u00e7a alimentar. Com foco na realidade dos pequenos produtores, o livro re\u00fane orienta\u00e7\u00f5es pr\u00e1ticas sobre gest\u00e3o, custos de produ\u00e7\u00e3o, contabilidade, indicadores econ\u00f4micos e direitos previdenci\u00e1rios, valorizando os saberes tradicionais e contribuindo para o fortalecimento [&hellip;]<\/p>\n","protected":false},"featured_media":2338,"comment_status":"open","ping_status":"closed","template":"","meta":{"om_disable_all_campaigns":false,"_uag_custom_page_level_css":"","_monsterinsights_skip_tracking":false,"_monsterinsights_sitenote_active":false,"_monsterinsights_sitenote_note":"","_monsterinsights_sitenote_category":0,"site-sidebar-layout":"default","site-content-layout":"","ast-site-content-layout":"default","site-content-style":"default","site-sidebar-style":"default","ast-global-header-display":"","ast-banner-title-visibility":"","ast-main-header-display":"","ast-hfb-above-header-display":"","ast-hfb-below-header-display":"","ast-hfb-mobile-header-display":"","site-post-title":"","ast-breadcrumbs-content":"","ast-featured-img":"","footer-sml-layout":"","theme-transparent-header-meta":"default","adv-header-id-meta":"","stick-header-meta":"","header-above-stick-meta":"","header-main-stick-meta":"","header-below-stick-meta":"","astra-migrate-meta-layouts":"set","ast-page-background-enabled":"default","ast-page-background-meta":{"desktop":{"background-color":"var(--ast-global-color-4)","background-image":"","background-repeat":"repeat","background-position":"center center","background-size":"auto","background-attachment":"scroll","background-type":"","background-media":"","overlay-type":"","overlay-color":"","overlay-gradient":""},"tablet":{"background-color":"","background-image":"","background-repeat":"repeat","background-position":"center center","background-size":"auto","background-attachment":"scroll","background-type":"","background-media":"","overlay-type":"","overlay-color":"","overlay-gradient":""},"mobile":{"background-color":"","background-image":"","background-repeat":"repeat","background-position":"center center","background-size":"auto","background-attachment":"scroll","background-type":"","background-media":"","overlay-type":"","overlay-color":"","overlay-gradient":""}},"ast-content-background-meta":{"desktop":{"background-color":"var(--ast-global-color-5)","background-image":"","background-repeat":"repeat","background-position":"center center","background-size":"auto","background-attachment":"scroll","background-type":"","background-media":"","overlay-type":"","overlay-color":"","overlay-gradient":""},"tablet":{"background-color":"var(--ast-global-color-5)","background-image":"","background-repeat":"repeat","background-position":"center center","background-size":"auto","background-attachment":"scroll","background-type":"","background-media":"","overlay-type":"","overlay-color":"","overlay-gradient":""},"mobile":{"background-color":"var(--ast-global-color-5)","background-image":"","background-repeat":"repeat","background-position":"center center","background-size":"auto","background-attachment":"scroll","background-type":"","background-media":"","overlay-type":"","overlay-color":"","overlay-gradient":""}},"_themeisle_gutenberg_block_has_review":false},"product_cat":[223],"product_tag":[559,558,560,561],"aioseo_notices":[],"uagb_featured_image_src":{"full":["https:\/\/editora.uea.edu.br\/wp-content\/uploads\/2026\/01\/Agricultura-familiar-CAPA.jpg",1772,2480,false],"thumbnail":["https:\/\/editora.uea.edu.br\/wp-content\/uploads\/2026\/01\/Agricultura-familiar-CAPA-150x150.jpg",150,150,true],"medium":["https:\/\/editora.uea.edu.br\/wp-content\/uploads\/2026\/01\/Agricultura-familiar-CAPA-214x300.jpg",214,300,true],"medium_large":["https:\/\/editora.uea.edu.br\/wp-content\/uploads\/2026\/01\/Agricultura-familiar-CAPA-768x1075.jpg",768,1075,true],"large":["https:\/\/editora.uea.edu.br\/wp-content\/uploads\/2026\/01\/Agricultura-familiar-CAPA-572x800.jpg",572,800,true],"1536x1536":["https:\/\/editora.uea.edu.br\/wp-content\/uploads\/2026\/01\/Agricultura-familiar-CAPA-1097x1536.jpg",1097,1536,true],"2048x2048":["https:\/\/editora.uea.edu.br\/wp-content\/uploads\/2026\/01\/Agricultura-familiar-CAPA-1463x2048.jpg",1463,2048,true],"codesigner-thumb":["https:\/\/editora.uea.edu.br\/wp-content\/uploads\/2026\/01\/Agricultura-familiar-CAPA-400x400.jpg",400,400,true],"woocommerce_thumbnail":["https:\/\/editora.uea.edu.br\/wp-content\/uploads\/2026\/01\/Agricultura-familiar-CAPA-200x296.jpg",200,296,true],"woocommerce_single":["https:\/\/editora.uea.edu.br\/wp-content\/uploads\/2026\/01\/Agricultura-familiar-CAPA-200x280.jpg",200,280,true],"woocommerce_gallery_thumbnail":["https:\/\/editora.uea.edu.br\/wp-content\/uploads\/2026\/01\/Agricultura-familiar-CAPA-100x100.jpg",100,100,true]},"uagb_author_info":{"display_name":"editora","author_link":"https:\/\/editora.uea.edu.br\/?author=0"},"uagb_comment_info":0,"uagb_excerpt":"A obra destaca a import\u00e2ncia da agricultura familiar no Amazonas como base do desenvolvimento rural, da gera\u00e7\u00e3o de renda e da seguran\u00e7a alimentar. Com foco na realidade dos pequenos produtores, o livro re\u00fane orienta\u00e7\u00f5es pr\u00e1ticas sobre gest\u00e3o, custos de produ\u00e7\u00e3o, contabilidade, indicadores econ\u00f4micos e direitos previdenci\u00e1rios, valorizando os saberes tradicionais e contribuindo para o fortalecimento&hellip;","_links":{"self":[{"href":"https:\/\/editora.uea.edu.br\/index.php?rest_route=\/wp\/v2\/product\/2337"}],"collection":[{"href":"https:\/\/editora.uea.edu.br\/index.php?rest_route=\/wp\/v2\/product"}],"about":[{"href":"https:\/\/editora.uea.edu.br\/index.php?rest_route=\/wp\/v2\/types\/product"}],"replies":[{"embeddable":true,"href":"https:\/\/editora.uea.edu.br\/index.php?rest_route=%2Fwp%2Fv2%2Fcomments&post=2337"}],"wp:featuredmedia":[{"embeddable":true,"href":"https:\/\/editora.uea.edu.br\/index.php?rest_route=\/wp\/v2\/media\/2338"}],"wp:attachment":[{"href":"https:\/\/editora.uea.edu.br\/index.php?rest_route=%2Fwp%2Fv2%2Fmedia&parent=2337"}],"wp:term":[{"taxonomy":"product_cat","embeddable":true,"href":"https:\/\/editora.uea.edu.br\/index.php?rest_route=%2Fwp%2Fv2%2Fproduct_cat&post=2337"},{"taxonomy":"product_tag","embeddable":true,"href":"https:\/\/editora.uea.edu.br\/index.php?rest_route=%2Fwp%2Fv2%2Fproduct_tag&post=2337"}],"curies":[{"name":"wp","href":"https:\/\/api.w.org\/{rel}","templated":true}]}}