{"id":2331,"date":"2026-01-16T14:50:14","date_gmt":"2026-01-16T18:50:14","guid":{"rendered":"https:\/\/editora.uea.edu.br\/?post_type=product&#038;p=2331"},"modified":"2026-01-20T10:10:26","modified_gmt":"2026-01-20T14:10:26","slug":"o-mundo-digital-para-todos-50-modernos","status":"publish","type":"product","link":"https:\/\/editora.uea.edu.br\/?product=o-mundo-digital-para-todos-50-modernos","title":{"rendered":"O mundo digital para todos: 50 + modernos"},"content":{"rendered":"<p>O fotolivro, resultado do projeto de extens\u00e3o 50+ Modernos, desenvolvido na Universidade do Estado do Amazonas (UEA) entre abril e maio de 2024, tem como objetivo dar visibilidade \u00e0s trajet\u00f3rias, experi\u00eancias e vozes de pessoas com 50 anos ou mais. A obra re\u00fane fotos e depoimentos produzidos a partir de encontros formativos que promoveram reflex\u00f5es sobre inclus\u00e3o, comunica\u00e7\u00e3o e uso das tecnologias no contexto do envelhecimento.<\/p>\n<p>&nbsp;<\/p>\n<p><strong>Como citar<\/strong>:<br \/>\nSOARES, N. M. M.; AMO\u00caDO, R. S. <em>O mundo digital para todos<\/em>: 50 + modernos. 1. ed. Manaus: Editora UEA, 2025.<\/p>\n<p>&nbsp;<\/p>\n<p><strong>Dispon\u00edvel em<\/strong>:<br \/>\n<a href=\"https:\/\/ri.uea.edu.br\/handle\/riuea\/7496\">https:\/\/ri.uea.edu.br\/handle\/riuea\/7496<\/a><\/p>\n","protected":false},"excerpt":{"rendered":"<p>O fotolivro, resultado do projeto de extens\u00e3o 50+ Modernos, desenvolvido na Universidade do Estado do Amazonas (UEA) entre abril e maio de 2024, tem como objetivo dar visibilidade \u00e0s trajet\u00f3rias, experi\u00eancias e vozes de pessoas com 50 anos ou mais. A obra re\u00fane fotos e depoimentos produzidos a partir de encontros formativos que promoveram reflex\u00f5es [&hellip;]<\/p>\n","protected":false},"featured_media":2332,"comment_status":"open","ping_status":"closed","template":"","meta":{"om_disable_all_campaigns":false,"_uag_custom_page_level_css":"","_monsterinsights_skip_tracking":false,"_monsterinsights_sitenote_active":false,"_monsterinsights_sitenote_note":"","_monsterinsights_sitenote_category":0,"site-sidebar-layout":"default","site-content-layout":"","ast-site-content-layout":"default","site-content-style":"default","site-sidebar-style":"default","ast-global-header-display":"","ast-banner-title-visibility":"","ast-main-header-display":"","ast-hfb-above-header-display":"","ast-hfb-below-header-display":"","ast-hfb-mobile-header-display":"","site-post-title":"","ast-breadcrumbs-content":"","ast-featured-img":"","footer-sml-layout":"","theme-transparent-header-meta":"default","adv-header-id-meta":"","stick-header-meta":"","header-above-stick-meta":"","header-main-stick-meta":"","header-below-stick-meta":"","astra-migrate-meta-layouts":"set","ast-page-background-enabled":"default","ast-page-background-meta":{"desktop":{"background-color":"var(--ast-global-color-4)","background-image":"","background-repeat":"repeat","background-position":"center center","background-size":"auto","background-attachment":"scroll","background-type":"","background-media":"","overlay-type":"","overlay-color":"","overlay-gradient":""},"tablet":{"background-color":"","background-image":"","background-repeat":"repeat","background-position":"center center","background-size":"auto","background-attachment":"scroll","background-type":"","background-media":"","overlay-type":"","overlay-color":"","overlay-gradient":""},"mobile":{"background-color":"","background-image":"","background-repeat":"repeat","background-position":"center center","background-size":"auto","background-attachment":"scroll","background-type":"","background-media":"","overlay-type":"","overlay-color":"","overlay-gradient":""}},"ast-content-background-meta":{"desktop":{"background-color":"var(--ast-global-color-5)","background-image":"","background-repeat":"repeat","background-position":"center center","background-size":"auto","background-attachment":"scroll","background-type":"","background-media":"","overlay-type":"","overlay-color":"","overlay-gradient":""},"tablet":{"background-color":"var(--ast-global-color-5)","background-image":"","background-repeat":"repeat","background-position":"center center","background-size":"auto","background-attachment":"scroll","background-type":"","background-media":"","overlay-type":"","overlay-color":"","overlay-gradient":""},"mobile":{"background-color":"var(--ast-global-color-5)","background-image":"","background-repeat":"repeat","background-position":"center center","background-size":"auto","background-attachment":"scroll","background-type":"","background-media":"","overlay-type":"","overlay-color":"","overlay-gradient":""}},"_themeisle_gutenberg_block_has_review":false},"product_cat":[40],"product_tag":[310,523],"aioseo_notices":[],"uagb_featured_image_src":{"full":["https:\/\/editora.uea.edu.br\/wp-content\/uploads\/2026\/01\/O-mundo-digital-para-todos-CAPA-scaled.jpg",2560,1810,false],"thumbnail":["https:\/\/editora.uea.edu.br\/wp-content\/uploads\/2026\/01\/O-mundo-digital-para-todos-CAPA-150x150.jpg",150,150,true],"medium":["https:\/\/editora.uea.edu.br\/wp-content\/uploads\/2026\/01\/O-mundo-digital-para-todos-CAPA-300x212.jpg",300,212,true],"medium_large":["https:\/\/editora.uea.edu.br\/wp-content\/uploads\/2026\/01\/O-mundo-digital-para-todos-CAPA-768x543.jpg",768,543,true],"large":["https:\/\/editora.uea.edu.br\/wp-content\/uploads\/2026\/01\/O-mundo-digital-para-todos-CAPA-800x566.jpg",800,566,true],"1536x1536":["https:\/\/editora.uea.edu.br\/wp-content\/uploads\/2026\/01\/O-mundo-digital-para-todos-CAPA-1536x1086.jpg",1536,1086,true],"2048x2048":["https:\/\/editora.uea.edu.br\/wp-content\/uploads\/2026\/01\/O-mundo-digital-para-todos-CAPA-2048x1448.jpg",2048,1448,true],"codesigner-thumb":["https:\/\/editora.uea.edu.br\/wp-content\/uploads\/2026\/01\/O-mundo-digital-para-todos-CAPA-400x400.jpg",400,400,true],"woocommerce_thumbnail":["https:\/\/editora.uea.edu.br\/wp-content\/uploads\/2026\/01\/O-mundo-digital-para-todos-CAPA-200x296.jpg",200,296,true],"woocommerce_single":["https:\/\/editora.uea.edu.br\/wp-content\/uploads\/2026\/01\/O-mundo-digital-para-todos-CAPA-200x141.jpg",200,141,true],"woocommerce_gallery_thumbnail":["https:\/\/editora.uea.edu.br\/wp-content\/uploads\/2026\/01\/O-mundo-digital-para-todos-CAPA-100x100.jpg",100,100,true]},"uagb_author_info":{"display_name":"editora","author_link":"https:\/\/editora.uea.edu.br\/?author=0"},"uagb_comment_info":0,"uagb_excerpt":"O fotolivro, resultado do projeto de extens\u00e3o 50+ Modernos, desenvolvido na Universidade do Estado do Amazonas (UEA) entre abril e maio de 2024, tem como objetivo dar visibilidade \u00e0s trajet\u00f3rias, experi\u00eancias e vozes de pessoas com 50 anos ou mais. A obra re\u00fane fotos e depoimentos produzidos a partir de encontros formativos que promoveram reflex\u00f5es&hellip;","_links":{"self":[{"href":"https:\/\/editora.uea.edu.br\/index.php?rest_route=\/wp\/v2\/product\/2331"}],"collection":[{"href":"https:\/\/editora.uea.edu.br\/index.php?rest_route=\/wp\/v2\/product"}],"about":[{"href":"https:\/\/editora.uea.edu.br\/index.php?rest_route=\/wp\/v2\/types\/product"}],"replies":[{"embeddable":true,"href":"https:\/\/editora.uea.edu.br\/index.php?rest_route=%2Fwp%2Fv2%2Fcomments&post=2331"}],"wp:featuredmedia":[{"embeddable":true,"href":"https:\/\/editora.uea.edu.br\/index.php?rest_route=\/wp\/v2\/media\/2332"}],"wp:attachment":[{"href":"https:\/\/editora.uea.edu.br\/index.php?rest_route=%2Fwp%2Fv2%2Fmedia&parent=2331"}],"wp:term":[{"taxonomy":"product_cat","embeddable":true,"href":"https:\/\/editora.uea.edu.br\/index.php?rest_route=%2Fwp%2Fv2%2Fproduct_cat&post=2331"},{"taxonomy":"product_tag","embeddable":true,"href":"https:\/\/editora.uea.edu.br\/index.php?rest_route=%2Fwp%2Fv2%2Fproduct_tag&post=2331"}],"curies":[{"name":"wp","href":"https:\/\/api.w.org\/{rel}","templated":true}]}}