{"id":2329,"date":"2026-01-20T08:43:56","date_gmt":"2026-01-20T12:43:56","guid":{"rendered":"https:\/\/editora.uea.edu.br\/?post_type=product&#038;p=2329"},"modified":"2026-01-20T10:53:25","modified_gmt":"2026-01-20T14:53:25","slug":"colecao-abacaba-de-minicontos-inspirados-na-jornada-do-heroi","status":"publish","type":"product","link":"https:\/\/editora.uea.edu.br\/?product=colecao-abacaba-de-minicontos-inspirados-na-jornada-do-heroi","title":{"rendered":"Cole\u00e7\u00e3o Abacaba de minicontos inspirados na jornada do her\u00f3i"},"content":{"rendered":"<p>Organizada por professores do curso de Licenciatura em Letras \u2014 L\u00edngua Inglesa da Universidade do Estado do Amazonas (UEA), a obra re\u00fane 18 minicontos apresentados em portugu\u00eas e ingl\u00eas. Inspiradas no monomito de Campbell, as narrativas retratam personagens que enfrentam desafios e se transformam em lendas, articulando elementos da cultura amaz\u00f4nica ao simbolismo da palavra abacaba, que remete tanto a uma fruta regional quanto a hist\u00f3rias inventadas.<\/p>\n<p>&nbsp;<\/p>\n<p><strong>Como citar<\/strong>:<br \/>\nAMORIM, E.; GOMES, T. E. (orgs.). <em>Cole\u00e7\u00e3o Abacaba<\/em>: minicontos inspirados na jornada do her\u00f3i. 1. ed. Manaus: Editora UEA, 2025.<\/p>\n<p>&nbsp;<\/p>\n<p><strong>Dispon\u00edvel em<\/strong>:<br \/>\n<a href=\"https:\/\/ri.uea.edu.br\/handle\/riuea\/7987\">https:\/\/ri.uea.edu.br\/handle\/riuea\/7987<\/a><\/p>\n","protected":false},"excerpt":{"rendered":"<p>Organizada por professores do curso de Licenciatura em Letras \u2014 L\u00edngua Inglesa da Universidade do Estado do Amazonas (UEA), a obra re\u00fane 18 minicontos apresentados em portugu\u00eas e ingl\u00eas. Inspiradas no monomito de Campbell, as narrativas retratam personagens que enfrentam desafios e se transformam em lendas, articulando elementos da cultura amaz\u00f4nica ao simbolismo da palavra [&hellip;]<\/p>\n","protected":false},"featured_media":2330,"comment_status":"open","ping_status":"closed","template":"","meta":{"om_disable_all_campaigns":false,"_uag_custom_page_level_css":"","_monsterinsights_skip_tracking":false,"_monsterinsights_sitenote_active":false,"_monsterinsights_sitenote_note":"","_monsterinsights_sitenote_category":0,"site-sidebar-layout":"default","site-content-layout":"","ast-site-content-layout":"default","site-content-style":"default","site-sidebar-style":"default","ast-global-header-display":"","ast-banner-title-visibility":"","ast-main-header-display":"","ast-hfb-above-header-display":"","ast-hfb-below-header-display":"","ast-hfb-mobile-header-display":"","site-post-title":"","ast-breadcrumbs-content":"","ast-featured-img":"","footer-sml-layout":"","theme-transparent-header-meta":"default","adv-header-id-meta":"","stick-header-meta":"","header-above-stick-meta":"","header-main-stick-meta":"","header-below-stick-meta":"","astra-migrate-meta-layouts":"set","ast-page-background-enabled":"default","ast-page-background-meta":{"desktop":{"background-color":"var(--ast-global-color-4)","background-image":"","background-repeat":"repeat","background-position":"center center","background-size":"auto","background-attachment":"scroll","background-type":"","background-media":"","overlay-type":"","overlay-color":"","overlay-gradient":""},"tablet":{"background-color":"","background-image":"","background-repeat":"repeat","background-position":"center center","background-size":"auto","background-attachment":"scroll","background-type":"","background-media":"","overlay-type":"","overlay-color":"","overlay-gradient":""},"mobile":{"background-color":"","background-image":"","background-repeat":"repeat","background-position":"center center","background-size":"auto","background-attachment":"scroll","background-type":"","background-media":"","overlay-type":"","overlay-color":"","overlay-gradient":""}},"ast-content-background-meta":{"desktop":{"background-color":"var(--ast-global-color-5)","background-image":"","background-repeat":"repeat","background-position":"center center","background-size":"auto","background-attachment":"scroll","background-type":"","background-media":"","overlay-type":"","overlay-color":"","overlay-gradient":""},"tablet":{"background-color":"var(--ast-global-color-5)","background-image":"","background-repeat":"repeat","background-position":"center center","background-size":"auto","background-attachment":"scroll","background-type":"","background-media":"","overlay-type":"","overlay-color":"","overlay-gradient":""},"mobile":{"background-color":"var(--ast-global-color-5)","background-image":"","background-repeat":"repeat","background-position":"center center","background-size":"auto","background-attachment":"scroll","background-type":"","background-media":"","overlay-type":"","overlay-color":"","overlay-gradient":""}},"_themeisle_gutenberg_block_has_review":false},"product_cat":[230,20,232],"product_tag":[554,464],"aioseo_notices":[],"uagb_featured_image_src":{"full":["https:\/\/editora.uea.edu.br\/wp-content\/uploads\/2026\/01\/Colecao-Abacaba-CAPA.gif",425,595,false],"thumbnail":["https:\/\/editora.uea.edu.br\/wp-content\/uploads\/2026\/01\/Colecao-Abacaba-CAPA-150x150.gif",150,150,true],"medium":["https:\/\/editora.uea.edu.br\/wp-content\/uploads\/2026\/01\/Colecao-Abacaba-CAPA-214x300.gif",214,300,true],"medium_large":["https:\/\/editora.uea.edu.br\/wp-content\/uploads\/2026\/01\/Colecao-Abacaba-CAPA.gif",425,595,false],"large":["https:\/\/editora.uea.edu.br\/wp-content\/uploads\/2026\/01\/Colecao-Abacaba-CAPA.gif",425,595,false],"1536x1536":["https:\/\/editora.uea.edu.br\/wp-content\/uploads\/2026\/01\/Colecao-Abacaba-CAPA.gif",425,595,false],"2048x2048":["https:\/\/editora.uea.edu.br\/wp-content\/uploads\/2026\/01\/Colecao-Abacaba-CAPA.gif",425,595,false],"codesigner-thumb":["https:\/\/editora.uea.edu.br\/wp-content\/uploads\/2026\/01\/Colecao-Abacaba-CAPA-400x400.gif",400,400,true],"woocommerce_thumbnail":["https:\/\/editora.uea.edu.br\/wp-content\/uploads\/2026\/01\/Colecao-Abacaba-CAPA-200x296.gif",200,296,true],"woocommerce_single":["https:\/\/editora.uea.edu.br\/wp-content\/uploads\/2026\/01\/Colecao-Abacaba-CAPA-200x280.gif",200,280,true],"woocommerce_gallery_thumbnail":["https:\/\/editora.uea.edu.br\/wp-content\/uploads\/2026\/01\/Colecao-Abacaba-CAPA-100x100.gif",100,100,true]},"uagb_author_info":{"display_name":"editora","author_link":"https:\/\/editora.uea.edu.br\/?author=0"},"uagb_comment_info":0,"uagb_excerpt":"Organizada por professores do curso de Licenciatura em Letras \u2014 L\u00edngua Inglesa da Universidade do Estado do Amazonas (UEA), a obra re\u00fane 18 minicontos apresentados em portugu\u00eas e ingl\u00eas. Inspiradas no monomito de Campbell, as narrativas retratam personagens que enfrentam desafios e se transformam em lendas, articulando elementos da cultura amaz\u00f4nica ao simbolismo da palavra&hellip;","_links":{"self":[{"href":"https:\/\/editora.uea.edu.br\/index.php?rest_route=\/wp\/v2\/product\/2329"}],"collection":[{"href":"https:\/\/editora.uea.edu.br\/index.php?rest_route=\/wp\/v2\/product"}],"about":[{"href":"https:\/\/editora.uea.edu.br\/index.php?rest_route=\/wp\/v2\/types\/product"}],"replies":[{"embeddable":true,"href":"https:\/\/editora.uea.edu.br\/index.php?rest_route=%2Fwp%2Fv2%2Fcomments&post=2329"}],"wp:featuredmedia":[{"embeddable":true,"href":"https:\/\/editora.uea.edu.br\/index.php?rest_route=\/wp\/v2\/media\/2330"}],"wp:attachment":[{"href":"https:\/\/editora.uea.edu.br\/index.php?rest_route=%2Fwp%2Fv2%2Fmedia&parent=2329"}],"wp:term":[{"taxonomy":"product_cat","embeddable":true,"href":"https:\/\/editora.uea.edu.br\/index.php?rest_route=%2Fwp%2Fv2%2Fproduct_cat&post=2329"},{"taxonomy":"product_tag","embeddable":true,"href":"https:\/\/editora.uea.edu.br\/index.php?rest_route=%2Fwp%2Fv2%2Fproduct_tag&post=2329"}],"curies":[{"name":"wp","href":"https:\/\/api.w.org\/{rel}","templated":true}]}}