{"id":2324,"date":"2026-01-20T08:12:56","date_gmt":"2026-01-20T12:12:56","guid":{"rendered":"https:\/\/editora.uea.edu.br\/?post_type=product&#038;p=2324"},"modified":"2026-01-20T10:51:46","modified_gmt":"2026-01-20T14:51:46","slug":"campo-do-conhecimento-de-pesquisa-do-ensino-da-matematica","status":"publish","type":"product","link":"https:\/\/editora.uea.edu.br\/?product=campo-do-conhecimento-de-pesquisa-do-ensino-da-matematica","title":{"rendered":"Campo do conhecimento de pesquisa do ensino da Matem\u00e1tica"},"content":{"rendered":"<p>O trabalho integra a cole\u00e7\u00e3o Educa\u00e7\u00e3o no campo, nas \u00e1guas e nas florestas: tecendo curr\u00edculos de forma\u00e7\u00e3o de professores no contexto amaz\u00f4nico e discute o ensino de Matem\u00e1tica a partir de uma perspectiva contextualizada, articulada \u00e0 realidade amaz\u00f4nica. Destaca o papel do professor como mediador cr\u00edtico diante dos desafios estruturais do territ\u00f3rio, valorizando pr\u00e1ticas pedag\u00f3gicas que aproximem o conhecimento matem\u00e1tico do cotidiano dos estudantes e contribuam para a forma\u00e7\u00e3o acad\u00eamica, cultural e comunit\u00e1ria.<\/p>\n<p>&nbsp;<\/p>\n<p><strong>Como citar<\/strong>:<br \/>\nSANTOS, E. A. <em>Campo do conhecimento de pesquisa do ensino da Matem\u00e1tica<\/em>. 1. ed. Manaus: Editora UEA, 2025.<\/p>\n<p>&nbsp;<\/p>\n<p><strong>Dispon\u00edvel em<\/strong>:<br \/>\n<a href=\"https:\/\/ri.uea.edu.br\/handle\/riuea\/7985\">https:\/\/ri.uea.edu.br\/handle\/riuea\/7985<\/a><\/p>\n","protected":false},"excerpt":{"rendered":"<p>O trabalho integra a cole\u00e7\u00e3o Educa\u00e7\u00e3o no campo, nas \u00e1guas e nas florestas: tecendo curr\u00edculos de forma\u00e7\u00e3o de professores no contexto amaz\u00f4nico e discute o ensino de Matem\u00e1tica a partir de uma perspectiva contextualizada, articulada \u00e0 realidade amaz\u00f4nica. Destaca o papel do professor como mediador cr\u00edtico diante dos desafios estruturais do territ\u00f3rio, valorizando pr\u00e1ticas pedag\u00f3gicas [&hellip;]<\/p>\n","protected":false},"featured_media":2325,"comment_status":"open","ping_status":"closed","template":"","meta":{"om_disable_all_campaigns":false,"_uag_custom_page_level_css":"","_monsterinsights_skip_tracking":false,"_monsterinsights_sitenote_active":false,"_monsterinsights_sitenote_note":"","_monsterinsights_sitenote_category":0,"site-sidebar-layout":"default","site-content-layout":"","ast-site-content-layout":"default","site-content-style":"default","site-sidebar-style":"default","ast-global-header-display":"","ast-banner-title-visibility":"","ast-main-header-display":"","ast-hfb-above-header-display":"","ast-hfb-below-header-display":"","ast-hfb-mobile-header-display":"","site-post-title":"","ast-breadcrumbs-content":"","ast-featured-img":"","footer-sml-layout":"","theme-transparent-header-meta":"default","adv-header-id-meta":"","stick-header-meta":"","header-above-stick-meta":"","header-main-stick-meta":"","header-below-stick-meta":"","astra-migrate-meta-layouts":"set","ast-page-background-enabled":"default","ast-page-background-meta":{"desktop":{"background-color":"var(--ast-global-color-4)","background-image":"","background-repeat":"repeat","background-position":"center center","background-size":"auto","background-attachment":"scroll","background-type":"","background-media":"","overlay-type":"","overlay-color":"","overlay-gradient":""},"tablet":{"background-color":"","background-image":"","background-repeat":"repeat","background-position":"center center","background-size":"auto","background-attachment":"scroll","background-type":"","background-media":"","overlay-type":"","overlay-color":"","overlay-gradient":""},"mobile":{"background-color":"","background-image":"","background-repeat":"repeat","background-position":"center center","background-size":"auto","background-attachment":"scroll","background-type":"","background-media":"","overlay-type":"","overlay-color":"","overlay-gradient":""}},"ast-content-background-meta":{"desktop":{"background-color":"var(--ast-global-color-5)","background-image":"","background-repeat":"repeat","background-position":"center center","background-size":"auto","background-attachment":"scroll","background-type":"","background-media":"","overlay-type":"","overlay-color":"","overlay-gradient":""},"tablet":{"background-color":"var(--ast-global-color-5)","background-image":"","background-repeat":"repeat","background-position":"center center","background-size":"auto","background-attachment":"scroll","background-type":"","background-media":"","overlay-type":"","overlay-color":"","overlay-gradient":""},"mobile":{"background-color":"var(--ast-global-color-5)","background-image":"","background-repeat":"repeat","background-position":"center center","background-size":"auto","background-attachment":"scroll","background-type":"","background-media":"","overlay-type":"","overlay-color":"","overlay-gradient":""}},"_themeisle_gutenberg_block_has_review":false},"product_cat":[511,73,438],"product_tag":[552],"aioseo_notices":[],"uagb_featured_image_src":{"full":["https:\/\/editora.uea.edu.br\/wp-content\/uploads\/2026\/01\/Campo-do-conhecimento-de-pesquisa-do-ensino-da-Matematica.png",2481,3508,false],"thumbnail":["https:\/\/editora.uea.edu.br\/wp-content\/uploads\/2026\/01\/Campo-do-conhecimento-de-pesquisa-do-ensino-da-Matematica-150x150.png",150,150,true],"medium":["https:\/\/editora.uea.edu.br\/wp-content\/uploads\/2026\/01\/Campo-do-conhecimento-de-pesquisa-do-ensino-da-Matematica-212x300.png",212,300,true],"medium_large":["https:\/\/editora.uea.edu.br\/wp-content\/uploads\/2026\/01\/Campo-do-conhecimento-de-pesquisa-do-ensino-da-Matematica-768x1086.png",768,1086,true],"large":["https:\/\/editora.uea.edu.br\/wp-content\/uploads\/2026\/01\/Campo-do-conhecimento-de-pesquisa-do-ensino-da-Matematica-566x800.png",566,800,true],"1536x1536":["https:\/\/editora.uea.edu.br\/wp-content\/uploads\/2026\/01\/Campo-do-conhecimento-de-pesquisa-do-ensino-da-Matematica-1086x1536.png",1086,1536,true],"2048x2048":["https:\/\/editora.uea.edu.br\/wp-content\/uploads\/2026\/01\/Campo-do-conhecimento-de-pesquisa-do-ensino-da-Matematica-1448x2048.png",1448,2048,true],"codesigner-thumb":["https:\/\/editora.uea.edu.br\/wp-content\/uploads\/2026\/01\/Campo-do-conhecimento-de-pesquisa-do-ensino-da-Matematica-400x400.png",400,400,true],"woocommerce_thumbnail":["https:\/\/editora.uea.edu.br\/wp-content\/uploads\/2026\/01\/Campo-do-conhecimento-de-pesquisa-do-ensino-da-Matematica-200x296.png",200,296,true],"woocommerce_single":["https:\/\/editora.uea.edu.br\/wp-content\/uploads\/2026\/01\/Campo-do-conhecimento-de-pesquisa-do-ensino-da-Matematica-200x283.png",200,283,true],"woocommerce_gallery_thumbnail":["https:\/\/editora.uea.edu.br\/wp-content\/uploads\/2026\/01\/Campo-do-conhecimento-de-pesquisa-do-ensino-da-Matematica-100x100.png",100,100,true]},"uagb_author_info":{"display_name":"editora","author_link":"https:\/\/editora.uea.edu.br\/?author=0"},"uagb_comment_info":0,"uagb_excerpt":"O trabalho integra a cole\u00e7\u00e3o Educa\u00e7\u00e3o no campo, nas \u00e1guas e nas florestas: tecendo curr\u00edculos de forma\u00e7\u00e3o de professores no contexto amaz\u00f4nico e discute o ensino de Matem\u00e1tica a partir de uma perspectiva contextualizada, articulada \u00e0 realidade amaz\u00f4nica. Destaca o papel do professor como mediador cr\u00edtico diante dos desafios estruturais do territ\u00f3rio, valorizando pr\u00e1ticas pedag\u00f3gicas&hellip;","_links":{"self":[{"href":"https:\/\/editora.uea.edu.br\/index.php?rest_route=\/wp\/v2\/product\/2324"}],"collection":[{"href":"https:\/\/editora.uea.edu.br\/index.php?rest_route=\/wp\/v2\/product"}],"about":[{"href":"https:\/\/editora.uea.edu.br\/index.php?rest_route=\/wp\/v2\/types\/product"}],"replies":[{"embeddable":true,"href":"https:\/\/editora.uea.edu.br\/index.php?rest_route=%2Fwp%2Fv2%2Fcomments&post=2324"}],"wp:featuredmedia":[{"embeddable":true,"href":"https:\/\/editora.uea.edu.br\/index.php?rest_route=\/wp\/v2\/media\/2325"}],"wp:attachment":[{"href":"https:\/\/editora.uea.edu.br\/index.php?rest_route=%2Fwp%2Fv2%2Fmedia&parent=2324"}],"wp:term":[{"taxonomy":"product_cat","embeddable":true,"href":"https:\/\/editora.uea.edu.br\/index.php?rest_route=%2Fwp%2Fv2%2Fproduct_cat&post=2324"},{"taxonomy":"product_tag","embeddable":true,"href":"https:\/\/editora.uea.edu.br\/index.php?rest_route=%2Fwp%2Fv2%2Fproduct_tag&post=2324"}],"curies":[{"name":"wp","href":"https:\/\/api.w.org\/{rel}","templated":true}]}}