{"id":2321,"date":"2026-01-19T14:58:35","date_gmt":"2026-01-19T18:58:35","guid":{"rendered":"https:\/\/editora.uea.edu.br\/?post_type=product&#038;p=2321"},"modified":"2026-01-20T10:51:13","modified_gmt":"2026-01-20T14:51:13","slug":"crianca-sociedade-e-cultura-no-do-campo-no-contexto-amazonico","status":"publish","type":"product","link":"https:\/\/editora.uea.edu.br\/?product=crianca-sociedade-e-cultura-no-do-campo-no-contexto-amazonico","title":{"rendered":"Crian\u00e7a, sociedade e cultura no\/do campo no contexto amaz\u00f4nico"},"content":{"rendered":"<p>O trabalho integra a cole\u00e7\u00e3o Educa\u00e7\u00e3o do campo, das \u00e1guas e das florestas: tecendo curr\u00edculos para a forma\u00e7\u00e3o de professores no contexto amaz\u00f4nico e prop\u00f5e uma reflex\u00e3o cr\u00edtica sobre as inf\u00e2ncias no contexto amaz\u00f4nico. Organizado em unidades, aborda os fundamentos epistemol\u00f3gicos sobre crian\u00e7a e inf\u00e2ncia, a diversidade sociocultural e educacional dos territ\u00f3rios amaz\u00f4nicos e a influ\u00eancia da cultura escolar na educa\u00e7\u00e3o infantil, discutindo pol\u00edticas p\u00fablicas, culturas infantis, pr\u00e1ticas sociais e o brincar, a partir da realidade das crian\u00e7as do campo.<\/p>\n<p>&nbsp;<\/p>\n<p><strong>Como citar<\/strong>:<br \/>\nSOUZA, A. M.; SILVA, K. R. M. <em>Crian\u00e7a, sociedade e cultura no\/do campo no contexto amaz\u00f4nico<\/em>. 1. ed. Manaus: Editora UEA, 2025.<\/p>\n<p>&nbsp;<\/p>\n<p><strong>Dispon\u00edvel em<\/strong>:<br \/>\n<a href=\"https:\/\/ri.uea.edu.br\/handle\/riuea\/7984\">https:\/\/ri.uea.edu.br\/handle\/riuea\/7984<\/a><\/p>\n","protected":false},"excerpt":{"rendered":"<p>O trabalho integra a cole\u00e7\u00e3o Educa\u00e7\u00e3o do campo, das \u00e1guas e das florestas: tecendo curr\u00edculos para a forma\u00e7\u00e3o de professores no contexto amaz\u00f4nico e prop\u00f5e uma reflex\u00e3o cr\u00edtica sobre as inf\u00e2ncias no contexto amaz\u00f4nico. Organizado em unidades, aborda os fundamentos epistemol\u00f3gicos sobre crian\u00e7a e inf\u00e2ncia, a diversidade sociocultural e educacional dos territ\u00f3rios amaz\u00f4nicos e a [&hellip;]<\/p>\n","protected":false},"featured_media":2322,"comment_status":"open","ping_status":"closed","template":"","meta":{"om_disable_all_campaigns":false,"_uag_custom_page_level_css":"","_monsterinsights_skip_tracking":false,"_monsterinsights_sitenote_active":false,"_monsterinsights_sitenote_note":"","_monsterinsights_sitenote_category":0,"site-sidebar-layout":"default","site-content-layout":"","ast-site-content-layout":"default","site-content-style":"default","site-sidebar-style":"default","ast-global-header-display":"","ast-banner-title-visibility":"","ast-main-header-display":"","ast-hfb-above-header-display":"","ast-hfb-below-header-display":"","ast-hfb-mobile-header-display":"","site-post-title":"","ast-breadcrumbs-content":"","ast-featured-img":"","footer-sml-layout":"","theme-transparent-header-meta":"default","adv-header-id-meta":"","stick-header-meta":"","header-above-stick-meta":"","header-main-stick-meta":"","header-below-stick-meta":"","astra-migrate-meta-layouts":"set","ast-page-background-enabled":"default","ast-page-background-meta":{"desktop":{"background-color":"var(--ast-global-color-4)","background-image":"","background-repeat":"repeat","background-position":"center center","background-size":"auto","background-attachment":"scroll","background-type":"","background-media":"","overlay-type":"","overlay-color":"","overlay-gradient":""},"tablet":{"background-color":"","background-image":"","background-repeat":"repeat","background-position":"center center","background-size":"auto","background-attachment":"scroll","background-type":"","background-media":"","overlay-type":"","overlay-color":"","overlay-gradient":""},"mobile":{"background-color":"","background-image":"","background-repeat":"repeat","background-position":"center center","background-size":"auto","background-attachment":"scroll","background-type":"","background-media":"","overlay-type":"","overlay-color":"","overlay-gradient":""}},"ast-content-background-meta":{"desktop":{"background-color":"var(--ast-global-color-5)","background-image":"","background-repeat":"repeat","background-position":"center center","background-size":"auto","background-attachment":"scroll","background-type":"","background-media":"","overlay-type":"","overlay-color":"","overlay-gradient":""},"tablet":{"background-color":"var(--ast-global-color-5)","background-image":"","background-repeat":"repeat","background-position":"center center","background-size":"auto","background-attachment":"scroll","background-type":"","background-media":"","overlay-type":"","overlay-color":"","overlay-gradient":""},"mobile":{"background-color":"var(--ast-global-color-5)","background-image":"","background-repeat":"repeat","background-position":"center center","background-size":"auto","background-attachment":"scroll","background-type":"","background-media":"","overlay-type":"","overlay-color":"","overlay-gradient":""}},"_themeisle_gutenberg_block_has_review":false},"product_cat":[511,73],"product_tag":[550,548],"aioseo_notices":[],"uagb_featured_image_src":{"full":["https:\/\/editora.uea.edu.br\/wp-content\/uploads\/2026\/01\/Crianca-sociedade-e-cultura-no-do-campo-no-contexto-amazonico-12.png",2481,3508,false],"thumbnail":["https:\/\/editora.uea.edu.br\/wp-content\/uploads\/2026\/01\/Crianca-sociedade-e-cultura-no-do-campo-no-contexto-amazonico-12-150x150.png",150,150,true],"medium":["https:\/\/editora.uea.edu.br\/wp-content\/uploads\/2026\/01\/Crianca-sociedade-e-cultura-no-do-campo-no-contexto-amazonico-12-212x300.png",212,300,true],"medium_large":["https:\/\/editora.uea.edu.br\/wp-content\/uploads\/2026\/01\/Crianca-sociedade-e-cultura-no-do-campo-no-contexto-amazonico-12-768x1086.png",768,1086,true],"large":["https:\/\/editora.uea.edu.br\/wp-content\/uploads\/2026\/01\/Crianca-sociedade-e-cultura-no-do-campo-no-contexto-amazonico-12-566x800.png",566,800,true],"1536x1536":["https:\/\/editora.uea.edu.br\/wp-content\/uploads\/2026\/01\/Crianca-sociedade-e-cultura-no-do-campo-no-contexto-amazonico-12-1086x1536.png",1086,1536,true],"2048x2048":["https:\/\/editora.uea.edu.br\/wp-content\/uploads\/2026\/01\/Crianca-sociedade-e-cultura-no-do-campo-no-contexto-amazonico-12-1448x2048.png",1448,2048,true],"codesigner-thumb":["https:\/\/editora.uea.edu.br\/wp-content\/uploads\/2026\/01\/Crianca-sociedade-e-cultura-no-do-campo-no-contexto-amazonico-12-400x400.png",400,400,true],"woocommerce_thumbnail":["https:\/\/editora.uea.edu.br\/wp-content\/uploads\/2026\/01\/Crianca-sociedade-e-cultura-no-do-campo-no-contexto-amazonico-12-200x296.png",200,296,true],"woocommerce_single":["https:\/\/editora.uea.edu.br\/wp-content\/uploads\/2026\/01\/Crianca-sociedade-e-cultura-no-do-campo-no-contexto-amazonico-12-200x283.png",200,283,true],"woocommerce_gallery_thumbnail":["https:\/\/editora.uea.edu.br\/wp-content\/uploads\/2026\/01\/Crianca-sociedade-e-cultura-no-do-campo-no-contexto-amazonico-12-100x100.png",100,100,true]},"uagb_author_info":{"display_name":"editora","author_link":"https:\/\/editora.uea.edu.br\/?author=0"},"uagb_comment_info":0,"uagb_excerpt":"O trabalho integra a cole\u00e7\u00e3o Educa\u00e7\u00e3o do campo, das \u00e1guas e das florestas: tecendo curr\u00edculos para a forma\u00e7\u00e3o de professores no contexto amaz\u00f4nico e prop\u00f5e uma reflex\u00e3o cr\u00edtica sobre as inf\u00e2ncias no contexto amaz\u00f4nico. Organizado em unidades, aborda os fundamentos epistemol\u00f3gicos sobre crian\u00e7a e inf\u00e2ncia, a diversidade sociocultural e educacional dos territ\u00f3rios amaz\u00f4nicos e a&hellip;","_links":{"self":[{"href":"https:\/\/editora.uea.edu.br\/index.php?rest_route=\/wp\/v2\/product\/2321"}],"collection":[{"href":"https:\/\/editora.uea.edu.br\/index.php?rest_route=\/wp\/v2\/product"}],"about":[{"href":"https:\/\/editora.uea.edu.br\/index.php?rest_route=\/wp\/v2\/types\/product"}],"replies":[{"embeddable":true,"href":"https:\/\/editora.uea.edu.br\/index.php?rest_route=%2Fwp%2Fv2%2Fcomments&post=2321"}],"wp:featuredmedia":[{"embeddable":true,"href":"https:\/\/editora.uea.edu.br\/index.php?rest_route=\/wp\/v2\/media\/2322"}],"wp:attachment":[{"href":"https:\/\/editora.uea.edu.br\/index.php?rest_route=%2Fwp%2Fv2%2Fmedia&parent=2321"}],"wp:term":[{"taxonomy":"product_cat","embeddable":true,"href":"https:\/\/editora.uea.edu.br\/index.php?rest_route=%2Fwp%2Fv2%2Fproduct_cat&post=2321"},{"taxonomy":"product_tag","embeddable":true,"href":"https:\/\/editora.uea.edu.br\/index.php?rest_route=%2Fwp%2Fv2%2Fproduct_tag&post=2321"}],"curies":[{"name":"wp","href":"https:\/\/api.w.org\/{rel}","templated":true}]}}