{"id":2317,"date":"2026-01-19T14:35:15","date_gmt":"2026-01-19T18:35:15","guid":{"rendered":"https:\/\/editora.uea.edu.br\/?post_type=product&#038;p=2317"},"modified":"2026-01-20T10:48:27","modified_gmt":"2026-01-20T14:48:27","slug":"organizacao-e-educacao-comunitaria","status":"publish","type":"product","link":"https:\/\/editora.uea.edu.br\/?product=organizacao-e-educacao-comunitaria","title":{"rendered":"Organiza\u00e7\u00e3o e Educa\u00e7\u00e3o Comunit\u00e1ria"},"content":{"rendered":"<p>A obra integra a cole\u00e7\u00e3o Educa\u00e7\u00e3o do campo, das \u00e1guas e das florestas: tecendo curr\u00edculos de forma\u00e7\u00e3o de professores no contexto amaz\u00f4nico e apresenta os fundamentos te\u00f3ricos da organiza\u00e7\u00e3o comunit\u00e1ria e da participa\u00e7\u00e3o popular no contexto do campo, compreendendo a educa\u00e7\u00e3o comunit\u00e1ria como via de mobiliza\u00e7\u00e3o social. Discute a rela\u00e7\u00e3o entre trabalho e educa\u00e7\u00e3o, os processos educativos populares, os movimentos sociais e as experi\u00eancias amaz\u00f4nicas, destacando a educa\u00e7\u00e3o libertadora e a altern\u00e2ncia como caminhos para a forma\u00e7\u00e3o da consci\u00eancia cr\u00edtica e a transforma\u00e7\u00e3o social no\/do campo.<\/p>\n<p>&nbsp;<\/p>\n<p><strong>Como citar<\/strong>:<br \/>\nSILVA, G. M. <em>Organiza\u00e7\u00e3o e Educa\u00e7\u00e3o Comunit\u00e1ria<\/em>. 1. ed. Manaus: Editora UEA, 2025.<\/p>\n<p>&nbsp;<\/p>\n<p><strong>Dispon\u00edvel em<\/strong>:<br \/>\n<a href=\"https:\/\/ri.uea.edu.br\/handle\/riuea\/7982\">https:\/\/ri.uea.edu.br\/handle\/riuea\/7982<\/a><\/p>\n","protected":false},"excerpt":{"rendered":"<p>A obra integra a cole\u00e7\u00e3o Educa\u00e7\u00e3o do campo, das \u00e1guas e das florestas: tecendo curr\u00edculos de forma\u00e7\u00e3o de professores no contexto amaz\u00f4nico e apresenta os fundamentos te\u00f3ricos da organiza\u00e7\u00e3o comunit\u00e1ria e da participa\u00e7\u00e3o popular no contexto do campo, compreendendo a educa\u00e7\u00e3o comunit\u00e1ria como via de mobiliza\u00e7\u00e3o social. Discute a rela\u00e7\u00e3o entre trabalho e educa\u00e7\u00e3o, os [&hellip;]<\/p>\n","protected":false},"featured_media":2318,"comment_status":"open","ping_status":"closed","template":"","meta":{"om_disable_all_campaigns":false,"_uag_custom_page_level_css":"","_monsterinsights_skip_tracking":false,"_monsterinsights_sitenote_active":false,"_monsterinsights_sitenote_note":"","_monsterinsights_sitenote_category":0,"site-sidebar-layout":"default","site-content-layout":"","ast-site-content-layout":"default","site-content-style":"default","site-sidebar-style":"default","ast-global-header-display":"","ast-banner-title-visibility":"","ast-main-header-display":"","ast-hfb-above-header-display":"","ast-hfb-below-header-display":"","ast-hfb-mobile-header-display":"","site-post-title":"","ast-breadcrumbs-content":"","ast-featured-img":"","footer-sml-layout":"","theme-transparent-header-meta":"default","adv-header-id-meta":"","stick-header-meta":"","header-above-stick-meta":"","header-main-stick-meta":"","header-below-stick-meta":"","astra-migrate-meta-layouts":"set","ast-page-background-enabled":"default","ast-page-background-meta":{"desktop":{"background-color":"var(--ast-global-color-4)","background-image":"","background-repeat":"repeat","background-position":"center center","background-size":"auto","background-attachment":"scroll","background-type":"","background-media":"","overlay-type":"","overlay-color":"","overlay-gradient":""},"tablet":{"background-color":"","background-image":"","background-repeat":"repeat","background-position":"center center","background-size":"auto","background-attachment":"scroll","background-type":"","background-media":"","overlay-type":"","overlay-color":"","overlay-gradient":""},"mobile":{"background-color":"","background-image":"","background-repeat":"repeat","background-position":"center center","background-size":"auto","background-attachment":"scroll","background-type":"","background-media":"","overlay-type":"","overlay-color":"","overlay-gradient":""}},"ast-content-background-meta":{"desktop":{"background-color":"var(--ast-global-color-5)","background-image":"","background-repeat":"repeat","background-position":"center center","background-size":"auto","background-attachment":"scroll","background-type":"","background-media":"","overlay-type":"","overlay-color":"","overlay-gradient":""},"tablet":{"background-color":"var(--ast-global-color-5)","background-image":"","background-repeat":"repeat","background-position":"center center","background-size":"auto","background-attachment":"scroll","background-type":"","background-media":"","overlay-type":"","overlay-color":"","overlay-gradient":""},"mobile":{"background-color":"var(--ast-global-color-5)","background-image":"","background-repeat":"repeat","background-position":"center center","background-size":"auto","background-attachment":"scroll","background-type":"","background-media":"","overlay-type":"","overlay-color":"","overlay-gradient":""}},"_themeisle_gutenberg_block_has_review":false},"product_cat":[511,73],"product_tag":[547],"aioseo_notices":[],"uagb_featured_image_src":{"full":["https:\/\/editora.uea.edu.br\/wp-content\/uploads\/2026\/01\/Organizacao-e-educacao-comunitaria-14.png",2481,3508,false],"thumbnail":["https:\/\/editora.uea.edu.br\/wp-content\/uploads\/2026\/01\/Organizacao-e-educacao-comunitaria-14-150x150.png",150,150,true],"medium":["https:\/\/editora.uea.edu.br\/wp-content\/uploads\/2026\/01\/Organizacao-e-educacao-comunitaria-14-212x300.png",212,300,true],"medium_large":["https:\/\/editora.uea.edu.br\/wp-content\/uploads\/2026\/01\/Organizacao-e-educacao-comunitaria-14-768x1086.png",768,1086,true],"large":["https:\/\/editora.uea.edu.br\/wp-content\/uploads\/2026\/01\/Organizacao-e-educacao-comunitaria-14-566x800.png",566,800,true],"1536x1536":["https:\/\/editora.uea.edu.br\/wp-content\/uploads\/2026\/01\/Organizacao-e-educacao-comunitaria-14-1086x1536.png",1086,1536,true],"2048x2048":["https:\/\/editora.uea.edu.br\/wp-content\/uploads\/2026\/01\/Organizacao-e-educacao-comunitaria-14-1448x2048.png",1448,2048,true],"codesigner-thumb":["https:\/\/editora.uea.edu.br\/wp-content\/uploads\/2026\/01\/Organizacao-e-educacao-comunitaria-14-400x400.png",400,400,true],"woocommerce_thumbnail":["https:\/\/editora.uea.edu.br\/wp-content\/uploads\/2026\/01\/Organizacao-e-educacao-comunitaria-14-200x296.png",200,296,true],"woocommerce_single":["https:\/\/editora.uea.edu.br\/wp-content\/uploads\/2026\/01\/Organizacao-e-educacao-comunitaria-14-200x283.png",200,283,true],"woocommerce_gallery_thumbnail":["https:\/\/editora.uea.edu.br\/wp-content\/uploads\/2026\/01\/Organizacao-e-educacao-comunitaria-14-100x100.png",100,100,true]},"uagb_author_info":{"display_name":"editora","author_link":"https:\/\/editora.uea.edu.br\/?author=0"},"uagb_comment_info":0,"uagb_excerpt":"A obra integra a cole\u00e7\u00e3o Educa\u00e7\u00e3o do campo, das \u00e1guas e das florestas: tecendo curr\u00edculos de forma\u00e7\u00e3o de professores no contexto amaz\u00f4nico e apresenta os fundamentos te\u00f3ricos da organiza\u00e7\u00e3o comunit\u00e1ria e da participa\u00e7\u00e3o popular no contexto do campo, compreendendo a educa\u00e7\u00e3o comunit\u00e1ria como via de mobiliza\u00e7\u00e3o social. Discute a rela\u00e7\u00e3o entre trabalho e educa\u00e7\u00e3o, os&hellip;","_links":{"self":[{"href":"https:\/\/editora.uea.edu.br\/index.php?rest_route=\/wp\/v2\/product\/2317"}],"collection":[{"href":"https:\/\/editora.uea.edu.br\/index.php?rest_route=\/wp\/v2\/product"}],"about":[{"href":"https:\/\/editora.uea.edu.br\/index.php?rest_route=\/wp\/v2\/types\/product"}],"replies":[{"embeddable":true,"href":"https:\/\/editora.uea.edu.br\/index.php?rest_route=%2Fwp%2Fv2%2Fcomments&post=2317"}],"wp:featuredmedia":[{"embeddable":true,"href":"https:\/\/editora.uea.edu.br\/index.php?rest_route=\/wp\/v2\/media\/2318"}],"wp:attachment":[{"href":"https:\/\/editora.uea.edu.br\/index.php?rest_route=%2Fwp%2Fv2%2Fmedia&parent=2317"}],"wp:term":[{"taxonomy":"product_cat","embeddable":true,"href":"https:\/\/editora.uea.edu.br\/index.php?rest_route=%2Fwp%2Fv2%2Fproduct_cat&post=2317"},{"taxonomy":"product_tag","embeddable":true,"href":"https:\/\/editora.uea.edu.br\/index.php?rest_route=%2Fwp%2Fv2%2Fproduct_tag&post=2317"}],"curies":[{"name":"wp","href":"https:\/\/api.w.org\/{rel}","templated":true}]}}