{"id":2312,"date":"2026-01-16T15:05:44","date_gmt":"2026-01-16T19:05:44","guid":{"rendered":"https:\/\/editora.uea.edu.br\/?post_type=product&#038;p=2312"},"modified":"2026-01-20T10:16:12","modified_gmt":"2026-01-20T14:16:12","slug":"almanaque-do-festival-folclorico-de-parintins","status":"publish","type":"product","link":"https:\/\/editora.uea.edu.br\/?product=almanaque-do-festival-folclorico-de-parintins","title":{"rendered":"Almanaque do Festival Folcl\u00f3rico de Parintins"},"content":{"rendered":"<p>Reunindo curiosidades, registros e conte\u00fados sobre o Festival Folcl\u00f3rico de Parintins, este almanaque apresenta uma vis\u00e3o acess\u00edvel e ilustrada do espet\u00e1culo. Concebido como um trabalho coletivo e aberto, combina informa\u00e7\u00e3o, mem\u00f3ria e experimenta\u00e7\u00e3o, aproximando leitores de diferentes idades e lugares do universo cultural parintinense. \u00c9 uma obra que celebra o festival e convida o p\u00fablico a conhecer, revisitar e descobrir suas m\u00faltiplas hist\u00f3rias.<\/p>\n<p>&nbsp;<\/p>\n<p><strong>Como citar:<\/strong><br \/>\nSILVEIRA, D. O.; SOUZA, E. S. (orgs.). <em>Almanaque do Festival Folcl\u00f3rico de Parintins<\/em>. 1. ed. Manaus: Editora UEA, 2025.<\/p>\n","protected":false},"excerpt":{"rendered":"<p>Reunindo curiosidades, registros e conte\u00fados sobre o Festival Folcl\u00f3rico de Parintins, este almanaque apresenta uma vis\u00e3o acess\u00edvel e ilustrada do espet\u00e1culo. Concebido como um trabalho coletivo e aberto, combina informa\u00e7\u00e3o, mem\u00f3ria e experimenta\u00e7\u00e3o, aproximando leitores de diferentes idades e lugares do universo cultural parintinense. \u00c9 uma obra que celebra o festival e convida o p\u00fablico [&hellip;]<\/p>\n","protected":false},"featured_media":2314,"comment_status":"open","ping_status":"closed","template":"","meta":{"om_disable_all_campaigns":false,"_uag_custom_page_level_css":"","_monsterinsights_skip_tracking":false,"_monsterinsights_sitenote_active":false,"_monsterinsights_sitenote_note":"","_monsterinsights_sitenote_category":0,"site-sidebar-layout":"default","site-content-layout":"","ast-site-content-layout":"default","site-content-style":"default","site-sidebar-style":"default","ast-global-header-display":"","ast-banner-title-visibility":"","ast-main-header-display":"","ast-hfb-above-header-display":"","ast-hfb-below-header-display":"","ast-hfb-mobile-header-display":"","site-post-title":"","ast-breadcrumbs-content":"","ast-featured-img":"","footer-sml-layout":"","theme-transparent-header-meta":"default","adv-header-id-meta":"","stick-header-meta":"","header-above-stick-meta":"","header-main-stick-meta":"","header-below-stick-meta":"","astra-migrate-meta-layouts":"set","ast-page-background-enabled":"default","ast-page-background-meta":{"desktop":{"background-color":"var(--ast-global-color-4)","background-image":"","background-repeat":"repeat","background-position":"center center","background-size":"auto","background-attachment":"scroll","background-type":"","background-media":"","overlay-type":"","overlay-color":"","overlay-gradient":""},"tablet":{"background-color":"","background-image":"","background-repeat":"repeat","background-position":"center center","background-size":"auto","background-attachment":"scroll","background-type":"","background-media":"","overlay-type":"","overlay-color":"","overlay-gradient":""},"mobile":{"background-color":"","background-image":"","background-repeat":"repeat","background-position":"center center","background-size":"auto","background-attachment":"scroll","background-type":"","background-media":"","overlay-type":"","overlay-color":"","overlay-gradient":""}},"ast-content-background-meta":{"desktop":{"background-color":"var(--ast-global-color-5)","background-image":"","background-repeat":"repeat","background-position":"center center","background-size":"auto","background-attachment":"scroll","background-type":"","background-media":"","overlay-type":"","overlay-color":"","overlay-gradient":""},"tablet":{"background-color":"var(--ast-global-color-5)","background-image":"","background-repeat":"repeat","background-position":"center center","background-size":"auto","background-attachment":"scroll","background-type":"","background-media":"","overlay-type":"","overlay-color":"","overlay-gradient":""},"mobile":{"background-color":"var(--ast-global-color-5)","background-image":"","background-repeat":"repeat","background-position":"center center","background-size":"auto","background-attachment":"scroll","background-type":"","background-media":"","overlay-type":"","overlay-color":"","overlay-gradient":""}},"_themeisle_gutenberg_block_has_review":false},"product_cat":[230,65],"product_tag":[269,529],"aioseo_notices":[],"uagb_featured_image_src":{"full":["https:\/\/editora.uea.edu.br\/wp-content\/uploads\/2026\/01\/Almanaque-do-Festival-Folclorico-de-Parintins-CAPA-scaled.jpg",2267,2560,false],"thumbnail":["https:\/\/editora.uea.edu.br\/wp-content\/uploads\/2026\/01\/Almanaque-do-Festival-Folclorico-de-Parintins-CAPA-150x150.jpg",150,150,true],"medium":["https:\/\/editora.uea.edu.br\/wp-content\/uploads\/2026\/01\/Almanaque-do-Festival-Folclorico-de-Parintins-CAPA-266x300.jpg",266,300,true],"medium_large":["https:\/\/editora.uea.edu.br\/wp-content\/uploads\/2026\/01\/Almanaque-do-Festival-Folclorico-de-Parintins-CAPA-768x867.jpg",768,867,true],"large":["https:\/\/editora.uea.edu.br\/wp-content\/uploads\/2026\/01\/Almanaque-do-Festival-Folclorico-de-Parintins-CAPA-708x800.jpg",708,800,true],"1536x1536":["https:\/\/editora.uea.edu.br\/wp-content\/uploads\/2026\/01\/Almanaque-do-Festival-Folclorico-de-Parintins-CAPA-1360x1536.jpg",1360,1536,true],"2048x2048":["https:\/\/editora.uea.edu.br\/wp-content\/uploads\/2026\/01\/Almanaque-do-Festival-Folclorico-de-Parintins-CAPA-1814x2048.jpg",1814,2048,true],"codesigner-thumb":["https:\/\/editora.uea.edu.br\/wp-content\/uploads\/2026\/01\/Almanaque-do-Festival-Folclorico-de-Parintins-CAPA-400x400.jpg",400,400,true],"woocommerce_thumbnail":["https:\/\/editora.uea.edu.br\/wp-content\/uploads\/2026\/01\/Almanaque-do-Festival-Folclorico-de-Parintins-CAPA-200x296.jpg",200,296,true],"woocommerce_single":["https:\/\/editora.uea.edu.br\/wp-content\/uploads\/2026\/01\/Almanaque-do-Festival-Folclorico-de-Parintins-CAPA-200x226.jpg",200,226,true],"woocommerce_gallery_thumbnail":["https:\/\/editora.uea.edu.br\/wp-content\/uploads\/2026\/01\/Almanaque-do-Festival-Folclorico-de-Parintins-CAPA-100x100.jpg",100,100,true]},"uagb_author_info":{"display_name":"editora","author_link":"https:\/\/editora.uea.edu.br\/?author=0"},"uagb_comment_info":0,"uagb_excerpt":"Reunindo curiosidades, registros e conte\u00fados sobre o Festival Folcl\u00f3rico de Parintins, este almanaque apresenta uma vis\u00e3o acess\u00edvel e ilustrada do espet\u00e1culo. Concebido como um trabalho coletivo e aberto, combina informa\u00e7\u00e3o, mem\u00f3ria e experimenta\u00e7\u00e3o, aproximando leitores de diferentes idades e lugares do universo cultural parintinense. \u00c9 uma obra que celebra o festival e convida o p\u00fablico&hellip;","_links":{"self":[{"href":"https:\/\/editora.uea.edu.br\/index.php?rest_route=\/wp\/v2\/product\/2312"}],"collection":[{"href":"https:\/\/editora.uea.edu.br\/index.php?rest_route=\/wp\/v2\/product"}],"about":[{"href":"https:\/\/editora.uea.edu.br\/index.php?rest_route=\/wp\/v2\/types\/product"}],"replies":[{"embeddable":true,"href":"https:\/\/editora.uea.edu.br\/index.php?rest_route=%2Fwp%2Fv2%2Fcomments&post=2312"}],"wp:featuredmedia":[{"embeddable":true,"href":"https:\/\/editora.uea.edu.br\/index.php?rest_route=\/wp\/v2\/media\/2314"}],"wp:attachment":[{"href":"https:\/\/editora.uea.edu.br\/index.php?rest_route=%2Fwp%2Fv2%2Fmedia&parent=2312"}],"wp:term":[{"taxonomy":"product_cat","embeddable":true,"href":"https:\/\/editora.uea.edu.br\/index.php?rest_route=%2Fwp%2Fv2%2Fproduct_cat&post=2312"},{"taxonomy":"product_tag","embeddable":true,"href":"https:\/\/editora.uea.edu.br\/index.php?rest_route=%2Fwp%2Fv2%2Fproduct_tag&post=2312"}],"curies":[{"name":"wp","href":"https:\/\/api.w.org\/{rel}","templated":true}]}}