{"id":2299,"date":"2026-01-19T11:19:34","date_gmt":"2026-01-19T15:19:34","guid":{"rendered":"https:\/\/editora.uea.edu.br\/?post_type=product&#038;p=2299"},"modified":"2026-01-20T10:43:28","modified_gmt":"2026-01-20T14:43:28","slug":"agrimensura-no-contexto-amazonico-presidente-figueiredo","status":"publish","type":"product","link":"https:\/\/editora.uea.edu.br\/?product=agrimensura-no-contexto-amazonico-presidente-figueiredo","title":{"rendered":"Agrimensura no contexto amaz\u00f4nico: percep\u00e7\u00f5es sustent\u00e1veis em Presidente Figueiredo &#8211; Amazonas v.1"},"content":{"rendered":"<p>Este primeiro volume da cole\u00e7\u00e3o Agrimensura no Contexto Amaz\u00f4nico, dedicado ao munic\u00edpio de Presidente Figueiredo, re\u00fane estudos produzidos pelos acad\u00eamicos do curso Superior de Tecnologia em Agrimensura. A obra nasce do interesse em compreender o territ\u00f3rio local e registrar suas particularidades, transformando as viv\u00eancias do campo em reflex\u00e3o. Resultado dos Trabalhos de Conclus\u00e3o de Curso, os artigos destacam a import\u00e2ncia da Agrimensura para o planejamento e a organiza\u00e7\u00e3o do espa\u00e7o amaz\u00f4nico.<\/p>\n<p>&nbsp;<\/p>\n<p><strong>Como citar<\/strong>:<br \/>\nSANCHES, A. E.; CARVALHO, J. M. (orgs.). <em>Agrimensura no contexto Amaz\u00f4nico<\/em>: percep\u00e7\u00f5es sustent\u00e1veis em Presidente Figueiredo \u2013 Amazonas. v. 1. 1. ed. Manaus: Editora UEA, 2025.<\/p>\n<p>&nbsp;<\/p>\n<p><strong>Dispon\u00edvel em<\/strong>:<br \/>\n<a href=\"https:\/\/ri.uea.edu.br\/handle\/riuea\/7941\">https:\/\/ri.uea.edu.br\/handle\/riuea\/7941<\/a><\/p>\n","protected":false},"excerpt":{"rendered":"<p>Este primeiro volume da cole\u00e7\u00e3o Agrimensura no Contexto Amaz\u00f4nico, dedicado ao munic\u00edpio de Presidente Figueiredo, re\u00fane estudos produzidos pelos acad\u00eamicos do curso Superior de Tecnologia em Agrimensura. A obra nasce do interesse em compreender o territ\u00f3rio local e registrar suas particularidades, transformando as viv\u00eancias do campo em reflex\u00e3o. Resultado dos Trabalhos de Conclus\u00e3o de Curso, [&hellip;]<\/p>\n","protected":false},"featured_media":2300,"comment_status":"open","ping_status":"closed","template":"","meta":{"om_disable_all_campaigns":false,"_uag_custom_page_level_css":"","_monsterinsights_skip_tracking":false,"_monsterinsights_sitenote_active":false,"_monsterinsights_sitenote_note":"","_monsterinsights_sitenote_category":0,"site-sidebar-layout":"default","site-content-layout":"","ast-site-content-layout":"default","site-content-style":"default","site-sidebar-style":"default","ast-global-header-display":"","ast-banner-title-visibility":"","ast-main-header-display":"","ast-hfb-above-header-display":"","ast-hfb-below-header-display":"","ast-hfb-mobile-header-display":"","site-post-title":"","ast-breadcrumbs-content":"","ast-featured-img":"","footer-sml-layout":"","theme-transparent-header-meta":"default","adv-header-id-meta":"","stick-header-meta":"","header-above-stick-meta":"","header-main-stick-meta":"","header-below-stick-meta":"","astra-migrate-meta-layouts":"set","ast-page-background-enabled":"default","ast-page-background-meta":{"desktop":{"background-color":"var(--ast-global-color-4)","background-image":"","background-repeat":"repeat","background-position":"center center","background-size":"auto","background-attachment":"scroll","background-type":"","background-media":"","overlay-type":"","overlay-color":"","overlay-gradient":""},"tablet":{"background-color":"","background-image":"","background-repeat":"repeat","background-position":"center center","background-size":"auto","background-attachment":"scroll","background-type":"","background-media":"","overlay-type":"","overlay-color":"","overlay-gradient":""},"mobile":{"background-color":"","background-image":"","background-repeat":"repeat","background-position":"center center","background-size":"auto","background-attachment":"scroll","background-type":"","background-media":"","overlay-type":"","overlay-color":"","overlay-gradient":""}},"ast-content-background-meta":{"desktop":{"background-color":"var(--ast-global-color-5)","background-image":"","background-repeat":"repeat","background-position":"center center","background-size":"auto","background-attachment":"scroll","background-type":"","background-media":"","overlay-type":"","overlay-color":"","overlay-gradient":""},"tablet":{"background-color":"var(--ast-global-color-5)","background-image":"","background-repeat":"repeat","background-position":"center center","background-size":"auto","background-attachment":"scroll","background-type":"","background-media":"","overlay-type":"","overlay-color":"","overlay-gradient":""},"mobile":{"background-color":"var(--ast-global-color-5)","background-image":"","background-repeat":"repeat","background-position":"center center","background-size":"auto","background-attachment":"scroll","background-type":"","background-media":"","overlay-type":"","overlay-color":"","overlay-gradient":""}},"_themeisle_gutenberg_block_has_review":false},"product_cat":[514,223],"product_tag":[545,326],"aioseo_notices":[],"uagb_featured_image_src":{"full":["https:\/\/editora.uea.edu.br\/wp-content\/uploads\/2026\/01\/Agrimensura-no-contexto-amazonico-Presidente-Figueiredo-scaled.jpg",1760,2560,false],"thumbnail":["https:\/\/editora.uea.edu.br\/wp-content\/uploads\/2026\/01\/Agrimensura-no-contexto-amazonico-Presidente-Figueiredo-150x150.jpg",150,150,true],"medium":["https:\/\/editora.uea.edu.br\/wp-content\/uploads\/2026\/01\/Agrimensura-no-contexto-amazonico-Presidente-Figueiredo-206x300.jpg",206,300,true],"medium_large":["https:\/\/editora.uea.edu.br\/wp-content\/uploads\/2026\/01\/Agrimensura-no-contexto-amazonico-Presidente-Figueiredo-768x1117.jpg",768,1117,true],"large":["https:\/\/editora.uea.edu.br\/wp-content\/uploads\/2026\/01\/Agrimensura-no-contexto-amazonico-Presidente-Figueiredo-550x800.jpg",550,800,true],"1536x1536":["https:\/\/editora.uea.edu.br\/wp-content\/uploads\/2026\/01\/Agrimensura-no-contexto-amazonico-Presidente-Figueiredo-1056x1536.jpg",1056,1536,true],"2048x2048":["https:\/\/editora.uea.edu.br\/wp-content\/uploads\/2026\/01\/Agrimensura-no-contexto-amazonico-Presidente-Figueiredo-1408x2048.jpg",1408,2048,true],"codesigner-thumb":["https:\/\/editora.uea.edu.br\/wp-content\/uploads\/2026\/01\/Agrimensura-no-contexto-amazonico-Presidente-Figueiredo-400x400.jpg",400,400,true],"woocommerce_thumbnail":["https:\/\/editora.uea.edu.br\/wp-content\/uploads\/2026\/01\/Agrimensura-no-contexto-amazonico-Presidente-Figueiredo-200x296.jpg",200,296,true],"woocommerce_single":["https:\/\/editora.uea.edu.br\/wp-content\/uploads\/2026\/01\/Agrimensura-no-contexto-amazonico-Presidente-Figueiredo-200x291.jpg",200,291,true],"woocommerce_gallery_thumbnail":["https:\/\/editora.uea.edu.br\/wp-content\/uploads\/2026\/01\/Agrimensura-no-contexto-amazonico-Presidente-Figueiredo-100x100.jpg",100,100,true]},"uagb_author_info":{"display_name":"editora","author_link":"https:\/\/editora.uea.edu.br\/?author=0"},"uagb_comment_info":0,"uagb_excerpt":"Este primeiro volume da cole\u00e7\u00e3o Agrimensura no Contexto Amaz\u00f4nico, dedicado ao munic\u00edpio de Presidente Figueiredo, re\u00fane estudos produzidos pelos acad\u00eamicos do curso Superior de Tecnologia em Agrimensura. A obra nasce do interesse em compreender o territ\u00f3rio local e registrar suas particularidades, transformando as viv\u00eancias do campo em reflex\u00e3o. Resultado dos Trabalhos de Conclus\u00e3o de Curso,&hellip;","_links":{"self":[{"href":"https:\/\/editora.uea.edu.br\/index.php?rest_route=\/wp\/v2\/product\/2299"}],"collection":[{"href":"https:\/\/editora.uea.edu.br\/index.php?rest_route=\/wp\/v2\/product"}],"about":[{"href":"https:\/\/editora.uea.edu.br\/index.php?rest_route=\/wp\/v2\/types\/product"}],"replies":[{"embeddable":true,"href":"https:\/\/editora.uea.edu.br\/index.php?rest_route=%2Fwp%2Fv2%2Fcomments&post=2299"}],"wp:featuredmedia":[{"embeddable":true,"href":"https:\/\/editora.uea.edu.br\/index.php?rest_route=\/wp\/v2\/media\/2300"}],"wp:attachment":[{"href":"https:\/\/editora.uea.edu.br\/index.php?rest_route=%2Fwp%2Fv2%2Fmedia&parent=2299"}],"wp:term":[{"taxonomy":"product_cat","embeddable":true,"href":"https:\/\/editora.uea.edu.br\/index.php?rest_route=%2Fwp%2Fv2%2Fproduct_cat&post=2299"},{"taxonomy":"product_tag","embeddable":true,"href":"https:\/\/editora.uea.edu.br\/index.php?rest_route=%2Fwp%2Fv2%2Fproduct_tag&post=2299"}],"curies":[{"name":"wp","href":"https:\/\/api.w.org\/{rel}","templated":true}]}}