{"id":2273,"date":"2026-01-19T08:44:22","date_gmt":"2026-01-19T12:44:22","guid":{"rendered":"https:\/\/editora.uea.edu.br\/?post_type=product&#038;p=2273"},"modified":"2026-01-20T10:23:46","modified_gmt":"2026-01-20T14:23:46","slug":"processos-de-alfabetizacao-e-letramento-i","status":"publish","type":"product","link":"https:\/\/editora.uea.edu.br\/?product=processos-de-alfabetizacao-e-letramento-i","title":{"rendered":"Processos de alfabetiza\u00e7\u00e3o e letramento I"},"content":{"rendered":"<p>O livro integra a cole\u00e7\u00e3o Educa\u00e7\u00e3o do campo, das \u00e1guas e das florestas: tecendo curr\u00edculos de forma\u00e7\u00e3o de professores no contexto amaz\u00f4nico e re\u00fane estudos sobre alfabetiza\u00e7\u00e3o e letramento a partir de diferentes perspectivas. A obra valoriza os saberes e as rela\u00e7\u00f5es sociais dos povos que vivem nos rinc\u00f5es amaz\u00f4nicos, propondo reflex\u00f5es e pr\u00e1ticas que dialogam com a diversidade cultural e lingu\u00edstica do campo, das \u00e1guas e das florestas, em defesa de uma educa\u00e7\u00e3o contextualizada e de qualidade.<\/p>\n<p>&nbsp;<\/p>\n<p><strong>Como citar<\/strong>:<br \/>\nSANTOS, M. T. <em>Processos de alfabetiza\u00e7\u00e3o e letramento I<\/em>. 1. ed. Manaus: Editora UEA, 2025.<\/p>\n<p>&nbsp;<\/p>\n<p><strong>Dispon\u00edvel em<\/strong>:<br \/>\n<a href=\"https:\/\/ri.uea.edu.br\/handle\/riuea\/7728\">https:\/\/ri.uea.edu.br\/handle\/riuea\/7728<\/a><\/p>\n","protected":false},"excerpt":{"rendered":"<p>O livro integra a cole\u00e7\u00e3o Educa\u00e7\u00e3o do campo, das \u00e1guas e das florestas: tecendo curr\u00edculos de forma\u00e7\u00e3o de professores no contexto amaz\u00f4nico e re\u00fane estudos sobre alfabetiza\u00e7\u00e3o e letramento a partir de diferentes perspectivas. A obra valoriza os saberes e as rela\u00e7\u00f5es sociais dos povos que vivem nos rinc\u00f5es amaz\u00f4nicos, propondo reflex\u00f5es e pr\u00e1ticas que [&hellip;]<\/p>\n","protected":false},"featured_media":2275,"comment_status":"open","ping_status":"closed","template":"","meta":{"om_disable_all_campaigns":false,"_uag_custom_page_level_css":"","_monsterinsights_skip_tracking":false,"_monsterinsights_sitenote_active":false,"_monsterinsights_sitenote_note":"","_monsterinsights_sitenote_category":0,"site-sidebar-layout":"default","site-content-layout":"","ast-site-content-layout":"default","site-content-style":"default","site-sidebar-style":"default","ast-global-header-display":"","ast-banner-title-visibility":"","ast-main-header-display":"","ast-hfb-above-header-display":"","ast-hfb-below-header-display":"","ast-hfb-mobile-header-display":"","site-post-title":"","ast-breadcrumbs-content":"","ast-featured-img":"","footer-sml-layout":"","theme-transparent-header-meta":"default","adv-header-id-meta":"","stick-header-meta":"","header-above-stick-meta":"","header-main-stick-meta":"","header-below-stick-meta":"","astra-migrate-meta-layouts":"set","ast-page-background-enabled":"default","ast-page-background-meta":{"desktop":{"background-color":"var(--ast-global-color-4)","background-image":"","background-repeat":"repeat","background-position":"center center","background-size":"auto","background-attachment":"scroll","background-type":"","background-media":"","overlay-type":"","overlay-color":"","overlay-gradient":""},"tablet":{"background-color":"","background-image":"","background-repeat":"repeat","background-position":"center center","background-size":"auto","background-attachment":"scroll","background-type":"","background-media":"","overlay-type":"","overlay-color":"","overlay-gradient":""},"mobile":{"background-color":"","background-image":"","background-repeat":"repeat","background-position":"center center","background-size":"auto","background-attachment":"scroll","background-type":"","background-media":"","overlay-type":"","overlay-color":"","overlay-gradient":""}},"ast-content-background-meta":{"desktop":{"background-color":"var(--ast-global-color-5)","background-image":"","background-repeat":"repeat","background-position":"center center","background-size":"auto","background-attachment":"scroll","background-type":"","background-media":"","overlay-type":"","overlay-color":"","overlay-gradient":""},"tablet":{"background-color":"var(--ast-global-color-5)","background-image":"","background-repeat":"repeat","background-position":"center center","background-size":"auto","background-attachment":"scroll","background-type":"","background-media":"","overlay-type":"","overlay-color":"","overlay-gradient":""},"mobile":{"background-color":"var(--ast-global-color-5)","background-image":"","background-repeat":"repeat","background-position":"center center","background-size":"auto","background-attachment":"scroll","background-type":"","background-media":"","overlay-type":"","overlay-color":"","overlay-gradient":""}},"_themeisle_gutenberg_block_has_review":false},"product_cat":[511,73],"product_tag":[532],"aioseo_notices":[],"uagb_featured_image_src":{"full":["https:\/\/editora.uea.edu.br\/wp-content\/uploads\/2026\/01\/Processos-de-Alfabetizacao-e-Letramento-I.png",2481,3508,false],"thumbnail":["https:\/\/editora.uea.edu.br\/wp-content\/uploads\/2026\/01\/Processos-de-Alfabetizacao-e-Letramento-I-150x150.png",150,150,true],"medium":["https:\/\/editora.uea.edu.br\/wp-content\/uploads\/2026\/01\/Processos-de-Alfabetizacao-e-Letramento-I-212x300.png",212,300,true],"medium_large":["https:\/\/editora.uea.edu.br\/wp-content\/uploads\/2026\/01\/Processos-de-Alfabetizacao-e-Letramento-I-768x1086.png",768,1086,true],"large":["https:\/\/editora.uea.edu.br\/wp-content\/uploads\/2026\/01\/Processos-de-Alfabetizacao-e-Letramento-I-566x800.png",566,800,true],"1536x1536":["https:\/\/editora.uea.edu.br\/wp-content\/uploads\/2026\/01\/Processos-de-Alfabetizacao-e-Letramento-I-1086x1536.png",1086,1536,true],"2048x2048":["https:\/\/editora.uea.edu.br\/wp-content\/uploads\/2026\/01\/Processos-de-Alfabetizacao-e-Letramento-I-1448x2048.png",1448,2048,true],"codesigner-thumb":["https:\/\/editora.uea.edu.br\/wp-content\/uploads\/2026\/01\/Processos-de-Alfabetizacao-e-Letramento-I-400x400.png",400,400,true],"woocommerce_thumbnail":["https:\/\/editora.uea.edu.br\/wp-content\/uploads\/2026\/01\/Processos-de-Alfabetizacao-e-Letramento-I-200x296.png",200,296,true],"woocommerce_single":["https:\/\/editora.uea.edu.br\/wp-content\/uploads\/2026\/01\/Processos-de-Alfabetizacao-e-Letramento-I-200x283.png",200,283,true],"woocommerce_gallery_thumbnail":["https:\/\/editora.uea.edu.br\/wp-content\/uploads\/2026\/01\/Processos-de-Alfabetizacao-e-Letramento-I-100x100.png",100,100,true]},"uagb_author_info":{"display_name":"editora","author_link":"https:\/\/editora.uea.edu.br\/?author=0"},"uagb_comment_info":0,"uagb_excerpt":"O livro integra a cole\u00e7\u00e3o Educa\u00e7\u00e3o do campo, das \u00e1guas e das florestas: tecendo curr\u00edculos de forma\u00e7\u00e3o de professores no contexto amaz\u00f4nico e re\u00fane estudos sobre alfabetiza\u00e7\u00e3o e letramento a partir de diferentes perspectivas. A obra valoriza os saberes e as rela\u00e7\u00f5es sociais dos povos que vivem nos rinc\u00f5es amaz\u00f4nicos, propondo reflex\u00f5es e pr\u00e1ticas que&hellip;","_links":{"self":[{"href":"https:\/\/editora.uea.edu.br\/index.php?rest_route=\/wp\/v2\/product\/2273"}],"collection":[{"href":"https:\/\/editora.uea.edu.br\/index.php?rest_route=\/wp\/v2\/product"}],"about":[{"href":"https:\/\/editora.uea.edu.br\/index.php?rest_route=\/wp\/v2\/types\/product"}],"replies":[{"embeddable":true,"href":"https:\/\/editora.uea.edu.br\/index.php?rest_route=%2Fwp%2Fv2%2Fcomments&post=2273"}],"wp:featuredmedia":[{"embeddable":true,"href":"https:\/\/editora.uea.edu.br\/index.php?rest_route=\/wp\/v2\/media\/2275"}],"wp:attachment":[{"href":"https:\/\/editora.uea.edu.br\/index.php?rest_route=%2Fwp%2Fv2%2Fmedia&parent=2273"}],"wp:term":[{"taxonomy":"product_cat","embeddable":true,"href":"https:\/\/editora.uea.edu.br\/index.php?rest_route=%2Fwp%2Fv2%2Fproduct_cat&post=2273"},{"taxonomy":"product_tag","embeddable":true,"href":"https:\/\/editora.uea.edu.br\/index.php?rest_route=%2Fwp%2Fv2%2Fproduct_tag&post=2273"}],"curies":[{"name":"wp","href":"https:\/\/api.w.org\/{rel}","templated":true}]}}