{"id":2270,"date":"2026-01-19T08:29:39","date_gmt":"2026-01-19T12:29:39","guid":{"rendered":"https:\/\/editora.uea.edu.br\/?post_type=product&#038;p=2270"},"modified":"2026-01-20T10:22:41","modified_gmt":"2026-01-20T14:22:41","slug":"campo-do-conhecimento-de-pesquisa-do-ensino-da-historia","status":"publish","type":"product","link":"https:\/\/editora.uea.edu.br\/?product=campo-do-conhecimento-de-pesquisa-do-ensino-da-historia","title":{"rendered":"Campo do conhecimento de pesquisa do ensino da Hist\u00f3ria"},"content":{"rendered":"<p>A obra integra a cole\u00e7\u00e3o Educa\u00e7\u00e3o do campo, das \u00e1guas e das florestas: tecendo curr\u00edculos de forma\u00e7\u00e3o de professores no contexto amaz\u00f4nico e aborda metodologias e discuss\u00f5es te\u00f3ricas da hist\u00f3ria oral, das hist\u00f3rias de vida e do ensino de hist\u00f3ria. Com base na perspectiva freireana, prop\u00f5e pr\u00e1ticas de pesquisa e ensino contextualizadas, voltadas \u00e0 forma\u00e7\u00e3o de professores para os anos iniciais, valorizando as narrativas, as experi\u00eancias locais e a realidade das comunidades do campo amaz\u00f4nico.<\/p>\n<p>&nbsp;<\/p>\n<p><strong>Como citar<\/strong>:<br \/>\nMACHADO, A. <em>Campo do conhecimento de pesquisa do ensino de hist\u00f3ria<\/em>. 1. ed. Manaus: Editora UEA, 2025.<\/p>\n<p>&nbsp;<\/p>\n<p><strong>Dispon\u00edvel em<\/strong>:<br \/>\n<a href=\"https:\/\/ri.uea.edu.br\/handle\/riuea\/7727\">https:\/\/ri.uea.edu.br\/handle\/riuea\/7727<\/a><\/p>\n","protected":false},"excerpt":{"rendered":"<p>A obra integra a cole\u00e7\u00e3o Educa\u00e7\u00e3o do campo, das \u00e1guas e das florestas: tecendo curr\u00edculos de forma\u00e7\u00e3o de professores no contexto amaz\u00f4nico e aborda metodologias e discuss\u00f5es te\u00f3ricas da hist\u00f3ria oral, das hist\u00f3rias de vida e do ensino de hist\u00f3ria. Com base na perspectiva freireana, prop\u00f5e pr\u00e1ticas de pesquisa e ensino contextualizadas, voltadas \u00e0 forma\u00e7\u00e3o [&hellip;]<\/p>\n","protected":false},"featured_media":2272,"comment_status":"open","ping_status":"closed","template":"","meta":{"om_disable_all_campaigns":false,"_uag_custom_page_level_css":"","_monsterinsights_skip_tracking":false,"_monsterinsights_sitenote_active":false,"_monsterinsights_sitenote_note":"","_monsterinsights_sitenote_category":0,"site-sidebar-layout":"default","site-content-layout":"","ast-site-content-layout":"default","site-content-style":"default","site-sidebar-style":"default","ast-global-header-display":"","ast-banner-title-visibility":"","ast-main-header-display":"","ast-hfb-above-header-display":"","ast-hfb-below-header-display":"","ast-hfb-mobile-header-display":"","site-post-title":"","ast-breadcrumbs-content":"","ast-featured-img":"","footer-sml-layout":"","theme-transparent-header-meta":"default","adv-header-id-meta":"","stick-header-meta":"","header-above-stick-meta":"","header-main-stick-meta":"","header-below-stick-meta":"","astra-migrate-meta-layouts":"set","ast-page-background-enabled":"default","ast-page-background-meta":{"desktop":{"background-color":"var(--ast-global-color-4)","background-image":"","background-repeat":"repeat","background-position":"center center","background-size":"auto","background-attachment":"scroll","background-type":"","background-media":"","overlay-type":"","overlay-color":"","overlay-gradient":""},"tablet":{"background-color":"","background-image":"","background-repeat":"repeat","background-position":"center center","background-size":"auto","background-attachment":"scroll","background-type":"","background-media":"","overlay-type":"","overlay-color":"","overlay-gradient":""},"mobile":{"background-color":"","background-image":"","background-repeat":"repeat","background-position":"center center","background-size":"auto","background-attachment":"scroll","background-type":"","background-media":"","overlay-type":"","overlay-color":"","overlay-gradient":""}},"ast-content-background-meta":{"desktop":{"background-color":"var(--ast-global-color-5)","background-image":"","background-repeat":"repeat","background-position":"center center","background-size":"auto","background-attachment":"scroll","background-type":"","background-media":"","overlay-type":"","overlay-color":"","overlay-gradient":""},"tablet":{"background-color":"var(--ast-global-color-5)","background-image":"","background-repeat":"repeat","background-position":"center center","background-size":"auto","background-attachment":"scroll","background-type":"","background-media":"","overlay-type":"","overlay-color":"","overlay-gradient":""},"mobile":{"background-color":"var(--ast-global-color-5)","background-image":"","background-repeat":"repeat","background-position":"center center","background-size":"auto","background-attachment":"scroll","background-type":"","background-media":"","overlay-type":"","overlay-color":"","overlay-gradient":""}},"_themeisle_gutenberg_block_has_review":false},"product_cat":[511,73,65],"product_tag":[531],"aioseo_notices":[],"uagb_featured_image_src":{"full":["https:\/\/editora.uea.edu.br\/wp-content\/uploads\/2026\/01\/Campo-do-conhecimento-de-pesquisa-do-ensino-da-Historia.png",2481,3508,false],"thumbnail":["https:\/\/editora.uea.edu.br\/wp-content\/uploads\/2026\/01\/Campo-do-conhecimento-de-pesquisa-do-ensino-da-Historia-150x150.png",150,150,true],"medium":["https:\/\/editora.uea.edu.br\/wp-content\/uploads\/2026\/01\/Campo-do-conhecimento-de-pesquisa-do-ensino-da-Historia-212x300.png",212,300,true],"medium_large":["https:\/\/editora.uea.edu.br\/wp-content\/uploads\/2026\/01\/Campo-do-conhecimento-de-pesquisa-do-ensino-da-Historia-768x1086.png",768,1086,true],"large":["https:\/\/editora.uea.edu.br\/wp-content\/uploads\/2026\/01\/Campo-do-conhecimento-de-pesquisa-do-ensino-da-Historia-566x800.png",566,800,true],"1536x1536":["https:\/\/editora.uea.edu.br\/wp-content\/uploads\/2026\/01\/Campo-do-conhecimento-de-pesquisa-do-ensino-da-Historia-1086x1536.png",1086,1536,true],"2048x2048":["https:\/\/editora.uea.edu.br\/wp-content\/uploads\/2026\/01\/Campo-do-conhecimento-de-pesquisa-do-ensino-da-Historia-1448x2048.png",1448,2048,true],"codesigner-thumb":["https:\/\/editora.uea.edu.br\/wp-content\/uploads\/2026\/01\/Campo-do-conhecimento-de-pesquisa-do-ensino-da-Historia-400x400.png",400,400,true],"woocommerce_thumbnail":["https:\/\/editora.uea.edu.br\/wp-content\/uploads\/2026\/01\/Campo-do-conhecimento-de-pesquisa-do-ensino-da-Historia-200x296.png",200,296,true],"woocommerce_single":["https:\/\/editora.uea.edu.br\/wp-content\/uploads\/2026\/01\/Campo-do-conhecimento-de-pesquisa-do-ensino-da-Historia-200x283.png",200,283,true],"woocommerce_gallery_thumbnail":["https:\/\/editora.uea.edu.br\/wp-content\/uploads\/2026\/01\/Campo-do-conhecimento-de-pesquisa-do-ensino-da-Historia-100x100.png",100,100,true]},"uagb_author_info":{"display_name":"editora","author_link":"https:\/\/editora.uea.edu.br\/?author=0"},"uagb_comment_info":0,"uagb_excerpt":"A obra integra a cole\u00e7\u00e3o Educa\u00e7\u00e3o do campo, das \u00e1guas e das florestas: tecendo curr\u00edculos de forma\u00e7\u00e3o de professores no contexto amaz\u00f4nico e aborda metodologias e discuss\u00f5es te\u00f3ricas da hist\u00f3ria oral, das hist\u00f3rias de vida e do ensino de hist\u00f3ria. Com base na perspectiva freireana, prop\u00f5e pr\u00e1ticas de pesquisa e ensino contextualizadas, voltadas \u00e0 forma\u00e7\u00e3o&hellip;","_links":{"self":[{"href":"https:\/\/editora.uea.edu.br\/index.php?rest_route=\/wp\/v2\/product\/2270"}],"collection":[{"href":"https:\/\/editora.uea.edu.br\/index.php?rest_route=\/wp\/v2\/product"}],"about":[{"href":"https:\/\/editora.uea.edu.br\/index.php?rest_route=\/wp\/v2\/types\/product"}],"replies":[{"embeddable":true,"href":"https:\/\/editora.uea.edu.br\/index.php?rest_route=%2Fwp%2Fv2%2Fcomments&post=2270"}],"wp:featuredmedia":[{"embeddable":true,"href":"https:\/\/editora.uea.edu.br\/index.php?rest_route=\/wp\/v2\/media\/2272"}],"wp:attachment":[{"href":"https:\/\/editora.uea.edu.br\/index.php?rest_route=%2Fwp%2Fv2%2Fmedia&parent=2270"}],"wp:term":[{"taxonomy":"product_cat","embeddable":true,"href":"https:\/\/editora.uea.edu.br\/index.php?rest_route=%2Fwp%2Fv2%2Fproduct_cat&post=2270"},{"taxonomy":"product_tag","embeddable":true,"href":"https:\/\/editora.uea.edu.br\/index.php?rest_route=%2Fwp%2Fv2%2Fproduct_tag&post=2270"}],"curies":[{"name":"wp","href":"https:\/\/api.w.org\/{rel}","templated":true}]}}