{"id":2255,"date":"2026-01-16T13:54:21","date_gmt":"2026-01-16T17:54:21","guid":{"rendered":"https:\/\/editora.uea.edu.br\/?post_type=product&#038;p=2255"},"modified":"2026-01-20T10:05:25","modified_gmt":"2026-01-20T14:05:25","slug":"retratos-das-violencias-no-amazonas","status":"publish","type":"product","link":"https:\/\/editora.uea.edu.br\/?product=retratos-das-violencias-no-amazonas","title":{"rendered":"Retratos das Viol\u00eancias no Amazonas"},"content":{"rendered":"<p>Primeiro volume de uma s\u00e9rie anual, o livro apresenta os principais indicadores de viol\u00eancia no Amazonas a partir dos dados da SSP\/AM entre 2021 e 2023, ap\u00f3s a ado\u00e7\u00e3o de uma nova metodologia de registros. Reunindo pesquisadores e profissionais da \u00e1rea, analisa tend\u00eancias, mudan\u00e7as e desafios da seguran\u00e7a p\u00fablica no estado. A obra contribui para a avalia\u00e7\u00e3o do Plano Estadual de Seguran\u00e7a P\u00fablica e para o desenvolvimento de pol\u00edticas mais eficientes.<\/p>\n<p>&nbsp;<\/p>\n<p><strong>Como citar<\/strong>:<br \/>\nOLIVEIRA, C. A.; <em>et al<\/em>. (orgs.). <em>Retratos das Viol\u00eancias no Amazonas<\/em>.1. ed. Manaus (AM): Editora UEA, 2024.<\/p>\n<p>&nbsp;<\/p>\n<p><strong>Dispon\u00edvel em<\/strong>:<br \/>\n<a href=\"https:\/\/ri.uea.edu.br\/handle\/riuea\/7182\">https:\/\/ri.uea.edu.br\/handle\/riuea\/7182<\/a><\/p>\n","protected":false},"excerpt":{"rendered":"<p>Primeiro volume de uma s\u00e9rie anual, o livro apresenta os principais indicadores de viol\u00eancia no Amazonas a partir dos dados da SSP\/AM entre 2021 e 2023, ap\u00f3s a ado\u00e7\u00e3o de uma nova metodologia de registros. Reunindo pesquisadores e profissionais da \u00e1rea, analisa tend\u00eancias, mudan\u00e7as e desafios da seguran\u00e7a p\u00fablica no estado. A obra contribui para [&hellip;]<\/p>\n","protected":false},"featured_media":2256,"comment_status":"open","ping_status":"closed","template":"","meta":{"om_disable_all_campaigns":false,"_uag_custom_page_level_css":"","_monsterinsights_skip_tracking":false,"_monsterinsights_sitenote_active":false,"_monsterinsights_sitenote_note":"","_monsterinsights_sitenote_category":0,"site-sidebar-layout":"default","site-content-layout":"","ast-site-content-layout":"default","site-content-style":"default","site-sidebar-style":"default","ast-global-header-display":"","ast-banner-title-visibility":"","ast-main-header-display":"","ast-hfb-above-header-display":"","ast-hfb-below-header-display":"","ast-hfb-mobile-header-display":"","site-post-title":"","ast-breadcrumbs-content":"","ast-featured-img":"","footer-sml-layout":"","theme-transparent-header-meta":"default","adv-header-id-meta":"","stick-header-meta":"","header-above-stick-meta":"","header-main-stick-meta":"","header-below-stick-meta":"","astra-migrate-meta-layouts":"set","ast-page-background-enabled":"default","ast-page-background-meta":{"desktop":{"background-color":"var(--ast-global-color-4)","background-image":"","background-repeat":"repeat","background-position":"center center","background-size":"auto","background-attachment":"scroll","background-type":"","background-media":"","overlay-type":"","overlay-color":"","overlay-gradient":""},"tablet":{"background-color":"","background-image":"","background-repeat":"repeat","background-position":"center center","background-size":"auto","background-attachment":"scroll","background-type":"","background-media":"","overlay-type":"","overlay-color":"","overlay-gradient":""},"mobile":{"background-color":"","background-image":"","background-repeat":"repeat","background-position":"center center","background-size":"auto","background-attachment":"scroll","background-type":"","background-media":"","overlay-type":"","overlay-color":"","overlay-gradient":""}},"ast-content-background-meta":{"desktop":{"background-color":"var(--ast-global-color-5)","background-image":"","background-repeat":"repeat","background-position":"center center","background-size":"auto","background-attachment":"scroll","background-type":"","background-media":"","overlay-type":"","overlay-color":"","overlay-gradient":""},"tablet":{"background-color":"var(--ast-global-color-5)","background-image":"","background-repeat":"repeat","background-position":"center center","background-size":"auto","background-attachment":"scroll","background-type":"","background-media":"","overlay-type":"","overlay-color":"","overlay-gradient":""},"mobile":{"background-color":"var(--ast-global-color-5)","background-image":"","background-repeat":"repeat","background-position":"center center","background-size":"auto","background-attachment":"scroll","background-type":"","background-media":"","overlay-type":"","overlay-color":"","overlay-gradient":""}},"_themeisle_gutenberg_block_has_review":false},"product_cat":[509,427,24,233,507],"product_tag":[518,519,520,521],"aioseo_notices":[],"uagb_featured_image_src":{"full":["https:\/\/editora.uea.edu.br\/wp-content\/uploads\/2026\/01\/Retratos-da-Violencia-no-Amazonas-CAPA.png",1772,2481,false],"thumbnail":["https:\/\/editora.uea.edu.br\/wp-content\/uploads\/2026\/01\/Retratos-da-Violencia-no-Amazonas-CAPA-150x150.png",150,150,true],"medium":["https:\/\/editora.uea.edu.br\/wp-content\/uploads\/2026\/01\/Retratos-da-Violencia-no-Amazonas-CAPA-214x300.png",214,300,true],"medium_large":["https:\/\/editora.uea.edu.br\/wp-content\/uploads\/2026\/01\/Retratos-da-Violencia-no-Amazonas-CAPA-768x1075.png",768,1075,true],"large":["https:\/\/editora.uea.edu.br\/wp-content\/uploads\/2026\/01\/Retratos-da-Violencia-no-Amazonas-CAPA-571x800.png",571,800,true],"1536x1536":["https:\/\/editora.uea.edu.br\/wp-content\/uploads\/2026\/01\/Retratos-da-Violencia-no-Amazonas-CAPA-1097x1536.png",1097,1536,true],"2048x2048":["https:\/\/editora.uea.edu.br\/wp-content\/uploads\/2026\/01\/Retratos-da-Violencia-no-Amazonas-CAPA-1463x2048.png",1463,2048,true],"codesigner-thumb":["https:\/\/editora.uea.edu.br\/wp-content\/uploads\/2026\/01\/Retratos-da-Violencia-no-Amazonas-CAPA-400x400.png",400,400,true],"woocommerce_thumbnail":["https:\/\/editora.uea.edu.br\/wp-content\/uploads\/2026\/01\/Retratos-da-Violencia-no-Amazonas-CAPA-200x296.png",200,296,true],"woocommerce_single":["https:\/\/editora.uea.edu.br\/wp-content\/uploads\/2026\/01\/Retratos-da-Violencia-no-Amazonas-CAPA-200x280.png",200,280,true],"woocommerce_gallery_thumbnail":["https:\/\/editora.uea.edu.br\/wp-content\/uploads\/2026\/01\/Retratos-da-Violencia-no-Amazonas-CAPA-100x100.png",100,100,true]},"uagb_author_info":{"display_name":"editora","author_link":"https:\/\/editora.uea.edu.br\/?author=0"},"uagb_comment_info":0,"uagb_excerpt":"Primeiro volume de uma s\u00e9rie anual, o livro apresenta os principais indicadores de viol\u00eancia no Amazonas a partir dos dados da SSP\/AM entre 2021 e 2023, ap\u00f3s a ado\u00e7\u00e3o de uma nova metodologia de registros. Reunindo pesquisadores e profissionais da \u00e1rea, analisa tend\u00eancias, mudan\u00e7as e desafios da seguran\u00e7a p\u00fablica no estado. A obra contribui para&hellip;","_links":{"self":[{"href":"https:\/\/editora.uea.edu.br\/index.php?rest_route=\/wp\/v2\/product\/2255"}],"collection":[{"href":"https:\/\/editora.uea.edu.br\/index.php?rest_route=\/wp\/v2\/product"}],"about":[{"href":"https:\/\/editora.uea.edu.br\/index.php?rest_route=\/wp\/v2\/types\/product"}],"replies":[{"embeddable":true,"href":"https:\/\/editora.uea.edu.br\/index.php?rest_route=%2Fwp%2Fv2%2Fcomments&post=2255"}],"wp:featuredmedia":[{"embeddable":true,"href":"https:\/\/editora.uea.edu.br\/index.php?rest_route=\/wp\/v2\/media\/2256"}],"wp:attachment":[{"href":"https:\/\/editora.uea.edu.br\/index.php?rest_route=%2Fwp%2Fv2%2Fmedia&parent=2255"}],"wp:term":[{"taxonomy":"product_cat","embeddable":true,"href":"https:\/\/editora.uea.edu.br\/index.php?rest_route=%2Fwp%2Fv2%2Fproduct_cat&post=2255"},{"taxonomy":"product_tag","embeddable":true,"href":"https:\/\/editora.uea.edu.br\/index.php?rest_route=%2Fwp%2Fv2%2Fproduct_tag&post=2255"}],"curies":[{"name":"wp","href":"https:\/\/api.w.org\/{rel}","templated":true}]}}