{"id":2102,"date":"2025-01-22T16:38:48","date_gmt":"2025-01-22T20:38:48","guid":{"rendered":"https:\/\/editora.uea.edu.br\/?post_type=product&#038;p=2102"},"modified":"2025-01-27T09:17:07","modified_gmt":"2025-01-27T13:17:07","slug":"60-anos-do-golpe-de-1964-o-amazonas-em-perspectiva","status":"publish","type":"product","link":"https:\/\/editora.uea.edu.br\/?product=60-anos-do-golpe-de-1964-o-amazonas-em-perspectiva","title":{"rendered":"60 anos do golpe de 1964: o Amazonas em perspectiva"},"content":{"rendered":"<p>A obra faz parte da Cole\u00e7\u00e3o Anpuh &#8211; AM, que apresenta em tr\u00eas volumes diversos temas relacionados \u00e0 hist\u00f3ria e a historiografia no Amazonas, al\u00e9m de servir de material-base para professores da rede de Ensino B\u00e1sico, pois busca ampliar a produ\u00e7\u00e3o de conhecimentos hist\u00f3ricos no Amazonas.<\/p>\n<p>&nbsp;<\/p>\n<p><strong>Como citar:<br \/>\n<\/strong>QUEIR\u00d3S, C. A. B. (org.). <em>60 anos do golpe de 1964<\/em>: o Amazonas em perspectiva. Cole\u00e7\u00e3o Anpuh. 1. ed. Manaus: Editora UEA, 2024.<\/p>\n<p>&nbsp;<\/p>\n<p><strong>Dispon\u00edvel em:<br \/>\n<\/strong><a href=\"https:\/\/ri.uea.edu.br\/handle\/riuea\/7152\">https:\/\/ri.uea.edu.br\/handle\/riuea\/7152<\/a><\/p>\n","protected":false},"excerpt":{"rendered":"<p>A obra faz parte da Cole\u00e7\u00e3o Anpuh &#8211; AM, que apresenta em tr\u00eas volumes diversos temas relacionados \u00e0 hist\u00f3ria e a historiografia no Amazonas, al\u00e9m de servir de material-base para professores da rede de Ensino B\u00e1sico, pois busca ampliar a produ\u00e7\u00e3o de conhecimentos hist\u00f3ricos no Amazonas. &nbsp; Como citar: QUEIR\u00d3S, C. A. B. (org.). 60 [&hellip;]<\/p>\n","protected":false},"featured_media":2133,"comment_status":"open","ping_status":"closed","template":"","meta":{"om_disable_all_campaigns":false,"_uag_custom_page_level_css":"","_monsterinsights_skip_tracking":false,"_monsterinsights_sitenote_active":false,"_monsterinsights_sitenote_note":"","_monsterinsights_sitenote_category":0,"site-sidebar-layout":"default","site-content-layout":"","ast-site-content-layout":"default","site-content-style":"default","site-sidebar-style":"default","ast-global-header-display":"","ast-banner-title-visibility":"","ast-main-header-display":"","ast-hfb-above-header-display":"","ast-hfb-below-header-display":"","ast-hfb-mobile-header-display":"","site-post-title":"","ast-breadcrumbs-content":"","ast-featured-img":"","footer-sml-layout":"","theme-transparent-header-meta":"default","adv-header-id-meta":"","stick-header-meta":"","header-above-stick-meta":"","header-main-stick-meta":"","header-below-stick-meta":"","astra-migrate-meta-layouts":"set","ast-page-background-enabled":"default","ast-page-background-meta":{"desktop":{"background-color":"var(--ast-global-color-4)","background-image":"","background-repeat":"repeat","background-position":"center center","background-size":"auto","background-attachment":"scroll","background-type":"","background-media":"","overlay-type":"","overlay-color":"","overlay-gradient":""},"tablet":{"background-color":"","background-image":"","background-repeat":"repeat","background-position":"center center","background-size":"auto","background-attachment":"scroll","background-type":"","background-media":"","overlay-type":"","overlay-color":"","overlay-gradient":""},"mobile":{"background-color":"","background-image":"","background-repeat":"repeat","background-position":"center center","background-size":"auto","background-attachment":"scroll","background-type":"","background-media":"","overlay-type":"","overlay-color":"","overlay-gradient":""}},"ast-content-background-meta":{"desktop":{"background-color":"var(--ast-global-color-5)","background-image":"","background-repeat":"repeat","background-position":"center center","background-size":"auto","background-attachment":"scroll","background-type":"","background-media":"","overlay-type":"","overlay-color":"","overlay-gradient":""},"tablet":{"background-color":"var(--ast-global-color-5)","background-image":"","background-repeat":"repeat","background-position":"center center","background-size":"auto","background-attachment":"scroll","background-type":"","background-media":"","overlay-type":"","overlay-color":"","overlay-gradient":""},"mobile":{"background-color":"var(--ast-global-color-5)","background-image":"","background-repeat":"repeat","background-position":"center center","background-size":"auto","background-attachment":"scroll","background-type":"","background-media":"","overlay-type":"","overlay-color":"","overlay-gradient":""}},"_themeisle_gutenberg_block_has_review":false},"product_cat":[493,427,65],"product_tag":[494],"aioseo_notices":[],"uagb_featured_image_src":{"full":["https:\/\/editora.uea.edu.br\/wp-content\/uploads\/2025\/01\/anpuh_1.png",1890,2717,false],"thumbnail":["https:\/\/editora.uea.edu.br\/wp-content\/uploads\/2025\/01\/anpuh_1-150x150.png",150,150,true],"medium":["https:\/\/editora.uea.edu.br\/wp-content\/uploads\/2025\/01\/anpuh_1-209x300.png",209,300,true],"medium_large":["https:\/\/editora.uea.edu.br\/wp-content\/uploads\/2025\/01\/anpuh_1-768x1104.png",768,1104,true],"large":["https:\/\/editora.uea.edu.br\/wp-content\/uploads\/2025\/01\/anpuh_1-556x800.png",556,800,true],"1536x1536":["https:\/\/editora.uea.edu.br\/wp-content\/uploads\/2025\/01\/anpuh_1-1068x1536.png",1068,1536,true],"2048x2048":["https:\/\/editora.uea.edu.br\/wp-content\/uploads\/2025\/01\/anpuh_1-1425x2048.png",1425,2048,true],"codesigner-thumb":["https:\/\/editora.uea.edu.br\/wp-content\/uploads\/2025\/01\/anpuh_1-400x400.png",400,400,true],"woocommerce_thumbnail":["https:\/\/editora.uea.edu.br\/wp-content\/uploads\/2025\/01\/anpuh_1-200x296.png",200,296,true],"woocommerce_single":["https:\/\/editora.uea.edu.br\/wp-content\/uploads\/2025\/01\/anpuh_1-200x288.png",200,288,true],"woocommerce_gallery_thumbnail":["https:\/\/editora.uea.edu.br\/wp-content\/uploads\/2025\/01\/anpuh_1-100x100.png",100,100,true]},"uagb_author_info":{"display_name":"editora","author_link":"https:\/\/editora.uea.edu.br\/?author=0"},"uagb_comment_info":0,"uagb_excerpt":"A obra faz parte da Cole\u00e7\u00e3o Anpuh &#8211; AM, que apresenta em tr\u00eas volumes diversos temas relacionados \u00e0 hist\u00f3ria e a historiografia no Amazonas, al\u00e9m de servir de material-base para professores da rede de Ensino B\u00e1sico, pois busca ampliar a produ\u00e7\u00e3o de conhecimentos hist\u00f3ricos no Amazonas. &nbsp; Como citar: QUEIR\u00d3S, C. A. B. (org.). 60&hellip;","_links":{"self":[{"href":"https:\/\/editora.uea.edu.br\/index.php?rest_route=\/wp\/v2\/product\/2102"}],"collection":[{"href":"https:\/\/editora.uea.edu.br\/index.php?rest_route=\/wp\/v2\/product"}],"about":[{"href":"https:\/\/editora.uea.edu.br\/index.php?rest_route=\/wp\/v2\/types\/product"}],"replies":[{"embeddable":true,"href":"https:\/\/editora.uea.edu.br\/index.php?rest_route=%2Fwp%2Fv2%2Fcomments&post=2102"}],"wp:featuredmedia":[{"embeddable":true,"href":"https:\/\/editora.uea.edu.br\/index.php?rest_route=\/wp\/v2\/media\/2133"}],"wp:attachment":[{"href":"https:\/\/editora.uea.edu.br\/index.php?rest_route=%2Fwp%2Fv2%2Fmedia&parent=2102"}],"wp:term":[{"taxonomy":"product_cat","embeddable":true,"href":"https:\/\/editora.uea.edu.br\/index.php?rest_route=%2Fwp%2Fv2%2Fproduct_cat&post=2102"},{"taxonomy":"product_tag","embeddable":true,"href":"https:\/\/editora.uea.edu.br\/index.php?rest_route=%2Fwp%2Fv2%2Fproduct_tag&post=2102"}],"curies":[{"name":"wp","href":"https:\/\/api.w.org\/{rel}","templated":true}]}}