{"id":2082,"date":"2025-01-22T13:54:07","date_gmt":"2025-01-22T17:54:07","guid":{"rendered":"https:\/\/editora.uea.edu.br\/?post_type=product&#038;p=2082"},"modified":"2025-06-24T10:55:13","modified_gmt":"2025-06-24T14:55:13","slug":"hixkaryana-historia-e-cultura-indigena-em-nhamunda","status":"publish","type":"product","link":"https:\/\/editora.uea.edu.br\/?product=hixkaryana-historia-e-cultura-indigena-em-nhamunda","title":{"rendered":"Hixkaryana: hist\u00f3ria e cultura ind\u00edgena em Nhamund\u00e1"},"content":{"rendered":"<p>A obra \u00e9 fruto do trabalho do invent\u00e1rio fotogr\u00e1fico e da pesquisa que embasou a exposi\u00e7\u00e3o &#8220;Hixkaryana: hist\u00f3ria, cultura ind\u00edgena em Nhamund\u00e1&#8221;, realizada em junho de 2022.<\/p>\n<p>&nbsp;<\/p>\n<p><strong>Como citar:<br \/>\n<\/strong>AMAZONAS, M.; OMAR, D.; GASPAR, L. <em>Hixkaryana<\/em>: hist\u00f3ria e cultura ind\u00edgena em Nhamund\u00e1. 1. ed. Manaus: Editora UEA, 2024.<strong><br \/>\n<\/strong><\/p>\n<p>&nbsp;<\/p>\n<p><strong>Dispon\u00edvel em:<br \/>\n<\/strong><a href=\"https:\/\/ri.uea.edu.br\/handle\/riuea\/7149\">https:\/\/ri.uea.edu.br\/handle\/riuea\/7149<\/a><\/p>\n","protected":false},"excerpt":{"rendered":"<p>A obra \u00e9 fruto do trabalho do invent\u00e1rio fotogr\u00e1fico e da pesquisa que embasou a exposi\u00e7\u00e3o &#8220;Hixkaryana: hist\u00f3ria, cultura ind\u00edgena em Nhamund\u00e1&#8221;, realizada em junho de 2022. &nbsp; Como citar: AMAZONAS, M.; OMAR, D.; GASPAR, L. Hixkaryana: hist\u00f3ria e cultura ind\u00edgena em Nhamund\u00e1. 1. ed. Manaus: Editora UEA, 2024. &nbsp; Dispon\u00edvel em: https:\/\/ri.uea.edu.br\/handle\/riuea\/7149<\/p>\n","protected":false},"featured_media":2144,"comment_status":"open","ping_status":"closed","template":"","meta":{"om_disable_all_campaigns":false,"_uag_custom_page_level_css":"","_monsterinsights_skip_tracking":false,"_monsterinsights_sitenote_active":false,"_monsterinsights_sitenote_note":"","_monsterinsights_sitenote_category":0,"site-sidebar-layout":"default","site-content-layout":"","ast-site-content-layout":"default","site-content-style":"default","site-sidebar-style":"default","ast-global-header-display":"","ast-banner-title-visibility":"","ast-main-header-display":"","ast-hfb-above-header-display":"","ast-hfb-below-header-display":"","ast-hfb-mobile-header-display":"","site-post-title":"","ast-breadcrumbs-content":"","ast-featured-img":"","footer-sml-layout":"","theme-transparent-header-meta":"default","adv-header-id-meta":"","stick-header-meta":"","header-above-stick-meta":"","header-main-stick-meta":"","header-below-stick-meta":"","astra-migrate-meta-layouts":"set","ast-page-background-enabled":"default","ast-page-background-meta":{"desktop":{"background-color":"var(--ast-global-color-4)","background-image":"","background-repeat":"repeat","background-position":"center center","background-size":"auto","background-attachment":"scroll","background-type":"","background-media":"","overlay-type":"","overlay-color":"","overlay-gradient":""},"tablet":{"background-color":"","background-image":"","background-repeat":"repeat","background-position":"center center","background-size":"auto","background-attachment":"scroll","background-type":"","background-media":"","overlay-type":"","overlay-color":"","overlay-gradient":""},"mobile":{"background-color":"","background-image":"","background-repeat":"repeat","background-position":"center center","background-size":"auto","background-attachment":"scroll","background-type":"","background-media":"","overlay-type":"","overlay-color":"","overlay-gradient":""}},"ast-content-background-meta":{"desktop":{"background-color":"var(--ast-global-color-5)","background-image":"","background-repeat":"repeat","background-position":"center center","background-size":"auto","background-attachment":"scroll","background-type":"","background-media":"","overlay-type":"","overlay-color":"","overlay-gradient":""},"tablet":{"background-color":"var(--ast-global-color-5)","background-image":"","background-repeat":"repeat","background-position":"center center","background-size":"auto","background-attachment":"scroll","background-type":"","background-media":"","overlay-type":"","overlay-color":"","overlay-gradient":""},"mobile":{"background-color":"var(--ast-global-color-5)","background-image":"","background-repeat":"repeat","background-position":"center center","background-size":"auto","background-attachment":"scroll","background-type":"","background-media":"","overlay-type":"","overlay-color":"","overlay-gradient":""}},"_themeisle_gutenberg_block_has_review":false},"product_cat":[230,427,65],"product_tag":[269,471,470],"aioseo_notices":[],"uagb_featured_image_src":{"full":["https:\/\/editora.uea.edu.br\/wp-content\/uploads\/2025\/01\/hixkaryana.png",595,420,false],"thumbnail":["https:\/\/editora.uea.edu.br\/wp-content\/uploads\/2025\/01\/hixkaryana-150x150.png",150,150,true],"medium":["https:\/\/editora.uea.edu.br\/wp-content\/uploads\/2025\/01\/hixkaryana-300x212.png",300,212,true],"medium_large":["https:\/\/editora.uea.edu.br\/wp-content\/uploads\/2025\/01\/hixkaryana.png",595,420,false],"large":["https:\/\/editora.uea.edu.br\/wp-content\/uploads\/2025\/01\/hixkaryana.png",595,420,false],"1536x1536":["https:\/\/editora.uea.edu.br\/wp-content\/uploads\/2025\/01\/hixkaryana.png",595,420,false],"2048x2048":["https:\/\/editora.uea.edu.br\/wp-content\/uploads\/2025\/01\/hixkaryana.png",595,420,false],"codesigner-thumb":["https:\/\/editora.uea.edu.br\/wp-content\/uploads\/2025\/01\/hixkaryana-400x400.png",400,400,true],"woocommerce_thumbnail":["https:\/\/editora.uea.edu.br\/wp-content\/uploads\/2025\/01\/hixkaryana-200x296.png",200,296,true],"woocommerce_single":["https:\/\/editora.uea.edu.br\/wp-content\/uploads\/2025\/01\/hixkaryana-200x141.png",200,141,true],"woocommerce_gallery_thumbnail":["https:\/\/editora.uea.edu.br\/wp-content\/uploads\/2025\/01\/hixkaryana-100x100.png",100,100,true]},"uagb_author_info":{"display_name":"editora","author_link":"https:\/\/editora.uea.edu.br\/?author=0"},"uagb_comment_info":0,"uagb_excerpt":"A obra \u00e9 fruto do trabalho do invent\u00e1rio fotogr\u00e1fico e da pesquisa que embasou a exposi\u00e7\u00e3o &#8220;Hixkaryana: hist\u00f3ria, cultura ind\u00edgena em Nhamund\u00e1&#8221;, realizada em junho de 2022. &nbsp; Como citar: AMAZONAS, M.; OMAR, D.; GASPAR, L. Hixkaryana: hist\u00f3ria e cultura ind\u00edgena em Nhamund\u00e1. 1. ed. Manaus: Editora UEA, 2024. &nbsp; Dispon\u00edvel em: https:\/\/ri.uea.edu.br\/handle\/riuea\/7149","_links":{"self":[{"href":"https:\/\/editora.uea.edu.br\/index.php?rest_route=\/wp\/v2\/product\/2082"}],"collection":[{"href":"https:\/\/editora.uea.edu.br\/index.php?rest_route=\/wp\/v2\/product"}],"about":[{"href":"https:\/\/editora.uea.edu.br\/index.php?rest_route=\/wp\/v2\/types\/product"}],"replies":[{"embeddable":true,"href":"https:\/\/editora.uea.edu.br\/index.php?rest_route=%2Fwp%2Fv2%2Fcomments&post=2082"}],"wp:featuredmedia":[{"embeddable":true,"href":"https:\/\/editora.uea.edu.br\/index.php?rest_route=\/wp\/v2\/media\/2144"}],"wp:attachment":[{"href":"https:\/\/editora.uea.edu.br\/index.php?rest_route=%2Fwp%2Fv2%2Fmedia&parent=2082"}],"wp:term":[{"taxonomy":"product_cat","embeddable":true,"href":"https:\/\/editora.uea.edu.br\/index.php?rest_route=%2Fwp%2Fv2%2Fproduct_cat&post=2082"},{"taxonomy":"product_tag","embeddable":true,"href":"https:\/\/editora.uea.edu.br\/index.php?rest_route=%2Fwp%2Fv2%2Fproduct_tag&post=2082"}],"curies":[{"name":"wp","href":"https:\/\/api.w.org\/{rel}","templated":true}]}}