{"id":2080,"date":"2025-01-22T13:36:04","date_gmt":"2025-01-22T17:36:04","guid":{"rendered":"https:\/\/editora.uea.edu.br\/?post_type=product&#038;p=2080"},"modified":"2025-01-28T15:38:49","modified_gmt":"2025-01-28T19:38:49","slug":"conhecendo-os-peixes-de-tupe-am","status":"publish","type":"product","link":"https:\/\/editora.uea.edu.br\/?product=conhecendo-os-peixes-de-tupe-am","title":{"rendered":"Conhecendo os peixes de Tup\u00e9 \u2013 AM"},"content":{"rendered":"<div class=\"item-page-field\">\n<div class=\"simple-view-element\">\n<div class=\"simple-view-element-body\"><span class=\"dont-break-out preserve-line-breaks ng-star-inserted\">Como resultado de um projeto de extens\u00e3o denominado \u201cEtnoictiologia em foco: conhecimentos tradicionais e cient\u00edficos em uma comunidade ribeirinha na Reserva de Desenvolvimento Sustent\u00e1vel do Tup\u00e9, Amazonas\u201d, esse guia ilustrado consiste em explicar quest\u00f5es que envolvem a situa\u00e7\u00e3o dos peixes do rio Negro, englobando seus aspectos ecol\u00f3gicos, comerciais, caracter\u00edsticas gerais e diversidade.<\/span><\/div>\n<\/div>\n<\/div>\n<div class=\"item-page-field\"><\/div>\n<div class=\"item-page-field\">\n<div class=\"simple-view-element\"><strong>Como citar:<\/strong><\/div>\n<div>SILVA, C. V. S.; ARA\u00daJO, C. S. O.; ROCHA, M. S. <em>Conhecendo os peixes de Tup\u00e9 \u2013 AM<\/em>. 1. ed. Manaus: Editora UEA, 2024.<\/div>\n<\/div>\n<div><\/div>\n<div><strong>Dispon\u00edvel em:<br \/>\n<\/strong><a href=\"https:\/\/ri.uea.edu.br\/handle\/riuea\/7170\">https:\/\/ri.uea.edu.br\/handle\/riuea\/7170<\/a><\/div>\n","protected":false},"excerpt":{"rendered":"<p>Como resultado de um projeto de extens\u00e3o denominado \u201cEtnoictiologia em foco: conhecimentos tradicionais e cient\u00edficos em uma comunidade ribeirinha na Reserva de Desenvolvimento Sustent\u00e1vel do Tup\u00e9, Amazonas\u201d, esse guia ilustrado consiste em explicar quest\u00f5es que envolvem a situa\u00e7\u00e3o dos peixes do rio Negro, englobando seus aspectos ecol\u00f3gicos, comerciais, caracter\u00edsticas gerais e diversidade. Como citar: SILVA, [&hellip;]<\/p>\n","protected":false},"featured_media":2149,"comment_status":"open","ping_status":"closed","template":"","meta":{"om_disable_all_campaigns":false,"_uag_custom_page_level_css":"","_monsterinsights_skip_tracking":false,"_monsterinsights_sitenote_active":false,"_monsterinsights_sitenote_note":"","_monsterinsights_sitenote_category":0,"site-sidebar-layout":"default","site-content-layout":"","ast-site-content-layout":"default","site-content-style":"default","site-sidebar-style":"default","ast-global-header-display":"","ast-banner-title-visibility":"","ast-main-header-display":"","ast-hfb-above-header-display":"","ast-hfb-below-header-display":"","ast-hfb-mobile-header-display":"","site-post-title":"","ast-breadcrumbs-content":"","ast-featured-img":"","footer-sml-layout":"","theme-transparent-header-meta":"default","adv-header-id-meta":"","stick-header-meta":"","header-above-stick-meta":"","header-main-stick-meta":"","header-below-stick-meta":"","astra-migrate-meta-layouts":"set","ast-page-background-enabled":"default","ast-page-background-meta":{"desktop":{"background-color":"var(--ast-global-color-4)","background-image":"","background-repeat":"repeat","background-position":"center center","background-size":"auto","background-attachment":"scroll","background-type":"","background-media":"","overlay-type":"","overlay-color":"","overlay-gradient":""},"tablet":{"background-color":"","background-image":"","background-repeat":"repeat","background-position":"center center","background-size":"auto","background-attachment":"scroll","background-type":"","background-media":"","overlay-type":"","overlay-color":"","overlay-gradient":""},"mobile":{"background-color":"","background-image":"","background-repeat":"repeat","background-position":"center center","background-size":"auto","background-attachment":"scroll","background-type":"","background-media":"","overlay-type":"","overlay-color":"","overlay-gradient":""}},"ast-content-background-meta":{"desktop":{"background-color":"var(--ast-global-color-5)","background-image":"","background-repeat":"repeat","background-position":"center center","background-size":"auto","background-attachment":"scroll","background-type":"","background-media":"","overlay-type":"","overlay-color":"","overlay-gradient":""},"tablet":{"background-color":"var(--ast-global-color-5)","background-image":"","background-repeat":"repeat","background-position":"center center","background-size":"auto","background-attachment":"scroll","background-type":"","background-media":"","overlay-type":"","overlay-color":"","overlay-gradient":""},"mobile":{"background-color":"var(--ast-global-color-5)","background-image":"","background-repeat":"repeat","background-position":"center center","background-size":"auto","background-attachment":"scroll","background-type":"","background-media":"","overlay-type":"","overlay-color":"","overlay-gradient":""}},"_themeisle_gutenberg_block_has_review":false},"product_cat":[467],"product_tag":[468,323,469],"aioseo_notices":[],"uagb_featured_image_src":{"full":["https:\/\/editora.uea.edu.br\/wp-content\/uploads\/2025\/01\/capa-conhecendo-os-peixes.png",482,737,false],"thumbnail":["https:\/\/editora.uea.edu.br\/wp-content\/uploads\/2025\/01\/capa-conhecendo-os-peixes-150x150.png",150,150,true],"medium":["https:\/\/editora.uea.edu.br\/wp-content\/uploads\/2025\/01\/capa-conhecendo-os-peixes-196x300.png",196,300,true],"medium_large":["https:\/\/editora.uea.edu.br\/wp-content\/uploads\/2025\/01\/capa-conhecendo-os-peixes.png",482,737,false],"large":["https:\/\/editora.uea.edu.br\/wp-content\/uploads\/2025\/01\/capa-conhecendo-os-peixes.png",482,737,false],"1536x1536":["https:\/\/editora.uea.edu.br\/wp-content\/uploads\/2025\/01\/capa-conhecendo-os-peixes.png",482,737,false],"2048x2048":["https:\/\/editora.uea.edu.br\/wp-content\/uploads\/2025\/01\/capa-conhecendo-os-peixes.png",482,737,false],"codesigner-thumb":["https:\/\/editora.uea.edu.br\/wp-content\/uploads\/2025\/01\/capa-conhecendo-os-peixes-400x400.png",400,400,true],"woocommerce_thumbnail":["https:\/\/editora.uea.edu.br\/wp-content\/uploads\/2025\/01\/capa-conhecendo-os-peixes-200x296.png",200,296,true],"woocommerce_single":["https:\/\/editora.uea.edu.br\/wp-content\/uploads\/2025\/01\/capa-conhecendo-os-peixes-200x306.png",200,306,true],"woocommerce_gallery_thumbnail":["https:\/\/editora.uea.edu.br\/wp-content\/uploads\/2025\/01\/capa-conhecendo-os-peixes-100x100.png",100,100,true]},"uagb_author_info":{"display_name":"editora","author_link":"https:\/\/editora.uea.edu.br\/?author=0"},"uagb_comment_info":0,"uagb_excerpt":"Como resultado de um projeto de extens\u00e3o denominado \u201cEtnoictiologia em foco: conhecimentos tradicionais e cient\u00edficos em uma comunidade ribeirinha na Reserva de Desenvolvimento Sustent\u00e1vel do Tup\u00e9, Amazonas\u201d, esse guia ilustrado consiste em explicar quest\u00f5es que envolvem a situa\u00e7\u00e3o dos peixes do rio Negro, englobando seus aspectos ecol\u00f3gicos, comerciais, caracter\u00edsticas gerais e diversidade. Como citar: SILVA,&hellip;","_links":{"self":[{"href":"https:\/\/editora.uea.edu.br\/index.php?rest_route=\/wp\/v2\/product\/2080"}],"collection":[{"href":"https:\/\/editora.uea.edu.br\/index.php?rest_route=\/wp\/v2\/product"}],"about":[{"href":"https:\/\/editora.uea.edu.br\/index.php?rest_route=\/wp\/v2\/types\/product"}],"replies":[{"embeddable":true,"href":"https:\/\/editora.uea.edu.br\/index.php?rest_route=%2Fwp%2Fv2%2Fcomments&post=2080"}],"wp:featuredmedia":[{"embeddable":true,"href":"https:\/\/editora.uea.edu.br\/index.php?rest_route=\/wp\/v2\/media\/2149"}],"wp:attachment":[{"href":"https:\/\/editora.uea.edu.br\/index.php?rest_route=%2Fwp%2Fv2%2Fmedia&parent=2080"}],"wp:term":[{"taxonomy":"product_cat","embeddable":true,"href":"https:\/\/editora.uea.edu.br\/index.php?rest_route=%2Fwp%2Fv2%2Fproduct_cat&post=2080"},{"taxonomy":"product_tag","embeddable":true,"href":"https:\/\/editora.uea.edu.br\/index.php?rest_route=%2Fwp%2Fv2%2Fproduct_tag&post=2080"}],"curies":[{"name":"wp","href":"https:\/\/api.w.org\/{rel}","templated":true}]}}