{"id":2078,"date":"2025-01-22T11:57:48","date_gmt":"2025-01-22T15:57:48","guid":{"rendered":"https:\/\/editora.uea.edu.br\/?post_type=product&#038;p=2078"},"modified":"2025-01-27T09:48:54","modified_gmt":"2025-01-27T13:48:54","slug":"alfabichos-da-hileia-amazonica","status":"publish","type":"product","link":"https:\/\/editora.uea.edu.br\/?product=alfabichos-da-hileia-amazonica","title":{"rendered":"Alfabichos da Hil\u00e9ia Amaz\u00f4nica"},"content":{"rendered":"<div class=\"item-page-field\">\n<div class=\"simple-view-element\">\n<div>A obra convida seus leitores a embarcar em uma jornada \u00fanica e divertida pela rica fauna amaz\u00f4nica. Atrav\u00e9s de ilustra\u00e7\u00f5es e textos did\u00e1ticos, o livro apresenta as letras do alfabeto atrav\u00e9s de animais regionais da floresta amaz\u00f4nica.<\/div>\n<\/div>\n<\/div>\n<div><\/div>\n<div><strong>Como citar:<br \/>\n<\/strong><span style=\"font-size: 16px;\">ANDRADE, A. N.; PINTO, M. A. C. <\/span><em style=\"font-size: 16px;\">Alfabichos da Hil\u00e9ia Amaz\u00f4nica<\/em><span style=\"font-size: 16px;\">. 1. ed. Manaus: Editora UEA, 2024.<\/span><\/div>\n<p>&nbsp;<\/p>\n<p><strong>Dispon\u00edvel em:<br \/>\n<\/strong><a href=\"https:\/\/ri.uea.edu.br\/handle\/riuea\/7173\">https:\/\/ri.uea.edu.br\/handle\/riuea\/7173<\/a><\/p>\n<div><\/div>\n","protected":false},"excerpt":{"rendered":"<p>A obra convida seus leitores a embarcar em uma jornada \u00fanica e divertida pela rica fauna amaz\u00f4nica. Atrav\u00e9s de ilustra\u00e7\u00f5es e textos did\u00e1ticos, o livro apresenta as letras do alfabeto atrav\u00e9s de animais regionais da floresta amaz\u00f4nica. Como citar: ANDRADE, A. N.; PINTO, M. A. C. Alfabichos da Hil\u00e9ia Amaz\u00f4nica. 1. ed. Manaus: Editora UEA, [&hellip;]<\/p>\n","protected":false},"featured_media":2141,"comment_status":"open","ping_status":"closed","template":"","meta":{"om_disable_all_campaigns":false,"_uag_custom_page_level_css":"","_monsterinsights_skip_tracking":false,"_monsterinsights_sitenote_active":false,"_monsterinsights_sitenote_note":"","_monsterinsights_sitenote_category":0,"site-sidebar-layout":"default","site-content-layout":"","ast-site-content-layout":"default","site-content-style":"default","site-sidebar-style":"default","ast-global-header-display":"","ast-banner-title-visibility":"","ast-main-header-display":"","ast-hfb-above-header-display":"","ast-hfb-below-header-display":"","ast-hfb-mobile-header-display":"","site-post-title":"","ast-breadcrumbs-content":"","ast-featured-img":"","footer-sml-layout":"","theme-transparent-header-meta":"default","adv-header-id-meta":"","stick-header-meta":"","header-above-stick-meta":"","header-main-stick-meta":"","header-below-stick-meta":"","astra-migrate-meta-layouts":"set","ast-page-background-enabled":"default","ast-page-background-meta":{"desktop":{"background-color":"var(--ast-global-color-4)","background-image":"","background-repeat":"repeat","background-position":"center center","background-size":"auto","background-attachment":"scroll","background-type":"","background-media":"","overlay-type":"","overlay-color":"","overlay-gradient":""},"tablet":{"background-color":"","background-image":"","background-repeat":"repeat","background-position":"center center","background-size":"auto","background-attachment":"scroll","background-type":"","background-media":"","overlay-type":"","overlay-color":"","overlay-gradient":""},"mobile":{"background-color":"","background-image":"","background-repeat":"repeat","background-position":"center center","background-size":"auto","background-attachment":"scroll","background-type":"","background-media":"","overlay-type":"","overlay-color":"","overlay-gradient":""}},"ast-content-background-meta":{"desktop":{"background-color":"var(--ast-global-color-5)","background-image":"","background-repeat":"repeat","background-position":"center center","background-size":"auto","background-attachment":"scroll","background-type":"","background-media":"","overlay-type":"","overlay-color":"","overlay-gradient":""},"tablet":{"background-color":"var(--ast-global-color-5)","background-image":"","background-repeat":"repeat","background-position":"center center","background-size":"auto","background-attachment":"scroll","background-type":"","background-media":"","overlay-type":"","overlay-color":"","overlay-gradient":""},"mobile":{"background-color":"var(--ast-global-color-5)","background-image":"","background-repeat":"repeat","background-position":"center center","background-size":"auto","background-attachment":"scroll","background-type":"","background-media":"","overlay-type":"","overlay-color":"","overlay-gradient":""}},"_themeisle_gutenberg_block_has_review":false},"product_cat":[20,457],"product_tag":[458,466],"aioseo_notices":[],"uagb_featured_image_src":{"full":["https:\/\/editora.uea.edu.br\/wp-content\/uploads\/2025\/01\/capa-alfabichos.png",567,567,false],"thumbnail":["https:\/\/editora.uea.edu.br\/wp-content\/uploads\/2025\/01\/capa-alfabichos-150x150.png",150,150,true],"medium":["https:\/\/editora.uea.edu.br\/wp-content\/uploads\/2025\/01\/capa-alfabichos-300x300.png",300,300,true],"medium_large":["https:\/\/editora.uea.edu.br\/wp-content\/uploads\/2025\/01\/capa-alfabichos.png",567,567,false],"large":["https:\/\/editora.uea.edu.br\/wp-content\/uploads\/2025\/01\/capa-alfabichos.png",567,567,false],"1536x1536":["https:\/\/editora.uea.edu.br\/wp-content\/uploads\/2025\/01\/capa-alfabichos.png",567,567,false],"2048x2048":["https:\/\/editora.uea.edu.br\/wp-content\/uploads\/2025\/01\/capa-alfabichos.png",567,567,false],"codesigner-thumb":["https:\/\/editora.uea.edu.br\/wp-content\/uploads\/2025\/01\/capa-alfabichos-400x400.png",400,400,true],"woocommerce_thumbnail":["https:\/\/editora.uea.edu.br\/wp-content\/uploads\/2025\/01\/capa-alfabichos-200x296.png",200,296,true],"woocommerce_single":["https:\/\/editora.uea.edu.br\/wp-content\/uploads\/2025\/01\/capa-alfabichos-200x200.png",200,200,true],"woocommerce_gallery_thumbnail":["https:\/\/editora.uea.edu.br\/wp-content\/uploads\/2025\/01\/capa-alfabichos-100x100.png",100,100,true]},"uagb_author_info":{"display_name":"editora","author_link":"https:\/\/editora.uea.edu.br\/?author=0"},"uagb_comment_info":0,"uagb_excerpt":"A obra convida seus leitores a embarcar em uma jornada \u00fanica e divertida pela rica fauna amaz\u00f4nica. Atrav\u00e9s de ilustra\u00e7\u00f5es e textos did\u00e1ticos, o livro apresenta as letras do alfabeto atrav\u00e9s de animais regionais da floresta amaz\u00f4nica. Como citar: ANDRADE, A. N.; PINTO, M. A. C. Alfabichos da Hil\u00e9ia Amaz\u00f4nica. 1. ed. Manaus: Editora UEA,&hellip;","_links":{"self":[{"href":"https:\/\/editora.uea.edu.br\/index.php?rest_route=\/wp\/v2\/product\/2078"}],"collection":[{"href":"https:\/\/editora.uea.edu.br\/index.php?rest_route=\/wp\/v2\/product"}],"about":[{"href":"https:\/\/editora.uea.edu.br\/index.php?rest_route=\/wp\/v2\/types\/product"}],"replies":[{"embeddable":true,"href":"https:\/\/editora.uea.edu.br\/index.php?rest_route=%2Fwp%2Fv2%2Fcomments&post=2078"}],"wp:featuredmedia":[{"embeddable":true,"href":"https:\/\/editora.uea.edu.br\/index.php?rest_route=\/wp\/v2\/media\/2141"}],"wp:attachment":[{"href":"https:\/\/editora.uea.edu.br\/index.php?rest_route=%2Fwp%2Fv2%2Fmedia&parent=2078"}],"wp:term":[{"taxonomy":"product_cat","embeddable":true,"href":"https:\/\/editora.uea.edu.br\/index.php?rest_route=%2Fwp%2Fv2%2Fproduct_cat&post=2078"},{"taxonomy":"product_tag","embeddable":true,"href":"https:\/\/editora.uea.edu.br\/index.php?rest_route=%2Fwp%2Fv2%2Fproduct_tag&post=2078"}],"curies":[{"name":"wp","href":"https:\/\/api.w.org\/{rel}","templated":true}]}}