{"id":2076,"date":"2025-01-22T11:47:51","date_gmt":"2025-01-22T15:47:51","guid":{"rendered":"https:\/\/editora.uea.edu.br\/?post_type=product&#038;p=2076"},"modified":"2025-01-27T09:54:57","modified_gmt":"2025-01-27T13:54:57","slug":"academic-adventures-in-the-english-language","status":"publish","type":"product","link":"https:\/\/editora.uea.edu.br\/?product=academic-adventures-in-the-english-language","title":{"rendered":"Academic Adventures in the English language"},"content":{"rendered":"<p>A obra did\u00e1tica-educacional &#8220;Academic Adventures in the English Language\u201d foi desenvolvida para auxiliar na forma\u00e7\u00e3o de professores de L\u00edngua Inglesa no interior do Amazonas. A obra \u00e9 realizada e avaliada por parte do corpo docente e coordena\u00e7\u00e3o geral\/pedag\u00f3gica do curso de Licenciatura em Letras &#8211; L\u00edngua Inglesa Presencial Mediado por Tecnologia da Universidade do Estado do Amazonas &#8211; Escola Normal Superior.<\/p>\n<p>&nbsp;<\/p>\n<p><strong>Como citar:<\/strong><\/p>\n<p><span style=\"font-size: 16px;\">AMORIM, E. K. N. <\/span><em style=\"font-size: 16px;\">et al<\/em><span style=\"font-size: 16px;\">. <\/span><em style=\"font-size: 16px;\">Academic Adventures in the English language<\/em><span style=\"font-size: 16px;\">. 1. ed. Manaus: Editora UEA, 2024.<\/span><\/p>\n<p>&nbsp;<\/p>\n<p><strong>Dispon\u00edvel em:<\/strong><\/p>\n<p><a href=\"https:\/\/ri.uea.edu.br\/handle\/riuea\/2632\">https:\/\/ri.uea.edu.br\/handle\/riuea\/2632<\/a><\/p>\n<p>&nbsp;<\/p>\n<div class=\"item-page-field\">\n<div class=\"simple-view-element\"><\/div>\n<\/div>\n","protected":false},"excerpt":{"rendered":"<p>A obra did\u00e1tica-educacional &#8220;Academic Adventures in the English Language\u201d foi desenvolvida para auxiliar na forma\u00e7\u00e3o de professores de L\u00edngua Inglesa no interior do Amazonas. A obra \u00e9 realizada e avaliada por parte do corpo docente e coordena\u00e7\u00e3o geral\/pedag\u00f3gica do curso de Licenciatura em Letras &#8211; L\u00edngua Inglesa Presencial Mediado por Tecnologia da Universidade do Estado [&hellip;]<\/p>\n","protected":false},"featured_media":2143,"comment_status":"open","ping_status":"closed","template":"","meta":{"om_disable_all_campaigns":false,"_uag_custom_page_level_css":"","_monsterinsights_skip_tracking":false,"_monsterinsights_sitenote_active":false,"_monsterinsights_sitenote_note":"","_monsterinsights_sitenote_category":0,"site-sidebar-layout":"default","site-content-layout":"","ast-site-content-layout":"default","site-content-style":"default","site-sidebar-style":"default","ast-global-header-display":"","ast-banner-title-visibility":"","ast-main-header-display":"","ast-hfb-above-header-display":"","ast-hfb-below-header-display":"","ast-hfb-mobile-header-display":"","site-post-title":"","ast-breadcrumbs-content":"","ast-featured-img":"","footer-sml-layout":"","theme-transparent-header-meta":"default","adv-header-id-meta":"","stick-header-meta":"","header-above-stick-meta":"","header-main-stick-meta":"","header-below-stick-meta":"","astra-migrate-meta-layouts":"set","ast-page-background-enabled":"default","ast-page-background-meta":{"desktop":{"background-color":"var(--ast-global-color-4)","background-image":"","background-repeat":"repeat","background-position":"center center","background-size":"auto","background-attachment":"scroll","background-type":"","background-media":"","overlay-type":"","overlay-color":"","overlay-gradient":""},"tablet":{"background-color":"","background-image":"","background-repeat":"repeat","background-position":"center center","background-size":"auto","background-attachment":"scroll","background-type":"","background-media":"","overlay-type":"","overlay-color":"","overlay-gradient":""},"mobile":{"background-color":"","background-image":"","background-repeat":"repeat","background-position":"center center","background-size":"auto","background-attachment":"scroll","background-type":"","background-media":"","overlay-type":"","overlay-color":"","overlay-gradient":""}},"ast-content-background-meta":{"desktop":{"background-color":"var(--ast-global-color-5)","background-image":"","background-repeat":"repeat","background-position":"center center","background-size":"auto","background-attachment":"scroll","background-type":"","background-media":"","overlay-type":"","overlay-color":"","overlay-gradient":""},"tablet":{"background-color":"var(--ast-global-color-5)","background-image":"","background-repeat":"repeat","background-position":"center center","background-size":"auto","background-attachment":"scroll","background-type":"","background-media":"","overlay-type":"","overlay-color":"","overlay-gradient":""},"mobile":{"background-color":"var(--ast-global-color-5)","background-image":"","background-repeat":"repeat","background-position":"center center","background-size":"auto","background-attachment":"scroll","background-type":"","background-media":"","overlay-type":"","overlay-color":"","overlay-gradient":""}},"_themeisle_gutenberg_block_has_review":false},"product_cat":[73,459],"product_tag":[461,460,462,465,463,464],"aioseo_notices":[],"uagb_featured_image_src":{"full":["https:\/\/editora.uea.edu.br\/wp-content\/uploads\/2025\/01\/academic-adventures.png",595,842,false],"thumbnail":["https:\/\/editora.uea.edu.br\/wp-content\/uploads\/2025\/01\/academic-adventures-150x150.png",150,150,true],"medium":["https:\/\/editora.uea.edu.br\/wp-content\/uploads\/2025\/01\/academic-adventures-212x300.png",212,300,true],"medium_large":["https:\/\/editora.uea.edu.br\/wp-content\/uploads\/2025\/01\/academic-adventures.png",595,842,false],"large":["https:\/\/editora.uea.edu.br\/wp-content\/uploads\/2025\/01\/academic-adventures-565x800.png",565,800,true],"1536x1536":["https:\/\/editora.uea.edu.br\/wp-content\/uploads\/2025\/01\/academic-adventures.png",595,842,false],"2048x2048":["https:\/\/editora.uea.edu.br\/wp-content\/uploads\/2025\/01\/academic-adventures.png",595,842,false],"codesigner-thumb":["https:\/\/editora.uea.edu.br\/wp-content\/uploads\/2025\/01\/academic-adventures-400x400.png",400,400,true],"woocommerce_thumbnail":["https:\/\/editora.uea.edu.br\/wp-content\/uploads\/2025\/01\/academic-adventures-200x296.png",200,296,true],"woocommerce_single":["https:\/\/editora.uea.edu.br\/wp-content\/uploads\/2025\/01\/academic-adventures-200x283.png",200,283,true],"woocommerce_gallery_thumbnail":["https:\/\/editora.uea.edu.br\/wp-content\/uploads\/2025\/01\/academic-adventures-100x100.png",100,100,true]},"uagb_author_info":{"display_name":"editora","author_link":"https:\/\/editora.uea.edu.br\/?author=0"},"uagb_comment_info":0,"uagb_excerpt":"A obra did\u00e1tica-educacional &#8220;Academic Adventures in the English Language\u201d foi desenvolvida para auxiliar na forma\u00e7\u00e3o de professores de L\u00edngua Inglesa no interior do Amazonas. A obra \u00e9 realizada e avaliada por parte do corpo docente e coordena\u00e7\u00e3o geral\/pedag\u00f3gica do curso de Licenciatura em Letras &#8211; L\u00edngua Inglesa Presencial Mediado por Tecnologia da Universidade do Estado&hellip;","_links":{"self":[{"href":"https:\/\/editora.uea.edu.br\/index.php?rest_route=\/wp\/v2\/product\/2076"}],"collection":[{"href":"https:\/\/editora.uea.edu.br\/index.php?rest_route=\/wp\/v2\/product"}],"about":[{"href":"https:\/\/editora.uea.edu.br\/index.php?rest_route=\/wp\/v2\/types\/product"}],"replies":[{"embeddable":true,"href":"https:\/\/editora.uea.edu.br\/index.php?rest_route=%2Fwp%2Fv2%2Fcomments&post=2076"}],"wp:featuredmedia":[{"embeddable":true,"href":"https:\/\/editora.uea.edu.br\/index.php?rest_route=\/wp\/v2\/media\/2143"}],"wp:attachment":[{"href":"https:\/\/editora.uea.edu.br\/index.php?rest_route=%2Fwp%2Fv2%2Fmedia&parent=2076"}],"wp:term":[{"taxonomy":"product_cat","embeddable":true,"href":"https:\/\/editora.uea.edu.br\/index.php?rest_route=%2Fwp%2Fv2%2Fproduct_cat&post=2076"},{"taxonomy":"product_tag","embeddable":true,"href":"https:\/\/editora.uea.edu.br\/index.php?rest_route=%2Fwp%2Fv2%2Fproduct_tag&post=2076"}],"curies":[{"name":"wp","href":"https:\/\/api.w.org\/{rel}","templated":true}]}}