{"id":2074,"date":"2025-01-22T11:31:41","date_gmt":"2025-01-22T15:31:41","guid":{"rendered":"https:\/\/editora.uea.edu.br\/?post_type=product&#038;p=2074"},"modified":"2025-01-27T09:11:29","modified_gmt":"2025-01-27T13:11:29","slug":"a-borboleta-e-o-tatame-da-vida","status":"publish","type":"product","link":"https:\/\/editora.uea.edu.br\/?product=a-borboleta-e-o-tatame-da-vida","title":{"rendered":"A borboleta e o tatame da vida"},"content":{"rendered":"<p>A obra aborda, de maneira sutil e delicada, a sensibilidade da autora, em unir seu olhar sobre um transtorno muito comum, o TDAH, e o esporte que ela aprendeu a amar, o Jiu-J\u00edtsu. Nela, \u00e9 percept\u00edvel sua preocupa\u00e7\u00e3o como uma pauta a ser compreendida por todos, por ser um dos transtornos de aprendizagem mais frequentes no desenvolvimento infantil, refletindo em diversas \u00e1reas da vida de uma crian\u00e7a.<\/p>\n<p>&nbsp;<\/p>\n<p><strong>Como citar:<\/strong><\/p>\n<p>ANDRADE, A. N. <em>A borboleta e o tatame da vida<\/em>. 1. ed. Manaus: Editora UEA, 2024.<\/p>\n<p>&nbsp;<\/p>\n<p><strong>Dispon\u00edvel em:<\/strong><\/p>\n<p><a href=\"https:\/\/ri.uea.edu.br\/handle\/riuea\/2625\">https:\/\/ri.uea.edu.br\/handle\/riuea\/2625<\/a><\/p>\n","protected":false},"excerpt":{"rendered":"<p>A obra aborda, de maneira sutil e delicada, a sensibilidade da autora, em unir seu olhar sobre um transtorno muito comum, o TDAH, e o esporte que ela aprendeu a amar, o Jiu-J\u00edtsu. Nela, \u00e9 percept\u00edvel sua preocupa\u00e7\u00e3o como uma pauta a ser compreendida por todos, por ser um dos transtornos de aprendizagem mais frequentes [&hellip;]<\/p>\n","protected":false},"featured_media":2132,"comment_status":"open","ping_status":"closed","template":"","meta":{"om_disable_all_campaigns":false,"_uag_custom_page_level_css":"","_monsterinsights_skip_tracking":false,"_monsterinsights_sitenote_active":false,"_monsterinsights_sitenote_note":"","_monsterinsights_sitenote_category":0,"site-sidebar-layout":"default","site-content-layout":"","ast-site-content-layout":"default","site-content-style":"default","site-sidebar-style":"default","ast-global-header-display":"","ast-banner-title-visibility":"","ast-main-header-display":"","ast-hfb-above-header-display":"","ast-hfb-below-header-display":"","ast-hfb-mobile-header-display":"","site-post-title":"","ast-breadcrumbs-content":"","ast-featured-img":"","footer-sml-layout":"","theme-transparent-header-meta":"default","adv-header-id-meta":"","stick-header-meta":"","header-above-stick-meta":"","header-main-stick-meta":"","header-below-stick-meta":"","astra-migrate-meta-layouts":"set","ast-page-background-enabled":"default","ast-page-background-meta":{"desktop":{"background-color":"var(--ast-global-color-4)","background-image":"","background-repeat":"repeat","background-position":"center center","background-size":"auto","background-attachment":"scroll","background-type":"","background-media":"","overlay-type":"","overlay-color":"","overlay-gradient":""},"tablet":{"background-color":"","background-image":"","background-repeat":"repeat","background-position":"center center","background-size":"auto","background-attachment":"scroll","background-type":"","background-media":"","overlay-type":"","overlay-color":"","overlay-gradient":""},"mobile":{"background-color":"","background-image":"","background-repeat":"repeat","background-position":"center center","background-size":"auto","background-attachment":"scroll","background-type":"","background-media":"","overlay-type":"","overlay-color":"","overlay-gradient":""}},"ast-content-background-meta":{"desktop":{"background-color":"var(--ast-global-color-5)","background-image":"","background-repeat":"repeat","background-position":"center center","background-size":"auto","background-attachment":"scroll","background-type":"","background-media":"","overlay-type":"","overlay-color":"","overlay-gradient":""},"tablet":{"background-color":"var(--ast-global-color-5)","background-image":"","background-repeat":"repeat","background-position":"center center","background-size":"auto","background-attachment":"scroll","background-type":"","background-media":"","overlay-type":"","overlay-color":"","overlay-gradient":""},"mobile":{"background-color":"var(--ast-global-color-5)","background-image":"","background-repeat":"repeat","background-position":"center center","background-size":"auto","background-attachment":"scroll","background-type":"","background-media":"","overlay-type":"","overlay-color":"","overlay-gradient":""}},"_themeisle_gutenberg_block_has_review":false},"product_cat":[20,457],"product_tag":[458],"aioseo_notices":[],"uagb_featured_image_src":{"full":["https:\/\/editora.uea.edu.br\/wp-content\/uploads\/2025\/01\/a-borboleta-e-o-tatame-da-vida-editavel-capa.png",842,595,false],"thumbnail":["https:\/\/editora.uea.edu.br\/wp-content\/uploads\/2025\/01\/a-borboleta-e-o-tatame-da-vida-editavel-capa-150x150.png",150,150,true],"medium":["https:\/\/editora.uea.edu.br\/wp-content\/uploads\/2025\/01\/a-borboleta-e-o-tatame-da-vida-editavel-capa-300x212.png",300,212,true],"medium_large":["https:\/\/editora.uea.edu.br\/wp-content\/uploads\/2025\/01\/a-borboleta-e-o-tatame-da-vida-editavel-capa-768x543.png",768,543,true],"large":["https:\/\/editora.uea.edu.br\/wp-content\/uploads\/2025\/01\/a-borboleta-e-o-tatame-da-vida-editavel-capa-800x565.png",800,565,true],"1536x1536":["https:\/\/editora.uea.edu.br\/wp-content\/uploads\/2025\/01\/a-borboleta-e-o-tatame-da-vida-editavel-capa.png",842,595,false],"2048x2048":["https:\/\/editora.uea.edu.br\/wp-content\/uploads\/2025\/01\/a-borboleta-e-o-tatame-da-vida-editavel-capa.png",842,595,false],"codesigner-thumb":["https:\/\/editora.uea.edu.br\/wp-content\/uploads\/2025\/01\/a-borboleta-e-o-tatame-da-vida-editavel-capa-400x400.png",400,400,true],"woocommerce_thumbnail":["https:\/\/editora.uea.edu.br\/wp-content\/uploads\/2025\/01\/a-borboleta-e-o-tatame-da-vida-editavel-capa-200x296.png",200,296,true],"woocommerce_single":["https:\/\/editora.uea.edu.br\/wp-content\/uploads\/2025\/01\/a-borboleta-e-o-tatame-da-vida-editavel-capa-200x141.png",200,141,true],"woocommerce_gallery_thumbnail":["https:\/\/editora.uea.edu.br\/wp-content\/uploads\/2025\/01\/a-borboleta-e-o-tatame-da-vida-editavel-capa-100x100.png",100,100,true]},"uagb_author_info":{"display_name":"editora","author_link":"https:\/\/editora.uea.edu.br\/?author=0"},"uagb_comment_info":0,"uagb_excerpt":"A obra aborda, de maneira sutil e delicada, a sensibilidade da autora, em unir seu olhar sobre um transtorno muito comum, o TDAH, e o esporte que ela aprendeu a amar, o Jiu-J\u00edtsu. Nela, \u00e9 percept\u00edvel sua preocupa\u00e7\u00e3o como uma pauta a ser compreendida por todos, por ser um dos transtornos de aprendizagem mais frequentes&hellip;","_links":{"self":[{"href":"https:\/\/editora.uea.edu.br\/index.php?rest_route=\/wp\/v2\/product\/2074"}],"collection":[{"href":"https:\/\/editora.uea.edu.br\/index.php?rest_route=\/wp\/v2\/product"}],"about":[{"href":"https:\/\/editora.uea.edu.br\/index.php?rest_route=\/wp\/v2\/types\/product"}],"replies":[{"embeddable":true,"href":"https:\/\/editora.uea.edu.br\/index.php?rest_route=%2Fwp%2Fv2%2Fcomments&post=2074"}],"wp:featuredmedia":[{"embeddable":true,"href":"https:\/\/editora.uea.edu.br\/index.php?rest_route=\/wp\/v2\/media\/2132"}],"wp:attachment":[{"href":"https:\/\/editora.uea.edu.br\/index.php?rest_route=%2Fwp%2Fv2%2Fmedia&parent=2074"}],"wp:term":[{"taxonomy":"product_cat","embeddable":true,"href":"https:\/\/editora.uea.edu.br\/index.php?rest_route=%2Fwp%2Fv2%2Fproduct_cat&post=2074"},{"taxonomy":"product_tag","embeddable":true,"href":"https:\/\/editora.uea.edu.br\/index.php?rest_route=%2Fwp%2Fv2%2Fproduct_tag&post=2074"}],"curies":[{"name":"wp","href":"https:\/\/api.w.org\/{rel}","templated":true}]}}