{"id":1723,"date":"2024-08-29T11:25:42","date_gmt":"2024-08-29T15:25:42","guid":{"rendered":"https:\/\/editora.uea.edu.br\/?post_type=product&#038;p=1723"},"modified":"2026-01-20T09:40:36","modified_gmt":"2026-01-20T13:40:36","slug":"o-livro-da-toada-uma-antologia-caprichoso-2","status":"publish","type":"product","link":"https:\/\/editora.uea.edu.br\/?product=o-livro-da-toada-uma-antologia-caprichoso-2","title":{"rendered":"O livro da toada: uma antologia Caprichoso (2\u00aa edi\u00e7\u00e3o)"},"content":{"rendered":"<p>A segunda edi\u00e7\u00e3o da obra O Livro da toada: uma antologia Caprichoso re\u00fane mais de 300 toadas, desde os anos 1977 at\u00e9 o presente momento. Al\u00e9m de um acervo fotogr\u00e1fico magn\u00edfico que homenageia os Levantadores, Apresentadores e Amos do Boi integrantes da hist\u00f3ria do Boi Caprichoso, tais como Arlindo J\u00fanior, David Assayag, Prince do Boi, etc. Por meio dessa antologia Caprichoso, podemos n\u00e3o somente acompanhar essa evolu\u00e7\u00e3o por entre as composi\u00e7\u00f5es, mas tamb\u00e9m document\u00e1-la.<\/p>\n<p>&nbsp;<\/p>\n<p><strong>Como citar: <\/strong><\/p>\n<p>SILVEIRA, D. O.; SENA, R. (orgs.). <em>O livro da toada<\/em>: uma antologia Caprichoso. 2. ed. Manaus (AM): editora UEA, 2024.<\/p>\n<p>&nbsp;<\/p>\n<p><strong>Dispon\u00edvel em: <\/strong><\/p>\n<p><a href=\"https:\/\/ri.uea.edu.br\/handle\/riuea\/2543\">https:\/\/ri.uea.edu.br\/handle\/riuea\/2543<\/a><\/p>\n","protected":false},"excerpt":{"rendered":"<p>A segunda edi\u00e7\u00e3o da obra O Livro da toada: uma antologia Caprichoso re\u00fane mais de 300 toadas, desde os anos 1977 at\u00e9 o presente momento. Al\u00e9m de um acervo fotogr\u00e1fico magn\u00edfico que homenageia os Levantadores, Apresentadores e Amos do Boi integrantes da hist\u00f3ria do Boi Caprichoso, tais como Arlindo J\u00fanior, David Assayag, Prince do Boi, [&hellip;]<\/p>\n","protected":false},"featured_media":1732,"comment_status":"open","ping_status":"closed","template":"","meta":{"om_disable_all_campaigns":false,"_uag_custom_page_level_css":"","_monsterinsights_skip_tracking":false,"_monsterinsights_sitenote_active":false,"_monsterinsights_sitenote_note":"","_monsterinsights_sitenote_category":0,"site-sidebar-layout":"default","site-content-layout":"","ast-site-content-layout":"default","site-content-style":"default","site-sidebar-style":"default","ast-global-header-display":"","ast-banner-title-visibility":"","ast-main-header-display":"","ast-hfb-above-header-display":"","ast-hfb-below-header-display":"","ast-hfb-mobile-header-display":"","site-post-title":"","ast-breadcrumbs-content":"","ast-featured-img":"","footer-sml-layout":"","theme-transparent-header-meta":"default","adv-header-id-meta":"","stick-header-meta":"","header-above-stick-meta":"","header-main-stick-meta":"","header-below-stick-meta":"","astra-migrate-meta-layouts":"set","ast-page-background-enabled":"default","ast-page-background-meta":{"desktop":{"background-color":"var(--ast-global-color-4)","background-image":"","background-repeat":"repeat","background-position":"center center","background-size":"auto","background-attachment":"scroll","background-type":"","background-media":"","overlay-type":"","overlay-color":"","overlay-gradient":""},"tablet":{"background-color":"","background-image":"","background-repeat":"repeat","background-position":"center center","background-size":"auto","background-attachment":"scroll","background-type":"","background-media":"","overlay-type":"","overlay-color":"","overlay-gradient":""},"mobile":{"background-color":"","background-image":"","background-repeat":"repeat","background-position":"center center","background-size":"auto","background-attachment":"scroll","background-type":"","background-media":"","overlay-type":"","overlay-color":"","overlay-gradient":""}},"ast-content-background-meta":{"desktop":{"background-color":"var(--ast-global-color-5)","background-image":"","background-repeat":"repeat","background-position":"center center","background-size":"auto","background-attachment":"scroll","background-type":"","background-media":"","overlay-type":"","overlay-color":"","overlay-gradient":""},"tablet":{"background-color":"var(--ast-global-color-5)","background-image":"","background-repeat":"repeat","background-position":"center center","background-size":"auto","background-attachment":"scroll","background-type":"","background-media":"","overlay-type":"","overlay-color":"","overlay-gradient":""},"mobile":{"background-color":"var(--ast-global-color-5)","background-image":"","background-repeat":"repeat","background-position":"center center","background-size":"auto","background-attachment":"scroll","background-type":"","background-media":"","overlay-type":"","overlay-color":"","overlay-gradient":""}},"_themeisle_gutenberg_block_has_review":false},"product_cat":[230,65],"product_tag":[269,446],"aioseo_notices":[],"uagb_featured_image_src":{"full":["https:\/\/editora.uea.edu.br\/wp-content\/uploads\/2024\/08\/capa-olivrodatoada-frente-2.jpg",1061,1200,false],"thumbnail":["https:\/\/editora.uea.edu.br\/wp-content\/uploads\/2024\/08\/capa-olivrodatoada-frente-2-150x150.jpg",150,150,true],"medium":["https:\/\/editora.uea.edu.br\/wp-content\/uploads\/2024\/08\/capa-olivrodatoada-frente-2-265x300.jpg",265,300,true],"medium_large":["https:\/\/editora.uea.edu.br\/wp-content\/uploads\/2024\/08\/capa-olivrodatoada-frente-2-768x869.jpg",768,869,true],"large":["https:\/\/editora.uea.edu.br\/wp-content\/uploads\/2024\/08\/capa-olivrodatoada-frente-2-707x800.jpg",707,800,true],"1536x1536":["https:\/\/editora.uea.edu.br\/wp-content\/uploads\/2024\/08\/capa-olivrodatoada-frente-2.jpg",1061,1200,false],"2048x2048":["https:\/\/editora.uea.edu.br\/wp-content\/uploads\/2024\/08\/capa-olivrodatoada-frente-2.jpg",1061,1200,false],"codesigner-thumb":["https:\/\/editora.uea.edu.br\/wp-content\/uploads\/2024\/08\/capa-olivrodatoada-frente-2-400x400.jpg",400,400,true],"woocommerce_thumbnail":["https:\/\/editora.uea.edu.br\/wp-content\/uploads\/2024\/08\/capa-olivrodatoada-frente-2-200x296.jpg",200,296,true],"woocommerce_single":["https:\/\/editora.uea.edu.br\/wp-content\/uploads\/2024\/08\/capa-olivrodatoada-frente-2-200x226.jpg",200,226,true],"woocommerce_gallery_thumbnail":["https:\/\/editora.uea.edu.br\/wp-content\/uploads\/2024\/08\/capa-olivrodatoada-frente-2-100x100.jpg",100,100,true]},"uagb_author_info":{"display_name":"editora","author_link":"https:\/\/editora.uea.edu.br\/?author=0"},"uagb_comment_info":0,"uagb_excerpt":"A segunda edi\u00e7\u00e3o da obra O Livro da toada: uma antologia Caprichoso re\u00fane mais de 300 toadas, desde os anos 1977 at\u00e9 o presente momento. Al\u00e9m de um acervo fotogr\u00e1fico magn\u00edfico que homenageia os Levantadores, Apresentadores e Amos do Boi integrantes da hist\u00f3ria do Boi Caprichoso, tais como Arlindo J\u00fanior, David Assayag, Prince do Boi,&hellip;","_links":{"self":[{"href":"https:\/\/editora.uea.edu.br\/index.php?rest_route=\/wp\/v2\/product\/1723"}],"collection":[{"href":"https:\/\/editora.uea.edu.br\/index.php?rest_route=\/wp\/v2\/product"}],"about":[{"href":"https:\/\/editora.uea.edu.br\/index.php?rest_route=\/wp\/v2\/types\/product"}],"replies":[{"embeddable":true,"href":"https:\/\/editora.uea.edu.br\/index.php?rest_route=%2Fwp%2Fv2%2Fcomments&post=1723"}],"wp:featuredmedia":[{"embeddable":true,"href":"https:\/\/editora.uea.edu.br\/index.php?rest_route=\/wp\/v2\/media\/1732"}],"wp:attachment":[{"href":"https:\/\/editora.uea.edu.br\/index.php?rest_route=%2Fwp%2Fv2%2Fmedia&parent=1723"}],"wp:term":[{"taxonomy":"product_cat","embeddable":true,"href":"https:\/\/editora.uea.edu.br\/index.php?rest_route=%2Fwp%2Fv2%2Fproduct_cat&post=1723"},{"taxonomy":"product_tag","embeddable":true,"href":"https:\/\/editora.uea.edu.br\/index.php?rest_route=%2Fwp%2Fv2%2Fproduct_tag&post=1723"}],"curies":[{"name":"wp","href":"https:\/\/api.w.org\/{rel}","templated":true}]}}