{"id":1479,"date":"2024-02-08T09:10:55","date_gmt":"2024-02-08T13:10:55","guid":{"rendered":"https:\/\/editora.uea.edu.br\/?post_type=product&#038;p=1479"},"modified":"2025-07-24T11:21:41","modified_gmt":"2025-07-24T15:21:41","slug":"fragmentos-arqueologia-memorias-e-historias-de-parintins-segunda-edicao","status":"publish","type":"product","link":"https:\/\/editora.uea.edu.br\/?product=fragmentos-arqueologia-memorias-e-historias-de-parintins-segunda-edicao","title":{"rendered":"Fragmentos: arqueologia, mem\u00f3rias e hist\u00f3rias de Parintins (2\u00aa edi\u00e7\u00e3o)"},"content":{"rendered":"<p>A obra vai abordar hist\u00f3rias de vida e mem\u00f3rias de muitas pessoas, moradoras da \u00e1rea rural e urbana de Parintins. Al\u00e9m de abordar, tamb\u00e9m, os fragmentos com foco a partir das cole\u00e7\u00f5es arqueol\u00f3gicas, compostas por vasos e fragmentos de cer\u00e2micas e artefatos em pedra, e como esses fragmentos criam conhecimento arqueol\u00f3gico em seu sentido mais amplo nas vidas dos moradores da regi\u00e3o, de pesquisadores, de professores, estudantes e de visitantes que interagem, cada um \u00e0 sua maneira, com a arqueologia de Parintins.<\/p>\n<p>&nbsp;<\/p>\n<p><strong>Como citar<\/strong>:<\/p>\n<p>BIANCHEZZI, C. <em>et al<\/em>. <em>Fragmentos<\/em>: arqueologia, mem\u00f3rias e hist\u00f3rias de Parintins. 2. ed. Manaus: Editora UEA, 2023.<\/p>\n<p>&nbsp;<\/p>\n<p><strong>Dispon\u00edvel em<\/strong>:<\/p>\n<p><a href=\"https:\/\/ri.uea.edu.br\/handle\/riuea\/2568\">https:\/\/ri.uea.edu.br\/handle\/riuea\/2568<\/a><\/p>\n","protected":false},"excerpt":{"rendered":"<p>A obra vai abordar hist\u00f3rias de vida e mem\u00f3rias de muitas pessoas, moradoras da \u00e1rea rural e urbana de Parintins. Al\u00e9m de abordar, tamb\u00e9m, os fragmentos com foco a partir das cole\u00e7\u00f5es arqueol\u00f3gicas, compostas por vasos e fragmentos de cer\u00e2micas e artefatos em pedra, e como esses fragmentos criam conhecimento arqueol\u00f3gico em seu sentido mais [&hellip;]<\/p>\n","protected":false},"featured_media":1481,"comment_status":"open","ping_status":"closed","template":"","meta":{"om_disable_all_campaigns":false,"_uag_custom_page_level_css":"","_monsterinsights_skip_tracking":false,"_monsterinsights_sitenote_active":false,"_monsterinsights_sitenote_note":"","_monsterinsights_sitenote_category":0,"site-sidebar-layout":"default","site-content-layout":"","ast-site-content-layout":"default","site-content-style":"default","site-sidebar-style":"default","ast-global-header-display":"","ast-banner-title-visibility":"","ast-main-header-display":"","ast-hfb-above-header-display":"","ast-hfb-below-header-display":"","ast-hfb-mobile-header-display":"","site-post-title":"","ast-breadcrumbs-content":"","ast-featured-img":"","footer-sml-layout":"","theme-transparent-header-meta":"default","adv-header-id-meta":"","stick-header-meta":"","header-above-stick-meta":"","header-main-stick-meta":"","header-below-stick-meta":"","astra-migrate-meta-layouts":"set","ast-page-background-enabled":"default","ast-page-background-meta":{"desktop":{"background-color":"var(--ast-global-color-4)","background-image":"","background-repeat":"repeat","background-position":"center center","background-size":"auto","background-attachment":"scroll","background-type":"","background-media":"","overlay-type":"","overlay-color":"","overlay-gradient":""},"tablet":{"background-color":"","background-image":"","background-repeat":"repeat","background-position":"center center","background-size":"auto","background-attachment":"scroll","background-type":"","background-media":"","overlay-type":"","overlay-color":"","overlay-gradient":""},"mobile":{"background-color":"","background-image":"","background-repeat":"repeat","background-position":"center center","background-size":"auto","background-attachment":"scroll","background-type":"","background-media":"","overlay-type":"","overlay-color":"","overlay-gradient":""}},"ast-content-background-meta":{"desktop":{"background-color":"var(--ast-global-color-5)","background-image":"","background-repeat":"repeat","background-position":"center center","background-size":"auto","background-attachment":"scroll","background-type":"","background-media":"","overlay-type":"","overlay-color":"","overlay-gradient":""},"tablet":{"background-color":"var(--ast-global-color-5)","background-image":"","background-repeat":"repeat","background-position":"center center","background-size":"auto","background-attachment":"scroll","background-type":"","background-media":"","overlay-type":"","overlay-color":"","overlay-gradient":""},"mobile":{"background-color":"var(--ast-global-color-5)","background-image":"","background-repeat":"repeat","background-position":"center center","background-size":"auto","background-attachment":"scroll","background-type":"","background-media":"","overlay-type":"","overlay-color":"","overlay-gradient":""}},"_themeisle_gutenberg_block_has_review":false},"product_cat":[230,431,119,65],"product_tag":[331],"aioseo_notices":[],"uagb_featured_image_src":{"full":["https:\/\/editora.uea.edu.br\/wp-content\/uploads\/2024\/02\/E-book_Fragmentos-arqueologia-memorias-e-historia-de-Parintins-2a-edicao.jpg",839,595,false],"thumbnail":["https:\/\/editora.uea.edu.br\/wp-content\/uploads\/2024\/02\/E-book_Fragmentos-arqueologia-memorias-e-historia-de-Parintins-2a-edicao-150x150.jpg",150,150,true],"medium":["https:\/\/editora.uea.edu.br\/wp-content\/uploads\/2024\/02\/E-book_Fragmentos-arqueologia-memorias-e-historia-de-Parintins-2a-edicao-300x213.jpg",300,213,true],"medium_large":["https:\/\/editora.uea.edu.br\/wp-content\/uploads\/2024\/02\/E-book_Fragmentos-arqueologia-memorias-e-historia-de-Parintins-2a-edicao-768x545.jpg",768,545,true],"large":["https:\/\/editora.uea.edu.br\/wp-content\/uploads\/2024\/02\/E-book_Fragmentos-arqueologia-memorias-e-historia-de-Parintins-2a-edicao-800x567.jpg",800,567,true],"1536x1536":["https:\/\/editora.uea.edu.br\/wp-content\/uploads\/2024\/02\/E-book_Fragmentos-arqueologia-memorias-e-historia-de-Parintins-2a-edicao.jpg",839,595,false],"2048x2048":["https:\/\/editora.uea.edu.br\/wp-content\/uploads\/2024\/02\/E-book_Fragmentos-arqueologia-memorias-e-historia-de-Parintins-2a-edicao.jpg",839,595,false],"codesigner-thumb":["https:\/\/editora.uea.edu.br\/wp-content\/uploads\/2024\/02\/E-book_Fragmentos-arqueologia-memorias-e-historia-de-Parintins-2a-edicao-400x400.jpg",400,400,true],"woocommerce_thumbnail":["https:\/\/editora.uea.edu.br\/wp-content\/uploads\/2024\/02\/E-book_Fragmentos-arqueologia-memorias-e-historia-de-Parintins-2a-edicao-200x296.jpg",200,296,true],"woocommerce_single":["https:\/\/editora.uea.edu.br\/wp-content\/uploads\/2024\/02\/E-book_Fragmentos-arqueologia-memorias-e-historia-de-Parintins-2a-edicao-200x142.jpg",200,142,true],"woocommerce_gallery_thumbnail":["https:\/\/editora.uea.edu.br\/wp-content\/uploads\/2024\/02\/E-book_Fragmentos-arqueologia-memorias-e-historia-de-Parintins-2a-edicao-100x100.jpg",100,100,true]},"uagb_author_info":{"display_name":"editora","author_link":"https:\/\/editora.uea.edu.br\/?author=0"},"uagb_comment_info":0,"uagb_excerpt":"A obra vai abordar hist\u00f3rias de vida e mem\u00f3rias de muitas pessoas, moradoras da \u00e1rea rural e urbana de Parintins. Al\u00e9m de abordar, tamb\u00e9m, os fragmentos com foco a partir das cole\u00e7\u00f5es arqueol\u00f3gicas, compostas por vasos e fragmentos de cer\u00e2micas e artefatos em pedra, e como esses fragmentos criam conhecimento arqueol\u00f3gico em seu sentido mais&hellip;","_links":{"self":[{"href":"https:\/\/editora.uea.edu.br\/index.php?rest_route=\/wp\/v2\/product\/1479"}],"collection":[{"href":"https:\/\/editora.uea.edu.br\/index.php?rest_route=\/wp\/v2\/product"}],"about":[{"href":"https:\/\/editora.uea.edu.br\/index.php?rest_route=\/wp\/v2\/types\/product"}],"replies":[{"embeddable":true,"href":"https:\/\/editora.uea.edu.br\/index.php?rest_route=%2Fwp%2Fv2%2Fcomments&post=1479"}],"wp:featuredmedia":[{"embeddable":true,"href":"https:\/\/editora.uea.edu.br\/index.php?rest_route=\/wp\/v2\/media\/1481"}],"wp:attachment":[{"href":"https:\/\/editora.uea.edu.br\/index.php?rest_route=%2Fwp%2Fv2%2Fmedia&parent=1479"}],"wp:term":[{"taxonomy":"product_cat","embeddable":true,"href":"https:\/\/editora.uea.edu.br\/index.php?rest_route=%2Fwp%2Fv2%2Fproduct_cat&post=1479"},{"taxonomy":"product_tag","embeddable":true,"href":"https:\/\/editora.uea.edu.br\/index.php?rest_route=%2Fwp%2Fv2%2Fproduct_tag&post=1479"}],"curies":[{"name":"wp","href":"https:\/\/api.w.org\/{rel}","templated":true}]}}