{"id":1477,"date":"2024-02-07T11:34:03","date_gmt":"2024-02-07T15:34:03","guid":{"rendered":"https:\/\/editora.uea.edu.br\/?post_type=product&#038;p=1477"},"modified":"2025-07-24T11:13:54","modified_gmt":"2025-07-24T15:13:54","slug":"algebra-linear-com-o-uso-de-softwares-educacionais","status":"publish","type":"product","link":"https:\/\/editora.uea.edu.br\/?product=algebra-linear-com-o-uso-de-softwares-educacionais","title":{"rendered":"\u00c1lgebra linear: com o uso de softwares educacionais (vol. I)"},"content":{"rendered":"<p>O livro enfatiza a relev\u00e2ncia do uso de ferramentas educacionais, como o GeoGebra e o Matlab, para a compreens\u00e3o dos t\u00f3picos abordados na disciplina de \u00c1lgebra Linear. Desse modo se abre um novo horizonte para os estudantes de Engenharia, onde \u00e9 poss\u00edvel aprimorar a compreens\u00e3o dos conte\u00fados, transformando uma disciplina te\u00f3rica em uma mescla de teoria e pr\u00e1tica laboratorial.<\/p>\n<p>&nbsp;<\/p>\n<p><strong>Como citar<\/strong>:<\/p>\n<p>PEREIRA, E. L. F. <em>\u00c1lgebra linear<\/em>: com o uso de softwares educacionais. Manaus: Editora UEA, 2023.<\/p>\n<p>&nbsp;<\/p>\n<p><strong>Dispon\u00edvel em<\/strong>:<\/p>\n<p><a href=\"https:\/\/ri.uea.edu.br\/handle\/riuea\/2555\">https:\/\/ri.uea.edu.br\/handle\/riuea\/2555<\/a><\/p>\n","protected":false},"excerpt":{"rendered":"<p>O livro enfatiza a relev\u00e2ncia do uso de ferramentas educacionais, como o GeoGebra e o Matlab, para a compreens\u00e3o dos t\u00f3picos abordados na disciplina de \u00c1lgebra Linear. Desse modo se abre um novo horizonte para os estudantes de Engenharia, onde \u00e9 poss\u00edvel aprimorar a compreens\u00e3o dos conte\u00fados, transformando uma disciplina te\u00f3rica em uma mescla de [&hellip;]<\/p>\n","protected":false},"featured_media":1478,"comment_status":"open","ping_status":"closed","template":"","meta":{"om_disable_all_campaigns":false,"_uag_custom_page_level_css":"","_monsterinsights_skip_tracking":false,"_monsterinsights_sitenote_active":false,"_monsterinsights_sitenote_note":"","_monsterinsights_sitenote_category":0,"site-sidebar-layout":"default","site-content-layout":"","ast-site-content-layout":"default","site-content-style":"default","site-sidebar-style":"default","ast-global-header-display":"","ast-banner-title-visibility":"","ast-main-header-display":"","ast-hfb-above-header-display":"","ast-hfb-below-header-display":"","ast-hfb-mobile-header-display":"","site-post-title":"","ast-breadcrumbs-content":"","ast-featured-img":"","footer-sml-layout":"","theme-transparent-header-meta":"default","adv-header-id-meta":"","stick-header-meta":"","header-above-stick-meta":"","header-main-stick-meta":"","header-below-stick-meta":"","astra-migrate-meta-layouts":"set","ast-page-background-enabled":"default","ast-page-background-meta":{"desktop":{"background-color":"var(--ast-global-color-4)","background-image":"","background-repeat":"repeat","background-position":"center center","background-size":"auto","background-attachment":"scroll","background-type":"","background-media":"","overlay-type":"","overlay-color":"","overlay-gradient":""},"tablet":{"background-color":"","background-image":"","background-repeat":"repeat","background-position":"center center","background-size":"auto","background-attachment":"scroll","background-type":"","background-media":"","overlay-type":"","overlay-color":"","overlay-gradient":""},"mobile":{"background-color":"","background-image":"","background-repeat":"repeat","background-position":"center center","background-size":"auto","background-attachment":"scroll","background-type":"","background-media":"","overlay-type":"","overlay-color":"","overlay-gradient":""}},"ast-content-background-meta":{"desktop":{"background-color":"var(--ast-global-color-5)","background-image":"","background-repeat":"repeat","background-position":"center center","background-size":"auto","background-attachment":"scroll","background-type":"","background-media":"","overlay-type":"","overlay-color":"","overlay-gradient":""},"tablet":{"background-color":"var(--ast-global-color-5)","background-image":"","background-repeat":"repeat","background-position":"center center","background-size":"auto","background-attachment":"scroll","background-type":"","background-media":"","overlay-type":"","overlay-color":"","overlay-gradient":""},"mobile":{"background-color":"var(--ast-global-color-5)","background-image":"","background-repeat":"repeat","background-position":"center center","background-size":"auto","background-attachment":"scroll","background-type":"","background-media":"","overlay-type":"","overlay-color":"","overlay-gradient":""}},"_themeisle_gutenberg_block_has_review":false},"product_cat":[229,73],"product_tag":[419],"aioseo_notices":[],"uagb_featured_image_src":{"full":["https:\/\/editora.uea.edu.br\/wp-content\/uploads\/2024\/02\/capa-algebra-linear-scaled.jpg",1810,2560,false],"thumbnail":["https:\/\/editora.uea.edu.br\/wp-content\/uploads\/2024\/02\/capa-algebra-linear-150x150.jpg",150,150,true],"medium":["https:\/\/editora.uea.edu.br\/wp-content\/uploads\/2024\/02\/capa-algebra-linear-212x300.jpg",212,300,true],"medium_large":["https:\/\/editora.uea.edu.br\/wp-content\/uploads\/2024\/02\/capa-algebra-linear-768x1086.jpg",768,1086,true],"large":["https:\/\/editora.uea.edu.br\/wp-content\/uploads\/2024\/02\/capa-algebra-linear-566x800.jpg",566,800,true],"1536x1536":["https:\/\/editora.uea.edu.br\/wp-content\/uploads\/2024\/02\/capa-algebra-linear-1086x1536.jpg",1086,1536,true],"2048x2048":["https:\/\/editora.uea.edu.br\/wp-content\/uploads\/2024\/02\/capa-algebra-linear-1448x2048.jpg",1448,2048,true],"codesigner-thumb":["https:\/\/editora.uea.edu.br\/wp-content\/uploads\/2024\/02\/capa-algebra-linear-400x400.jpg",400,400,true],"woocommerce_thumbnail":["https:\/\/editora.uea.edu.br\/wp-content\/uploads\/2024\/02\/capa-algebra-linear-200x296.jpg",200,296,true],"woocommerce_single":["https:\/\/editora.uea.edu.br\/wp-content\/uploads\/2024\/02\/capa-algebra-linear-200x283.jpg",200,283,true],"woocommerce_gallery_thumbnail":["https:\/\/editora.uea.edu.br\/wp-content\/uploads\/2024\/02\/capa-algebra-linear-100x100.jpg",100,100,true]},"uagb_author_info":{"display_name":"editora","author_link":"https:\/\/editora.uea.edu.br\/?author=0"},"uagb_comment_info":0,"uagb_excerpt":"O livro enfatiza a relev\u00e2ncia do uso de ferramentas educacionais, como o GeoGebra e o Matlab, para a compreens\u00e3o dos t\u00f3picos abordados na disciplina de \u00c1lgebra Linear. Desse modo se abre um novo horizonte para os estudantes de Engenharia, onde \u00e9 poss\u00edvel aprimorar a compreens\u00e3o dos conte\u00fados, transformando uma disciplina te\u00f3rica em uma mescla de&hellip;","_links":{"self":[{"href":"https:\/\/editora.uea.edu.br\/index.php?rest_route=\/wp\/v2\/product\/1477"}],"collection":[{"href":"https:\/\/editora.uea.edu.br\/index.php?rest_route=\/wp\/v2\/product"}],"about":[{"href":"https:\/\/editora.uea.edu.br\/index.php?rest_route=\/wp\/v2\/types\/product"}],"replies":[{"embeddable":true,"href":"https:\/\/editora.uea.edu.br\/index.php?rest_route=%2Fwp%2Fv2%2Fcomments&post=1477"}],"wp:featuredmedia":[{"embeddable":true,"href":"https:\/\/editora.uea.edu.br\/index.php?rest_route=\/wp\/v2\/media\/1478"}],"wp:attachment":[{"href":"https:\/\/editora.uea.edu.br\/index.php?rest_route=%2Fwp%2Fv2%2Fmedia&parent=1477"}],"wp:term":[{"taxonomy":"product_cat","embeddable":true,"href":"https:\/\/editora.uea.edu.br\/index.php?rest_route=%2Fwp%2Fv2%2Fproduct_cat&post=1477"},{"taxonomy":"product_tag","embeddable":true,"href":"https:\/\/editora.uea.edu.br\/index.php?rest_route=%2Fwp%2Fv2%2Fproduct_tag&post=1477"}],"curies":[{"name":"wp","href":"https:\/\/api.w.org\/{rel}","templated":true}]}}