{"id":1467,"date":"2024-02-08T08:47:17","date_gmt":"2024-02-08T12:47:17","guid":{"rendered":"https:\/\/editora.uea.edu.br\/?post_type=product&#038;p=1467"},"modified":"2025-01-16T11:57:08","modified_gmt":"2025-01-16T15:57:08","slug":"espaco-primatas-educando-em-prol-dos-macacos-amazonicos","status":"publish","type":"product","link":"https:\/\/editora.uea.edu.br\/?product=espaco-primatas-educando-em-prol-dos-macacos-amazonicos","title":{"rendered":"Espa\u00e7o Primatas: educando em prol dos macacos amaz\u00f4nicos"},"content":{"rendered":"<p>O livro, fruto das experi\u00eancias realizadas no Projeto Primata (UEA) e suas atividades de extens\u00e3o na cidade de Manaus e arredores, \u00e9 uma proposta de Educa\u00e7\u00e3o Ambiental para ser aplicada nas escolas e vivenciada pelos estudantes numa perspectiva l\u00fadica e divertida, sem excluir os saberes b\u00e1sicos necess\u00e1rios para sensibilizar a comunidade escolar com o objetivo de proteger o meio ambiente, incluindo a fauna e a flora da regi\u00e3o amaz\u00f4nica. Os conte\u00fados abordados neste livro v\u00e3o acrescentar importantes conhecimentos aos professores de Ci\u00eancias e Biologia, enriquecendo suas aulas, al\u00e9m de ser uma alternativa did\u00e1tica para uso tamb\u00e9m de espa\u00e7os n\u00e3o formais (como zool\u00f3gicos ou parques), envolvendo, assim, toda a sociedade na busca pela conserva\u00e7\u00e3o da natureza.<\/p>\n<p>&nbsp;<\/p>\n<p><strong>Como citar<\/strong>:<\/p>\n<p>SOUZA, L. L. <em>et al<\/em>. (orgs.) <em>Espa\u00e7os Primatas<\/em>: educando em prol dos macacos amaz\u00f4nicos. Manaus: Editora UEA, 2023.<\/p>\n<p>&nbsp;<\/p>\n<p><strong>Dispon\u00edvel em<\/strong>:<\/p>\n<p><a href=\"https:\/\/ri.uea.edu.br\/handle\/riuea\/2551\">https:\/\/ri.uea.edu.br\/handle\/riuea\/2551<\/a><\/p>\n","protected":false},"excerpt":{"rendered":"<p>O livro, fruto das experi\u00eancias realizadas no Projeto Primata (UEA) e suas atividades de extens\u00e3o na cidade de Manaus e arredores, \u00e9 uma proposta de Educa\u00e7\u00e3o Ambiental para ser aplicada nas escolas e vivenciada pelos estudantes numa perspectiva l\u00fadica e divertida, sem excluir os saberes b\u00e1sicos necess\u00e1rios para sensibilizar a comunidade escolar com o objetivo [&hellip;]<\/p>\n","protected":false},"featured_media":1468,"comment_status":"open","ping_status":"closed","template":"","meta":{"om_disable_all_campaigns":false,"_uag_custom_page_level_css":"","_monsterinsights_skip_tracking":false,"_monsterinsights_sitenote_active":false,"_monsterinsights_sitenote_note":"","_monsterinsights_sitenote_category":0,"site-sidebar-layout":"default","site-content-layout":"","ast-site-content-layout":"default","site-content-style":"default","site-sidebar-style":"default","ast-global-header-display":"","ast-banner-title-visibility":"","ast-main-header-display":"","ast-hfb-above-header-display":"","ast-hfb-below-header-display":"","ast-hfb-mobile-header-display":"","site-post-title":"","ast-breadcrumbs-content":"","ast-featured-img":"","footer-sml-layout":"","theme-transparent-header-meta":"default","adv-header-id-meta":"","stick-header-meta":"","header-above-stick-meta":"","header-main-stick-meta":"","header-below-stick-meta":"","astra-migrate-meta-layouts":"set","ast-page-background-enabled":"default","ast-page-background-meta":{"desktop":{"background-color":"var(--ast-global-color-4)","background-image":"","background-repeat":"repeat","background-position":"center center","background-size":"auto","background-attachment":"scroll","background-type":"","background-media":"","overlay-type":"","overlay-color":"","overlay-gradient":""},"tablet":{"background-color":"","background-image":"","background-repeat":"repeat","background-position":"center center","background-size":"auto","background-attachment":"scroll","background-type":"","background-media":"","overlay-type":"","overlay-color":"","overlay-gradient":""},"mobile":{"background-color":"","background-image":"","background-repeat":"repeat","background-position":"center center","background-size":"auto","background-attachment":"scroll","background-type":"","background-media":"","overlay-type":"","overlay-color":"","overlay-gradient":""}},"ast-content-background-meta":{"desktop":{"background-color":"var(--ast-global-color-5)","background-image":"","background-repeat":"repeat","background-position":"center center","background-size":"auto","background-attachment":"scroll","background-type":"","background-media":"","overlay-type":"","overlay-color":"","overlay-gradient":""},"tablet":{"background-color":"var(--ast-global-color-5)","background-image":"","background-repeat":"repeat","background-position":"center center","background-size":"auto","background-attachment":"scroll","background-type":"","background-media":"","overlay-type":"","overlay-color":"","overlay-gradient":""},"mobile":{"background-color":"var(--ast-global-color-5)","background-image":"","background-repeat":"repeat","background-position":"center center","background-size":"auto","background-attachment":"scroll","background-type":"","background-media":"","overlay-type":"","overlay-color":"","overlay-gradient":""}},"_themeisle_gutenberg_block_has_review":false},"product_cat":[73,223],"product_tag":[414,415,319,416],"aioseo_notices":[],"uagb_featured_image_src":{"full":["https:\/\/editora.uea.edu.br\/wp-content\/uploads\/2024\/02\/Editavel-A-capa-final-foi-colocada-no-INDESIGN.jpg",595,842,false],"thumbnail":["https:\/\/editora.uea.edu.br\/wp-content\/uploads\/2024\/02\/Editavel-A-capa-final-foi-colocada-no-INDESIGN-150x150.jpg",150,150,true],"medium":["https:\/\/editora.uea.edu.br\/wp-content\/uploads\/2024\/02\/Editavel-A-capa-final-foi-colocada-no-INDESIGN-212x300.jpg",212,300,true],"medium_large":["https:\/\/editora.uea.edu.br\/wp-content\/uploads\/2024\/02\/Editavel-A-capa-final-foi-colocada-no-INDESIGN.jpg",595,842,false],"large":["https:\/\/editora.uea.edu.br\/wp-content\/uploads\/2024\/02\/Editavel-A-capa-final-foi-colocada-no-INDESIGN-565x800.jpg",565,800,true],"1536x1536":["https:\/\/editora.uea.edu.br\/wp-content\/uploads\/2024\/02\/Editavel-A-capa-final-foi-colocada-no-INDESIGN.jpg",595,842,false],"2048x2048":["https:\/\/editora.uea.edu.br\/wp-content\/uploads\/2024\/02\/Editavel-A-capa-final-foi-colocada-no-INDESIGN.jpg",595,842,false],"codesigner-thumb":["https:\/\/editora.uea.edu.br\/wp-content\/uploads\/2024\/02\/Editavel-A-capa-final-foi-colocada-no-INDESIGN-400x400.jpg",400,400,true],"woocommerce_thumbnail":["https:\/\/editora.uea.edu.br\/wp-content\/uploads\/2024\/02\/Editavel-A-capa-final-foi-colocada-no-INDESIGN-200x296.jpg",200,296,true],"woocommerce_single":["https:\/\/editora.uea.edu.br\/wp-content\/uploads\/2024\/02\/Editavel-A-capa-final-foi-colocada-no-INDESIGN-200x283.jpg",200,283,true],"woocommerce_gallery_thumbnail":["https:\/\/editora.uea.edu.br\/wp-content\/uploads\/2024\/02\/Editavel-A-capa-final-foi-colocada-no-INDESIGN-100x100.jpg",100,100,true]},"uagb_author_info":{"display_name":"editora","author_link":"https:\/\/editora.uea.edu.br\/?author=0"},"uagb_comment_info":0,"uagb_excerpt":"O livro, fruto das experi\u00eancias realizadas no Projeto Primata (UEA) e suas atividades de extens\u00e3o na cidade de Manaus e arredores, \u00e9 uma proposta de Educa\u00e7\u00e3o Ambiental para ser aplicada nas escolas e vivenciada pelos estudantes numa perspectiva l\u00fadica e divertida, sem excluir os saberes b\u00e1sicos necess\u00e1rios para sensibilizar a comunidade escolar com o objetivo&hellip;","_links":{"self":[{"href":"https:\/\/editora.uea.edu.br\/index.php?rest_route=\/wp\/v2\/product\/1467"}],"collection":[{"href":"https:\/\/editora.uea.edu.br\/index.php?rest_route=\/wp\/v2\/product"}],"about":[{"href":"https:\/\/editora.uea.edu.br\/index.php?rest_route=\/wp\/v2\/types\/product"}],"replies":[{"embeddable":true,"href":"https:\/\/editora.uea.edu.br\/index.php?rest_route=%2Fwp%2Fv2%2Fcomments&post=1467"}],"wp:featuredmedia":[{"embeddable":true,"href":"https:\/\/editora.uea.edu.br\/index.php?rest_route=\/wp\/v2\/media\/1468"}],"wp:attachment":[{"href":"https:\/\/editora.uea.edu.br\/index.php?rest_route=%2Fwp%2Fv2%2Fmedia&parent=1467"}],"wp:term":[{"taxonomy":"product_cat","embeddable":true,"href":"https:\/\/editora.uea.edu.br\/index.php?rest_route=%2Fwp%2Fv2%2Fproduct_cat&post=1467"},{"taxonomy":"product_tag","embeddable":true,"href":"https:\/\/editora.uea.edu.br\/index.php?rest_route=%2Fwp%2Fv2%2Fproduct_tag&post=1467"}],"curies":[{"name":"wp","href":"https:\/\/api.w.org\/{rel}","templated":true}]}}