{"id":1455,"date":"2024-02-07T11:24:18","date_gmt":"2024-02-07T15:24:18","guid":{"rendered":"https:\/\/editora.uea.edu.br\/?post_type=product&#038;p=1455"},"modified":"2025-01-16T11:59:28","modified_gmt":"2025-01-16T15:59:28","slug":"a-fala-manauara-ii-variacao-e-ensino","status":"publish","type":"product","link":"https:\/\/editora.uea.edu.br\/?product=a-fala-manauara-ii-variacao-e-ensino","title":{"rendered":"A fala manauara II: varia\u00e7\u00e3o e ensino"},"content":{"rendered":"<p>Este livro, com foco na varia\u00e7\u00e3o lingu\u00edstica e no ensino do portugu\u00eas, versando sobre a fala manauara, tem como objetivo dar prosseguimento \u00e0 socializa\u00e7\u00e3o dos resultados de pesquisas realizadas pelo N\u00facleo de Estudos e Pesquisas Lingu\u00edsticas Aplicadas \u00e0 Educa\u00e7\u00e3o (Neplae), da Universidade do Estado do Amazonas (UEA).<\/p>\n<p>&nbsp;<\/p>\n<p><strong>Como citar<\/strong>:<\/p>\n<p>MARTINS, S. A.; MARTINS, V. (orgs.). <em>A fala manauara II<\/em>: varia\u00e7\u00e3o e ensino. Manaus: Editora UEA, 2023.<\/p>\n<p>&nbsp;<\/p>\n<p><strong>Dispon\u00edvel em<\/strong>:<\/p>\n<p><a href=\"https:\/\/ri.uea.edu.br\/handle\/riuea\/2510\">https:\/\/ri.uea.edu.br\/handle\/riuea\/2510<\/a><\/p>\n","protected":false},"excerpt":{"rendered":"<p>Este livro, com foco na varia\u00e7\u00e3o lingu\u00edstica e no ensino do portugu\u00eas, versando sobre a fala manauara, tem como objetivo dar prosseguimento \u00e0 socializa\u00e7\u00e3o dos resultados de pesquisas realizadas pelo N\u00facleo de Estudos e Pesquisas Lingu\u00edsticas Aplicadas \u00e0 Educa\u00e7\u00e3o (Neplae), da Universidade do Estado do Amazonas (UEA). &nbsp; Como citar: MARTINS, S. A.; MARTINS, V. [&hellip;]<\/p>\n","protected":false},"featured_media":1456,"comment_status":"open","ping_status":"closed","template":"","meta":{"om_disable_all_campaigns":false,"_uag_custom_page_level_css":"","_monsterinsights_skip_tracking":false,"_monsterinsights_sitenote_active":false,"_monsterinsights_sitenote_note":"","_monsterinsights_sitenote_category":0,"site-sidebar-layout":"default","site-content-layout":"","ast-site-content-layout":"default","site-content-style":"default","site-sidebar-style":"default","ast-global-header-display":"","ast-banner-title-visibility":"","ast-main-header-display":"","ast-hfb-above-header-display":"","ast-hfb-below-header-display":"","ast-hfb-mobile-header-display":"","site-post-title":"","ast-breadcrumbs-content":"","ast-featured-img":"","footer-sml-layout":"","theme-transparent-header-meta":"default","adv-header-id-meta":"","stick-header-meta":"","header-above-stick-meta":"","header-main-stick-meta":"","header-below-stick-meta":"","astra-migrate-meta-layouts":"set","ast-page-background-enabled":"default","ast-page-background-meta":{"desktop":{"background-color":"var(--ast-global-color-4)","background-image":"","background-repeat":"repeat","background-position":"center center","background-size":"auto","background-attachment":"scroll","background-type":"","background-media":"","overlay-type":"","overlay-color":"","overlay-gradient":""},"tablet":{"background-color":"","background-image":"","background-repeat":"repeat","background-position":"center center","background-size":"auto","background-attachment":"scroll","background-type":"","background-media":"","overlay-type":"","overlay-color":"","overlay-gradient":""},"mobile":{"background-color":"","background-image":"","background-repeat":"repeat","background-position":"center center","background-size":"auto","background-attachment":"scroll","background-type":"","background-media":"","overlay-type":"","overlay-color":"","overlay-gradient":""}},"ast-content-background-meta":{"desktop":{"background-color":"var(--ast-global-color-5)","background-image":"","background-repeat":"repeat","background-position":"center center","background-size":"auto","background-attachment":"scroll","background-type":"","background-media":"","overlay-type":"","overlay-color":"","overlay-gradient":""},"tablet":{"background-color":"var(--ast-global-color-5)","background-image":"","background-repeat":"repeat","background-position":"center center","background-size":"auto","background-attachment":"scroll","background-type":"","background-media":"","overlay-type":"","overlay-color":"","overlay-gradient":""},"mobile":{"background-color":"var(--ast-global-color-5)","background-image":"","background-repeat":"repeat","background-position":"center center","background-size":"auto","background-attachment":"scroll","background-type":"","background-media":"","overlay-type":"","overlay-color":"","overlay-gradient":""}},"_themeisle_gutenberg_block_has_review":false},"product_cat":[435,73,234],"product_tag":[411,295],"aioseo_notices":[],"uagb_featured_image_src":{"full":["https:\/\/editora.uea.edu.br\/wp-content\/uploads\/2024\/02\/capa.png",1772,2482,false],"thumbnail":["https:\/\/editora.uea.edu.br\/wp-content\/uploads\/2024\/02\/capa-150x150.png",150,150,true],"medium":["https:\/\/editora.uea.edu.br\/wp-content\/uploads\/2024\/02\/capa-214x300.png",214,300,true],"medium_large":["https:\/\/editora.uea.edu.br\/wp-content\/uploads\/2024\/02\/capa-768x1076.png",768,1076,true],"large":["https:\/\/editora.uea.edu.br\/wp-content\/uploads\/2024\/02\/capa-571x800.png",571,800,true],"1536x1536":["https:\/\/editora.uea.edu.br\/wp-content\/uploads\/2024\/02\/capa-1097x1536.png",1097,1536,true],"2048x2048":["https:\/\/editora.uea.edu.br\/wp-content\/uploads\/2024\/02\/capa-1462x2048.png",1462,2048,true],"codesigner-thumb":["https:\/\/editora.uea.edu.br\/wp-content\/uploads\/2024\/02\/capa-400x400.png",400,400,true],"woocommerce_thumbnail":["https:\/\/editora.uea.edu.br\/wp-content\/uploads\/2024\/02\/capa-200x296.png",200,296,true],"woocommerce_single":["https:\/\/editora.uea.edu.br\/wp-content\/uploads\/2024\/02\/capa-200x280.png",200,280,true],"woocommerce_gallery_thumbnail":["https:\/\/editora.uea.edu.br\/wp-content\/uploads\/2024\/02\/capa-100x100.png",100,100,true]},"uagb_author_info":{"display_name":"editora","author_link":"https:\/\/editora.uea.edu.br\/?author=0"},"uagb_comment_info":0,"uagb_excerpt":"Este livro, com foco na varia\u00e7\u00e3o lingu\u00edstica e no ensino do portugu\u00eas, versando sobre a fala manauara, tem como objetivo dar prosseguimento \u00e0 socializa\u00e7\u00e3o dos resultados de pesquisas realizadas pelo N\u00facleo de Estudos e Pesquisas Lingu\u00edsticas Aplicadas \u00e0 Educa\u00e7\u00e3o (Neplae), da Universidade do Estado do Amazonas (UEA). &nbsp; Como citar: MARTINS, S. A.; MARTINS, V.&hellip;","_links":{"self":[{"href":"https:\/\/editora.uea.edu.br\/index.php?rest_route=\/wp\/v2\/product\/1455"}],"collection":[{"href":"https:\/\/editora.uea.edu.br\/index.php?rest_route=\/wp\/v2\/product"}],"about":[{"href":"https:\/\/editora.uea.edu.br\/index.php?rest_route=\/wp\/v2\/types\/product"}],"replies":[{"embeddable":true,"href":"https:\/\/editora.uea.edu.br\/index.php?rest_route=%2Fwp%2Fv2%2Fcomments&post=1455"}],"wp:featuredmedia":[{"embeddable":true,"href":"https:\/\/editora.uea.edu.br\/index.php?rest_route=\/wp\/v2\/media\/1456"}],"wp:attachment":[{"href":"https:\/\/editora.uea.edu.br\/index.php?rest_route=%2Fwp%2Fv2%2Fmedia&parent=1455"}],"wp:term":[{"taxonomy":"product_cat","embeddable":true,"href":"https:\/\/editora.uea.edu.br\/index.php?rest_route=%2Fwp%2Fv2%2Fproduct_cat&post=1455"},{"taxonomy":"product_tag","embeddable":true,"href":"https:\/\/editora.uea.edu.br\/index.php?rest_route=%2Fwp%2Fv2%2Fproduct_tag&post=1455"}],"curies":[{"name":"wp","href":"https:\/\/api.w.org\/{rel}","templated":true}]}}