{"id":1426,"date":"2024-02-06T08:50:50","date_gmt":"2024-02-06T12:50:50","guid":{"rendered":"https:\/\/editora.uea.edu.br\/?post_type=product&#038;p=1426"},"modified":"2025-07-24T11:05:06","modified_gmt":"2025-07-24T15:05:06","slug":"violencia-nas-relacoes-homossexuais-masculinas-em-manaus","status":"publish","type":"product","link":"https:\/\/editora.uea.edu.br\/?product=violencia-nas-relacoes-homossexuais-masculinas-em-manaus","title":{"rendered":"Viol\u00eancia nas rela\u00e7\u00f5es homossexuais masculinas em Manaus"},"content":{"rendered":"<p>O livro discute os tipos de viol\u00eancia por parceiro \u00edntimo dentro de relacionamentos homossexuais em Manaus. Al\u00e9m disso, denuncia os preconceitos impostos pela sociedade dentro dessas rela\u00e7\u00f5es que acabam, por um olhar social, hist\u00f3rico e cultural, abandonadas.<\/p>\n<p>&nbsp;<\/p>\n<p><strong>Como citar<\/strong>:<\/p>\n<p>SOUZA, D. C. <em>Viol\u00eancia nas rela\u00e7\u00f5es homossexuais masculinas em Manaus<\/em>. Manaus: Editora UEA, 2022.<\/p>\n<p>&nbsp;<\/p>\n<p><strong>Dispon\u00edvel em<\/strong>:<\/p>\n<p><a href=\"https:\/\/ri.uea.edu.br\/handle\/riuea\/2550\">https:\/\/ri.uea.edu.br\/handle\/riuea\/2550<\/a><\/p>\n","protected":false},"excerpt":{"rendered":"<p>O livro discute os tipos de viol\u00eancia por parceiro \u00edntimo dentro de relacionamentos homossexuais em Manaus. Al\u00e9m disso, denuncia os preconceitos impostos pela sociedade dentro dessas rela\u00e7\u00f5es que acabam, por um olhar social, hist\u00f3rico e cultural, abandonadas. &nbsp; Como citar: SOUZA, D. C. Viol\u00eancia nas rela\u00e7\u00f5es homossexuais masculinas em Manaus. Manaus: Editora UEA, 2022. &nbsp; [&hellip;]<\/p>\n","protected":false},"featured_media":1427,"comment_status":"open","ping_status":"closed","template":"","meta":{"om_disable_all_campaigns":false,"_uag_custom_page_level_css":"","_monsterinsights_skip_tracking":false,"_monsterinsights_sitenote_active":false,"_monsterinsights_sitenote_note":"","_monsterinsights_sitenote_category":0,"site-sidebar-layout":"default","site-content-layout":"","ast-site-content-layout":"default","site-content-style":"default","site-sidebar-style":"default","ast-global-header-display":"","ast-banner-title-visibility":"","ast-main-header-display":"","ast-hfb-above-header-display":"","ast-hfb-below-header-display":"","ast-hfb-mobile-header-display":"","site-post-title":"","ast-breadcrumbs-content":"","ast-featured-img":"","footer-sml-layout":"","theme-transparent-header-meta":"default","adv-header-id-meta":"","stick-header-meta":"","header-above-stick-meta":"","header-main-stick-meta":"","header-below-stick-meta":"","astra-migrate-meta-layouts":"set","ast-page-background-enabled":"default","ast-page-background-meta":{"desktop":{"background-color":"var(--ast-global-color-4)","background-image":"","background-repeat":"repeat","background-position":"center center","background-size":"auto","background-attachment":"scroll","background-type":"","background-media":"","overlay-type":"","overlay-color":"","overlay-gradient":""},"tablet":{"background-color":"","background-image":"","background-repeat":"repeat","background-position":"center center","background-size":"auto","background-attachment":"scroll","background-type":"","background-media":"","overlay-type":"","overlay-color":"","overlay-gradient":""},"mobile":{"background-color":"","background-image":"","background-repeat":"repeat","background-position":"center center","background-size":"auto","background-attachment":"scroll","background-type":"","background-media":"","overlay-type":"","overlay-color":"","overlay-gradient":""}},"ast-content-background-meta":{"desktop":{"background-color":"var(--ast-global-color-5)","background-image":"","background-repeat":"repeat","background-position":"center center","background-size":"auto","background-attachment":"scroll","background-type":"","background-media":"","overlay-type":"","overlay-color":"","overlay-gradient":""},"tablet":{"background-color":"var(--ast-global-color-5)","background-image":"","background-repeat":"repeat","background-position":"center center","background-size":"auto","background-attachment":"scroll","background-type":"","background-media":"","overlay-type":"","overlay-color":"","overlay-gradient":""},"mobile":{"background-color":"var(--ast-global-color-5)","background-image":"","background-repeat":"repeat","background-position":"center center","background-size":"auto","background-attachment":"scroll","background-type":"","background-media":"","overlay-type":"","overlay-color":"","overlay-gradient":""}},"_themeisle_gutenberg_block_has_review":false},"product_cat":[24,233,226],"product_tag":[404],"aioseo_notices":[],"uagb_featured_image_src":{"full":["https:\/\/editora.uea.edu.br\/wp-content\/uploads\/2024\/02\/Violencia-nas-relacoes-homossexuais-masculinas-em-Manaus.jpg",595,842,false],"thumbnail":["https:\/\/editora.uea.edu.br\/wp-content\/uploads\/2024\/02\/Violencia-nas-relacoes-homossexuais-masculinas-em-Manaus-150x150.jpg",150,150,true],"medium":["https:\/\/editora.uea.edu.br\/wp-content\/uploads\/2024\/02\/Violencia-nas-relacoes-homossexuais-masculinas-em-Manaus-212x300.jpg",212,300,true],"medium_large":["https:\/\/editora.uea.edu.br\/wp-content\/uploads\/2024\/02\/Violencia-nas-relacoes-homossexuais-masculinas-em-Manaus.jpg",595,842,false],"large":["https:\/\/editora.uea.edu.br\/wp-content\/uploads\/2024\/02\/Violencia-nas-relacoes-homossexuais-masculinas-em-Manaus-565x800.jpg",565,800,true],"1536x1536":["https:\/\/editora.uea.edu.br\/wp-content\/uploads\/2024\/02\/Violencia-nas-relacoes-homossexuais-masculinas-em-Manaus.jpg",595,842,false],"2048x2048":["https:\/\/editora.uea.edu.br\/wp-content\/uploads\/2024\/02\/Violencia-nas-relacoes-homossexuais-masculinas-em-Manaus.jpg",595,842,false],"codesigner-thumb":["https:\/\/editora.uea.edu.br\/wp-content\/uploads\/2024\/02\/Violencia-nas-relacoes-homossexuais-masculinas-em-Manaus-400x400.jpg",400,400,true],"woocommerce_thumbnail":["https:\/\/editora.uea.edu.br\/wp-content\/uploads\/2024\/02\/Violencia-nas-relacoes-homossexuais-masculinas-em-Manaus-200x296.jpg",200,296,true],"woocommerce_single":["https:\/\/editora.uea.edu.br\/wp-content\/uploads\/2024\/02\/Violencia-nas-relacoes-homossexuais-masculinas-em-Manaus-200x283.jpg",200,283,true],"woocommerce_gallery_thumbnail":["https:\/\/editora.uea.edu.br\/wp-content\/uploads\/2024\/02\/Violencia-nas-relacoes-homossexuais-masculinas-em-Manaus-100x100.jpg",100,100,true]},"uagb_author_info":{"display_name":"editora","author_link":"https:\/\/editora.uea.edu.br\/?author=0"},"uagb_comment_info":0,"uagb_excerpt":"O livro discute os tipos de viol\u00eancia por parceiro \u00edntimo dentro de relacionamentos homossexuais em Manaus. Al\u00e9m disso, denuncia os preconceitos impostos pela sociedade dentro dessas rela\u00e7\u00f5es que acabam, por um olhar social, hist\u00f3rico e cultural, abandonadas. &nbsp; Como citar: SOUZA, D. C. Viol\u00eancia nas rela\u00e7\u00f5es homossexuais masculinas em Manaus. Manaus: Editora UEA, 2022. &nbsp;&hellip;","_links":{"self":[{"href":"https:\/\/editora.uea.edu.br\/index.php?rest_route=\/wp\/v2\/product\/1426"}],"collection":[{"href":"https:\/\/editora.uea.edu.br\/index.php?rest_route=\/wp\/v2\/product"}],"about":[{"href":"https:\/\/editora.uea.edu.br\/index.php?rest_route=\/wp\/v2\/types\/product"}],"replies":[{"embeddable":true,"href":"https:\/\/editora.uea.edu.br\/index.php?rest_route=%2Fwp%2Fv2%2Fcomments&post=1426"}],"wp:featuredmedia":[{"embeddable":true,"href":"https:\/\/editora.uea.edu.br\/index.php?rest_route=\/wp\/v2\/media\/1427"}],"wp:attachment":[{"href":"https:\/\/editora.uea.edu.br\/index.php?rest_route=%2Fwp%2Fv2%2Fmedia&parent=1426"}],"wp:term":[{"taxonomy":"product_cat","embeddable":true,"href":"https:\/\/editora.uea.edu.br\/index.php?rest_route=%2Fwp%2Fv2%2Fproduct_cat&post=1426"},{"taxonomy":"product_tag","embeddable":true,"href":"https:\/\/editora.uea.edu.br\/index.php?rest_route=%2Fwp%2Fv2%2Fproduct_tag&post=1426"}],"curies":[{"name":"wp","href":"https:\/\/api.w.org\/{rel}","templated":true}]}}