{"id":1409,"date":"2024-02-06T04:40:12","date_gmt":"2024-02-06T08:40:12","guid":{"rendered":"https:\/\/editora.uea.edu.br\/?post_type=product&#038;p=1409"},"modified":"2025-07-24T11:00:23","modified_gmt":"2025-07-24T15:00:23","slug":"investigacoes-camonianas-1998-2008-2","status":"publish","type":"product","link":"https:\/\/editora.uea.edu.br\/?product=investigacoes-camonianas-1998-2008-2","title":{"rendered":"Investiga\u00e7\u00f5es camonianas 1998 &#8211; 2008 (2\u00aa edi\u00e7\u00e3o)"},"content":{"rendered":"<p>Em sua 2\u00b0 edi\u00e7\u00e3o revisada, a obra re\u00fane artigos acad\u00eamico-cient\u00edficos sobre as obras, a hist\u00f3ria e a vida de Lu\u00eds de Cam\u00f5es, in\u00e9ditos em volume antes da publica\u00e7\u00e3o da primeira edi\u00e7\u00e3o deste livro, muito embora escritos e publicados ao longo de mais de uma d\u00e9cada (1998-2008) de intenso trabalho quase di\u00e1rio de investiga\u00e7\u00e3o \u2013 todos criteriosamente revistos para a presente edi\u00e7\u00e3o.<\/p>\n<p>&nbsp;<\/p>\n<p><strong>Como citar: <\/strong><\/p>\n<p>MATOS, M. <em>Investiga\u00e7\u00f5es camonianas<\/em> (1998-2008). 2. ed. rev. Manaus: Editora UEA, 2022.<\/p>\n<p>&nbsp;<\/p>\n<p><strong>Dispon\u00edvel em<\/strong>:<\/p>\n<p><a href=\"https:\/\/ri.uea.edu.br\/handle\/riuea\/2559\">https:\/\/ri.uea.edu.br\/handle\/riuea\/2559<\/a><\/p>\n","protected":false},"excerpt":{"rendered":"<p>Em sua 2\u00b0 edi\u00e7\u00e3o revisada, a obra re\u00fane artigos acad\u00eamico-cient\u00edficos sobre as obras, a hist\u00f3ria e a vida de Lu\u00eds de Cam\u00f5es, in\u00e9ditos em volume antes da publica\u00e7\u00e3o da primeira edi\u00e7\u00e3o deste livro, muito embora escritos e publicados ao longo de mais de uma d\u00e9cada (1998-2008) de intenso trabalho quase di\u00e1rio de investiga\u00e7\u00e3o \u2013 todos [&hellip;]<\/p>\n","protected":false},"featured_media":1410,"comment_status":"open","ping_status":"closed","template":"","meta":{"om_disable_all_campaigns":false,"_uag_custom_page_level_css":"","_monsterinsights_skip_tracking":false,"_monsterinsights_sitenote_active":false,"_monsterinsights_sitenote_note":"","_monsterinsights_sitenote_category":0,"site-sidebar-layout":"default","site-content-layout":"","ast-site-content-layout":"default","site-content-style":"default","site-sidebar-style":"default","ast-global-header-display":"","ast-banner-title-visibility":"","ast-main-header-display":"","ast-hfb-above-header-display":"","ast-hfb-below-header-display":"","ast-hfb-mobile-header-display":"","site-post-title":"","ast-breadcrumbs-content":"","ast-featured-img":"","footer-sml-layout":"","theme-transparent-header-meta":"default","adv-header-id-meta":"","stick-header-meta":"","header-above-stick-meta":"","header-main-stick-meta":"","header-below-stick-meta":"","astra-migrate-meta-layouts":"set","ast-page-background-enabled":"default","ast-page-background-meta":{"desktop":{"background-color":"var(--ast-global-color-4)","background-image":"","background-repeat":"repeat","background-position":"center center","background-size":"auto","background-attachment":"scroll","background-type":"","background-media":"","overlay-type":"","overlay-color":"","overlay-gradient":""},"tablet":{"background-color":"","background-image":"","background-repeat":"repeat","background-position":"center center","background-size":"auto","background-attachment":"scroll","background-type":"","background-media":"","overlay-type":"","overlay-color":"","overlay-gradient":""},"mobile":{"background-color":"","background-image":"","background-repeat":"repeat","background-position":"center center","background-size":"auto","background-attachment":"scroll","background-type":"","background-media":"","overlay-type":"","overlay-color":"","overlay-gradient":""}},"ast-content-background-meta":{"desktop":{"background-color":"var(--ast-global-color-5)","background-image":"","background-repeat":"repeat","background-position":"center center","background-size":"auto","background-attachment":"scroll","background-type":"","background-media":"","overlay-type":"","overlay-color":"","overlay-gradient":""},"tablet":{"background-color":"var(--ast-global-color-5)","background-image":"","background-repeat":"repeat","background-position":"center center","background-size":"auto","background-attachment":"scroll","background-type":"","background-media":"","overlay-type":"","overlay-color":"","overlay-gradient":""},"mobile":{"background-color":"var(--ast-global-color-5)","background-image":"","background-repeat":"repeat","background-position":"center center","background-size":"auto","background-attachment":"scroll","background-type":"","background-media":"","overlay-type":"","overlay-color":"","overlay-gradient":""}},"_themeisle_gutenberg_block_has_review":false},"product_cat":[23],"product_tag":[239],"aioseo_notices":[],"uagb_featured_image_src":{"full":["https:\/\/editora.uea.edu.br\/wp-content\/uploads\/2024\/02\/Investigacoes-camonianas-1998-2008.png",2481,3508,false],"thumbnail":["https:\/\/editora.uea.edu.br\/wp-content\/uploads\/2024\/02\/Investigacoes-camonianas-1998-2008-150x150.png",150,150,true],"medium":["https:\/\/editora.uea.edu.br\/wp-content\/uploads\/2024\/02\/Investigacoes-camonianas-1998-2008-212x300.png",212,300,true],"medium_large":["https:\/\/editora.uea.edu.br\/wp-content\/uploads\/2024\/02\/Investigacoes-camonianas-1998-2008-768x1086.png",768,1086,true],"large":["https:\/\/editora.uea.edu.br\/wp-content\/uploads\/2024\/02\/Investigacoes-camonianas-1998-2008-566x800.png",566,800,true],"1536x1536":["https:\/\/editora.uea.edu.br\/wp-content\/uploads\/2024\/02\/Investigacoes-camonianas-1998-2008-1086x1536.png",1086,1536,true],"2048x2048":["https:\/\/editora.uea.edu.br\/wp-content\/uploads\/2024\/02\/Investigacoes-camonianas-1998-2008-1448x2048.png",1448,2048,true],"codesigner-thumb":["https:\/\/editora.uea.edu.br\/wp-content\/uploads\/2024\/02\/Investigacoes-camonianas-1998-2008-400x400.png",400,400,true],"woocommerce_thumbnail":["https:\/\/editora.uea.edu.br\/wp-content\/uploads\/2024\/02\/Investigacoes-camonianas-1998-2008-200x296.png",200,296,true],"woocommerce_single":["https:\/\/editora.uea.edu.br\/wp-content\/uploads\/2024\/02\/Investigacoes-camonianas-1998-2008-200x283.png",200,283,true],"woocommerce_gallery_thumbnail":["https:\/\/editora.uea.edu.br\/wp-content\/uploads\/2024\/02\/Investigacoes-camonianas-1998-2008-100x100.png",100,100,true]},"uagb_author_info":{"display_name":"editora","author_link":"https:\/\/editora.uea.edu.br\/?author=0"},"uagb_comment_info":0,"uagb_excerpt":"Em sua 2\u00b0 edi\u00e7\u00e3o revisada, a obra re\u00fane artigos acad\u00eamico-cient\u00edficos sobre as obras, a hist\u00f3ria e a vida de Lu\u00eds de Cam\u00f5es, in\u00e9ditos em volume antes da publica\u00e7\u00e3o da primeira edi\u00e7\u00e3o deste livro, muito embora escritos e publicados ao longo de mais de uma d\u00e9cada (1998-2008) de intenso trabalho quase di\u00e1rio de investiga\u00e7\u00e3o \u2013 todos&hellip;","_links":{"self":[{"href":"https:\/\/editora.uea.edu.br\/index.php?rest_route=\/wp\/v2\/product\/1409"}],"collection":[{"href":"https:\/\/editora.uea.edu.br\/index.php?rest_route=\/wp\/v2\/product"}],"about":[{"href":"https:\/\/editora.uea.edu.br\/index.php?rest_route=\/wp\/v2\/types\/product"}],"replies":[{"embeddable":true,"href":"https:\/\/editora.uea.edu.br\/index.php?rest_route=%2Fwp%2Fv2%2Fcomments&post=1409"}],"wp:featuredmedia":[{"embeddable":true,"href":"https:\/\/editora.uea.edu.br\/index.php?rest_route=\/wp\/v2\/media\/1410"}],"wp:attachment":[{"href":"https:\/\/editora.uea.edu.br\/index.php?rest_route=%2Fwp%2Fv2%2Fmedia&parent=1409"}],"wp:term":[{"taxonomy":"product_cat","embeddable":true,"href":"https:\/\/editora.uea.edu.br\/index.php?rest_route=%2Fwp%2Fv2%2Fproduct_cat&post=1409"},{"taxonomy":"product_tag","embeddable":true,"href":"https:\/\/editora.uea.edu.br\/index.php?rest_route=%2Fwp%2Fv2%2Fproduct_tag&post=1409"}],"curies":[{"name":"wp","href":"https:\/\/api.w.org\/{rel}","templated":true}]}}