{"id":1405,"date":"2024-02-06T02:35:02","date_gmt":"2024-02-06T06:35:02","guid":{"rendered":"https:\/\/editora.uea.edu.br\/?post_type=product&#038;p=1405"},"modified":"2025-07-24T08:52:57","modified_gmt":"2025-07-24T12:52:57","slug":"computacao-em-quadrinhos-coletanea","status":"publish","type":"product","link":"https:\/\/editora.uea.edu.br\/?product=computacao-em-quadrinhos-coletanea","title":{"rendered":"Computa\u00e7\u00e3o em quadrinhos &#8211; colet\u00e2nea"},"content":{"rendered":"<p>Esta colet\u00e2nea de HQs \u00e9 resultado do trabalho desenvolvido por 14 acad\u00eamicos do curso de Licenciatura em Computa\u00e7\u00e3o da Escola Superior de Tecnologia da Universidade do Estado do Amazonas e apresenta-se como material did\u00e1tico para que professores possam trabalhar, por meio de hist\u00f3rias em quadrinhos, temas relacionados a computa\u00e7\u00e3o e que se interligam de maneira interdisciplinar com as diversas habilidades e compet\u00eancias enfatizadas pela BNCC.<\/p>\n<p>&nbsp;<\/p>\n<p><strong>Como citar: <\/strong><\/p>\n<p>COSTA JUNIOR, A. (org.). <em>Computa\u00e7\u00e3o em quadrinhos \u00ad<\/em>&#8211; colet\u00e2nea. Manaus: Editora UEA, 2022.<\/p>\n<p>&nbsp;<\/p>\n<p><strong>Dispon\u00edvel em<\/strong>:<\/p>\n<p><a href=\"https:\/\/ri.uea.edu.br\/handle\/riuea\/2549\">https:\/\/ri.uea.edu.br\/handle\/riuea\/2549<\/a><\/p>\n","protected":false},"excerpt":{"rendered":"<p>Esta colet\u00e2nea de HQs \u00e9 resultado do trabalho desenvolvido por 14 acad\u00eamicos do curso de Licenciatura em Computa\u00e7\u00e3o da Escola Superior de Tecnologia da Universidade do Estado do Amazonas e apresenta-se como material did\u00e1tico para que professores possam trabalhar, por meio de hist\u00f3rias em quadrinhos, temas relacionados a computa\u00e7\u00e3o e que se interligam de maneira [&hellip;]<\/p>\n","protected":false},"featured_media":1406,"comment_status":"open","ping_status":"closed","template":"","meta":{"om_disable_all_campaigns":false,"_uag_custom_page_level_css":"","_monsterinsights_skip_tracking":false,"_monsterinsights_sitenote_active":false,"_monsterinsights_sitenote_note":"","_monsterinsights_sitenote_category":0,"site-sidebar-layout":"default","site-content-layout":"","ast-site-content-layout":"default","site-content-style":"default","site-sidebar-style":"default","ast-global-header-display":"","ast-banner-title-visibility":"","ast-main-header-display":"","ast-hfb-above-header-display":"","ast-hfb-below-header-display":"","ast-hfb-mobile-header-display":"","site-post-title":"","ast-breadcrumbs-content":"","ast-featured-img":"","footer-sml-layout":"","theme-transparent-header-meta":"default","adv-header-id-meta":"","stick-header-meta":"","header-above-stick-meta":"","header-main-stick-meta":"","header-below-stick-meta":"","astra-migrate-meta-layouts":"set","ast-page-background-enabled":"default","ast-page-background-meta":{"desktop":{"background-color":"var(--ast-global-color-4)","background-image":"","background-repeat":"repeat","background-position":"center center","background-size":"auto","background-attachment":"scroll","background-type":"","background-media":"","overlay-type":"","overlay-color":"","overlay-gradient":""},"tablet":{"background-color":"","background-image":"","background-repeat":"repeat","background-position":"center center","background-size":"auto","background-attachment":"scroll","background-type":"","background-media":"","overlay-type":"","overlay-color":"","overlay-gradient":""},"mobile":{"background-color":"","background-image":"","background-repeat":"repeat","background-position":"center center","background-size":"auto","background-attachment":"scroll","background-type":"","background-media":"","overlay-type":"","overlay-color":"","overlay-gradient":""}},"ast-content-background-meta":{"desktop":{"background-color":"var(--ast-global-color-5)","background-image":"","background-repeat":"repeat","background-position":"center center","background-size":"auto","background-attachment":"scroll","background-type":"","background-media":"","overlay-type":"","overlay-color":"","overlay-gradient":""},"tablet":{"background-color":"var(--ast-global-color-5)","background-image":"","background-repeat":"repeat","background-position":"center center","background-size":"auto","background-attachment":"scroll","background-type":"","background-media":"","overlay-type":"","overlay-color":"","overlay-gradient":""},"mobile":{"background-color":"var(--ast-global-color-5)","background-image":"","background-repeat":"repeat","background-position":"center center","background-size":"auto","background-attachment":"scroll","background-type":"","background-media":"","overlay-type":"","overlay-color":"","overlay-gradient":""}},"_themeisle_gutenberg_block_has_review":false},"product_cat":[229,73],"product_tag":[272],"aioseo_notices":[],"uagb_featured_image_src":{"full":["https:\/\/editora.uea.edu.br\/wp-content\/uploads\/2024\/02\/Coletanea-Computacao-em-quadrinhos-1-scaled.jpg",1810,2560,false],"thumbnail":["https:\/\/editora.uea.edu.br\/wp-content\/uploads\/2024\/02\/Coletanea-Computacao-em-quadrinhos-1-150x150.jpg",150,150,true],"medium":["https:\/\/editora.uea.edu.br\/wp-content\/uploads\/2024\/02\/Coletanea-Computacao-em-quadrinhos-1-212x300.jpg",212,300,true],"medium_large":["https:\/\/editora.uea.edu.br\/wp-content\/uploads\/2024\/02\/Coletanea-Computacao-em-quadrinhos-1-768x1086.jpg",768,1086,true],"large":["https:\/\/editora.uea.edu.br\/wp-content\/uploads\/2024\/02\/Coletanea-Computacao-em-quadrinhos-1-566x800.jpg",566,800,true],"1536x1536":["https:\/\/editora.uea.edu.br\/wp-content\/uploads\/2024\/02\/Coletanea-Computacao-em-quadrinhos-1-1086x1536.jpg",1086,1536,true],"2048x2048":["https:\/\/editora.uea.edu.br\/wp-content\/uploads\/2024\/02\/Coletanea-Computacao-em-quadrinhos-1-1448x2048.jpg",1448,2048,true],"codesigner-thumb":["https:\/\/editora.uea.edu.br\/wp-content\/uploads\/2024\/02\/Coletanea-Computacao-em-quadrinhos-1-400x400.jpg",400,400,true],"woocommerce_thumbnail":["https:\/\/editora.uea.edu.br\/wp-content\/uploads\/2024\/02\/Coletanea-Computacao-em-quadrinhos-1-200x296.jpg",200,296,true],"woocommerce_single":["https:\/\/editora.uea.edu.br\/wp-content\/uploads\/2024\/02\/Coletanea-Computacao-em-quadrinhos-1-200x283.jpg",200,283,true],"woocommerce_gallery_thumbnail":["https:\/\/editora.uea.edu.br\/wp-content\/uploads\/2024\/02\/Coletanea-Computacao-em-quadrinhos-1-100x100.jpg",100,100,true]},"uagb_author_info":{"display_name":"editora","author_link":"https:\/\/editora.uea.edu.br\/?author=0"},"uagb_comment_info":0,"uagb_excerpt":"Esta colet\u00e2nea de HQs \u00e9 resultado do trabalho desenvolvido por 14 acad\u00eamicos do curso de Licenciatura em Computa\u00e7\u00e3o da Escola Superior de Tecnologia da Universidade do Estado do Amazonas e apresenta-se como material did\u00e1tico para que professores possam trabalhar, por meio de hist\u00f3rias em quadrinhos, temas relacionados a computa\u00e7\u00e3o e que se interligam de maneira&hellip;","_links":{"self":[{"href":"https:\/\/editora.uea.edu.br\/index.php?rest_route=\/wp\/v2\/product\/1405"}],"collection":[{"href":"https:\/\/editora.uea.edu.br\/index.php?rest_route=\/wp\/v2\/product"}],"about":[{"href":"https:\/\/editora.uea.edu.br\/index.php?rest_route=\/wp\/v2\/types\/product"}],"replies":[{"embeddable":true,"href":"https:\/\/editora.uea.edu.br\/index.php?rest_route=%2Fwp%2Fv2%2Fcomments&post=1405"}],"wp:featuredmedia":[{"embeddable":true,"href":"https:\/\/editora.uea.edu.br\/index.php?rest_route=\/wp\/v2\/media\/1406"}],"wp:attachment":[{"href":"https:\/\/editora.uea.edu.br\/index.php?rest_route=%2Fwp%2Fv2%2Fmedia&parent=1405"}],"wp:term":[{"taxonomy":"product_cat","embeddable":true,"href":"https:\/\/editora.uea.edu.br\/index.php?rest_route=%2Fwp%2Fv2%2Fproduct_cat&post=1405"},{"taxonomy":"product_tag","embeddable":true,"href":"https:\/\/editora.uea.edu.br\/index.php?rest_route=%2Fwp%2Fv2%2Fproduct_tag&post=1405"}],"curies":[{"name":"wp","href":"https:\/\/api.w.org\/{rel}","templated":true}]}}