{"id":1404,"date":"2023-11-08T00:30:06","date_gmt":"2023-11-08T04:30:06","guid":{"rendered":"https:\/\/editora.uea.edu.br\/?post_type=product&#038;p=1404"},"modified":"2025-07-23T16:44:20","modified_gmt":"2025-07-23T20:44:20","slug":"os-bois-bumbas-de-parintins-novos-olhares","status":"publish","type":"product","link":"https:\/\/editora.uea.edu.br\/?product=os-bois-bumbas-de-parintins-novos-olhares","title":{"rendered":"Os Bois-Bumb\u00e1s de Parintins: novos olhares"},"content":{"rendered":"<p>Levando em conta que os primeiros trabalhos acad\u00eamicos publicados sobre o Festival Folcl\u00f3rico surgiram ainda nos anos finais da d\u00e9cada de 90, este livro retoma uma j\u00e1 relativamente extensa bibliografia sobre os Bois de Parintins, proveniente de estudos realizados em v\u00e1rios campos do conhecimento e em tempos e institui\u00e7\u00f5es igualmente diferentes. E acrescenta, quase que como fruto de uma sucess\u00e3o geracional, novos olhares sobre essa festa que n\u00e3o cessa de mudar.<\/p>\n<p>&nbsp;<\/p>\n<p><strong>Como citar: <\/strong><\/p>\n<p>SILVEIRA, D. O.; SILVA, E. G.; NAKANOME, E. (orgs.). <em>Os Bois-Bumb\u00e1s de Parintins<\/em>: novos olhares. Manaus: Editora UEA; Rio de Janeiro: Editora Autografia Edi\u00e7\u00e3o e Comunica\u00e7\u00e3o Ltda., 2021.<\/p>\n","protected":false},"excerpt":{"rendered":"<p>Levando em conta que os primeiros trabalhos acad\u00eamicos publicados sobre o Festival Folcl\u00f3rico surgiram ainda nos anos finais da d\u00e9cada de 90, este livro retoma uma j\u00e1 relativamente extensa bibliografia sobre os Bois de Parintins, proveniente de estudos realizados em v\u00e1rios campos do conhecimento e em tempos e institui\u00e7\u00f5es igualmente diferentes. E acrescenta, quase que [&hellip;]<\/p>\n","protected":false},"featured_media":1443,"comment_status":"open","ping_status":"closed","template":"","meta":{"om_disable_all_campaigns":false,"_uag_custom_page_level_css":"","_monsterinsights_skip_tracking":false,"_monsterinsights_sitenote_active":false,"_monsterinsights_sitenote_note":"","_monsterinsights_sitenote_category":0,"site-sidebar-layout":"default","site-content-layout":"","ast-site-content-layout":"default","site-content-style":"default","site-sidebar-style":"default","ast-global-header-display":"","ast-banner-title-visibility":"","ast-main-header-display":"","ast-hfb-above-header-display":"","ast-hfb-below-header-display":"","ast-hfb-mobile-header-display":"","site-post-title":"","ast-breadcrumbs-content":"","ast-featured-img":"","footer-sml-layout":"","theme-transparent-header-meta":"default","adv-header-id-meta":"","stick-header-meta":"","header-above-stick-meta":"","header-main-stick-meta":"","header-below-stick-meta":"","astra-migrate-meta-layouts":"set","ast-page-background-enabled":"default","ast-page-background-meta":{"desktop":{"background-color":"var(--ast-global-color-4)","background-image":"","background-repeat":"repeat","background-position":"center center","background-size":"auto","background-attachment":"scroll","background-type":"","background-media":"","overlay-type":"","overlay-color":"","overlay-gradient":""},"tablet":{"background-color":"","background-image":"","background-repeat":"repeat","background-position":"center center","background-size":"auto","background-attachment":"scroll","background-type":"","background-media":"","overlay-type":"","overlay-color":"","overlay-gradient":""},"mobile":{"background-color":"","background-image":"","background-repeat":"repeat","background-position":"center center","background-size":"auto","background-attachment":"scroll","background-type":"","background-media":"","overlay-type":"","overlay-color":"","overlay-gradient":""}},"ast-content-background-meta":{"desktop":{"background-color":"var(--ast-global-color-5)","background-image":"","background-repeat":"repeat","background-position":"center center","background-size":"auto","background-attachment":"scroll","background-type":"","background-media":"","overlay-type":"","overlay-color":"","overlay-gradient":""},"tablet":{"background-color":"var(--ast-global-color-5)","background-image":"","background-repeat":"repeat","background-position":"center center","background-size":"auto","background-attachment":"scroll","background-type":"","background-media":"","overlay-type":"","overlay-color":"","overlay-gradient":""},"mobile":{"background-color":"var(--ast-global-color-5)","background-image":"","background-repeat":"repeat","background-position":"center center","background-size":"auto","background-attachment":"scroll","background-type":"","background-media":"","overlay-type":"","overlay-color":"","overlay-gradient":""}},"_themeisle_gutenberg_block_has_review":false},"product_cat":[230,65],"product_tag":[269,270,271],"aioseo_notices":[],"uagb_featured_image_src":{"full":["https:\/\/editora.uea.edu.br\/wp-content\/uploads\/2024\/02\/Os-Bois-Bumbas-de-Parintins-novos-olhares.jpg",600,677,false],"thumbnail":["https:\/\/editora.uea.edu.br\/wp-content\/uploads\/2024\/02\/Os-Bois-Bumbas-de-Parintins-novos-olhares-150x150.jpg",150,150,true],"medium":["https:\/\/editora.uea.edu.br\/wp-content\/uploads\/2024\/02\/Os-Bois-Bumbas-de-Parintins-novos-olhares-266x300.jpg",266,300,true],"medium_large":["https:\/\/editora.uea.edu.br\/wp-content\/uploads\/2024\/02\/Os-Bois-Bumbas-de-Parintins-novos-olhares.jpg",600,677,false],"large":["https:\/\/editora.uea.edu.br\/wp-content\/uploads\/2024\/02\/Os-Bois-Bumbas-de-Parintins-novos-olhares.jpg",600,677,false],"1536x1536":["https:\/\/editora.uea.edu.br\/wp-content\/uploads\/2024\/02\/Os-Bois-Bumbas-de-Parintins-novos-olhares.jpg",600,677,false],"2048x2048":["https:\/\/editora.uea.edu.br\/wp-content\/uploads\/2024\/02\/Os-Bois-Bumbas-de-Parintins-novos-olhares.jpg",600,677,false],"codesigner-thumb":["https:\/\/editora.uea.edu.br\/wp-content\/uploads\/2024\/02\/Os-Bois-Bumbas-de-Parintins-novos-olhares-400x400.jpg",400,400,true],"woocommerce_thumbnail":["https:\/\/editora.uea.edu.br\/wp-content\/uploads\/2024\/02\/Os-Bois-Bumbas-de-Parintins-novos-olhares-200x296.jpg",200,296,true],"woocommerce_single":["https:\/\/editora.uea.edu.br\/wp-content\/uploads\/2024\/02\/Os-Bois-Bumbas-de-Parintins-novos-olhares-200x226.jpg",200,226,true],"woocommerce_gallery_thumbnail":["https:\/\/editora.uea.edu.br\/wp-content\/uploads\/2024\/02\/Os-Bois-Bumbas-de-Parintins-novos-olhares-100x100.jpg",100,100,true]},"uagb_author_info":{"display_name":"editora","author_link":"https:\/\/editora.uea.edu.br\/?author=0"},"uagb_comment_info":0,"uagb_excerpt":"Levando em conta que os primeiros trabalhos acad\u00eamicos publicados sobre o Festival Folcl\u00f3rico surgiram ainda nos anos finais da d\u00e9cada de 90, este livro retoma uma j\u00e1 relativamente extensa bibliografia sobre os Bois de Parintins, proveniente de estudos realizados em v\u00e1rios campos do conhecimento e em tempos e institui\u00e7\u00f5es igualmente diferentes. E acrescenta, quase que&hellip;","_links":{"self":[{"href":"https:\/\/editora.uea.edu.br\/index.php?rest_route=\/wp\/v2\/product\/1404"}],"collection":[{"href":"https:\/\/editora.uea.edu.br\/index.php?rest_route=\/wp\/v2\/product"}],"about":[{"href":"https:\/\/editora.uea.edu.br\/index.php?rest_route=\/wp\/v2\/types\/product"}],"replies":[{"embeddable":true,"href":"https:\/\/editora.uea.edu.br\/index.php?rest_route=%2Fwp%2Fv2%2Fcomments&post=1404"}],"wp:featuredmedia":[{"embeddable":true,"href":"https:\/\/editora.uea.edu.br\/index.php?rest_route=\/wp\/v2\/media\/1443"}],"wp:attachment":[{"href":"https:\/\/editora.uea.edu.br\/index.php?rest_route=%2Fwp%2Fv2%2Fmedia&parent=1404"}],"wp:term":[{"taxonomy":"product_cat","embeddable":true,"href":"https:\/\/editora.uea.edu.br\/index.php?rest_route=%2Fwp%2Fv2%2Fproduct_cat&post=1404"},{"taxonomy":"product_tag","embeddable":true,"href":"https:\/\/editora.uea.edu.br\/index.php?rest_route=%2Fwp%2Fv2%2Fproduct_tag&post=1404"}],"curies":[{"name":"wp","href":"https:\/\/api.w.org\/{rel}","templated":true}]}}