{"id":1401,"date":"2024-02-06T04:00:00","date_gmt":"2024-02-06T08:00:00","guid":{"rendered":"https:\/\/editora.uea.edu.br\/?post_type=product&#038;p=1401"},"modified":"2025-07-24T09:12:06","modified_gmt":"2025-07-24T13:12:06","slug":"ensino-de-ciencias-curriculo-cognicao-e-formacao-de-professores","status":"publish","type":"product","link":"https:\/\/editora.uea.edu.br\/?product=ensino-de-ciencias-curriculo-cognicao-e-formacao-de-professores","title":{"rendered":"Ensino de ci\u00eancias &#8211; curr\u00edculo, cogni\u00e7\u00e3o e forma\u00e7\u00e3o de professores"},"content":{"rendered":"<p>Com o objetivo de oportunizar a divulga\u00e7\u00e3o de trabalhos de pesquisa sobre o ensino de ci\u00eancias na Amaz\u00f4nia, esta obra traz uma colet\u00e2nea de trabalhos desenvolvidos pelos docentes que atuam no Mestrado Acad\u00eamico em Educa\u00e7\u00e3o em Ci\u00eancias na Amaz\u00f4nia (UEA) que buscam divulgar discuss\u00f5es e resultados de pesquisas acad\u00eamicas para de fato contribuir para a melhoria no processo educativo.<\/p>\n<p>&nbsp;<\/p>\n<p><strong>Como citar: <\/strong><\/p>\n<p>COTTA, T. M.; ALMEIDA, W. A.; COSTA, M. G. (orgs.). <em>Ensino de ci\u00eancias<\/em> &#8211; curr\u00edculo, cogni\u00e7\u00e3o e forma\u00e7\u00e3o de professores. Manaus: Editora UEA, 2022.<\/p>\n<p>&nbsp;<\/p>\n<p><strong>Dispon\u00edvel em<\/strong>:<\/p>\n<p><a href=\"https:\/\/ri.uea.edu.br\/handle\/riuea\/2554\">https:\/\/ri.uea.edu.br\/handle\/riuea\/2554<\/a><\/p>\n","protected":false},"excerpt":{"rendered":"<p>Com o objetivo de oportunizar a divulga\u00e7\u00e3o de trabalhos de pesquisa sobre o ensino de ci\u00eancias na Amaz\u00f4nia, esta obra traz uma colet\u00e2nea de trabalhos desenvolvidos pelos docentes que atuam no Mestrado Acad\u00eamico em Educa\u00e7\u00e3o em Ci\u00eancias na Amaz\u00f4nia (UEA) que buscam divulgar discuss\u00f5es e resultados de pesquisas acad\u00eamicas para de fato contribuir para a [&hellip;]<\/p>\n","protected":false},"featured_media":1403,"comment_status":"open","ping_status":"closed","template":"","meta":{"om_disable_all_campaigns":false,"_uag_custom_page_level_css":"","_monsterinsights_skip_tracking":false,"_monsterinsights_sitenote_active":false,"_monsterinsights_sitenote_note":"","_monsterinsights_sitenote_category":0,"site-sidebar-layout":"default","site-content-layout":"","ast-site-content-layout":"default","site-content-style":"default","site-sidebar-style":"default","ast-global-header-display":"","ast-banner-title-visibility":"","ast-main-header-display":"","ast-hfb-above-header-display":"","ast-hfb-below-header-display":"","ast-hfb-mobile-header-display":"","site-post-title":"","ast-breadcrumbs-content":"","ast-featured-img":"","footer-sml-layout":"","theme-transparent-header-meta":"default","adv-header-id-meta":"","stick-header-meta":"","header-above-stick-meta":"","header-main-stick-meta":"","header-below-stick-meta":"","astra-migrate-meta-layouts":"set","ast-page-background-enabled":"default","ast-page-background-meta":{"desktop":{"background-color":"var(--ast-global-color-4)","background-image":"","background-repeat":"repeat","background-position":"center center","background-size":"auto","background-attachment":"scroll","background-type":"","background-media":"","overlay-type":"","overlay-color":"","overlay-gradient":""},"tablet":{"background-color":"","background-image":"","background-repeat":"repeat","background-position":"center center","background-size":"auto","background-attachment":"scroll","background-type":"","background-media":"","overlay-type":"","overlay-color":"","overlay-gradient":""},"mobile":{"background-color":"","background-image":"","background-repeat":"repeat","background-position":"center center","background-size":"auto","background-attachment":"scroll","background-type":"","background-media":"","overlay-type":"","overlay-color":"","overlay-gradient":""}},"ast-content-background-meta":{"desktop":{"background-color":"var(--ast-global-color-5)","background-image":"","background-repeat":"repeat","background-position":"center center","background-size":"auto","background-attachment":"scroll","background-type":"","background-media":"","overlay-type":"","overlay-color":"","overlay-gradient":""},"tablet":{"background-color":"var(--ast-global-color-5)","background-image":"","background-repeat":"repeat","background-position":"center center","background-size":"auto","background-attachment":"scroll","background-type":"","background-media":"","overlay-type":"","overlay-color":"","overlay-gradient":""},"mobile":{"background-color":"var(--ast-global-color-5)","background-image":"","background-repeat":"repeat","background-position":"center center","background-size":"auto","background-attachment":"scroll","background-type":"","background-media":"","overlay-type":"","overlay-color":"","overlay-gradient":""}},"_themeisle_gutenberg_block_has_review":false},"product_cat":[73],"product_tag":[268,266,267],"aioseo_notices":[],"uagb_featured_image_src":{"full":["https:\/\/editora.uea.edu.br\/wp-content\/uploads\/2024\/02\/Ensino-de-ciencias-curriculo-cognicao-e-formacao-de-professores-1-scaled.jpg",1746,2560,false],"thumbnail":["https:\/\/editora.uea.edu.br\/wp-content\/uploads\/2024\/02\/Ensino-de-ciencias-curriculo-cognicao-e-formacao-de-professores-1-150x150.jpg",150,150,true],"medium":["https:\/\/editora.uea.edu.br\/wp-content\/uploads\/2024\/02\/Ensino-de-ciencias-curriculo-cognicao-e-formacao-de-professores-1-205x300.jpg",205,300,true],"medium_large":["https:\/\/editora.uea.edu.br\/wp-content\/uploads\/2024\/02\/Ensino-de-ciencias-curriculo-cognicao-e-formacao-de-professores-1-768x1126.jpg",768,1126,true],"large":["https:\/\/editora.uea.edu.br\/wp-content\/uploads\/2024\/02\/Ensino-de-ciencias-curriculo-cognicao-e-formacao-de-professores-1-546x800.jpg",546,800,true],"1536x1536":["https:\/\/editora.uea.edu.br\/wp-content\/uploads\/2024\/02\/Ensino-de-ciencias-curriculo-cognicao-e-formacao-de-professores-1-1048x1536.jpg",1048,1536,true],"2048x2048":["https:\/\/editora.uea.edu.br\/wp-content\/uploads\/2024\/02\/Ensino-de-ciencias-curriculo-cognicao-e-formacao-de-professores-1-1397x2048.jpg",1397,2048,true],"codesigner-thumb":["https:\/\/editora.uea.edu.br\/wp-content\/uploads\/2024\/02\/Ensino-de-ciencias-curriculo-cognicao-e-formacao-de-professores-1-400x400.jpg",400,400,true],"woocommerce_thumbnail":["https:\/\/editora.uea.edu.br\/wp-content\/uploads\/2024\/02\/Ensino-de-ciencias-curriculo-cognicao-e-formacao-de-professores-1-200x296.jpg",200,296,true],"woocommerce_single":["https:\/\/editora.uea.edu.br\/wp-content\/uploads\/2024\/02\/Ensino-de-ciencias-curriculo-cognicao-e-formacao-de-professores-1-200x293.jpg",200,293,true],"woocommerce_gallery_thumbnail":["https:\/\/editora.uea.edu.br\/wp-content\/uploads\/2024\/02\/Ensino-de-ciencias-curriculo-cognicao-e-formacao-de-professores-1-100x100.jpg",100,100,true]},"uagb_author_info":{"display_name":"editora","author_link":"https:\/\/editora.uea.edu.br\/?author=0"},"uagb_comment_info":0,"uagb_excerpt":"Com o objetivo de oportunizar a divulga\u00e7\u00e3o de trabalhos de pesquisa sobre o ensino de ci\u00eancias na Amaz\u00f4nia, esta obra traz uma colet\u00e2nea de trabalhos desenvolvidos pelos docentes que atuam no Mestrado Acad\u00eamico em Educa\u00e7\u00e3o em Ci\u00eancias na Amaz\u00f4nia (UEA) que buscam divulgar discuss\u00f5es e resultados de pesquisas acad\u00eamicas para de fato contribuir para a&hellip;","_links":{"self":[{"href":"https:\/\/editora.uea.edu.br\/index.php?rest_route=\/wp\/v2\/product\/1401"}],"collection":[{"href":"https:\/\/editora.uea.edu.br\/index.php?rest_route=\/wp\/v2\/product"}],"about":[{"href":"https:\/\/editora.uea.edu.br\/index.php?rest_route=\/wp\/v2\/types\/product"}],"replies":[{"embeddable":true,"href":"https:\/\/editora.uea.edu.br\/index.php?rest_route=%2Fwp%2Fv2%2Fcomments&post=1401"}],"wp:featuredmedia":[{"embeddable":true,"href":"https:\/\/editora.uea.edu.br\/index.php?rest_route=\/wp\/v2\/media\/1403"}],"wp:attachment":[{"href":"https:\/\/editora.uea.edu.br\/index.php?rest_route=%2Fwp%2Fv2%2Fmedia&parent=1401"}],"wp:term":[{"taxonomy":"product_cat","embeddable":true,"href":"https:\/\/editora.uea.edu.br\/index.php?rest_route=%2Fwp%2Fv2%2Fproduct_cat&post=1401"},{"taxonomy":"product_tag","embeddable":true,"href":"https:\/\/editora.uea.edu.br\/index.php?rest_route=%2Fwp%2Fv2%2Fproduct_tag&post=1401"}],"curies":[{"name":"wp","href":"https:\/\/api.w.org\/{rel}","templated":true}]}}