{"id":1399,"date":"2024-02-06T01:00:51","date_gmt":"2024-02-06T05:00:51","guid":{"rendered":"https:\/\/editora.uea.edu.br\/?post_type=product&#038;p=1399"},"modified":"2025-07-23T17:34:25","modified_gmt":"2025-07-23T21:34:25","slug":"africas-escravidao-e-liberdade","status":"publish","type":"product","link":"https:\/\/editora.uea.edu.br\/?product=africas-escravidao-e-liberdade","title":{"rendered":"\u00c1fricas, escravid\u00e3o e liberdade"},"content":{"rendered":"<p>A obra, fruto do II Semin\u00e1rio do NEAB\/CESP e do II Encontro de P\u00f3s-Gradua\u00e7\u00e3o do Baixo Amazonas, abre espa\u00e7o para estudos sobre a \u00c1frica, trata fundamentalmente das presen\u00e7as negras, africanas, escravizadas, libertas e livres em sua diversidade, potencializando narrativas, mem\u00f3rias, saberes e patrim\u00f4nios compartilhados por muitas gera\u00e7\u00f5es de quilombolas na Amaz\u00f4nia at\u00e9 os dias de hoje.<\/p>\n<p>&nbsp;<\/p>\n<p><strong>Como citar<\/strong>:<\/p>\n<p>SILVA, J. C.; ROCHA, J. M. (orgs.). <em>\u00c1fricas, escravid\u00e3o e liberdade<\/em>. Manaus: Editora UEA, 2022.<\/p>\n<p>&nbsp;<\/p>\n<p><strong>Dispon\u00edvel em<\/strong>:<\/p>\n<p><a href=\"https:\/\/ri.uea.edu.br\/handle\/riuea\/2530\">https:\/\/ri.uea.edu.br\/handle\/riuea\/2530<\/a><\/p>\n","protected":false},"excerpt":{"rendered":"<p>A obra, fruto do II Semin\u00e1rio do NEAB\/CESP e do II Encontro de P\u00f3s-Gradua\u00e7\u00e3o do Baixo Amazonas, abre espa\u00e7o para estudos sobre a \u00c1frica, trata fundamentalmente das presen\u00e7as negras, africanas, escravizadas, libertas e livres em sua diversidade, potencializando narrativas, mem\u00f3rias, saberes e patrim\u00f4nios compartilhados por muitas gera\u00e7\u00f5es de quilombolas na Amaz\u00f4nia at\u00e9 os dias de [&hellip;]<\/p>\n","protected":false},"featured_media":1400,"comment_status":"open","ping_status":"closed","template":"","meta":{"om_disable_all_campaigns":false,"_uag_custom_page_level_css":"","_monsterinsights_skip_tracking":false,"_monsterinsights_sitenote_active":false,"_monsterinsights_sitenote_note":"","_monsterinsights_sitenote_category":0,"site-sidebar-layout":"default","site-content-layout":"","ast-site-content-layout":"default","site-content-style":"default","site-sidebar-style":"default","ast-global-header-display":"","ast-banner-title-visibility":"","ast-main-header-display":"","ast-hfb-above-header-display":"","ast-hfb-below-header-display":"","ast-hfb-mobile-header-display":"","site-post-title":"","ast-breadcrumbs-content":"","ast-featured-img":"","footer-sml-layout":"","theme-transparent-header-meta":"default","adv-header-id-meta":"","stick-header-meta":"","header-above-stick-meta":"","header-main-stick-meta":"","header-below-stick-meta":"","astra-migrate-meta-layouts":"set","ast-page-background-enabled":"default","ast-page-background-meta":{"desktop":{"background-color":"var(--ast-global-color-4)","background-image":"","background-repeat":"repeat","background-position":"center center","background-size":"auto","background-attachment":"scroll","background-type":"","background-media":"","overlay-type":"","overlay-color":"","overlay-gradient":""},"tablet":{"background-color":"","background-image":"","background-repeat":"repeat","background-position":"center center","background-size":"auto","background-attachment":"scroll","background-type":"","background-media":"","overlay-type":"","overlay-color":"","overlay-gradient":""},"mobile":{"background-color":"","background-image":"","background-repeat":"repeat","background-position":"center center","background-size":"auto","background-attachment":"scroll","background-type":"","background-media":"","overlay-type":"","overlay-color":"","overlay-gradient":""}},"ast-content-background-meta":{"desktop":{"background-color":"var(--ast-global-color-5)","background-image":"","background-repeat":"repeat","background-position":"center center","background-size":"auto","background-attachment":"scroll","background-type":"","background-media":"","overlay-type":"","overlay-color":"","overlay-gradient":""},"tablet":{"background-color":"var(--ast-global-color-5)","background-image":"","background-repeat":"repeat","background-position":"center center","background-size":"auto","background-attachment":"scroll","background-type":"","background-media":"","overlay-type":"","overlay-color":"","overlay-gradient":""},"mobile":{"background-color":"var(--ast-global-color-5)","background-image":"","background-repeat":"repeat","background-position":"center center","background-size":"auto","background-attachment":"scroll","background-type":"","background-media":"","overlay-type":"","overlay-color":"","overlay-gradient":""}},"_themeisle_gutenberg_block_has_review":false},"product_cat":[230,311,65],"product_tag":[324,289],"aioseo_notices":[],"uagb_featured_image_src":{"full":["https:\/\/editora.uea.edu.br\/wp-content\/uploads\/2024\/02\/africas-escravidao-e-liberdade-capa-01-Copia-scaled.jpg",1811,2560,false],"thumbnail":["https:\/\/editora.uea.edu.br\/wp-content\/uploads\/2024\/02\/africas-escravidao-e-liberdade-capa-01-Copia-150x150.jpg",150,150,true],"medium":["https:\/\/editora.uea.edu.br\/wp-content\/uploads\/2024\/02\/africas-escravidao-e-liberdade-capa-01-Copia-212x300.jpg",212,300,true],"medium_large":["https:\/\/editora.uea.edu.br\/wp-content\/uploads\/2024\/02\/africas-escravidao-e-liberdade-capa-01-Copia-768x1086.jpg",768,1086,true],"large":["https:\/\/editora.uea.edu.br\/wp-content\/uploads\/2024\/02\/africas-escravidao-e-liberdade-capa-01-Copia-566x800.jpg",566,800,true],"1536x1536":["https:\/\/editora.uea.edu.br\/wp-content\/uploads\/2024\/02\/africas-escravidao-e-liberdade-capa-01-Copia-1086x1536.jpg",1086,1536,true],"2048x2048":["https:\/\/editora.uea.edu.br\/wp-content\/uploads\/2024\/02\/africas-escravidao-e-liberdade-capa-01-Copia-1448x2048.jpg",1448,2048,true],"codesigner-thumb":["https:\/\/editora.uea.edu.br\/wp-content\/uploads\/2024\/02\/africas-escravidao-e-liberdade-capa-01-Copia-400x400.jpg",400,400,true],"woocommerce_thumbnail":["https:\/\/editora.uea.edu.br\/wp-content\/uploads\/2024\/02\/africas-escravidao-e-liberdade-capa-01-Copia-200x296.jpg",200,296,true],"woocommerce_single":["https:\/\/editora.uea.edu.br\/wp-content\/uploads\/2024\/02\/africas-escravidao-e-liberdade-capa-01-Copia-200x283.jpg",200,283,true],"woocommerce_gallery_thumbnail":["https:\/\/editora.uea.edu.br\/wp-content\/uploads\/2024\/02\/africas-escravidao-e-liberdade-capa-01-Copia-100x100.jpg",100,100,true]},"uagb_author_info":{"display_name":"editora","author_link":"https:\/\/editora.uea.edu.br\/?author=0"},"uagb_comment_info":0,"uagb_excerpt":"A obra, fruto do II Semin\u00e1rio do NEAB\/CESP e do II Encontro de P\u00f3s-Gradua\u00e7\u00e3o do Baixo Amazonas, abre espa\u00e7o para estudos sobre a \u00c1frica, trata fundamentalmente das presen\u00e7as negras, africanas, escravizadas, libertas e livres em sua diversidade, potencializando narrativas, mem\u00f3rias, saberes e patrim\u00f4nios compartilhados por muitas gera\u00e7\u00f5es de quilombolas na Amaz\u00f4nia at\u00e9 os dias de&hellip;","_links":{"self":[{"href":"https:\/\/editora.uea.edu.br\/index.php?rest_route=\/wp\/v2\/product\/1399"}],"collection":[{"href":"https:\/\/editora.uea.edu.br\/index.php?rest_route=\/wp\/v2\/product"}],"about":[{"href":"https:\/\/editora.uea.edu.br\/index.php?rest_route=\/wp\/v2\/types\/product"}],"replies":[{"embeddable":true,"href":"https:\/\/editora.uea.edu.br\/index.php?rest_route=%2Fwp%2Fv2%2Fcomments&post=1399"}],"wp:featuredmedia":[{"embeddable":true,"href":"https:\/\/editora.uea.edu.br\/index.php?rest_route=\/wp\/v2\/media\/1400"}],"wp:attachment":[{"href":"https:\/\/editora.uea.edu.br\/index.php?rest_route=%2Fwp%2Fv2%2Fmedia&parent=1399"}],"wp:term":[{"taxonomy":"product_cat","embeddable":true,"href":"https:\/\/editora.uea.edu.br\/index.php?rest_route=%2Fwp%2Fv2%2Fproduct_cat&post=1399"},{"taxonomy":"product_tag","embeddable":true,"href":"https:\/\/editora.uea.edu.br\/index.php?rest_route=%2Fwp%2Fv2%2Fproduct_tag&post=1399"}],"curies":[{"name":"wp","href":"https:\/\/api.w.org\/{rel}","templated":true}]}}