{"id":1382,"date":"2023-11-08T00:08:38","date_gmt":"2023-11-08T04:08:38","guid":{"rendered":"https:\/\/editora.uea.edu.br\/?post_type=product&#038;p=1382"},"modified":"2025-07-23T16:58:24","modified_gmt":"2025-07-23T20:58:24","slug":"amazonas-e-a-multifacetacao-da-violencia","status":"publish","type":"product","link":"https:\/\/editora.uea.edu.br\/?product=amazonas-e-a-multifacetacao-da-violencia","title":{"rendered":"Amazonas e a multifaceta\u00e7\u00e3o da viol\u00eancia"},"content":{"rendered":"<p>O livro \u00e9 oriundo do Grupo Interdisciplinar de Estudos da Viol\u00eancia e traz um processo de constru\u00e7\u00e3o do conhecimento que aborda faces m\u00faltiplas da viol\u00eancia, que afetam aspectos sociais, morais, psicol\u00f3gicos, f\u00edsicos, entre outros, de modo a refletir sobre seus impactos, resultando na exig\u00eancia de um compromisso pol\u00edtico e \u00e9tico de enfrentamento a todas as formas de viol\u00eancia.<\/p>\n<p>&nbsp;<\/p>\n<p><strong>Como citar<\/strong>:<\/p>\n<p>MARQUES, D. J. C.<em>\u00a0et al<\/em>. (orgs.). <em>Amazonas e a multifaceta\u00e7\u00e3o da viol\u00eancia<\/em>. Manaus: Editora UEA, 2021.<\/p>\n<p>&nbsp;<\/p>\n<p><strong>Dispon\u00edvel em<\/strong>:<\/p>\n<p><a href=\"https:\/\/ri.uea.edu.br\/handle\/riuea\/2538\">https:\/\/ri.uea.edu.br\/handle\/riuea\/2538<\/a><\/p>\n","protected":false},"excerpt":{"rendered":"<p>O livro \u00e9 oriundo do Grupo Interdisciplinar de Estudos da Viol\u00eancia e traz um processo de constru\u00e7\u00e3o do conhecimento que aborda faces m\u00faltiplas da viol\u00eancia, que afetam aspectos sociais, morais, psicol\u00f3gicos, f\u00edsicos, entre outros, de modo a refletir sobre seus impactos, resultando na exig\u00eancia de um compromisso pol\u00edtico e \u00e9tico de enfrentamento a todas as [&hellip;]<\/p>\n","protected":false},"featured_media":1384,"comment_status":"open","ping_status":"closed","template":"","meta":{"om_disable_all_campaigns":false,"_uag_custom_page_level_css":"","_monsterinsights_skip_tracking":false,"_monsterinsights_sitenote_active":false,"_monsterinsights_sitenote_note":"","_monsterinsights_sitenote_category":0,"site-sidebar-layout":"default","site-content-layout":"","ast-site-content-layout":"default","site-content-style":"default","site-sidebar-style":"default","ast-global-header-display":"","ast-banner-title-visibility":"","ast-main-header-display":"","ast-hfb-above-header-display":"","ast-hfb-below-header-display":"","ast-hfb-mobile-header-display":"","site-post-title":"","ast-breadcrumbs-content":"","ast-featured-img":"","footer-sml-layout":"","theme-transparent-header-meta":"default","adv-header-id-meta":"","stick-header-meta":"","header-above-stick-meta":"","header-main-stick-meta":"","header-below-stick-meta":"","astra-migrate-meta-layouts":"set","ast-page-background-enabled":"default","ast-page-background-meta":{"desktop":{"background-color":"var(--ast-global-color-4)","background-image":"","background-repeat":"repeat","background-position":"center center","background-size":"auto","background-attachment":"scroll","background-type":"","background-media":"","overlay-type":"","overlay-color":"","overlay-gradient":""},"tablet":{"background-color":"","background-image":"","background-repeat":"repeat","background-position":"center center","background-size":"auto","background-attachment":"scroll","background-type":"","background-media":"","overlay-type":"","overlay-color":"","overlay-gradient":""},"mobile":{"background-color":"","background-image":"","background-repeat":"repeat","background-position":"center center","background-size":"auto","background-attachment":"scroll","background-type":"","background-media":"","overlay-type":"","overlay-color":"","overlay-gradient":""}},"ast-content-background-meta":{"desktop":{"background-color":"var(--ast-global-color-5)","background-image":"","background-repeat":"repeat","background-position":"center center","background-size":"auto","background-attachment":"scroll","background-type":"","background-media":"","overlay-type":"","overlay-color":"","overlay-gradient":""},"tablet":{"background-color":"var(--ast-global-color-5)","background-image":"","background-repeat":"repeat","background-position":"center center","background-size":"auto","background-attachment":"scroll","background-type":"","background-media":"","overlay-type":"","overlay-color":"","overlay-gradient":""},"mobile":{"background-color":"var(--ast-global-color-5)","background-image":"","background-repeat":"repeat","background-position":"center center","background-size":"auto","background-attachment":"scroll","background-type":"","background-media":"","overlay-type":"","overlay-color":"","overlay-gradient":""}},"_themeisle_gutenberg_block_has_review":false},"product_cat":[230,40,427,226],"product_tag":[386,387,388,389,390],"aioseo_notices":[],"uagb_featured_image_src":{"full":["https:\/\/editora.uea.edu.br\/wp-content\/uploads\/2024\/02\/capa-amazonas-violencia-01-scaled.jpg",1811,2560,false],"thumbnail":["https:\/\/editora.uea.edu.br\/wp-content\/uploads\/2024\/02\/capa-amazonas-violencia-01-150x150.jpg",150,150,true],"medium":["https:\/\/editora.uea.edu.br\/wp-content\/uploads\/2024\/02\/capa-amazonas-violencia-01-212x300.jpg",212,300,true],"medium_large":["https:\/\/editora.uea.edu.br\/wp-content\/uploads\/2024\/02\/capa-amazonas-violencia-01-768x1086.jpg",768,1086,true],"large":["https:\/\/editora.uea.edu.br\/wp-content\/uploads\/2024\/02\/capa-amazonas-violencia-01-566x800.jpg",566,800,true],"1536x1536":["https:\/\/editora.uea.edu.br\/wp-content\/uploads\/2024\/02\/capa-amazonas-violencia-01-1086x1536.jpg",1086,1536,true],"2048x2048":["https:\/\/editora.uea.edu.br\/wp-content\/uploads\/2024\/02\/capa-amazonas-violencia-01-1448x2048.jpg",1448,2048,true],"codesigner-thumb":["https:\/\/editora.uea.edu.br\/wp-content\/uploads\/2024\/02\/capa-amazonas-violencia-01-400x400.jpg",400,400,true],"woocommerce_thumbnail":["https:\/\/editora.uea.edu.br\/wp-content\/uploads\/2024\/02\/capa-amazonas-violencia-01-200x296.jpg",200,296,true],"woocommerce_single":["https:\/\/editora.uea.edu.br\/wp-content\/uploads\/2024\/02\/capa-amazonas-violencia-01-200x283.jpg",200,283,true],"woocommerce_gallery_thumbnail":["https:\/\/editora.uea.edu.br\/wp-content\/uploads\/2024\/02\/capa-amazonas-violencia-01-100x100.jpg",100,100,true]},"uagb_author_info":{"display_name":"editora","author_link":"https:\/\/editora.uea.edu.br\/?author=0"},"uagb_comment_info":0,"uagb_excerpt":"O livro \u00e9 oriundo do Grupo Interdisciplinar de Estudos da Viol\u00eancia e traz um processo de constru\u00e7\u00e3o do conhecimento que aborda faces m\u00faltiplas da viol\u00eancia, que afetam aspectos sociais, morais, psicol\u00f3gicos, f\u00edsicos, entre outros, de modo a refletir sobre seus impactos, resultando na exig\u00eancia de um compromisso pol\u00edtico e \u00e9tico de enfrentamento a todas as&hellip;","_links":{"self":[{"href":"https:\/\/editora.uea.edu.br\/index.php?rest_route=\/wp\/v2\/product\/1382"}],"collection":[{"href":"https:\/\/editora.uea.edu.br\/index.php?rest_route=\/wp\/v2\/product"}],"about":[{"href":"https:\/\/editora.uea.edu.br\/index.php?rest_route=\/wp\/v2\/types\/product"}],"replies":[{"embeddable":true,"href":"https:\/\/editora.uea.edu.br\/index.php?rest_route=%2Fwp%2Fv2%2Fcomments&post=1382"}],"wp:featuredmedia":[{"embeddable":true,"href":"https:\/\/editora.uea.edu.br\/index.php?rest_route=\/wp\/v2\/media\/1384"}],"wp:attachment":[{"href":"https:\/\/editora.uea.edu.br\/index.php?rest_route=%2Fwp%2Fv2%2Fmedia&parent=1382"}],"wp:term":[{"taxonomy":"product_cat","embeddable":true,"href":"https:\/\/editora.uea.edu.br\/index.php?rest_route=%2Fwp%2Fv2%2Fproduct_cat&post=1382"},{"taxonomy":"product_tag","embeddable":true,"href":"https:\/\/editora.uea.edu.br\/index.php?rest_route=%2Fwp%2Fv2%2Fproduct_tag&post=1382"}],"curies":[{"name":"wp","href":"https:\/\/api.w.org\/{rel}","templated":true}]}}