{"id":1378,"date":"2024-02-05T11:50:04","date_gmt":"2024-02-05T15:50:04","guid":{"rendered":"https:\/\/editora.uea.edu.br\/?post_type=product&#038;p=1378"},"modified":"2025-01-20T12:18:14","modified_gmt":"2025-01-20T16:18:14","slug":"tecendo-reflexoes-sobre-a-educacao-no-contexto-amazonico","status":"publish","type":"product","link":"https:\/\/editora.uea.edu.br\/?product=tecendo-reflexoes-sobre-a-educacao-no-contexto-amazonico","title":{"rendered":"Tecendo reflex\u00f5es sobre a educa\u00e7\u00e3o no contexto amaz\u00f4nico"},"content":{"rendered":"<p>A obra, composta por um compilado de artigos, apresenta reflex\u00f5es oriundas do Grupo de Estudo e Pesquisa em Forma\u00e7\u00e3o de Professores para a Educa\u00e7\u00e3o em Ci\u00eancias na Amaz\u00f4nia (GEPEC), da Universidade do Estado do Amazonas (UEA), sobre a educa\u00e7\u00e3o no contexto amaz\u00f4nico. O objetivo do livro \u00e9 proporcionar questionamentos e discuss\u00f5es acerca da forma\u00e7\u00e3o dos professores e da constru\u00e7\u00e3o do curr\u00edculo docente, a fim de possibilitar uma aprendizagem significativa nos diferentes contextos das escolas amazonenses.<\/p>\n<p>&nbsp;<\/p>\n<p><strong>Como citar<\/strong>:<\/p>\n<p>COSTA, L. G. (org.). <em>Tecendo reflex\u00f5es sobre a educa\u00e7\u00e3o no contexto amaz\u00f4nico<\/em>. Manaus: Editora UEA, 2021.<\/p>\n","protected":false},"excerpt":{"rendered":"<p>A obra, composta por um compilado de artigos, apresenta reflex\u00f5es oriundas do Grupo de Estudo e Pesquisa em Forma\u00e7\u00e3o de Professores para a Educa\u00e7\u00e3o em Ci\u00eancias na Amaz\u00f4nia (GEPEC), da Universidade do Estado do Amazonas (UEA), sobre a educa\u00e7\u00e3o no contexto amaz\u00f4nico. O objetivo do livro \u00e9 proporcionar questionamentos e discuss\u00f5es acerca da forma\u00e7\u00e3o dos [&hellip;]<\/p>\n","protected":false},"featured_media":1379,"comment_status":"open","ping_status":"closed","template":"","meta":{"om_disable_all_campaigns":false,"_uag_custom_page_level_css":"","_monsterinsights_skip_tracking":false,"_monsterinsights_sitenote_active":false,"_monsterinsights_sitenote_note":"","_monsterinsights_sitenote_category":0,"site-sidebar-layout":"default","site-content-layout":"","ast-site-content-layout":"default","site-content-style":"default","site-sidebar-style":"default","ast-global-header-display":"","ast-banner-title-visibility":"","ast-main-header-display":"","ast-hfb-above-header-display":"","ast-hfb-below-header-display":"","ast-hfb-mobile-header-display":"","site-post-title":"","ast-breadcrumbs-content":"","ast-featured-img":"","footer-sml-layout":"","theme-transparent-header-meta":"default","adv-header-id-meta":"","stick-header-meta":"","header-above-stick-meta":"","header-main-stick-meta":"","header-below-stick-meta":"","astra-migrate-meta-layouts":"set","ast-page-background-enabled":"default","ast-page-background-meta":{"desktop":{"background-color":"var(--ast-global-color-4)","background-image":"","background-repeat":"repeat","background-position":"center center","background-size":"auto","background-attachment":"scroll","background-type":"","background-media":"","overlay-type":"","overlay-color":"","overlay-gradient":""},"tablet":{"background-color":"","background-image":"","background-repeat":"repeat","background-position":"center center","background-size":"auto","background-attachment":"scroll","background-type":"","background-media":"","overlay-type":"","overlay-color":"","overlay-gradient":""},"mobile":{"background-color":"","background-image":"","background-repeat":"repeat","background-position":"center center","background-size":"auto","background-attachment":"scroll","background-type":"","background-media":"","overlay-type":"","overlay-color":"","overlay-gradient":""}},"ast-content-background-meta":{"desktop":{"background-color":"var(--ast-global-color-5)","background-image":"","background-repeat":"repeat","background-position":"center center","background-size":"auto","background-attachment":"scroll","background-type":"","background-media":"","overlay-type":"","overlay-color":"","overlay-gradient":""},"tablet":{"background-color":"var(--ast-global-color-5)","background-image":"","background-repeat":"repeat","background-position":"center center","background-size":"auto","background-attachment":"scroll","background-type":"","background-media":"","overlay-type":"","overlay-color":"","overlay-gradient":""},"mobile":{"background-color":"var(--ast-global-color-5)","background-image":"","background-repeat":"repeat","background-position":"center center","background-size":"auto","background-attachment":"scroll","background-type":"","background-media":"","overlay-type":"","overlay-color":"","overlay-gradient":""}},"_themeisle_gutenberg_block_has_review":false},"product_cat":[433,73,231],"product_tag":[385],"aioseo_notices":[],"uagb_featured_image_src":{"full":["https:\/\/editora.uea.edu.br\/wp-content\/uploads\/2024\/02\/capa-Tecendo-reflexoes-sobre-a-educacao-no-contexto-amazonico.jpg",452,652,false],"thumbnail":["https:\/\/editora.uea.edu.br\/wp-content\/uploads\/2024\/02\/capa-Tecendo-reflexoes-sobre-a-educacao-no-contexto-amazonico-150x150.jpg",150,150,true],"medium":["https:\/\/editora.uea.edu.br\/wp-content\/uploads\/2024\/02\/capa-Tecendo-reflexoes-sobre-a-educacao-no-contexto-amazonico-208x300.jpg",208,300,true],"medium_large":["https:\/\/editora.uea.edu.br\/wp-content\/uploads\/2024\/02\/capa-Tecendo-reflexoes-sobre-a-educacao-no-contexto-amazonico.jpg",452,652,false],"large":["https:\/\/editora.uea.edu.br\/wp-content\/uploads\/2024\/02\/capa-Tecendo-reflexoes-sobre-a-educacao-no-contexto-amazonico.jpg",452,652,false],"1536x1536":["https:\/\/editora.uea.edu.br\/wp-content\/uploads\/2024\/02\/capa-Tecendo-reflexoes-sobre-a-educacao-no-contexto-amazonico.jpg",452,652,false],"2048x2048":["https:\/\/editora.uea.edu.br\/wp-content\/uploads\/2024\/02\/capa-Tecendo-reflexoes-sobre-a-educacao-no-contexto-amazonico.jpg",452,652,false],"codesigner-thumb":["https:\/\/editora.uea.edu.br\/wp-content\/uploads\/2024\/02\/capa-Tecendo-reflexoes-sobre-a-educacao-no-contexto-amazonico-400x400.jpg",400,400,true],"woocommerce_thumbnail":["https:\/\/editora.uea.edu.br\/wp-content\/uploads\/2024\/02\/capa-Tecendo-reflexoes-sobre-a-educacao-no-contexto-amazonico-200x296.jpg",200,296,true],"woocommerce_single":["https:\/\/editora.uea.edu.br\/wp-content\/uploads\/2024\/02\/capa-Tecendo-reflexoes-sobre-a-educacao-no-contexto-amazonico-200x288.jpg",200,288,true],"woocommerce_gallery_thumbnail":["https:\/\/editora.uea.edu.br\/wp-content\/uploads\/2024\/02\/capa-Tecendo-reflexoes-sobre-a-educacao-no-contexto-amazonico-100x100.jpg",100,100,true]},"uagb_author_info":{"display_name":"editora","author_link":"https:\/\/editora.uea.edu.br\/?author=0"},"uagb_comment_info":0,"uagb_excerpt":"A obra, composta por um compilado de artigos, apresenta reflex\u00f5es oriundas do Grupo de Estudo e Pesquisa em Forma\u00e7\u00e3o de Professores para a Educa\u00e7\u00e3o em Ci\u00eancias na Amaz\u00f4nia (GEPEC), da Universidade do Estado do Amazonas (UEA), sobre a educa\u00e7\u00e3o no contexto amaz\u00f4nico. O objetivo do livro \u00e9 proporcionar questionamentos e discuss\u00f5es acerca da forma\u00e7\u00e3o dos&hellip;","_links":{"self":[{"href":"https:\/\/editora.uea.edu.br\/index.php?rest_route=\/wp\/v2\/product\/1378"}],"collection":[{"href":"https:\/\/editora.uea.edu.br\/index.php?rest_route=\/wp\/v2\/product"}],"about":[{"href":"https:\/\/editora.uea.edu.br\/index.php?rest_route=\/wp\/v2\/types\/product"}],"replies":[{"embeddable":true,"href":"https:\/\/editora.uea.edu.br\/index.php?rest_route=%2Fwp%2Fv2%2Fcomments&post=1378"}],"wp:featuredmedia":[{"embeddable":true,"href":"https:\/\/editora.uea.edu.br\/index.php?rest_route=\/wp\/v2\/media\/1379"}],"wp:attachment":[{"href":"https:\/\/editora.uea.edu.br\/index.php?rest_route=%2Fwp%2Fv2%2Fmedia&parent=1378"}],"wp:term":[{"taxonomy":"product_cat","embeddable":true,"href":"https:\/\/editora.uea.edu.br\/index.php?rest_route=%2Fwp%2Fv2%2Fproduct_cat&post=1378"},{"taxonomy":"product_tag","embeddable":true,"href":"https:\/\/editora.uea.edu.br\/index.php?rest_route=%2Fwp%2Fv2%2Fproduct_tag&post=1378"}],"curies":[{"name":"wp","href":"https:\/\/api.w.org\/{rel}","templated":true}]}}