{"id":1376,"date":"2023-11-08T00:35:18","date_gmt":"2023-11-08T04:35:18","guid":{"rendered":"https:\/\/editora.uea.edu.br\/?post_type=product&#038;p=1376"},"modified":"2025-07-23T16:46:03","modified_gmt":"2025-07-23T20:46:03","slug":"otoni-mesquita-fragmentos-bichos-personas-e-paramentos","status":"publish","type":"product","link":"https:\/\/editora.uea.edu.br\/?product=otoni-mesquita-fragmentos-bichos-personas-e-paramentos","title":{"rendered":"Otoni Mesquita: fragmentos, bichos, personas e paramentos"},"content":{"rendered":"<p>Karen Cordeiro traz um acervo hist\u00f3rico da arte de Otoni Mesquita, artista amazonense precursor da arte contempor\u00e2nea na regi\u00e3o norte. Por meio de an\u00e1lises e exposi\u00e7\u00f5es de pinturas, gravuras, fotografias e esculturas, a autora investiga a produ\u00e7\u00e3o visual utilizando dois processos metodol\u00f3gicos: a cr\u00edtica gen\u00e9tica e a iconologia.<\/p>\n<p>&nbsp;<\/p>\n<p><strong>Como citar<\/strong>:<\/p>\n<p>CORDEIRO, K. <em>Otoni Mesquita<\/em>: fragmentos, bichos, personas e paramentos. Manaus: Editora UEA, 2021.<\/p>\n","protected":false},"excerpt":{"rendered":"<p>Karen Cordeiro traz um acervo hist\u00f3rico da arte de Otoni Mesquita, artista amazonense precursor da arte contempor\u00e2nea na regi\u00e3o norte. Por meio de an\u00e1lises e exposi\u00e7\u00f5es de pinturas, gravuras, fotografias e esculturas, a autora investiga a produ\u00e7\u00e3o visual utilizando dois processos metodol\u00f3gicos: a cr\u00edtica gen\u00e9tica e a iconologia. &nbsp; Como citar: CORDEIRO, K. Otoni Mesquita: [&hellip;]<\/p>\n","protected":false},"featured_media":1377,"comment_status":"open","ping_status":"closed","template":"","meta":{"om_disable_all_campaigns":false,"_uag_custom_page_level_css":"","_monsterinsights_skip_tracking":false,"_monsterinsights_sitenote_active":false,"_monsterinsights_sitenote_note":"","_monsterinsights_sitenote_category":0,"site-sidebar-layout":"default","site-content-layout":"","ast-site-content-layout":"default","site-content-style":"default","site-sidebar-style":"default","ast-global-header-display":"","ast-banner-title-visibility":"","ast-main-header-display":"","ast-hfb-above-header-display":"","ast-hfb-below-header-display":"","ast-hfb-mobile-header-display":"","site-post-title":"","ast-breadcrumbs-content":"","ast-featured-img":"","footer-sml-layout":"","theme-transparent-header-meta":"default","adv-header-id-meta":"","stick-header-meta":"","header-above-stick-meta":"","header-main-stick-meta":"","header-below-stick-meta":"","astra-migrate-meta-layouts":"set","ast-page-background-enabled":"default","ast-page-background-meta":{"desktop":{"background-color":"var(--ast-global-color-4)","background-image":"","background-repeat":"repeat","background-position":"center center","background-size":"auto","background-attachment":"scroll","background-type":"","background-media":"","overlay-type":"","overlay-color":"","overlay-gradient":""},"tablet":{"background-color":"","background-image":"","background-repeat":"repeat","background-position":"center center","background-size":"auto","background-attachment":"scroll","background-type":"","background-media":"","overlay-type":"","overlay-color":"","overlay-gradient":""},"mobile":{"background-color":"","background-image":"","background-repeat":"repeat","background-position":"center center","background-size":"auto","background-attachment":"scroll","background-type":"","background-media":"","overlay-type":"","overlay-color":"","overlay-gradient":""}},"ast-content-background-meta":{"desktop":{"background-color":"var(--ast-global-color-5)","background-image":"","background-repeat":"repeat","background-position":"center center","background-size":"auto","background-attachment":"scroll","background-type":"","background-media":"","overlay-type":"","overlay-color":"","overlay-gradient":""},"tablet":{"background-color":"var(--ast-global-color-5)","background-image":"","background-repeat":"repeat","background-position":"center center","background-size":"auto","background-attachment":"scroll","background-type":"","background-media":"","overlay-type":"","overlay-color":"","overlay-gradient":""},"mobile":{"background-color":"var(--ast-global-color-5)","background-image":"","background-repeat":"repeat","background-position":"center center","background-size":"auto","background-attachment":"scroll","background-type":"","background-media":"","overlay-type":"","overlay-color":"","overlay-gradient":""}},"_themeisle_gutenberg_block_has_review":false},"product_cat":[230,431,231],"product_tag":[384],"aioseo_notices":[],"uagb_featured_image_src":{"full":["https:\/\/editora.uea.edu.br\/wp-content\/uploads\/2024\/02\/Captura-de-tela-2024-02-05-113841.png",549,430,false],"thumbnail":["https:\/\/editora.uea.edu.br\/wp-content\/uploads\/2024\/02\/Captura-de-tela-2024-02-05-113841-150x150.png",150,150,true],"medium":["https:\/\/editora.uea.edu.br\/wp-content\/uploads\/2024\/02\/Captura-de-tela-2024-02-05-113841-300x235.png",300,235,true],"medium_large":["https:\/\/editora.uea.edu.br\/wp-content\/uploads\/2024\/02\/Captura-de-tela-2024-02-05-113841.png",549,430,false],"large":["https:\/\/editora.uea.edu.br\/wp-content\/uploads\/2024\/02\/Captura-de-tela-2024-02-05-113841.png",549,430,false],"1536x1536":["https:\/\/editora.uea.edu.br\/wp-content\/uploads\/2024\/02\/Captura-de-tela-2024-02-05-113841.png",549,430,false],"2048x2048":["https:\/\/editora.uea.edu.br\/wp-content\/uploads\/2024\/02\/Captura-de-tela-2024-02-05-113841.png",549,430,false],"codesigner-thumb":["https:\/\/editora.uea.edu.br\/wp-content\/uploads\/2024\/02\/Captura-de-tela-2024-02-05-113841-400x400.png",400,400,true],"woocommerce_thumbnail":["https:\/\/editora.uea.edu.br\/wp-content\/uploads\/2024\/02\/Captura-de-tela-2024-02-05-113841-200x296.png",200,296,true],"woocommerce_single":["https:\/\/editora.uea.edu.br\/wp-content\/uploads\/2024\/02\/Captura-de-tela-2024-02-05-113841-200x157.png",200,157,true],"woocommerce_gallery_thumbnail":["https:\/\/editora.uea.edu.br\/wp-content\/uploads\/2024\/02\/Captura-de-tela-2024-02-05-113841-100x100.png",100,100,true]},"uagb_author_info":{"display_name":"editora","author_link":"https:\/\/editora.uea.edu.br\/?author=0"},"uagb_comment_info":0,"uagb_excerpt":"Karen Cordeiro traz um acervo hist\u00f3rico da arte de Otoni Mesquita, artista amazonense precursor da arte contempor\u00e2nea na regi\u00e3o norte. Por meio de an\u00e1lises e exposi\u00e7\u00f5es de pinturas, gravuras, fotografias e esculturas, a autora investiga a produ\u00e7\u00e3o visual utilizando dois processos metodol\u00f3gicos: a cr\u00edtica gen\u00e9tica e a iconologia. &nbsp; Como citar: CORDEIRO, K. Otoni Mesquita:&hellip;","_links":{"self":[{"href":"https:\/\/editora.uea.edu.br\/index.php?rest_route=\/wp\/v2\/product\/1376"}],"collection":[{"href":"https:\/\/editora.uea.edu.br\/index.php?rest_route=\/wp\/v2\/product"}],"about":[{"href":"https:\/\/editora.uea.edu.br\/index.php?rest_route=\/wp\/v2\/types\/product"}],"replies":[{"embeddable":true,"href":"https:\/\/editora.uea.edu.br\/index.php?rest_route=%2Fwp%2Fv2%2Fcomments&post=1376"}],"wp:featuredmedia":[{"embeddable":true,"href":"https:\/\/editora.uea.edu.br\/index.php?rest_route=\/wp\/v2\/media\/1377"}],"wp:attachment":[{"href":"https:\/\/editora.uea.edu.br\/index.php?rest_route=%2Fwp%2Fv2%2Fmedia&parent=1376"}],"wp:term":[{"taxonomy":"product_cat","embeddable":true,"href":"https:\/\/editora.uea.edu.br\/index.php?rest_route=%2Fwp%2Fv2%2Fproduct_cat&post=1376"},{"taxonomy":"product_tag","embeddable":true,"href":"https:\/\/editora.uea.edu.br\/index.php?rest_route=%2Fwp%2Fv2%2Fproduct_tag&post=1376"}],"curies":[{"name":"wp","href":"https:\/\/api.w.org\/{rel}","templated":true}]}}