{"id":1373,"date":"2023-11-08T00:25:50","date_gmt":"2023-11-08T04:25:50","guid":{"rendered":"https:\/\/editora.uea.edu.br\/?post_type=product&#038;p=1373"},"modified":"2025-07-23T16:40:55","modified_gmt":"2025-07-23T20:40:55","slug":"olhares-sobre-o-ensino-de-arte-em-manaus-e-regiao","status":"publish","type":"product","link":"https:\/\/editora.uea.edu.br\/?product=olhares-sobre-o-ensino-de-arte-em-manaus-e-regiao","title":{"rendered":"Olhares sobre o Ensino de Arte em Manaus e regi\u00e3o"},"content":{"rendered":"<p>A obra explora, atrav\u00e9s dos olhares de alunos de Licenciatura em Teatro, uma realidade pouco discutida no campo docente do Amazonas: o ensino da arte, e observa a falta de amparo e de oportunidades nesse campo. Por conta dessas dificuldades, o livro prop\u00f5e n\u00e3o somente a reflex\u00e3o sobre a realidade do ensino nessa \u00e1rea, mas tamb\u00e9m a discuss\u00e3o a respeito da import\u00e2ncia de dar voz ao professor e profissional de Arte.<\/p>\n<p>&nbsp;<\/p>\n<p><strong>Como citar<\/strong>:<\/p>\n<p>CAREGNATO, C. (org.). <em>Olhares sobre o Ensino de Arte em Manaus e regi\u00e3o<\/em>. Manaus: Editora UEA, 2021.<\/p>\n<p>&nbsp;<\/p>\n<p><strong>Dispon\u00edvel em<\/strong>:<\/p>\n<p><a href=\"https:\/\/ri.uea.edu.br\/handle\/riuea\/2525\">https:\/\/ri.uea.edu.br\/handle\/riuea\/2525<\/a><\/p>\n","protected":false},"excerpt":{"rendered":"<p>A obra explora, atrav\u00e9s dos olhares de alunos de Licenciatura em Teatro, uma realidade pouco discutida no campo docente do Amazonas: o ensino da arte, e observa a falta de amparo e de oportunidades nesse campo. Por conta dessas dificuldades, o livro prop\u00f5e n\u00e3o somente a reflex\u00e3o sobre a realidade do ensino nessa \u00e1rea, mas [&hellip;]<\/p>\n","protected":false},"featured_media":1374,"comment_status":"open","ping_status":"closed","template":"","meta":{"om_disable_all_campaigns":false,"_uag_custom_page_level_css":"","_monsterinsights_skip_tracking":false,"_monsterinsights_sitenote_active":false,"_monsterinsights_sitenote_note":"","_monsterinsights_sitenote_category":0,"site-sidebar-layout":"default","site-content-layout":"","ast-site-content-layout":"default","site-content-style":"default","site-sidebar-style":"default","ast-global-header-display":"","ast-banner-title-visibility":"","ast-main-header-display":"","ast-hfb-above-header-display":"","ast-hfb-below-header-display":"","ast-hfb-mobile-header-display":"","site-post-title":"","ast-breadcrumbs-content":"","ast-featured-img":"","footer-sml-layout":"","theme-transparent-header-meta":"default","adv-header-id-meta":"","stick-header-meta":"","header-above-stick-meta":"","header-main-stick-meta":"","header-below-stick-meta":"","astra-migrate-meta-layouts":"set","ast-page-background-enabled":"default","ast-page-background-meta":{"desktop":{"background-color":"var(--ast-global-color-4)","background-image":"","background-repeat":"repeat","background-position":"center center","background-size":"auto","background-attachment":"scroll","background-type":"","background-media":"","overlay-type":"","overlay-color":"","overlay-gradient":""},"tablet":{"background-color":"","background-image":"","background-repeat":"repeat","background-position":"center center","background-size":"auto","background-attachment":"scroll","background-type":"","background-media":"","overlay-type":"","overlay-color":"","overlay-gradient":""},"mobile":{"background-color":"","background-image":"","background-repeat":"repeat","background-position":"center center","background-size":"auto","background-attachment":"scroll","background-type":"","background-media":"","overlay-type":"","overlay-color":"","overlay-gradient":""}},"ast-content-background-meta":{"desktop":{"background-color":"var(--ast-global-color-5)","background-image":"","background-repeat":"repeat","background-position":"center center","background-size":"auto","background-attachment":"scroll","background-type":"","background-media":"","overlay-type":"","overlay-color":"","overlay-gradient":""},"tablet":{"background-color":"var(--ast-global-color-5)","background-image":"","background-repeat":"repeat","background-position":"center center","background-size":"auto","background-attachment":"scroll","background-type":"","background-media":"","overlay-type":"","overlay-color":"","overlay-gradient":""},"mobile":{"background-color":"var(--ast-global-color-5)","background-image":"","background-repeat":"repeat","background-position":"center center","background-size":"auto","background-attachment":"scroll","background-type":"","background-media":"","overlay-type":"","overlay-color":"","overlay-gradient":""}},"_themeisle_gutenberg_block_has_review":false},"product_cat":[433,73,428,235],"product_tag":[279],"aioseo_notices":[],"uagb_featured_image_src":{"full":["https:\/\/editora.uea.edu.br\/wp-content\/uploads\/2024\/02\/capa-Olhares-sobre-o-ensino-de-arte-em-Manaus-e-regiao.jpg",426,595,false],"thumbnail":["https:\/\/editora.uea.edu.br\/wp-content\/uploads\/2024\/02\/capa-Olhares-sobre-o-ensino-de-arte-em-Manaus-e-regiao-150x150.jpg",150,150,true],"medium":["https:\/\/editora.uea.edu.br\/wp-content\/uploads\/2024\/02\/capa-Olhares-sobre-o-ensino-de-arte-em-Manaus-e-regiao-215x300.jpg",215,300,true],"medium_large":["https:\/\/editora.uea.edu.br\/wp-content\/uploads\/2024\/02\/capa-Olhares-sobre-o-ensino-de-arte-em-Manaus-e-regiao.jpg",426,595,false],"large":["https:\/\/editora.uea.edu.br\/wp-content\/uploads\/2024\/02\/capa-Olhares-sobre-o-ensino-de-arte-em-Manaus-e-regiao.jpg",426,595,false],"1536x1536":["https:\/\/editora.uea.edu.br\/wp-content\/uploads\/2024\/02\/capa-Olhares-sobre-o-ensino-de-arte-em-Manaus-e-regiao.jpg",426,595,false],"2048x2048":["https:\/\/editora.uea.edu.br\/wp-content\/uploads\/2024\/02\/capa-Olhares-sobre-o-ensino-de-arte-em-Manaus-e-regiao.jpg",426,595,false],"codesigner-thumb":["https:\/\/editora.uea.edu.br\/wp-content\/uploads\/2024\/02\/capa-Olhares-sobre-o-ensino-de-arte-em-Manaus-e-regiao-400x400.jpg",400,400,true],"woocommerce_thumbnail":["https:\/\/editora.uea.edu.br\/wp-content\/uploads\/2024\/02\/capa-Olhares-sobre-o-ensino-de-arte-em-Manaus-e-regiao-200x296.jpg",200,296,true],"woocommerce_single":["https:\/\/editora.uea.edu.br\/wp-content\/uploads\/2024\/02\/capa-Olhares-sobre-o-ensino-de-arte-em-Manaus-e-regiao-200x279.jpg",200,279,true],"woocommerce_gallery_thumbnail":["https:\/\/editora.uea.edu.br\/wp-content\/uploads\/2024\/02\/capa-Olhares-sobre-o-ensino-de-arte-em-Manaus-e-regiao-100x100.jpg",100,100,true]},"uagb_author_info":{"display_name":"editora","author_link":"https:\/\/editora.uea.edu.br\/?author=0"},"uagb_comment_info":0,"uagb_excerpt":"A obra explora, atrav\u00e9s dos olhares de alunos de Licenciatura em Teatro, uma realidade pouco discutida no campo docente do Amazonas: o ensino da arte, e observa a falta de amparo e de oportunidades nesse campo. Por conta dessas dificuldades, o livro prop\u00f5e n\u00e3o somente a reflex\u00e3o sobre a realidade do ensino nessa \u00e1rea, mas&hellip;","_links":{"self":[{"href":"https:\/\/editora.uea.edu.br\/index.php?rest_route=\/wp\/v2\/product\/1373"}],"collection":[{"href":"https:\/\/editora.uea.edu.br\/index.php?rest_route=\/wp\/v2\/product"}],"about":[{"href":"https:\/\/editora.uea.edu.br\/index.php?rest_route=\/wp\/v2\/types\/product"}],"replies":[{"embeddable":true,"href":"https:\/\/editora.uea.edu.br\/index.php?rest_route=%2Fwp%2Fv2%2Fcomments&post=1373"}],"wp:featuredmedia":[{"embeddable":true,"href":"https:\/\/editora.uea.edu.br\/index.php?rest_route=\/wp\/v2\/media\/1374"}],"wp:attachment":[{"href":"https:\/\/editora.uea.edu.br\/index.php?rest_route=%2Fwp%2Fv2%2Fmedia&parent=1373"}],"wp:term":[{"taxonomy":"product_cat","embeddable":true,"href":"https:\/\/editora.uea.edu.br\/index.php?rest_route=%2Fwp%2Fv2%2Fproduct_cat&post=1373"},{"taxonomy":"product_tag","embeddable":true,"href":"https:\/\/editora.uea.edu.br\/index.php?rest_route=%2Fwp%2Fv2%2Fproduct_tag&post=1373"}],"curies":[{"name":"wp","href":"https:\/\/api.w.org\/{rel}","templated":true}]}}